{"id":7863,"date":"2018-10-22T12:29:12","date_gmt":"2018-10-22T10:29:12","guid":{"rendered":"https:\/\/www.medespoir.be\/borstchirurgie-belgie-prijzen-voor-het-veranderen-van-de-grootte-en-vorm-van-borsten\/"},"modified":"2023-06-05T16:47:55","modified_gmt":"2023-06-05T14:47:55","slug":"borsten","status":"publish","type":"page","link":"https:\/\/www.medespoir.be\/nl\/borsten\/","title":{"rendered":"Borstchirurgie Belgi\u00eb: prijzen voor het veranderen van de grootte en vorm van borsten"},"content":{"rendered":"<section>\n<div class=\"container\">\n<div class=\"row\">\n<div class=\"col-md-12\">\n<p style=\"text-align: left;\"><strong>Cosmetische chirurgie van de borsten<\/strong> of <strong>borstchirurgie in Belgi\u00eb<\/strong> omvat alle chirurgische ingrepen voor het herstel en de esthetiek van de borst, het orgaan van vrouwelijkheid bij uitstek. Een te kleine of te grote borst kan voor vrouwen psychologische en lichamelijke problemen veroorzaken.<\/p>\n<p>Maar sommige mannen hebben ook last van overmatige borstontwikkeling, wat voor ongemak kan zorgen.<br \/>\nDe drie belangrijkste criteria voor het kiezen van een bepaalde procedure zijn de grootte, de vorm en de littekens veroorzaakt door lumpectomie.<br \/>\nEr zijn in Tunesi\u00eb een aantal cosmetische chirurgische ingrepen beschikbaar om het uiterlijk van de borsten te verbeteren:\n<\/p><\/div>\n<\/div>\n<\/div>\n<\/section>\n<section>\n<div class=\"container\">\n<div class=\"row\">\n<div class=\"col-md-8\">\n<h2><a href=\"https:\/\/www.medespoir.be\/nl\/borstvergroting\/\">Borstvergroting Belgi\u00eb met implantaat of lipofilling<\/a><\/h2>\n<p>Als een vrouw niet tevreden is met de kleine omvang van haar borsten, kan ze kiezen voor<a href=\"https:\/\/www.medespoir.be\/nl\/borstvergroting\/\">een borstvergroting<\/a>.<br \/>\nTijdens pre-operatieve consulten kunnen zij en haar chirurg de maat en vorm van de prothese kiezen die het beste bij haar past.<br \/>\nEr zijn twee soorten: ronde prothesen en anatomische prothesen.<br \/>\nBij <a href=\"https:\/\/www.medespoir.be\/nl\/lipofilling-borsten\/\">lipofilling van de borst<\/a> worden vetcellen ge\u00efnjecteerd die door liposuctie zijn verwijderd.\n<\/div>\n<div class=\"col-md-4\">\n<a href=\"https:\/\/www.medespoir.be\/nl\/borstvergroting\/\"><figure id=\"attachment_7453\" aria-describedby=\"caption-attachment-7453\" style=\"width: 300px\" class=\"wp-caption aligncenter\"><img fetchpriority=\"high\" decoding=\"async\" class=\"aligncenter\" title=\"Borstvergrotingstechnieken Belgi\u00eb\" src=\"https:\/\/www.medespoir.be\/wp-content\/uploads\/2021\/11\/augmentation-seins.jpg\" alt=\"Borstvergrotingstechnieken Belgi\u00eb\" width=\"300\" height=\"194\"><figcaption id=\"caption-attachment-7453\" class=\"wp-caption-text\">Borstvergrotingstechnieken Belgi\u00eb<\/figcaption><\/figure><\/a>\n<\/div>\n<\/div>\n<\/div>\n<\/section>\n<section>\n<div class=\"container\">\n<div class=\"row column-reverse\">\n<div class=\"col-md-4\">\n <a href=\"https:\/\/www.medespoir.be\/nl\/borstverkleining\/\"><img decoding=\"async\" class=\"aligncenter\" src=\"https:\/\/www.medespoir.be\/wp-content\/uploads\/2021\/11\/reduction-seins.jpg\" alt=\"Borstverkleining\" width=\"300\" height=\"194\"><\/a>\n<\/div>\n<div class=\"col-md-8\">\n<h2> <a href=\"https:\/\/www.medespoir.be\/nl\/borstverkleining\/\">Borstverkleining<\/a><\/h2>\n<p>Dit type operatie wordt ingegeven door esthetische en functionele overwegingen. Grote borsten kunnen rug- en lendenpijn en ongemak veroorzaken, wat over het algemeen psychologisch is.<br \/>\nBij <a href=\"https:\/\/www.medespoir.be\/nl\/borstverkleining\/\">een borstverkleining<\/a> verwijdert de chirurg overtollig vet en huid en verplaatst hij het tepelhof en de tepel om de borsthypertrofie te corrigeren.\n<\/div>\n<\/div>\n<\/div>\n<\/section>\n<style>\r\nhtml body a.whatsapp-button {\r\n    display: inline-block;\r\n    background-color: #25D366;\r\n    font-size: 16px;\r\n    font-weight: bold;\r\n    padding: 12px 20px;\r\n    text-align: center;\r\n    text-decoration: none;\r\n    border-radius: 5px;\r\n    box-shadow: 0 4px 6px rgba(0, 0, 0, 0.1);\r\n    transition: background-color 0.3s ease, transform 0.2s ease;\r\n    color: white!important;\r\n}\r\n\r\n.whatsapp-button:hover {\r\n    background-color: #1EBE54;\r\n    transform: translateY(-2px);\r\n}\r\n\r\n.whatsapp-button:active {\r\n    transform: translateY(0);\r\n}\r\n\r\n.align_center {\r\n    display: block;\r\n    text-align: center;\r\n    padding: 30px 0px;\r\n}\r\n\r\n<\/style>\r\n<section >\r\n<div class=\"container\">\r\n<div class=\"row\">\r\n<div class=\"col-md-12\" align=\"center\">\r\n<div class=\"align_center\">\r\n                <a href=\"https:\/\/api.whatsapp.com\/send?phone=+33635235712&&text=Hallo,%20ik%20wil%20graag%20meer%20weten%20over%20je%20werk%20en%20je%20prijzen%20!\"\r\n                    class=\"whatsapp-button\" target=\"_blank\">\r\n                    Klik hier voor een gratis Whatsapp offerte\r\n                <\/a>\r\n<\/div>\r\n<\/div>\r\n<\/div>\r\n<\/div>\r\n<\/section>\n<section>\n<div class=\"container\">\n<div class=\"row\">\n<div class=\"col-md-8\">\n<h2><a href=\"https:\/\/www.medespoir.be\/nl\/borsttose\/\">Borstlift<\/a><\/h2>\n<p>Een <a href=\"https:\/\/www.medespoir.be\/nl\/borsttose\/\">borstlift<\/a> wordt gebruikt om verslapte borsten en borsttose te behandelen, of voor een borstreconstructie na borstkanker.<br \/>\n  borst. Zodra de verslapte borst een aanvaardbare grootte heeft, verwijdert de chirurg de overtollige huid en klieren en lift hij het tepelhof en de tepel. Als de omvang van de hangende borst klein is, na een repositie,<br \/>\n  De chirurg kan een borstimplantaat onder of over de borstspier plaatsen.<\/p>\n<\/div>\n<div class=\"col-md-4\">\n<a href=\"https:\/\/www.medespoir.be\/nl\/borsttose\/\"> <img decoding=\"async\" class=\"aligncenter\" src=\"https:\/\/www.medespoir.be\/wp-content\/uploads\/2021\/11\/lifting-seins.jpg\" alt=\"Borstlift\"><\/a>\n<\/div>\n<\/div>\n<\/div>\n<\/section>\n<section>\n<div class=\"container\">\n<div class=\"row column-reverse\">\n<div class=\"col-md-4\">\n<a href=\"https:\/\/www.medespoir.be\/nl\/gynaecomastie\/\"> <img decoding=\"async\" class=\"aligncenter\" src=\"https:\/\/www.medespoir.be\/wp-content\/uploads\/2021\/11\/gynecomastie.jpg\" alt=\"gynaecomastie\"><\/a>\n<\/div>\n<div class=\"col-md-8\">\n<h2><a href=\"https:\/\/www.medespoir.be\/nl\/gynaecomastie\/\">Gynaecomastie<\/a><\/h2>\n<p>Wordt gekenmerkt door een teveel aan borstklieren bij mannen. Om dit probleem te corrigeren en voordat er wordt overgegaan tot <a href=\"https:\/\/www.medespoir.be\/nl\/gynaecomastie\/\">gynaecomastie<\/a>, moet er een endocriene controle worden uitgevoerd met<br \/>\n  hormoonspiegels, testiculaire echografie en bilaterale mammografie. Er kan een hormonale behandeling worden voorgeschreven, maar deze is zelden effectief en alleen door een operatie te ondergaan kunnen we zeker zijn van resultaat.<br \/>\n  betrouwbaar en definitief. Er zijn twee procedures mogelijk, afhankelijk van de dichtheid van de vetophopingen in de borst. Liposuctie wordt gebruikt wanneer de pati\u00ebnt lijdt aan zuiver vette gynaecomastie. Maar wanneer de klier<br \/>\n  dicht en vezelig is, moet het operatief worden verwijderd.<\/p>\n<\/div>\n<\/div>\n<\/div>\n<\/section>\n<section>\n<div class=\"container\">\n<div class=\"row column-reverse\">\n<div class=\"col-md-5\">\n<img decoding=\"async\" src=\"https:\/\/www.medespoir.be\/wp-content\/uploads\/2021\/11\/seins_1.jpg\" alt=\"Borstchirurgie Belgi\u00eb\"><br \/>\n<\/br><\/p>\n<div class=\"btn_interne\">\n<p style=\"text-align: center;\"><a class=\"btn__slider\" href=\"https:\/\/www.medespoir.be\/nl\/gratis-offerte\/\">&#8211; Borstchirurgie schatting Belgi\u00eb<\/a><\/p>\n<\/div>\n<\/div>\n<div class=\"col-md-7\">\n<h2>Tarieven voor borstchirurgie in Belgi\u00eb en Tunesi\u00eb<\/h2>\n<table class=\"price_inter\">\n<tbody>\n<tr>\n<td style=\"text-align: center;\"><strong>Interventies<\/strong><\/td>\n<td style=\"text-align: center;\"><strong>Prijzen<\/strong><\/td>\n<td style=\"text-align: center;\"><strong>Blijf<\/strong><\/td>\n<\/tr>\n<tr>\n<td style=\"text-align: left;\">Borstvergroting met ronde implantaten (gecertificeerd niet-PIP)<\/td>\n<td>2400\u20ac<\/td>\n<td>5 nachten en 6 dagen<\/td>\n<\/tr>\n<tr>\n<td style=\"text-align: left;\">Borstvergroting met anatomische implantaten (gecertificeerd niet-PIP)<\/td>\n<td>2600 \u20ac<\/td>\n<td>5 nachten en 6 dagen<\/td>\n<\/tr>\n<tr>\n<td style=\"text-align: left;\">Borstlift met prothesen (gecertificeerd niet-PIP)<\/td>\n<td>2850 \u20ac<\/td>\n<td>5 nachten en 6 dagen<\/td>\n<\/tr>\n<tr>\n<td style=\"text-align: left;\">Lipofilling borsten<\/td>\n<td>1800\u20ac<\/td>\n<td>5 nachten en 6 dagen<\/td>\n<\/tr>\n<tr>\n<td style=\"text-align: left;\">Borstlift zonder prothesen<\/td>\n<td>2000\u20ac<\/td>\n<td>5 nachten en 6 dagen<\/td>\n<\/tr>\n<tr>\n<td style=\"text-align: left;\">Gynaecomastie<\/td>\n<td>2000\u20ac<\/td>\n<td>5 nachten en 6 dagen<\/td>\n<\/tr>\n<tr>\n<td style=\"text-align: left;\">Borstimplantaten<\/td>\n<td>2950\u20ac<\/td>\n<td>5 nachten en 6 dagen<\/td>\n<\/tr>\n<\/tbody>\n<\/table>\n<\/div>\n<\/div>\n<\/div>\n<\/section>\n","protected":false},"excerpt":{"rendered":"<p>Cosmetische chirurgie van de borsten of borstchirurgie in Belgi\u00eb omvat alle chirurgische ingrepen voor het herstel en de esthetiek van de borst, het orgaan van vrouwelijkheid bij uitstek. Een te kleine of te grote borst kan voor vrouwen psychologische en lichamelijke problemen veroorzaken. Maar sommige mannen hebben ook last van overmatige borstontwikkeling, wat voor ongemak [&hellip;]<\/p>\n","protected":false},"author":1,"featured_media":7693,"parent":0,"menu_order":0,"comment_status":"closed","ping_status":"closed","template":"","meta":{"footnotes":""},"class_list":["post-7863","page","type-page","status-publish","has-post-thumbnail","hentry"],"yoast_head":"<!-- This site is optimized with the Yoast SEO plugin v27.3 - https:\/\/yoast.com\/product\/yoast-seo-wordpress\/ -->\n<title>Borstchirurgie Belgi\u00eb : Technieken voor esthetische borstchirurgie<\/title>\n<meta name=\"description\" content=\"Borstchirurgie Belgi\u00eb: alle details over borstchirurgie in Belgi\u00eb: prijzen, chirurgische technieken en resultaten. Vraag een gepersonaliseerde offerte aan bij Medespoir.\" \/>\n<meta name=\"robots\" content=\"index, follow, max-snippet:-1, max-image-preview:large, max-video-preview:-1\" \/>\n<link rel=\"canonical\" href=\"https:\/\/www.medespoir.be\/nl\/borsten\/\" \/>\n<meta property=\"og:locale\" content=\"nl_NL\" \/>\n<meta property=\"og:type\" content=\"article\" \/>\n<meta property=\"og:title\" content=\"Borstchirurgie Belgi\u00eb : Technieken voor esthetische borstchirurgie\" \/>\n<meta property=\"og:description\" content=\"Borstchirurgie Belgi\u00eb: alle details over borstchirurgie in Belgi\u00eb: prijzen, chirurgische technieken en resultaten. Vraag een gepersonaliseerde offerte aan bij Medespoir.\" \/>\n<meta property=\"og:url\" content=\"https:\/\/www.medespoir.be\/nl\/borsten\/\" \/>\n<meta property=\"og:site_name\" content=\"Chirurgie esthetique Belgique\" \/>\n<meta property=\"article:modified_time\" content=\"2023-06-05T14:47:55+00:00\" \/>\n<meta property=\"og:image\" content=\"https:\/\/www.medespoir.be\/wp-content\/uploads\/2021\/11\/header_seins.jpg\" \/>\n\t<meta property=\"og:image:width\" content=\"1925\" \/>\n\t<meta property=\"og:image:height\" content=\"451\" \/>\n\t<meta property=\"og:image:type\" content=\"image\/jpeg\" \/>\n<meta name=\"twitter:card\" content=\"summary_large_image\" \/>\n<meta name=\"twitter:label1\" content=\"Geschatte leestijd\" \/>\n\t<meta name=\"twitter:data1\" content=\"4 minuten\" \/>\n<script type=\"application\/ld+json\" class=\"yoast-schema-graph\">{\"@context\":\"https:\\\/\\\/schema.org\",\"@graph\":[{\"@type\":\"WebPage\",\"@id\":\"https:\\\/\\\/www.medespoir.be\\\/nl\\\/borsten\\\/\",\"url\":\"https:\\\/\\\/www.medespoir.be\\\/nl\\\/borsten\\\/\",\"name\":\"Borstchirurgie Belgi\u00eb : Technieken voor esthetische borstchirurgie\",\"isPartOf\":{\"@id\":\"https:\\\/\\\/www.medespoir.be\\\/#website\"},\"primaryImageOfPage\":{\"@id\":\"https:\\\/\\\/www.medespoir.be\\\/nl\\\/borsten\\\/#primaryimage\"},\"image\":{\"@id\":\"https:\\\/\\\/www.medespoir.be\\\/nl\\\/borsten\\\/#primaryimage\"},\"thumbnailUrl\":\"https:\\\/\\\/www.medespoir.be\\\/wp-content\\\/uploads\\\/2021\\\/11\\\/header_seins.jpg\",\"datePublished\":\"2018-10-22T10:29:12+00:00\",\"dateModified\":\"2023-06-05T14:47:55+00:00\",\"description\":\"Borstchirurgie Belgi\u00eb: alle details over borstchirurgie in Belgi\u00eb: prijzen, chirurgische technieken en resultaten. Vraag een gepersonaliseerde offerte aan bij Medespoir.\",\"breadcrumb\":{\"@id\":\"https:\\\/\\\/www.medespoir.be\\\/nl\\\/borsten\\\/#breadcrumb\"},\"inLanguage\":\"nl-NL\",\"potentialAction\":[{\"@type\":\"ReadAction\",\"target\":[\"https:\\\/\\\/www.medespoir.be\\\/nl\\\/borsten\\\/\"]}]},{\"@type\":\"ImageObject\",\"inLanguage\":\"nl-NL\",\"@id\":\"https:\\\/\\\/www.medespoir.be\\\/nl\\\/borsten\\\/#primaryimage\",\"url\":\"https:\\\/\\\/www.medespoir.be\\\/wp-content\\\/uploads\\\/2021\\\/11\\\/header_seins.jpg\",\"contentUrl\":\"https:\\\/\\\/www.medespoir.be\\\/wp-content\\\/uploads\\\/2021\\\/11\\\/header_seins.jpg\",\"width\":1925,\"height\":451},{\"@type\":\"BreadcrumbList\",\"@id\":\"https:\\\/\\\/www.medespoir.be\\\/nl\\\/borsten\\\/#breadcrumb\",\"itemListElement\":[{\"@type\":\"ListItem\",\"position\":1,\"name\":\"Accueil\",\"item\":\"https:\\\/\\\/www.medespoir.be\\\/nl\\\/\"},{\"@type\":\"ListItem\",\"position\":2,\"name\":\"Borstchirurgie Belgi\u00eb: prijzen voor het veranderen van de grootte en vorm van borsten\"}]},{\"@type\":\"WebSite\",\"@id\":\"https:\\\/\\\/www.medespoir.be\\\/#website\",\"url\":\"https:\\\/\\\/www.medespoir.be\\\/\",\"name\":\"Chirurgie esthetique Belgique\",\"description\":\"\",\"publisher\":{\"@id\":\"https:\\\/\\\/www.medespoir.be\\\/#organization\"},\"potentialAction\":[{\"@type\":\"SearchAction\",\"target\":{\"@type\":\"EntryPoint\",\"urlTemplate\":\"https:\\\/\\\/www.medespoir.be\\\/?s={search_term_string}\"},\"query-input\":{\"@type\":\"PropertyValueSpecification\",\"valueRequired\":true,\"valueName\":\"search_term_string\"}}],\"inLanguage\":\"nl-NL\"},{\"@type\":\"Organization\",\"@id\":\"https:\\\/\\\/www.medespoir.be\\\/#organization\",\"name\":\"Medespoir Belgique\",\"url\":\"https:\\\/\\\/www.medespoir.be\\\/\",\"logo\":{\"@type\":\"ImageObject\",\"inLanguage\":\"nl-NL\",\"@id\":\"https:\\\/\\\/www.medespoir.be\\\/#\\\/schema\\\/logo\\\/image\\\/\",\"url\":\"https:\\\/\\\/www.medespoir.be\\\/wp-content\\\/uploads\\\/2018\\\/10\\\/lg-medespoir-be.jpg\",\"contentUrl\":\"https:\\\/\\\/www.medespoir.be\\\/wp-content\\\/uploads\\\/2018\\\/10\\\/lg-medespoir-be.jpg\",\"width\":242,\"height\":77,\"caption\":\"Medespoir Belgique\"},\"image\":{\"@id\":\"https:\\\/\\\/www.medespoir.be\\\/#\\\/schema\\\/logo\\\/image\\\/\"}}]}<\/script>\n<!-- \/ Yoast SEO plugin. -->","yoast_head_json":{"title":"Borstchirurgie Belgi\u00eb : Technieken voor esthetische borstchirurgie","description":"Borstchirurgie Belgi\u00eb: alle details over borstchirurgie in Belgi\u00eb: prijzen, chirurgische technieken en resultaten. Vraag een gepersonaliseerde offerte aan bij Medespoir.","robots":{"index":"index","follow":"follow","max-snippet":"max-snippet:-1","max-image-preview":"max-image-preview:large","max-video-preview":"max-video-preview:-1"},"canonical":"https:\/\/www.medespoir.be\/nl\/borsten\/","og_locale":"nl_NL","og_type":"article","og_title":"Borstchirurgie Belgi\u00eb : Technieken voor esthetische borstchirurgie","og_description":"Borstchirurgie Belgi\u00eb: alle details over borstchirurgie in Belgi\u00eb: prijzen, chirurgische technieken en resultaten. Vraag een gepersonaliseerde offerte aan bij Medespoir.","og_url":"https:\/\/www.medespoir.be\/nl\/borsten\/","og_site_name":"Chirurgie esthetique Belgique","article_modified_time":"2023-06-05T14:47:55+00:00","og_image":[{"width":1925,"height":451,"url":"https:\/\/www.medespoir.be\/wp-content\/uploads\/2021\/11\/header_seins.jpg","type":"image\/jpeg"}],"twitter_card":"summary_large_image","twitter_misc":{"Geschatte leestijd":"4 minuten"},"schema":{"@context":"https:\/\/schema.org","@graph":[{"@type":"WebPage","@id":"https:\/\/www.medespoir.be\/nl\/borsten\/","url":"https:\/\/www.medespoir.be\/nl\/borsten\/","name":"Borstchirurgie Belgi\u00eb : Technieken voor esthetische borstchirurgie","isPartOf":{"@id":"https:\/\/www.medespoir.be\/#website"},"primaryImageOfPage":{"@id":"https:\/\/www.medespoir.be\/nl\/borsten\/#primaryimage"},"image":{"@id":"https:\/\/www.medespoir.be\/nl\/borsten\/#primaryimage"},"thumbnailUrl":"https:\/\/www.medespoir.be\/wp-content\/uploads\/2021\/11\/header_seins.jpg","datePublished":"2018-10-22T10:29:12+00:00","dateModified":"2023-06-05T14:47:55+00:00","description":"Borstchirurgie Belgi\u00eb: alle details over borstchirurgie in Belgi\u00eb: prijzen, chirurgische technieken en resultaten. Vraag een gepersonaliseerde offerte aan bij Medespoir.","breadcrumb":{"@id":"https:\/\/www.medespoir.be\/nl\/borsten\/#breadcrumb"},"inLanguage":"nl-NL","potentialAction":[{"@type":"ReadAction","target":["https:\/\/www.medespoir.be\/nl\/borsten\/"]}]},{"@type":"ImageObject","inLanguage":"nl-NL","@id":"https:\/\/www.medespoir.be\/nl\/borsten\/#primaryimage","url":"https:\/\/www.medespoir.be\/wp-content\/uploads\/2021\/11\/header_seins.jpg","contentUrl":"https:\/\/www.medespoir.be\/wp-content\/uploads\/2021\/11\/header_seins.jpg","width":1925,"height":451},{"@type":"BreadcrumbList","@id":"https:\/\/www.medespoir.be\/nl\/borsten\/#breadcrumb","itemListElement":[{"@type":"ListItem","position":1,"name":"Accueil","item":"https:\/\/www.medespoir.be\/nl\/"},{"@type":"ListItem","position":2,"name":"Borstchirurgie Belgi\u00eb: prijzen voor het veranderen van de grootte en vorm van borsten"}]},{"@type":"WebSite","@id":"https:\/\/www.medespoir.be\/#website","url":"https:\/\/www.medespoir.be\/","name":"Chirurgie esthetique Belgique","description":"","publisher":{"@id":"https:\/\/www.medespoir.be\/#organization"},"potentialAction":[{"@type":"SearchAction","target":{"@type":"EntryPoint","urlTemplate":"https:\/\/www.medespoir.be\/?s={search_term_string}"},"query-input":{"@type":"PropertyValueSpecification","valueRequired":true,"valueName":"search_term_string"}}],"inLanguage":"nl-NL"},{"@type":"Organization","@id":"https:\/\/www.medespoir.be\/#organization","name":"Medespoir Belgique","url":"https:\/\/www.medespoir.be\/","logo":{"@type":"ImageObject","inLanguage":"nl-NL","@id":"https:\/\/www.medespoir.be\/#\/schema\/logo\/image\/","url":"https:\/\/www.medespoir.be\/wp-content\/uploads\/2018\/10\/lg-medespoir-be.jpg","contentUrl":"https:\/\/www.medespoir.be\/wp-content\/uploads\/2018\/10\/lg-medespoir-be.jpg","width":242,"height":77,"caption":"Medespoir Belgique"},"image":{"@id":"https:\/\/www.medespoir.be\/#\/schema\/logo\/image\/"}}]}},"_links":{"self":[{"href":"https:\/\/www.medespoir.be\/nl\/wp-json\/wp\/v2\/pages\/7863","targetHints":{"allow":["GET"]}}],"collection":[{"href":"https:\/\/www.medespoir.be\/nl\/wp-json\/wp\/v2\/pages"}],"about":[{"href":"https:\/\/www.medespoir.be\/nl\/wp-json\/wp\/v2\/types\/page"}],"author":[{"embeddable":true,"href":"https:\/\/www.medespoir.be\/nl\/wp-json\/wp\/v2\/users\/1"}],"replies":[{"embeddable":true,"href":"https:\/\/www.medespoir.be\/nl\/wp-json\/wp\/v2\/comments?post=7863"}],"version-history":[{"count":2,"href":"https:\/\/www.medespoir.be\/nl\/wp-json\/wp\/v2\/pages\/7863\/revisions"}],"predecessor-version":[{"id":7865,"href":"https:\/\/www.medespoir.be\/nl\/wp-json\/wp\/v2\/pages\/7863\/revisions\/7865"}],"wp:featuredmedia":[{"embeddable":true,"href":"https:\/\/www.medespoir.be\/nl\/wp-json\/wp\/v2\/media\/7693"}],"wp:attachment":[{"href":"https:\/\/www.medespoir.be\/nl\/wp-json\/wp\/v2\/media?parent=7863"}],"curies":[{"name":"wp","href":"https:\/\/api.w.org\/{rel}","templated":true}]}}