{"id":7876,"date":"2018-10-22T12:28:56","date_gmt":"2018-10-22T10:28:56","guid":{"rendered":"https:\/\/www.medespoir.be\/gezichtschirurgie-belgie-gezichtsverjongingsoperaties\/"},"modified":"2023-06-06T16:13:02","modified_gmt":"2023-06-06T14:13:02","slug":"gezicht","status":"publish","type":"page","link":"https:\/\/www.medespoir.be\/nl\/gezicht\/","title":{"rendered":"Gezichtschirurgie Belgi\u00eb: Gezichtsverjongingsoperaties"},"content":{"rendered":"<section>\n<div class=\"container\">\n<div class=\"row\">\n<div class=\"col-md-12\">\n<strong>Gezichtschirurgie in Belgi\u00eb<\/strong> is een veelgevraagde medische optie voor mensen die hun door ouderdom en de stress van het dagelijks leven aangetaste gezicht willen verjongen. Het is gebaseerd op vervormen, verfraaien en corrigeren.\n<\/div>\n<\/div>\n<\/div>\n<\/section>\n<section class=\"chirur_visage\">\n<div class=\"container\">\n<div class=\"row\">\n<div class=\"col-md-3\">\n<div class=\"content__inter\">\n<a href=\"https:\/\/www.medespoir.be\/nl\/cervico-faciale-lift\/\"> <img decoding=\"async\" src=\"https:\/\/www.medespoir.be\/wp-content\/uploads\/2021\/11\/chirurgie-visage-1.jpg\" alt=\"Facelift\"><\/a><\/p>\n<div class=\"title__inter\">\n<h2 style=\"text-align: center;\">Facelift<\/h2>\n<\/div>\n<div class=\"liste_nav\">\n<a href=\"https:\/\/www.medespoir.be\/nl\/cervico-faciale-lift\/\">Meer facelifts Belgi\u00eb bekijken<\/a>\n<\/div>\n<\/div>\n<\/div>\n<div class=\"col-md-3\">\n<div class=\"content__inter\">\n<a href=\"https:\/\/www.medespoir.be\/nl\/rhinoplastie\/\"> <img decoding=\"async\" src=\"https:\/\/www.medespoir.be\/wp-content\/uploads\/2021\/11\/visage-rhinoplastie.jpg\" alt=\"Rhinoplastie\"><\/a><\/p>\n<div class=\"title__inter\">\n<h2 style=\"text-align: center;\">Rhinoplastie<\/h2>\n<\/div>\n<div class=\"liste_nav\">\n<a href=\"https:\/\/www.medespoir.be\/nl\/rhinoplastie\/\">Meer neuschirurgie Brussel bekijken<\/a>\n<\/div>\n<\/div>\n<\/div>\n<div class=\"col-md-3\">\n<div class=\"content__inter\">\n<a href=\"https:\/\/www.medespoir.be\/nl\/blepharoplastie\/\"> <img decoding=\"async\" src=\"https:\/\/www.medespoir.be\/wp-content\/uploads\/2021\/11\/visage-blepharoplastie.jpg\" alt=\"Blepharoplastie\"><\/a><\/p>\n<div class=\"title__inter\">\n<h2 style=\"text-align: center;\">Blepharoplastie<\/h2>\n<\/div>\n<div class=\"liste_nav\">\n<a href=\"https:\/\/www.medespoir.be\/nl\/blepharoplastie\/\">Bekijk meer ooglidchirurgie Brussel<\/a>\n<\/div>\n<\/div>\n<\/div>\n<div class=\"col-md-3\">\n<div class=\"content__inter last-child\">\n<a href=\"https:\/\/www.medespoir.be\/nl\/genioplastie\/\"><img decoding=\"async\" src=\"https:\/\/www.medespoir.be\/wp-content\/uploads\/2021\/11\/visage-genioplastie.jpg\" alt=\"Genioplastiek\"><\/a><\/p>\n<div class=\"title__inter\">\n<h2 style=\"text-align: center;\">Genioplastiek<\/h2>\n<\/div>\n<div class=\"liste_nav\">\n<a href=\"https:\/\/www.medespoir.be\/nl\/genioplastie\/\">Meer kinchirurgie Brussel bekijken<\/a>\n<\/div>\n<\/div>\n<\/div>\n<\/div>\n<\/div>\n<\/section>\n<section>\n<div class=\"container\">\n<div class=\"row\">\n<div class=\"col-md-12\">\n<div class=\"btn_interne\">\n<p style=\"text-align: center;\"><a class=\"btn__slider\" href=\"https:\/\/www.medespoir.be\/nl\/gratis-offerte\/\">&#8211; Aangezichtschirurgie schatting Belgi\u00eb &#8211; Brussel<\/a><\/p>\n<\/div>\n<\/div>\n<\/div>\n<\/div>\n<\/section>\n<section>\n<div class=\"container\">\n<div class=\"row\">\n<div class=\"col-md-8\">\n<h2>Procedures voor een jeugdiger gezicht<\/h2>\n<p>Een <strong>facelift<\/strong> om rimpels weg te werken en gezichtsspieren te liften zonder de natuurlijke uitdrukking te veranderen. Het geeft de pati\u00ebnt een jeugdiger uiterlijk door holtes in de nasolabiale plooien weg te werken, wangen te verwijderen en de algehele vorm van het gezicht en de hals weer stevig te maken.<br \/>\n<strong>Neuscorrectie of neuscorrectie<\/strong> is de ideale oplossing voor mensen die last hebben van psychologische problemen als gevolg van een lelijke neus. Het kan vanaf de adolescentie worden uitgevoerd en is effectief om een bult te verwijderen of de gelaatstrekken weer in balans te brengen.<br \/>\nGecombineerde plastische chirurgische ingrepen zijn talrijk en vereisen een zekere kennis van de chirurg. <strong>Blepharoplastie<\/strong> is de ingreep die het meest wordt geassocieerd met andere gezichtsvergrotende ingrepen. Deze operatie :<\/p>\n<ul class=\"liste-page\">\n<li>Werkt op de oogleden om de kwaliteit van de ogen te verbeteren<\/li>\n<li>Verwijdert de trieste blik die een negatieve invloed kan hebben op het socio-professionele leven van de pati\u00ebnt<\/li>\n<li>Is effectief voor het permanent verwijderen van vettige hernia&#8217;s onder de ogen.<\/li>\n<\/ul>\n<p><strong>Genioplastie<\/strong> wordt gebruikt om te uitgesproken kinnen te corrigeren die het gezicht als geheel een onaangename aanblik geven. Het wordt sterk aanbevolen voor mensen met een vooruitstekende of terugwijkende kin. Er kan een siliconenprothese worden aangebracht om een terugwijkende kin te verbeteren.<br \/>\n<a href=\"https:\/\/www.medespoir.be\/nl\/otoplastie\/\">Een otoplastie<\/a> wordt minder vaak uitgevoerd dan andere cosmetische en corrigerende operaties, maar wordt gebruikt om genetische misvormingen te behandelen die leiden tot afstaande oren.\n<\/div>\n<div class=\"col-md-4\">\n<img decoding=\"async\" src=\"https:\/\/www.medespoir.be\/wp-content\/uploads\/2021\/11\/chirurgies_visage_belgique.jpg\" alt=\"Cosmetische chirurgie Belgi\u00eb procedures en prijzen\"><\/p>\n<div id=\"circle_interve\"><img decoding=\"async\" src=\"https:\/\/www.medespoir.be\/wp-content\/uploads\/2021\/11\/form-medespoir_3.png\" alt=\"medespoir belgi\u00eb\"><\/div>\n<\/div>\n<\/div>\n<\/div>\n<\/section>\n<style>\r\nhtml body a.whatsapp-button {\r\n    display: inline-block;\r\n    background-color: #25D366;\r\n    font-size: 16px;\r\n    font-weight: bold;\r\n    padding: 12px 20px;\r\n    text-align: center;\r\n    text-decoration: none;\r\n    border-radius: 5px;\r\n    box-shadow: 0 4px 6px rgba(0, 0, 0, 0.1);\r\n    transition: background-color 0.3s ease, transform 0.2s ease;\r\n    color: white!important;\r\n}\r\n\r\n.whatsapp-button:hover {\r\n    background-color: #1EBE54;\r\n    transform: translateY(-2px);\r\n}\r\n\r\n.whatsapp-button:active {\r\n    transform: translateY(0);\r\n}\r\n\r\n.align_center {\r\n    display: block;\r\n    text-align: center;\r\n    padding: 30px 0px;\r\n}\r\n\r\n<\/style>\r\n<section >\r\n<div class=\"container\">\r\n<div class=\"row\">\r\n<div class=\"col-md-12\" align=\"center\">\r\n<div class=\"align_center\">\r\n                <a href=\"https:\/\/api.whatsapp.com\/send?phone=+33635235712&&text=Hallo,%20ik%20wil%20graag%20meer%20weten%20over%20je%20werk%20en%20je%20prijzen%20!\"\r\n                    class=\"whatsapp-button\" target=\"_blank\">\r\n                    Klik hier voor een gratis Whatsapp offerte\r\n                <\/a>\r\n<\/div>\r\n<\/div>\r\n<\/div>\r\n<\/div>\r\n<\/section>\n<section>\n<div class=\"container\">\n<div class=\"row\">\n<div class=\"col-md-5\">\n<img decoding=\"async\" src=\"https:\/\/www.medespoir.be\/wp-content\/uploads\/2021\/11\/chirurgies_visage_belgique_1.jpg\" alt=\"Prijzen voor gezichtschirurgie in Belgi\u00eb, Brussel en Tunesi\u00eb\"><br \/>\n<\/br><\/p>\n<div class=\"btn_interne\">\n<p style=\"text-align: center;\"><a class=\"btn__slider\" href=\"https:\/\/www.medespoir.be\/nl\/gratis-offerte\/\">&#8211; Aangezichtschirurgie schatting Belgi\u00eb<\/a><\/p>\n<\/div>\n<\/div>\n<div class=\"col-md-7\">\n<h2>Prijzen voor gezichtschirurgie in Belgi\u00eb, Brussel en Tunesi\u00eb<\/h2>\n<p>Medespoir biedt u voordelige tarieven voor uw esthetische chirurgie van het gezicht in Tunesi\u00eb, waarbij een goedkope prijs wordt gecombineerd met een all-inclusive verblijf:<\/p>\n<table class=\"price_inter\">\n<tbody>\n<tr>\n<th>Aangezichtschirurgie<\/th>\n<th>Prijzen<\/th>\n<th>Blijf<\/th>\n<\/tr>\n<tr>\n<td>Facelift<\/td>\n<td>2000\u20ac<\/td>\n<td>5 nachten en 6 dagen<\/td>\n<\/tr>\n<tr>\n<td>Malarlift<\/td>\n<td>2000\u20ac<\/td>\n<td>5 nachten en 6 dagen<\/td>\n<\/tr>\n<tr>\n<td>Voorhoofdslift<\/td>\n<td>2000\u20ac<\/td>\n<td>5 nachten en 6 dagen<\/td>\n<\/tr>\n<tr>\n<td>Volledige facelift<\/td>\n<td>2950\u20ac<\/td>\n<td>5 nachten en 6 dagen<\/td>\n<\/tr>\n<tr>\n<td>Volledige facelift + blepharoplastie<\/td>\n<td>3350\u20ac<\/td>\n<td>6 nachten en 7 dagen<\/td>\n<\/tr>\n<tr>\n<td>Eenvoudige neuscorrectie<\/td>\n<td>1850\u20ac<\/td>\n<td>5 nachten en 6 dagen<\/td>\n<\/tr>\n<tr>\n<td>Rhinoplastie en septoplastie<\/td>\n<td>2350\u20ac<\/td>\n<td>5 nachten en 6 dagen<\/td>\n<\/tr>\n<tr>\n<td>Etnische neuscorrectie<\/td>\n<td>2350\u20ac<\/td>\n<td>5 nachten en 6 dagen<\/td>\n<\/tr>\n<tr>\n<td>\nBlepharoplastie 2 oogleden<\/td>\n<td>1550\u20ac<\/td>\n<td>4 nachten en 5 dagen<\/td>\n<\/tr>\n<tr>\n<td>Blepharoplastie 4 oogleden<\/td>\n<td>\n1660\u20ac<\/td>\n<td>\n4 nachten en 5 dagen<\/td>\n<\/tr>\n<tr>\n<td>Genioplastie reductie<\/td>\n<td>\n1500\u20ac<\/td>\n<td>\n4 nachten en 5 dagen<\/td>\n<\/tr>\n<tr>\n<td>Advancement genioplastiek<\/td>\n<td>\n2000\u20ac<\/td>\n<td>\n5 nachten en 6 dagen<\/td>\n<\/tr>\n<\/tbody>\n<\/table>\n<\/div>\n<\/div>\n<\/div>\n<\/section>\n","protected":false},"excerpt":{"rendered":"<p>Gezichtschirurgie in Belgi\u00eb is een veelgevraagde medische optie voor mensen die hun door ouderdom en de stress van het dagelijks leven aangetaste gezicht willen verjongen. Het is gebaseerd op vervormen, verfraaien en corrigeren. Facelift Meer facelifts Belgi\u00eb bekijken Rhinoplastie Meer neuschirurgie Brussel bekijken Blepharoplastie Bekijk meer ooglidchirurgie Brussel Genioplastiek Meer kinchirurgie Brussel bekijken &#8211; Aangezichtschirurgie [&hellip;]<\/p>\n","protected":false},"author":1,"featured_media":7690,"parent":0,"menu_order":0,"comment_status":"closed","ping_status":"closed","template":"","meta":{"footnotes":""},"class_list":["post-7876","page","type-page","status-publish","has-post-thumbnail","hentry"],"yoast_head":"<!-- This site is optimized with the Yoast SEO plugin v27.3 - https:\/\/yoast.com\/product\/yoast-seo-wordpress\/ -->\n<title>Gezichtschirurgie Belgi\u00eb : Gezichtsverjonging operaties goedkope prijzen Belgi\u00eb<\/title>\n<meta name=\"description\" content=\"Gezichtschirurgie Belgi\u00eb : Ontdek de lijst van onze procedures voor gezichtsverjonging in Brussel en de effecten van elke ingreep. Goedkope gezichtsplastische chirurgie en gratis offerte Medespoir\" \/>\n<meta name=\"robots\" content=\"index, follow, max-snippet:-1, max-image-preview:large, max-video-preview:-1\" \/>\n<link rel=\"canonical\" href=\"https:\/\/www.medespoir.be\/nl\/gezicht\/\" \/>\n<meta property=\"og:locale\" content=\"nl_NL\" \/>\n<meta property=\"og:type\" content=\"article\" \/>\n<meta property=\"og:title\" content=\"Gezichtschirurgie Belgi\u00eb : Gezichtsverjonging operaties goedkope prijzen Belgi\u00eb\" \/>\n<meta property=\"og:description\" content=\"Gezichtschirurgie Belgi\u00eb : Ontdek de lijst van onze procedures voor gezichtsverjonging in Brussel en de effecten van elke ingreep. Goedkope gezichtsplastische chirurgie en gratis offerte Medespoir\" \/>\n<meta property=\"og:url\" content=\"https:\/\/www.medespoir.be\/nl\/gezicht\/\" \/>\n<meta property=\"og:site_name\" content=\"Chirurgie esthetique Belgique\" \/>\n<meta property=\"article:modified_time\" content=\"2023-06-06T14:13:02+00:00\" \/>\n<meta property=\"og:image\" content=\"https:\/\/www.medespoir.be\/wp-content\/uploads\/2021\/11\/header_visage.jpg\" \/>\n\t<meta property=\"og:image:width\" content=\"1925\" \/>\n\t<meta property=\"og:image:height\" content=\"451\" \/>\n\t<meta property=\"og:image:type\" content=\"image\/jpeg\" \/>\n<meta name=\"twitter:card\" content=\"summary_large_image\" \/>\n<meta name=\"twitter:label1\" content=\"Geschatte leestijd\" \/>\n\t<meta name=\"twitter:data1\" content=\"4 minuten\" \/>\n<script type=\"application\/ld+json\" class=\"yoast-schema-graph\">{\"@context\":\"https:\\\/\\\/schema.org\",\"@graph\":[{\"@type\":\"WebPage\",\"@id\":\"https:\\\/\\\/www.medespoir.be\\\/nl\\\/gezicht\\\/\",\"url\":\"https:\\\/\\\/www.medespoir.be\\\/nl\\\/gezicht\\\/\",\"name\":\"Gezichtschirurgie Belgi\u00eb : Gezichtsverjonging operaties goedkope prijzen Belgi\u00eb\",\"isPartOf\":{\"@id\":\"https:\\\/\\\/www.medespoir.be\\\/#website\"},\"primaryImageOfPage\":{\"@id\":\"https:\\\/\\\/www.medespoir.be\\\/nl\\\/gezicht\\\/#primaryimage\"},\"image\":{\"@id\":\"https:\\\/\\\/www.medespoir.be\\\/nl\\\/gezicht\\\/#primaryimage\"},\"thumbnailUrl\":\"https:\\\/\\\/www.medespoir.be\\\/wp-content\\\/uploads\\\/2021\\\/11\\\/header_visage.jpg\",\"datePublished\":\"2018-10-22T10:28:56+00:00\",\"dateModified\":\"2023-06-06T14:13:02+00:00\",\"description\":\"Gezichtschirurgie Belgi\u00eb : Ontdek de lijst van onze procedures voor gezichtsverjonging in Brussel en de effecten van elke ingreep. Goedkope gezichtsplastische chirurgie en gratis offerte Medespoir\",\"breadcrumb\":{\"@id\":\"https:\\\/\\\/www.medespoir.be\\\/nl\\\/gezicht\\\/#breadcrumb\"},\"inLanguage\":\"nl-NL\",\"potentialAction\":[{\"@type\":\"ReadAction\",\"target\":[\"https:\\\/\\\/www.medespoir.be\\\/nl\\\/gezicht\\\/\"]}]},{\"@type\":\"ImageObject\",\"inLanguage\":\"nl-NL\",\"@id\":\"https:\\\/\\\/www.medespoir.be\\\/nl\\\/gezicht\\\/#primaryimage\",\"url\":\"https:\\\/\\\/www.medespoir.be\\\/wp-content\\\/uploads\\\/2021\\\/11\\\/header_visage.jpg\",\"contentUrl\":\"https:\\\/\\\/www.medespoir.be\\\/wp-content\\\/uploads\\\/2021\\\/11\\\/header_visage.jpg\",\"width\":1925,\"height\":451},{\"@type\":\"BreadcrumbList\",\"@id\":\"https:\\\/\\\/www.medespoir.be\\\/nl\\\/gezicht\\\/#breadcrumb\",\"itemListElement\":[{\"@type\":\"ListItem\",\"position\":1,\"name\":\"Accueil\",\"item\":\"https:\\\/\\\/www.medespoir.be\\\/nl\\\/\"},{\"@type\":\"ListItem\",\"position\":2,\"name\":\"Gezichtschirurgie Belgi\u00eb: Gezichtsverjongingsoperaties\"}]},{\"@type\":\"WebSite\",\"@id\":\"https:\\\/\\\/www.medespoir.be\\\/#website\",\"url\":\"https:\\\/\\\/www.medespoir.be\\\/\",\"name\":\"Chirurgie esthetique Belgique\",\"description\":\"\",\"publisher\":{\"@id\":\"https:\\\/\\\/www.medespoir.be\\\/#organization\"},\"potentialAction\":[{\"@type\":\"SearchAction\",\"target\":{\"@type\":\"EntryPoint\",\"urlTemplate\":\"https:\\\/\\\/www.medespoir.be\\\/?s={search_term_string}\"},\"query-input\":{\"@type\":\"PropertyValueSpecification\",\"valueRequired\":true,\"valueName\":\"search_term_string\"}}],\"inLanguage\":\"nl-NL\"},{\"@type\":\"Organization\",\"@id\":\"https:\\\/\\\/www.medespoir.be\\\/#organization\",\"name\":\"Medespoir Belgique\",\"url\":\"https:\\\/\\\/www.medespoir.be\\\/\",\"logo\":{\"@type\":\"ImageObject\",\"inLanguage\":\"nl-NL\",\"@id\":\"https:\\\/\\\/www.medespoir.be\\\/#\\\/schema\\\/logo\\\/image\\\/\",\"url\":\"https:\\\/\\\/www.medespoir.be\\\/wp-content\\\/uploads\\\/2018\\\/10\\\/lg-medespoir-be.jpg\",\"contentUrl\":\"https:\\\/\\\/www.medespoir.be\\\/wp-content\\\/uploads\\\/2018\\\/10\\\/lg-medespoir-be.jpg\",\"width\":242,\"height\":77,\"caption\":\"Medespoir Belgique\"},\"image\":{\"@id\":\"https:\\\/\\\/www.medespoir.be\\\/#\\\/schema\\\/logo\\\/image\\\/\"}}]}<\/script>\n<!-- \/ Yoast SEO plugin. -->","yoast_head_json":{"title":"Gezichtschirurgie Belgi\u00eb : Gezichtsverjonging operaties goedkope prijzen Belgi\u00eb","description":"Gezichtschirurgie Belgi\u00eb : Ontdek de lijst van onze procedures voor gezichtsverjonging in Brussel en de effecten van elke ingreep. Goedkope gezichtsplastische chirurgie en gratis offerte Medespoir","robots":{"index":"index","follow":"follow","max-snippet":"max-snippet:-1","max-image-preview":"max-image-preview:large","max-video-preview":"max-video-preview:-1"},"canonical":"https:\/\/www.medespoir.be\/nl\/gezicht\/","og_locale":"nl_NL","og_type":"article","og_title":"Gezichtschirurgie Belgi\u00eb : Gezichtsverjonging operaties goedkope prijzen Belgi\u00eb","og_description":"Gezichtschirurgie Belgi\u00eb : Ontdek de lijst van onze procedures voor gezichtsverjonging in Brussel en de effecten van elke ingreep. Goedkope gezichtsplastische chirurgie en gratis offerte Medespoir","og_url":"https:\/\/www.medespoir.be\/nl\/gezicht\/","og_site_name":"Chirurgie esthetique Belgique","article_modified_time":"2023-06-06T14:13:02+00:00","og_image":[{"width":1925,"height":451,"url":"https:\/\/www.medespoir.be\/wp-content\/uploads\/2021\/11\/header_visage.jpg","type":"image\/jpeg"}],"twitter_card":"summary_large_image","twitter_misc":{"Geschatte leestijd":"4 minuten"},"schema":{"@context":"https:\/\/schema.org","@graph":[{"@type":"WebPage","@id":"https:\/\/www.medespoir.be\/nl\/gezicht\/","url":"https:\/\/www.medespoir.be\/nl\/gezicht\/","name":"Gezichtschirurgie Belgi\u00eb : Gezichtsverjonging operaties goedkope prijzen Belgi\u00eb","isPartOf":{"@id":"https:\/\/www.medespoir.be\/#website"},"primaryImageOfPage":{"@id":"https:\/\/www.medespoir.be\/nl\/gezicht\/#primaryimage"},"image":{"@id":"https:\/\/www.medespoir.be\/nl\/gezicht\/#primaryimage"},"thumbnailUrl":"https:\/\/www.medespoir.be\/wp-content\/uploads\/2021\/11\/header_visage.jpg","datePublished":"2018-10-22T10:28:56+00:00","dateModified":"2023-06-06T14:13:02+00:00","description":"Gezichtschirurgie Belgi\u00eb : Ontdek de lijst van onze procedures voor gezichtsverjonging in Brussel en de effecten van elke ingreep. Goedkope gezichtsplastische chirurgie en gratis offerte Medespoir","breadcrumb":{"@id":"https:\/\/www.medespoir.be\/nl\/gezicht\/#breadcrumb"},"inLanguage":"nl-NL","potentialAction":[{"@type":"ReadAction","target":["https:\/\/www.medespoir.be\/nl\/gezicht\/"]}]},{"@type":"ImageObject","inLanguage":"nl-NL","@id":"https:\/\/www.medespoir.be\/nl\/gezicht\/#primaryimage","url":"https:\/\/www.medespoir.be\/wp-content\/uploads\/2021\/11\/header_visage.jpg","contentUrl":"https:\/\/www.medespoir.be\/wp-content\/uploads\/2021\/11\/header_visage.jpg","width":1925,"height":451},{"@type":"BreadcrumbList","@id":"https:\/\/www.medespoir.be\/nl\/gezicht\/#breadcrumb","itemListElement":[{"@type":"ListItem","position":1,"name":"Accueil","item":"https:\/\/www.medespoir.be\/nl\/"},{"@type":"ListItem","position":2,"name":"Gezichtschirurgie Belgi\u00eb: Gezichtsverjongingsoperaties"}]},{"@type":"WebSite","@id":"https:\/\/www.medespoir.be\/#website","url":"https:\/\/www.medespoir.be\/","name":"Chirurgie esthetique Belgique","description":"","publisher":{"@id":"https:\/\/www.medespoir.be\/#organization"},"potentialAction":[{"@type":"SearchAction","target":{"@type":"EntryPoint","urlTemplate":"https:\/\/www.medespoir.be\/?s={search_term_string}"},"query-input":{"@type":"PropertyValueSpecification","valueRequired":true,"valueName":"search_term_string"}}],"inLanguage":"nl-NL"},{"@type":"Organization","@id":"https:\/\/www.medespoir.be\/#organization","name":"Medespoir Belgique","url":"https:\/\/www.medespoir.be\/","logo":{"@type":"ImageObject","inLanguage":"nl-NL","@id":"https:\/\/www.medespoir.be\/#\/schema\/logo\/image\/","url":"https:\/\/www.medespoir.be\/wp-content\/uploads\/2018\/10\/lg-medespoir-be.jpg","contentUrl":"https:\/\/www.medespoir.be\/wp-content\/uploads\/2018\/10\/lg-medespoir-be.jpg","width":242,"height":77,"caption":"Medespoir Belgique"},"image":{"@id":"https:\/\/www.medespoir.be\/#\/schema\/logo\/image\/"}}]}},"_links":{"self":[{"href":"https:\/\/www.medespoir.be\/nl\/wp-json\/wp\/v2\/pages\/7876","targetHints":{"allow":["GET"]}}],"collection":[{"href":"https:\/\/www.medespoir.be\/nl\/wp-json\/wp\/v2\/pages"}],"about":[{"href":"https:\/\/www.medespoir.be\/nl\/wp-json\/wp\/v2\/types\/page"}],"author":[{"embeddable":true,"href":"https:\/\/www.medespoir.be\/nl\/wp-json\/wp\/v2\/users\/1"}],"replies":[{"embeddable":true,"href":"https:\/\/www.medespoir.be\/nl\/wp-json\/wp\/v2\/comments?post=7876"}],"version-history":[{"count":5,"href":"https:\/\/www.medespoir.be\/nl\/wp-json\/wp\/v2\/pages\/7876\/revisions"}],"predecessor-version":[{"id":8261,"href":"https:\/\/www.medespoir.be\/nl\/wp-json\/wp\/v2\/pages\/7876\/revisions\/8261"}],"wp:featuredmedia":[{"embeddable":true,"href":"https:\/\/www.medespoir.be\/nl\/wp-json\/wp\/v2\/media\/7690"}],"wp:attachment":[{"href":"https:\/\/www.medespoir.be\/nl\/wp-json\/wp\/v2\/media?parent=7876"}],"curies":[{"name":"wp","href":"https:\/\/api.w.org\/{rel}","templated":true}]}}