{"id":7911,"date":"2018-10-22T12:16:49","date_gmt":"2018-10-22T10:16:49","guid":{"rendered":"https:\/\/www.medespoir.be\/ervaren-cosmetische-chirurgen\/"},"modified":"2023-06-06T10:23:28","modified_gmt":"2023-06-06T08:23:28","slug":"chirurgen","status":"publish","type":"page","link":"https:\/\/www.medespoir.be\/nl\/chirurgen\/","title":{"rendered":"Ervaren cosmetische chirurgen"},"content":{"rendered":"<section>\n<div class=\"container\">\n<div class=\"row column-reverse\">\n<div class=\"col-md-7\">\n<p>De sprong wagen en besluiten om <strong> cosmetische chirurgie <\/strong> te ondergaan is geen kleinigheid. Nog moeilijker is het om een bekwame en gekwalificeerde chirurg te kiezen om de operatie uit te voeren, op basis van een aantal criteria: kwaliteit van de zorg, deskundigheid, naleving van hygi\u00ebnenormen, prijs, enz.   <strong> MedEspoir <\/strong> is een agentschap dat sinds enkele jaren gespecialiseerd is in het organiseren van <strong>esthetische medische verblijven in Belgi\u00eb<\/strong>.<br \/>\nWe hebben ervoor gekozen om samen te werken met de beste <a href=\"https:\/\/www.medespoir.be\/nl\/kliniek\/\">klinieken voor esthetische<\/a><strong> chirurgie <\/strong> <a href=\"https:\/\/www.medespoir.be\/nl\/kliniek\/\">in Belgi\u00eb<\/a> om onze pati\u00ebnten toegang te bieden tot gezondheidsprofessionals van topniveau.<\/p>\n<div class=\"devis_inter\">\n<div class=\"btn_interne\"><a class=\"btn__slider\" href=\"https:\/\/www.medespoir.be\/nl\/gratis-offerte\/\">&#8211; Een consult aanvragen<\/a><\/div>\n<\/div>\n<p>Als je voor ons bureau kiest, profiteer je van de diensten van partner plastisch chirurgen en chirurgen met een geavanceerde en specifieke opleiding op het gebied van plastische en reconstructieve chirurgie. Met hun ervaring en expertise op nationaal en internationaal niveau zijn ze allemaal geregistreerd bij de Conseil G\u00e9n\u00e9ral de l&#8217;Ordre des M\u00e9decins.<br \/>\nHet team van <a href=\"https:\/\/www.medespoir.be\/nl\/agentschap\/\"> MedEspoir<\/a> ondersteunt al zijn klanten en helpt elke pati\u00ebnt bij het kiezen van zijn chirurg op basis van het type operatie dat hij wenst te ondergaan, hoewel pati\u00ebnten vrij zijn om hun chirurg te kiezen en dit detail kunnen specificeren door hun aanvraag voor een gratis kostenraming in te vullen.<br \/>\nWe doen er alles aan om ervoor te zorgen dat de communicatie tussen pati\u00ebnten en de medische beroepsgroep geruststellend en duidelijk is, zowel voor als na de operatie. Al onze chirurgen zijn beschikbaar om naar pati\u00ebnten te luisteren en eventuele vragen na de operatie te beantwoorden.<\/p>\n<\/div>\n<div class=\"col-md-5\">\n<img decoding=\"async\" src=\"https:\/\/www.medespoir.be\/wp-content\/uploads\/2021\/11\/chirurgiens-esthetiques-medespoir.jpg\" alt=\"Medespoir Belgi\u00eb\" class=\"img__interne__1\"><\/p>\n<div id=\"circle_interne_color\"><img decoding=\"async\" src=\"https:\/\/www.medespoir.be\/wp-content\/uploads\/2021\/11\/form-medespoir_2.png\" alt=\"medespoir belgi\u00eb\"><\/div>\n<\/div>\n<\/div>\n<\/div>\n<\/section>\n<style>\r\nhtml body a.whatsapp-button {\r\n    display: inline-block;\r\n    background-color: #25D366;\r\n    font-size: 16px;\r\n    font-weight: bold;\r\n    padding: 12px 20px;\r\n    text-align: center;\r\n    text-decoration: none;\r\n    border-radius: 5px;\r\n    box-shadow: 0 4px 6px rgba(0, 0, 0, 0.1);\r\n    transition: background-color 0.3s ease, transform 0.2s ease;\r\n    color: white !important;\r\n}\r\n\r\n.whatsapp-button:hover {\r\n    background-color: #1EBE54;\r\n    transform: translateY(-2px);\r\n}\r\n\r\n.whatsapp-button:active {\r\n    transform: translateY(0);\r\n}\r\n\r\n.align_center {\r\n    display: block;\r\n    text-align: center;\r\n    padding: 30px 0px;\r\n}\r\n\r\n<\/style>\r\n<section>\r\n<div class=\"container\">\r\n<div class=\"row\">\r\n<div class=\"col-md-12\" align=\"center\">\r\n<div class=\"align_center\">\r\n                <a href=\"https:\/\/api.whatsapp.com\/send?phone=+33635235712&&text=Hallo,%20ik%20wil%20graag%20meer%20weten%20over%20je%20werk%20en%20je%20prijzen%20!\"\r\n                    class=\"whatsapp-button\" target=\"_blank\">\r\n                    Klik hier voor een gratis Whatsapp offerte\r\n                <\/a>\r\n<\/div>\r\n<\/div>\r\n<\/div>\r\n<\/div>\r\n<\/section>\n","protected":false},"excerpt":{"rendered":"<p>De sprong wagen en besluiten om cosmetische chirurgie te ondergaan is geen kleinigheid. Nog moeilijker is het om een bekwame en gekwalificeerde chirurg te kiezen om de operatie uit te voeren, op basis van een aantal criteria: kwaliteit van de zorg, deskundigheid, naleving van hygi\u00ebnenormen, prijs, enz. MedEspoir is een agentschap dat sinds enkele jaren [&hellip;]<\/p>\n","protected":false},"author":1,"featured_media":7664,"parent":0,"menu_order":0,"comment_status":"closed","ping_status":"closed","template":"","meta":{"footnotes":""},"class_list":["post-7911","page","type-page","status-publish","has-post-thumbnail","hentry"],"yoast_head":"<!-- This site is optimized with the Yoast SEO plugin v27.3 - https:\/\/yoast.com\/product\/yoast-seo-wordpress\/ -->\n<title>Esthetische chirurgen Belgi\u00eb: Hooggekwalificeerd medisch team<\/title>\n<meta name=\"description\" content=\"Esthetische chirurgen Belgi\u00eb: Medespoir stelt u gekwalificeerde esthetische chirurgen en multidisciplinaire teams ter beschikking die op elk moment kunnen tussenkomen.\" \/>\n<meta name=\"robots\" content=\"index, follow, max-snippet:-1, max-image-preview:large, max-video-preview:-1\" \/>\n<link rel=\"canonical\" href=\"https:\/\/www.medespoir.be\/nl\/chirurgen\/\" \/>\n<meta property=\"og:locale\" content=\"nl_NL\" \/>\n<meta property=\"og:type\" content=\"article\" \/>\n<meta property=\"og:title\" content=\"Esthetische chirurgen Belgi\u00eb: Hooggekwalificeerd medisch team\" \/>\n<meta property=\"og:description\" content=\"Esthetische chirurgen Belgi\u00eb: Medespoir stelt u gekwalificeerde esthetische chirurgen en multidisciplinaire teams ter beschikking die op elk moment kunnen tussenkomen.\" \/>\n<meta property=\"og:url\" content=\"https:\/\/www.medespoir.be\/nl\/chirurgen\/\" \/>\n<meta property=\"og:site_name\" content=\"Chirurgie esthetique Belgique\" \/>\n<meta property=\"article:modified_time\" content=\"2023-06-06T08:23:28+00:00\" \/>\n<meta property=\"og:image\" content=\"https:\/\/www.medespoir.be\/wp-content\/uploads\/2021\/11\/header__chirurgiens.jpg\" \/>\n\t<meta property=\"og:image:width\" content=\"1925\" \/>\n\t<meta property=\"og:image:height\" content=\"451\" \/>\n\t<meta property=\"og:image:type\" content=\"image\/jpeg\" \/>\n<meta name=\"twitter:card\" content=\"summary_large_image\" \/>\n<meta name=\"twitter:label1\" content=\"Geschatte leestijd\" \/>\n\t<meta name=\"twitter:data1\" content=\"2 minuten\" \/>\n<script type=\"application\/ld+json\" class=\"yoast-schema-graph\">{\"@context\":\"https:\\\/\\\/schema.org\",\"@graph\":[{\"@type\":\"WebPage\",\"@id\":\"https:\\\/\\\/www.medespoir.be\\\/nl\\\/chirurgen\\\/\",\"url\":\"https:\\\/\\\/www.medespoir.be\\\/nl\\\/chirurgen\\\/\",\"name\":\"Esthetische chirurgen Belgi\u00eb: Hooggekwalificeerd medisch team\",\"isPartOf\":{\"@id\":\"https:\\\/\\\/www.medespoir.be\\\/#website\"},\"primaryImageOfPage\":{\"@id\":\"https:\\\/\\\/www.medespoir.be\\\/nl\\\/chirurgen\\\/#primaryimage\"},\"image\":{\"@id\":\"https:\\\/\\\/www.medespoir.be\\\/nl\\\/chirurgen\\\/#primaryimage\"},\"thumbnailUrl\":\"https:\\\/\\\/www.medespoir.be\\\/wp-content\\\/uploads\\\/2021\\\/11\\\/header__chirurgiens.jpg\",\"datePublished\":\"2018-10-22T10:16:49+00:00\",\"dateModified\":\"2023-06-06T08:23:28+00:00\",\"description\":\"Esthetische chirurgen Belgi\u00eb: Medespoir stelt u gekwalificeerde esthetische chirurgen en multidisciplinaire teams ter beschikking die op elk moment kunnen tussenkomen.\",\"breadcrumb\":{\"@id\":\"https:\\\/\\\/www.medespoir.be\\\/nl\\\/chirurgen\\\/#breadcrumb\"},\"inLanguage\":\"nl-NL\",\"potentialAction\":[{\"@type\":\"ReadAction\",\"target\":[\"https:\\\/\\\/www.medespoir.be\\\/nl\\\/chirurgen\\\/\"]}]},{\"@type\":\"ImageObject\",\"inLanguage\":\"nl-NL\",\"@id\":\"https:\\\/\\\/www.medespoir.be\\\/nl\\\/chirurgen\\\/#primaryimage\",\"url\":\"https:\\\/\\\/www.medespoir.be\\\/wp-content\\\/uploads\\\/2021\\\/11\\\/header__chirurgiens.jpg\",\"contentUrl\":\"https:\\\/\\\/www.medespoir.be\\\/wp-content\\\/uploads\\\/2021\\\/11\\\/header__chirurgiens.jpg\",\"width\":1925,\"height\":451},{\"@type\":\"BreadcrumbList\",\"@id\":\"https:\\\/\\\/www.medespoir.be\\\/nl\\\/chirurgen\\\/#breadcrumb\",\"itemListElement\":[{\"@type\":\"ListItem\",\"position\":1,\"name\":\"Accueil\",\"item\":\"https:\\\/\\\/www.medespoir.be\\\/nl\\\/\"},{\"@type\":\"ListItem\",\"position\":2,\"name\":\"Ervaren cosmetische chirurgen\"}]},{\"@type\":\"WebSite\",\"@id\":\"https:\\\/\\\/www.medespoir.be\\\/#website\",\"url\":\"https:\\\/\\\/www.medespoir.be\\\/\",\"name\":\"Chirurgie esthetique Belgique\",\"description\":\"\",\"publisher\":{\"@id\":\"https:\\\/\\\/www.medespoir.be\\\/#organization\"},\"potentialAction\":[{\"@type\":\"SearchAction\",\"target\":{\"@type\":\"EntryPoint\",\"urlTemplate\":\"https:\\\/\\\/www.medespoir.be\\\/?s={search_term_string}\"},\"query-input\":{\"@type\":\"PropertyValueSpecification\",\"valueRequired\":true,\"valueName\":\"search_term_string\"}}],\"inLanguage\":\"nl-NL\"},{\"@type\":\"Organization\",\"@id\":\"https:\\\/\\\/www.medespoir.be\\\/#organization\",\"name\":\"Medespoir Belgique\",\"url\":\"https:\\\/\\\/www.medespoir.be\\\/\",\"logo\":{\"@type\":\"ImageObject\",\"inLanguage\":\"nl-NL\",\"@id\":\"https:\\\/\\\/www.medespoir.be\\\/#\\\/schema\\\/logo\\\/image\\\/\",\"url\":\"https:\\\/\\\/www.medespoir.be\\\/wp-content\\\/uploads\\\/2018\\\/10\\\/lg-medespoir-be.jpg\",\"contentUrl\":\"https:\\\/\\\/www.medespoir.be\\\/wp-content\\\/uploads\\\/2018\\\/10\\\/lg-medespoir-be.jpg\",\"width\":242,\"height\":77,\"caption\":\"Medespoir Belgique\"},\"image\":{\"@id\":\"https:\\\/\\\/www.medespoir.be\\\/#\\\/schema\\\/logo\\\/image\\\/\"}}]}<\/script>\n<!-- \/ Yoast SEO plugin. -->","yoast_head_json":{"title":"Esthetische chirurgen Belgi\u00eb: Hooggekwalificeerd medisch team","description":"Esthetische chirurgen Belgi\u00eb: Medespoir stelt u gekwalificeerde esthetische chirurgen en multidisciplinaire teams ter beschikking die op elk moment kunnen tussenkomen.","robots":{"index":"index","follow":"follow","max-snippet":"max-snippet:-1","max-image-preview":"max-image-preview:large","max-video-preview":"max-video-preview:-1"},"canonical":"https:\/\/www.medespoir.be\/nl\/chirurgen\/","og_locale":"nl_NL","og_type":"article","og_title":"Esthetische chirurgen Belgi\u00eb: Hooggekwalificeerd medisch team","og_description":"Esthetische chirurgen Belgi\u00eb: Medespoir stelt u gekwalificeerde esthetische chirurgen en multidisciplinaire teams ter beschikking die op elk moment kunnen tussenkomen.","og_url":"https:\/\/www.medespoir.be\/nl\/chirurgen\/","og_site_name":"Chirurgie esthetique Belgique","article_modified_time":"2023-06-06T08:23:28+00:00","og_image":[{"width":1925,"height":451,"url":"https:\/\/www.medespoir.be\/wp-content\/uploads\/2021\/11\/header__chirurgiens.jpg","type":"image\/jpeg"}],"twitter_card":"summary_large_image","twitter_misc":{"Geschatte leestijd":"2 minuten"},"schema":{"@context":"https:\/\/schema.org","@graph":[{"@type":"WebPage","@id":"https:\/\/www.medespoir.be\/nl\/chirurgen\/","url":"https:\/\/www.medespoir.be\/nl\/chirurgen\/","name":"Esthetische chirurgen Belgi\u00eb: Hooggekwalificeerd medisch team","isPartOf":{"@id":"https:\/\/www.medespoir.be\/#website"},"primaryImageOfPage":{"@id":"https:\/\/www.medespoir.be\/nl\/chirurgen\/#primaryimage"},"image":{"@id":"https:\/\/www.medespoir.be\/nl\/chirurgen\/#primaryimage"},"thumbnailUrl":"https:\/\/www.medespoir.be\/wp-content\/uploads\/2021\/11\/header__chirurgiens.jpg","datePublished":"2018-10-22T10:16:49+00:00","dateModified":"2023-06-06T08:23:28+00:00","description":"Esthetische chirurgen Belgi\u00eb: Medespoir stelt u gekwalificeerde esthetische chirurgen en multidisciplinaire teams ter beschikking die op elk moment kunnen tussenkomen.","breadcrumb":{"@id":"https:\/\/www.medespoir.be\/nl\/chirurgen\/#breadcrumb"},"inLanguage":"nl-NL","potentialAction":[{"@type":"ReadAction","target":["https:\/\/www.medespoir.be\/nl\/chirurgen\/"]}]},{"@type":"ImageObject","inLanguage":"nl-NL","@id":"https:\/\/www.medespoir.be\/nl\/chirurgen\/#primaryimage","url":"https:\/\/www.medespoir.be\/wp-content\/uploads\/2021\/11\/header__chirurgiens.jpg","contentUrl":"https:\/\/www.medespoir.be\/wp-content\/uploads\/2021\/11\/header__chirurgiens.jpg","width":1925,"height":451},{"@type":"BreadcrumbList","@id":"https:\/\/www.medespoir.be\/nl\/chirurgen\/#breadcrumb","itemListElement":[{"@type":"ListItem","position":1,"name":"Accueil","item":"https:\/\/www.medespoir.be\/nl\/"},{"@type":"ListItem","position":2,"name":"Ervaren cosmetische chirurgen"}]},{"@type":"WebSite","@id":"https:\/\/www.medespoir.be\/#website","url":"https:\/\/www.medespoir.be\/","name":"Chirurgie esthetique Belgique","description":"","publisher":{"@id":"https:\/\/www.medespoir.be\/#organization"},"potentialAction":[{"@type":"SearchAction","target":{"@type":"EntryPoint","urlTemplate":"https:\/\/www.medespoir.be\/?s={search_term_string}"},"query-input":{"@type":"PropertyValueSpecification","valueRequired":true,"valueName":"search_term_string"}}],"inLanguage":"nl-NL"},{"@type":"Organization","@id":"https:\/\/www.medespoir.be\/#organization","name":"Medespoir Belgique","url":"https:\/\/www.medespoir.be\/","logo":{"@type":"ImageObject","inLanguage":"nl-NL","@id":"https:\/\/www.medespoir.be\/#\/schema\/logo\/image\/","url":"https:\/\/www.medespoir.be\/wp-content\/uploads\/2018\/10\/lg-medespoir-be.jpg","contentUrl":"https:\/\/www.medespoir.be\/wp-content\/uploads\/2018\/10\/lg-medespoir-be.jpg","width":242,"height":77,"caption":"Medespoir Belgique"},"image":{"@id":"https:\/\/www.medespoir.be\/#\/schema\/logo\/image\/"}}]}},"_links":{"self":[{"href":"https:\/\/www.medespoir.be\/nl\/wp-json\/wp\/v2\/pages\/7911","targetHints":{"allow":["GET"]}}],"collection":[{"href":"https:\/\/www.medespoir.be\/nl\/wp-json\/wp\/v2\/pages"}],"about":[{"href":"https:\/\/www.medespoir.be\/nl\/wp-json\/wp\/v2\/types\/page"}],"author":[{"embeddable":true,"href":"https:\/\/www.medespoir.be\/nl\/wp-json\/wp\/v2\/users\/1"}],"replies":[{"embeddable":true,"href":"https:\/\/www.medespoir.be\/nl\/wp-json\/wp\/v2\/comments?post=7911"}],"version-history":[{"count":5,"href":"https:\/\/www.medespoir.be\/nl\/wp-json\/wp\/v2\/pages\/7911\/revisions"}],"predecessor-version":[{"id":7928,"href":"https:\/\/www.medespoir.be\/nl\/wp-json\/wp\/v2\/pages\/7911\/revisions\/7928"}],"wp:featuredmedia":[{"embeddable":true,"href":"https:\/\/www.medespoir.be\/nl\/wp-json\/wp\/v2\/media\/7664"}],"wp:attachment":[{"href":"https:\/\/www.medespoir.be\/nl\/wp-json\/wp\/v2\/media?parent=7911"}],"curies":[{"name":"wp","href":"https:\/\/api.w.org\/{rel}","templated":true}]}}