{"id":7941,"date":"2018-10-22T16:21:35","date_gmt":"2018-10-22T14:21:35","guid":{"rendered":"https:\/\/www.medespoir.be\/borstlift-belgie-goedkope-borstlift-operatie\/"},"modified":"2023-06-06T16:43:44","modified_gmt":"2023-06-06T14:43:44","slug":"borsttose","status":"publish","type":"page","link":"https:\/\/www.medespoir.be\/nl\/borsttose\/","title":{"rendered":"Borstlift Belgi\u00eb : goedkope borstlift operatie"},"content":{"rendered":"\t\t<div data-elementor-type=\"wp-page\" data-elementor-id=\"7941\" class=\"elementor elementor-7941\">\n\t\t\t\t\t\t<section class=\"elementor-section elementor-top-section elementor-element elementor-element-6034591 elementor-section-boxed elementor-section-height-default elementor-section-height-default\" data-id=\"6034591\" data-element_type=\"section\" data-e-type=\"section\">\n\t\t\t\t\t\t<div class=\"elementor-container elementor-column-gap-default\">\n\t\t\t\t\t<div class=\"elementor-column elementor-col-66 elementor-top-column elementor-element elementor-element-ef583b9\" data-id=\"ef583b9\" data-element_type=\"column\" data-e-type=\"column\">\n\t\t\t<div class=\"elementor-widget-wrap elementor-element-populated\">\n\t\t\t\t\t\t<div class=\"elementor-element elementor-element-1629720 elementor-widget elementor-widget-text-editor\" data-id=\"1629720\" data-element_type=\"widget\" data-e-type=\"widget\" data-widget_type=\"text-editor.default\">\n\t\t\t\t<div class=\"elementor-widget-container\">\n\t\t\t\t\t\t\t\t\tDe <strong>borstlift, ook<\/strong>wel <strong>borstpexie<\/strong> of <strong>mastopexie<\/strong> genoemd, lift verslapte of hangende borsten door het tepelhof en de tepel te verplaatsen, overtollige huid te verwijderen en de klier te liften. Het resultaat zijn<strong>gevormde, gelifte borsten<\/strong>.\n\nFactoren die de borsten kunnen beschadigen en ervoor kunnen zorgen dat ze hun stevigheid en elasticiteit verliezen, zijn onder andere\n<ul class=\"liste-page\">\n \t<li>Zwangerschap<\/li>\n \t<li>Borstvoeding<\/li>\n \t<li>Gewichtsvariaties<\/li>\n \t<li>Borsthypertrofie&#8230;<\/li>\n<\/ul>\nEen borstlift in Tunesi\u00eb is daarom nodig als massages, cr\u00e8mes en spieroefeningen geen oplossing bieden.\t\t\t\t\t\t\t\t<\/div>\n\t\t\t\t<\/div>\n\t\t\t\t\t<\/div>\n\t\t<\/div>\n\t\t\t\t<div class=\"elementor-column elementor-col-33 elementor-top-column elementor-element elementor-element-b9664a6\" data-id=\"b9664a6\" data-element_type=\"column\" data-e-type=\"column\">\n\t\t\t<div class=\"elementor-widget-wrap elementor-element-populated\">\n\t\t\t\t\t\t<div class=\"elementor-element elementor-element-0e248af elementor-widget elementor-widget-text-editor\" data-id=\"0e248af\" data-element_type=\"widget\" data-e-type=\"widget\" data-widget_type=\"text-editor.default\">\n\t\t\t\t<div class=\"elementor-widget-container\">\n\t\t\t\t\t\t\t\t\t\n<figure id=\"attachment_7439\" aria-describedby=\"caption-attachment-7439\" style=\"width: 592px\" class=\"wp-caption aligncenter\"><img fetchpriority=\"high\" decoding=\"async\" class=\"wp-image-2531 size-full\" title=\"  borstlift Belgi\u00eb\" src=\"https:\/\/www.medespoir.be\/wp-content\/uploads\/2019\/09\/lifting-seins-mastopexie-tunisie.jpg\" alt=\"  borstlift Belgi\u00eb\" width=\"592\" height=\"250\" srcset=\"https:\/\/www.medespoir.be\/wp-content\/uploads\/2019\/09\/lifting-seins-mastopexie-tunisie.jpg 592w, https:\/\/www.medespoir.be\/wp-content\/uploads\/2019\/09\/lifting-seins-mastopexie-tunisie-300x127.jpg 300w, https:\/\/www.medespoir.be\/wp-content\/uploads\/2019\/09\/lifting-seins-mastopexie-tunisie-260x110.jpg 260w, https:\/\/www.medespoir.be\/wp-content\/uploads\/2019\/09\/lifting-seins-mastopexie-tunisie-50x21.jpg 50w, https:\/\/www.medespoir.be\/wp-content\/uploads\/2019\/09\/lifting-seins-mastopexie-tunisie-150x63.jpg 150w\" sizes=\"(max-width: 592px) 100vw, 592px\" \/><figcaption id=\"caption-attachment-7439\" class=\"wp-caption-text\">Borstlifttechniek Belgi\u00eb<\/figcaption><\/figure>\t\t\t\t\t\t\t\t<\/div>\n\t\t\t\t<\/div>\n\t\t\t\t\t<\/div>\n\t\t<\/div>\n\t\t\t\t\t<\/div>\n\t\t<\/section>\n\t\t\t\t<section class=\"elementor-section elementor-top-section elementor-element elementor-element-ec52462 elementor-section-boxed elementor-section-height-default elementor-section-height-default\" data-id=\"ec52462\" data-element_type=\"section\" data-e-type=\"section\">\n\t\t\t\t\t\t<div class=\"elementor-container elementor-column-gap-default\">\n\t\t\t\t\t<div class=\"elementor-column elementor-col-100 elementor-top-column elementor-element elementor-element-58a1204\" data-id=\"58a1204\" data-element_type=\"column\" data-e-type=\"column\">\n\t\t\t<div class=\"elementor-widget-wrap elementor-element-populated\">\n\t\t\t\t\t\t<div class=\"elementor-element elementor-element-8994217 elementor-widget elementor-widget-text-editor\" data-id=\"8994217\" data-element_type=\"widget\" data-e-type=\"widget\" data-widget_type=\"text-editor.default\">\n\t\t\t\t<div class=\"elementor-widget-container\">\n\t\t\t\t\t\t\t\t\t<h3>Hoeveel kost een borstlift in Belgi\u00eb?<\/h3>\nDe <strong>prijs van een borstlift in Belgi\u00eb<\/strong> varieert van \u20ac2.100 voor een ingreep zonder implantaten tot \u20ac2.850 voor een ingreep met implantaten. Deze prijs omvat zowel je verblijf als je operatie in Tunesi\u00eb en je hoeft niets anders te betalen dan het bedrag dat op je persoonlijke offerte staat.\n\t\t\t\t\t\t\t\t<\/div>\n\t\t\t\t<\/div>\n\t\t\t\t<div class=\"elementor-element elementor-element-1633f0d elementor-widget elementor-widget-text-editor\" data-id=\"1633f0d\" data-element_type=\"widget\" data-e-type=\"widget\" id=\"table_price\" data-widget_type=\"text-editor.default\">\n\t\t\t\t<div class=\"elementor-widget-container\">\n\t\t\t\t\t\t\t\t\t<table border=\"0\" width=\"100%\">\n<tbody>\n<tr>\n<td align=\"center\"><strong>Type borstlift<\/strong><\/td>\n<td align=\"center\"><strong>Prijzen<\/strong><\/td>\n<td align=\"center\"><strong>Blijf<\/strong><\/td>\n<\/tr>\n<tr>\n<td style=\"text-align: left;\" align=\"center\">Borstlift met anatomische prothesen<\/td>\n<td align=\"center\">Vanaf \u20ac3050<\/td>\n<td align=\"center\">5 nachten\/6 dagen<\/td>\n<\/tr>\n<tr>\n<td style=\"text-align: left;\" align=\"center\">Borstlift met ronde prothesen<\/td>\n<td align=\"center\">Vanaf \u20ac2.850<\/td>\n<td align=\"center\">5 nachten\/6 dagen<\/td>\n<\/tr>\n<tr>\n<td style=\"text-align: left;\" align=\"center\">Borstlift zonder prothesen<\/td>\n<td align=\"center\">Vanaf \u20ac2.100<\/td>\n<td align=\"center\">5 nachten\/6 dagen<\/td>\n<\/tr>\n<\/tbody>\n<\/table>\t\t\t\t\t\t\t\t<\/div>\n\t\t\t\t<\/div>\n\t\t\t\t\t<\/div>\n\t\t<\/div>\n\t\t\t\t\t<\/div>\n\t\t<\/section>\n\t\t\t\t<section class=\"elementor-section elementor-top-section elementor-element elementor-element-4193270 elementor-section-full_width elementor-section-height-default elementor-section-height-default\" data-id=\"4193270\" data-element_type=\"section\" data-e-type=\"section\">\n\t\t\t\t\t\t<div class=\"elementor-container elementor-column-gap-no\">\n\t\t\t\t\t<div class=\"elementor-column elementor-col-100 elementor-top-column elementor-element elementor-element-295f1a3\" data-id=\"295f1a3\" data-element_type=\"column\" data-e-type=\"column\">\n\t\t\t<div class=\"elementor-widget-wrap elementor-element-populated\">\n\t\t\t\t\t\t<div class=\"elementor-element elementor-element-2681dc9 elementor-widget elementor-widget-text-editor\" data-id=\"2681dc9\" data-element_type=\"widget\" data-e-type=\"widget\" data-widget_type=\"text-editor.default\">\n\t\t\t\t<div class=\"elementor-widget-container\">\n\t\t\t\t\t\t\t\t\t<p><style>\r\nhtml body a.whatsapp-button {\r\n    display: inline-block;\r\n    background-color: #25D366;\r\n    font-size: 16px;\r\n    font-weight: bold;\r\n    padding: 12px 20px;\r\n    text-align: center;\r\n    text-decoration: none;\r\n    border-radius: 5px;\r\n    box-shadow: 0 4px 6px rgba(0, 0, 0, 0.1);\r\n    transition: background-color 0.3s ease, transform 0.2s ease;\r\n    color: white!important;\r\n}\r\n\r\n.whatsapp-button:hover {\r\n    background-color: #1EBE54;\r\n    transform: translateY(-2px);\r\n}\r\n\r\n.whatsapp-button:active {\r\n    transform: translateY(0);\r\n}\r\n\r\n.align_center {\r\n    display: block;\r\n    text-align: center;\r\n    padding: 30px 0px;\r\n}\r\n\r\n<\/style>\r\n<section >\r\n<div class=\"container\">\r\n<div class=\"row\">\r\n<div class=\"col-md-12\" align=\"center\">\r\n<div class=\"align_center\">\r\n                <a href=\"https:\/\/api.whatsapp.com\/send?phone=+33635235712&#038;&#038;text=Hallo,%20ik%20wil%20graag%20meer%20weten%20over%20je%20werk%20en%20je%20prijzen%20!\"\r\n                    class=\"whatsapp-button\" target=\"_blank\">\r\n                    Klik hier voor een gratis Whatsapp offerte\r\n                <\/a>\r\n<\/div>\r\n<\/div>\r\n<\/div>\r\n<\/div>\r\n<\/section><\/p>\t\t\t\t\t\t\t\t<\/div>\n\t\t\t\t<\/div>\n\t\t\t\t\t<\/div>\n\t\t<\/div>\n\t\t\t\t\t<\/div>\n\t\t<\/section>\n\t\t\t\t<section class=\"elementor-section elementor-top-section elementor-element elementor-element-1777c735 elementor-section-boxed elementor-section-height-default elementor-section-height-default\" data-id=\"1777c735\" data-element_type=\"section\" data-e-type=\"section\">\n\t\t\t\t\t\t<div class=\"elementor-container elementor-column-gap-default\">\n\t\t\t\t\t<div class=\"elementor-column elementor-col-100 elementor-top-column elementor-element elementor-element-228194f3\" data-id=\"228194f3\" data-element_type=\"column\" data-e-type=\"column\">\n\t\t\t<div class=\"elementor-widget-wrap elementor-element-populated\">\n\t\t\t\t\t\t<div class=\"elementor-element elementor-element-1074069d elementor-widget elementor-widget-text-editor\" data-id=\"1074069d\" data-element_type=\"widget\" data-e-type=\"widget\" data-widget_type=\"text-editor.default\">\n\t\t\t\t<div class=\"elementor-widget-container\">\n\t\t\t\t\t\t\t\t\t<h2>Wat zijn de verschillende soorten ptosis van de borst?<\/h2>\n<h3>Kleine, lege borsten<\/h3>\nSommige vrouwen hebben een levenslang complex over hun borsten. Om dit te bereiken biedt cosmetische chirurgie oplossingen op maat, zoals een facelift, een operatie om de <a href=\"https:\/\/www.medespoir.be\/nl\/borstvergroting\/\" target=\"_blank\" rel=\"noopener noreferrer\">borsten te vergroten<\/a>.\n<h3>Borsthypertrofie<\/h3>\nVoor sommige vrouwen kunnen hun borsten te groot zijn en een aantal problemen veroorzaken (rugpijn, taille, enz.) en daarom hebben ze een <a href=\"https:\/\/www.medespoir.be\/nl\/borstverkleining\/\" target=\"_blank\" rel=\"noopener noreferrer\">borstlift-<\/a> en <a href=\"https:\/\/www.medespoir.be\/nl\/borstverkleining\/\" target=\"_blank\" rel=\"noopener noreferrer\">borstverkleiningsoperatie<\/a> nodig.\n<h2>Hoe werkt een borstlift in Belgi\u00eb?<\/h2>\n<h3>V\u00f3\u00f3r de borstliftoperatie<\/h3>\nMedische onderzoeken, preoperatieve controles, mammografie en echografie moeten \u00e9\u00e9n periode voor de operatie worden uitgevoerd. De pati\u00ebnt moet ook minstens twee dagen voor de operatie een eerste consult hebben met haar plastisch chirurg en arts.\n\nHet is heel belangrijk dat de pati\u00ebnt de aanbevelingen van de plastisch chirurg opvolgt om ernstige risico&#8217;s van de operatie te vermijden:\n<ul class=\"liste-page\">\n \t<li>Orale anticonceptiepillen,<\/li>\n \t<li>Roken voor en na de operatie,<\/li>\n \t<li>Medicijnen innemen die aspirine bevatten, enz.<\/li>\n<\/ul>\n<h3>De dag van de operatie<\/h3>\nDe <strong>borstliftprocedure<\/strong> wordt uitgevoerd onder algehele narcose en duurt 1 tot 2 uur. Een ziekenhuisopname is meestal een verblijf van \u00e9\u00e9n nacht.\n\nDe operatie bestaat uit het verplaatsen van het tepelhof en de tepel, het liften van de borstklier en het verwijderen van overtollige huid. De operatie resulteert in symmetrische, mooi gevormde borsten.\n<h3>Postoperatieve zorg<\/h3>\nOver het algemeen is er weinig pijn na een borstlift. Gevoelens van ongemak en onbehagen kunnen worden verzacht met pijnstillers die door de arts worden voorgeschreven.\n\nHet is essentieel dat de pati\u00ebnt een geschikte ondersteunende beha draagt gedurende 2 maanden (dag en nacht) en zorgt voor een rustperiode van gemiddeld 10 dagen.\n\nDe pati\u00ebnt kan na een paar dagen weer normaal werken. Je moet echter zware lasten en zware inspanningen vermijden. Sportactiviteiten kunnen 2 maanden na de operatie worden hervat.\t\t\t\t\t\t\t\t<\/div>\n\t\t\t\t<\/div>\n\t\t\t\t\t<\/div>\n\t\t<\/div>\n\t\t\t\t\t<\/div>\n\t\t<\/section>\n\t\t\t\t<section class=\"elementor-section elementor-top-section elementor-element elementor-element-c97dc2c elementor-section-boxed elementor-section-height-default elementor-section-height-default\" data-id=\"c97dc2c\" data-element_type=\"section\" data-e-type=\"section\">\n\t\t\t\t\t\t<div class=\"elementor-container elementor-column-gap-default\">\n\t\t\t\t\t<div class=\"elementor-column elementor-col-33 elementor-top-column elementor-element elementor-element-b6ffbb4\" data-id=\"b6ffbb4\" data-element_type=\"column\" data-e-type=\"column\">\n\t\t\t<div class=\"elementor-widget-wrap\">\n\t\t\t\t\t\t\t<\/div>\n\t\t<\/div>\n\t\t\t\t<div class=\"elementor-column elementor-col-33 elementor-top-column elementor-element elementor-element-a0dd4fb\" data-id=\"a0dd4fb\" data-element_type=\"column\" data-e-type=\"column\">\n\t\t\t<div class=\"elementor-widget-wrap elementor-element-populated\">\n\t\t\t\t\t\t<div class=\"elementor-element elementor-element-de97239 elementor-widget elementor-widget-text-editor\" data-id=\"de97239\" data-element_type=\"widget\" data-e-type=\"widget\" data-widget_type=\"text-editor.default\">\n\t\t\t\t<div class=\"elementor-widget-container\">\n\t\t\t\t\t\t\t\t\t<div class=\"btn_interne\"><a class=\"btn__slider\" href=\"https:\/\/www.medespoir.be\/nl\/gratis-offerte\/\">-Borstlift schatting Belgi\u00eb<\/a><\/div>\n\t\t\t\t\t\t\t\t<\/div>\n\t\t\t\t<\/div>\n\t\t\t\t\t<\/div>\n\t\t<\/div>\n\t\t\t\t<div class=\"elementor-column elementor-col-33 elementor-top-column elementor-element elementor-element-b11c2d9\" data-id=\"b11c2d9\" data-element_type=\"column\" data-e-type=\"column\">\n\t\t\t<div class=\"elementor-widget-wrap\">\n\t\t\t\t\t\t\t<\/div>\n\t\t<\/div>\n\t\t\t\t\t<\/div>\n\t\t<\/section>\n\t\t\t\t<section class=\"elementor-section elementor-top-section elementor-element elementor-element-6a0ac83 elementor-section-boxed elementor-section-height-default elementor-section-height-default\" data-id=\"6a0ac83\" data-element_type=\"section\" data-e-type=\"section\">\n\t\t\t\t\t\t<div class=\"elementor-container elementor-column-gap-default\">\n\t\t\t\t\t<div class=\"elementor-column elementor-col-66 elementor-top-column elementor-element elementor-element-2de251a\" data-id=\"2de251a\" data-element_type=\"column\" data-e-type=\"column\">\n\t\t\t<div class=\"elementor-widget-wrap elementor-element-populated\">\n\t\t\t\t\t\t<div class=\"elementor-element elementor-element-ed6f2a0 elementor-widget elementor-widget-text-editor\" data-id=\"ed6f2a0\" data-element_type=\"widget\" data-e-type=\"widget\" data-widget_type=\"text-editor.default\">\n\t\t\t\t<div class=\"elementor-widget-container\">\n\t\t\t\t\t\t\t\t\t<h2>Resultaten van een borstlift<\/h2>\nHet resultaat is zeer bevredigend en is te zien vanaf de 6e maand.\n\n\n\nWat je moet weten over <strong>borstlifting<\/strong> is dat deze operatie niet gestandaardiseerd is. Afhankelijk van de wensen van de pati\u00ebnt en het type <strong>borsttose<\/strong> kan de chirurg de meest geschikte oplossing bepalen.\n\nIn sommige gevallen hoeft de chirurg alleen de overtollige huid te verwijderen en de tepels te verplaatsen, terwijl in andere gevallen de plastisch chirurg een borstimplantaat plaatst.\t\t\t\t\t\t\t\t<\/div>\n\t\t\t\t<\/div>\n\t\t\t\t\t<\/div>\n\t\t<\/div>\n\t\t\t\t<div class=\"elementor-column elementor-col-33 elementor-top-column elementor-element elementor-element-c627d50\" data-id=\"c627d50\" data-element_type=\"column\" data-e-type=\"column\">\n\t\t\t<div class=\"elementor-widget-wrap elementor-element-populated\">\n\t\t\t\t\t\t<div class=\"elementor-element elementor-element-f3649fb elementor-widget elementor-widget-text-editor\" data-id=\"f3649fb\" data-element_type=\"widget\" data-e-type=\"widget\" data-widget_type=\"text-editor.default\">\n\t\t\t\t<div class=\"elementor-widget-container\">\n\t\t\t\t\t\t\t\t\t<p><figure id=\"attachment_7440\" aria-describedby=\"caption-attachment-7440\" style=\"width: 643px\" class=\"wp-caption aligncenter\"><img decoding=\"async\" class=\"wp-image-2533 size-full\" title=\"resultaten borstlift Belgi\u00eb\" src=\"https:\/\/www.medespoir.be\/wp-content\/uploads\/2019\/09\/resultat-lifting-seins.jpg\" alt=\"resultaten borstlift Belgi\u00eb\" width=\"643\" height=\"274\" srcset=\"https:\/\/www.medespoir.be\/wp-content\/uploads\/2019\/09\/resultat-lifting-seins.jpg 643w, https:\/\/www.medespoir.be\/wp-content\/uploads\/2019\/09\/resultat-lifting-seins-300x128.jpg 300w, https:\/\/www.medespoir.be\/wp-content\/uploads\/2019\/09\/resultat-lifting-seins-260x111.jpg 260w, https:\/\/www.medespoir.be\/wp-content\/uploads\/2019\/09\/resultat-lifting-seins-50x21.jpg 50w, https:\/\/www.medespoir.be\/wp-content\/uploads\/2019\/09\/resultat-lifting-seins-150x64.jpg 150w\" sizes=\"(max-width: 643px) 100vw, 643px\" \/><figcaption id=\"caption-attachment-7440\" class=\"wp-caption-text\">Resultaten borstlift<\/figcaption><\/figure><\/p>\n\t\t\t\t\t\t\t\t<\/div>\n\t\t\t\t<\/div>\n\t\t\t\t\t<\/div>\n\t\t<\/div>\n\t\t\t\t\t<\/div>\n\t\t<\/section>\n\t\t\t\t<\/div>\n\t\t","protected":false},"excerpt":{"rendered":"<p>De borstlift, ookwel borstpexie of mastopexie genoemd, lift verslapte of hangende borsten door het tepelhof en de tepel te verplaatsen, overtollige huid te verwijderen en de klier te liften. Het resultaat zijngevormde, gelifte borsten. Factoren die de borsten kunnen beschadigen en ervoor kunnen zorgen dat ze hun stevigheid en elasticiteit verliezen, zijn onder andere Zwangerschap [&hellip;]<\/p>\n","protected":false},"author":1,"featured_media":7693,"parent":0,"menu_order":0,"comment_status":"closed","ping_status":"closed","template":"","meta":{"footnotes":""},"class_list":["post-7941","page","type-page","status-publish","has-post-thumbnail","hentry"],"yoast_head":"<!-- This site is optimized with the Yoast SEO plugin v27.5 - https:\/\/yoast.com\/product\/yoast-seo-wordpress\/ -->\n<title>Borstlift Belgi\u00eb : goedkope borstlift operatie<\/title>\n<meta name=\"description\" content=\"Borstlift Belgi\u00eb : chirurgie voor verslapte borsten en lage tepel implantaten goedkope prijs Medespoir Belgi\u00eb\" \/>\n<meta name=\"robots\" content=\"index, follow, max-snippet:-1, max-image-preview:large, max-video-preview:-1\" \/>\n<link rel=\"canonical\" href=\"https:\/\/www.medespoir.be\/nl\/borsttose\/\" \/>\n<meta property=\"og:locale\" content=\"nl_NL\" \/>\n<meta property=\"og:type\" content=\"article\" \/>\n<meta property=\"og:title\" content=\"Borstlift Belgi\u00eb : goedkope borstlift operatie\" \/>\n<meta property=\"og:description\" content=\"Borstlift Belgi\u00eb : chirurgie voor verslapte borsten en lage tepel implantaten goedkope prijs Medespoir Belgi\u00eb\" \/>\n<meta property=\"og:url\" content=\"https:\/\/www.medespoir.be\/nl\/borsttose\/\" \/>\n<meta property=\"og:site_name\" content=\"Chirurgie esthetique Belgique\" \/>\n<meta property=\"article:modified_time\" content=\"2023-06-06T14:43:44+00:00\" \/>\n<meta property=\"og:image\" content=\"https:\/\/www.medespoir.be\/wp-content\/uploads\/2021\/11\/header_seins.jpg\" \/>\n\t<meta property=\"og:image:width\" content=\"1925\" \/>\n\t<meta property=\"og:image:height\" content=\"451\" \/>\n\t<meta property=\"og:image:type\" content=\"image\/jpeg\" \/>\n<meta name=\"twitter:card\" content=\"summary_large_image\" \/>\n<meta name=\"twitter:label1\" content=\"Geschatte leestijd\" \/>\n\t<meta name=\"twitter:data1\" content=\"4 minuten\" \/>\n<script type=\"application\/ld+json\" class=\"yoast-schema-graph\">{\"@context\":\"https:\\\/\\\/schema.org\",\"@graph\":[{\"@type\":\"WebPage\",\"@id\":\"https:\\\/\\\/www.medespoir.be\\\/nl\\\/borsttose\\\/\",\"url\":\"https:\\\/\\\/www.medespoir.be\\\/nl\\\/borsttose\\\/\",\"name\":\"Borstlift Belgi\u00eb : goedkope borstlift operatie\",\"isPartOf\":{\"@id\":\"https:\\\/\\\/www.medespoir.be\\\/#website\"},\"primaryImageOfPage\":{\"@id\":\"https:\\\/\\\/www.medespoir.be\\\/nl\\\/borsttose\\\/#primaryimage\"},\"image\":{\"@id\":\"https:\\\/\\\/www.medespoir.be\\\/nl\\\/borsttose\\\/#primaryimage\"},\"thumbnailUrl\":\"https:\\\/\\\/www.medespoir.be\\\/wp-content\\\/uploads\\\/2021\\\/11\\\/header_seins.jpg\",\"datePublished\":\"2018-10-22T14:21:35+00:00\",\"dateModified\":\"2023-06-06T14:43:44+00:00\",\"description\":\"Borstlift Belgi\u00eb : chirurgie voor verslapte borsten en lage tepel implantaten goedkope prijs Medespoir Belgi\u00eb\",\"breadcrumb\":{\"@id\":\"https:\\\/\\\/www.medespoir.be\\\/nl\\\/borsttose\\\/#breadcrumb\"},\"inLanguage\":\"nl-NL\",\"potentialAction\":[{\"@type\":\"ReadAction\",\"target\":[\"https:\\\/\\\/www.medespoir.be\\\/nl\\\/borsttose\\\/\"]}]},{\"@type\":\"ImageObject\",\"inLanguage\":\"nl-NL\",\"@id\":\"https:\\\/\\\/www.medespoir.be\\\/nl\\\/borsttose\\\/#primaryimage\",\"url\":\"https:\\\/\\\/www.medespoir.be\\\/wp-content\\\/uploads\\\/2021\\\/11\\\/header_seins.jpg\",\"contentUrl\":\"https:\\\/\\\/www.medespoir.be\\\/wp-content\\\/uploads\\\/2021\\\/11\\\/header_seins.jpg\",\"width\":1925,\"height\":451},{\"@type\":\"BreadcrumbList\",\"@id\":\"https:\\\/\\\/www.medespoir.be\\\/nl\\\/borsttose\\\/#breadcrumb\",\"itemListElement\":[{\"@type\":\"ListItem\",\"position\":1,\"name\":\"Accueil\",\"item\":\"https:\\\/\\\/www.medespoir.be\\\/nl\\\/\"},{\"@type\":\"ListItem\",\"position\":2,\"name\":\"Borstlift Belgi\u00eb : goedkope borstlift operatie\"}]},{\"@type\":\"WebSite\",\"@id\":\"https:\\\/\\\/www.medespoir.be\\\/#website\",\"url\":\"https:\\\/\\\/www.medespoir.be\\\/\",\"name\":\"Chirurgie esthetique Belgique\",\"description\":\"\",\"publisher\":{\"@id\":\"https:\\\/\\\/www.medespoir.be\\\/#organization\"},\"potentialAction\":[{\"@type\":\"SearchAction\",\"target\":{\"@type\":\"EntryPoint\",\"urlTemplate\":\"https:\\\/\\\/www.medespoir.be\\\/?s={search_term_string}\"},\"query-input\":{\"@type\":\"PropertyValueSpecification\",\"valueRequired\":true,\"valueName\":\"search_term_string\"}}],\"inLanguage\":\"nl-NL\"},{\"@type\":\"Organization\",\"@id\":\"https:\\\/\\\/www.medespoir.be\\\/#organization\",\"name\":\"Medespoir Belgique\",\"url\":\"https:\\\/\\\/www.medespoir.be\\\/\",\"logo\":{\"@type\":\"ImageObject\",\"inLanguage\":\"nl-NL\",\"@id\":\"https:\\\/\\\/www.medespoir.be\\\/#\\\/schema\\\/logo\\\/image\\\/\",\"url\":\"https:\\\/\\\/www.medespoir.be\\\/wp-content\\\/uploads\\\/2018\\\/10\\\/lg-medespoir-be.jpg\",\"contentUrl\":\"https:\\\/\\\/www.medespoir.be\\\/wp-content\\\/uploads\\\/2018\\\/10\\\/lg-medespoir-be.jpg\",\"width\":242,\"height\":77,\"caption\":\"Medespoir Belgique\"},\"image\":{\"@id\":\"https:\\\/\\\/www.medespoir.be\\\/#\\\/schema\\\/logo\\\/image\\\/\"}}]}<\/script>\n<!-- \/ Yoast SEO plugin. -->","yoast_head_json":{"title":"Borstlift Belgi\u00eb : goedkope borstlift operatie","description":"Borstlift Belgi\u00eb : chirurgie voor verslapte borsten en lage tepel implantaten goedkope prijs Medespoir Belgi\u00eb","robots":{"index":"index","follow":"follow","max-snippet":"max-snippet:-1","max-image-preview":"max-image-preview:large","max-video-preview":"max-video-preview:-1"},"canonical":"https:\/\/www.medespoir.be\/nl\/borsttose\/","og_locale":"nl_NL","og_type":"article","og_title":"Borstlift Belgi\u00eb : goedkope borstlift operatie","og_description":"Borstlift Belgi\u00eb : chirurgie voor verslapte borsten en lage tepel implantaten goedkope prijs Medespoir Belgi\u00eb","og_url":"https:\/\/www.medespoir.be\/nl\/borsttose\/","og_site_name":"Chirurgie esthetique Belgique","article_modified_time":"2023-06-06T14:43:44+00:00","og_image":[{"width":1925,"height":451,"url":"https:\/\/www.medespoir.be\/wp-content\/uploads\/2021\/11\/header_seins.jpg","type":"image\/jpeg"}],"twitter_card":"summary_large_image","twitter_misc":{"Geschatte leestijd":"4 minuten"},"schema":{"@context":"https:\/\/schema.org","@graph":[{"@type":"WebPage","@id":"https:\/\/www.medespoir.be\/nl\/borsttose\/","url":"https:\/\/www.medespoir.be\/nl\/borsttose\/","name":"Borstlift Belgi\u00eb : goedkope borstlift operatie","isPartOf":{"@id":"https:\/\/www.medespoir.be\/#website"},"primaryImageOfPage":{"@id":"https:\/\/www.medespoir.be\/nl\/borsttose\/#primaryimage"},"image":{"@id":"https:\/\/www.medespoir.be\/nl\/borsttose\/#primaryimage"},"thumbnailUrl":"https:\/\/www.medespoir.be\/wp-content\/uploads\/2021\/11\/header_seins.jpg","datePublished":"2018-10-22T14:21:35+00:00","dateModified":"2023-06-06T14:43:44+00:00","description":"Borstlift Belgi\u00eb : chirurgie voor verslapte borsten en lage tepel implantaten goedkope prijs Medespoir Belgi\u00eb","breadcrumb":{"@id":"https:\/\/www.medespoir.be\/nl\/borsttose\/#breadcrumb"},"inLanguage":"nl-NL","potentialAction":[{"@type":"ReadAction","target":["https:\/\/www.medespoir.be\/nl\/borsttose\/"]}]},{"@type":"ImageObject","inLanguage":"nl-NL","@id":"https:\/\/www.medespoir.be\/nl\/borsttose\/#primaryimage","url":"https:\/\/www.medespoir.be\/wp-content\/uploads\/2021\/11\/header_seins.jpg","contentUrl":"https:\/\/www.medespoir.be\/wp-content\/uploads\/2021\/11\/header_seins.jpg","width":1925,"height":451},{"@type":"BreadcrumbList","@id":"https:\/\/www.medespoir.be\/nl\/borsttose\/#breadcrumb","itemListElement":[{"@type":"ListItem","position":1,"name":"Accueil","item":"https:\/\/www.medespoir.be\/nl\/"},{"@type":"ListItem","position":2,"name":"Borstlift Belgi\u00eb : goedkope borstlift operatie"}]},{"@type":"WebSite","@id":"https:\/\/www.medespoir.be\/#website","url":"https:\/\/www.medespoir.be\/","name":"Chirurgie esthetique Belgique","description":"","publisher":{"@id":"https:\/\/www.medespoir.be\/#organization"},"potentialAction":[{"@type":"SearchAction","target":{"@type":"EntryPoint","urlTemplate":"https:\/\/www.medespoir.be\/?s={search_term_string}"},"query-input":{"@type":"PropertyValueSpecification","valueRequired":true,"valueName":"search_term_string"}}],"inLanguage":"nl-NL"},{"@type":"Organization","@id":"https:\/\/www.medespoir.be\/#organization","name":"Medespoir Belgique","url":"https:\/\/www.medespoir.be\/","logo":{"@type":"ImageObject","inLanguage":"nl-NL","@id":"https:\/\/www.medespoir.be\/#\/schema\/logo\/image\/","url":"https:\/\/www.medespoir.be\/wp-content\/uploads\/2018\/10\/lg-medespoir-be.jpg","contentUrl":"https:\/\/www.medespoir.be\/wp-content\/uploads\/2018\/10\/lg-medespoir-be.jpg","width":242,"height":77,"caption":"Medespoir Belgique"},"image":{"@id":"https:\/\/www.medespoir.be\/#\/schema\/logo\/image\/"}}]}},"_links":{"self":[{"href":"https:\/\/www.medespoir.be\/nl\/wp-json\/wp\/v2\/pages\/7941","targetHints":{"allow":["GET"]}}],"collection":[{"href":"https:\/\/www.medespoir.be\/nl\/wp-json\/wp\/v2\/pages"}],"about":[{"href":"https:\/\/www.medespoir.be\/nl\/wp-json\/wp\/v2\/types\/page"}],"author":[{"embeddable":true,"href":"https:\/\/www.medespoir.be\/nl\/wp-json\/wp\/v2\/users\/1"}],"replies":[{"embeddable":true,"href":"https:\/\/www.medespoir.be\/nl\/wp-json\/wp\/v2\/comments?post=7941"}],"version-history":[{"count":9,"href":"https:\/\/www.medespoir.be\/nl\/wp-json\/wp\/v2\/pages\/7941\/revisions"}],"predecessor-version":[{"id":8310,"href":"https:\/\/www.medespoir.be\/nl\/wp-json\/wp\/v2\/pages\/7941\/revisions\/8310"}],"wp:featuredmedia":[{"embeddable":true,"href":"https:\/\/www.medespoir.be\/nl\/wp-json\/wp\/v2\/media\/7693"}],"wp:attachment":[{"href":"https:\/\/www.medespoir.be\/nl\/wp-json\/wp\/v2\/media?parent=7941"}],"curies":[{"name":"wp","href":"https:\/\/api.w.org\/{rel}","templated":true}]}}