{"id":8060,"date":"2020-06-10T10:31:52","date_gmt":"2020-06-10T08:31:52","guid":{"rendered":"https:\/\/www.medespoir.be\/medespoir-belgie-meningen-en-getuigenissen-over-cosmetische-chirurgie\/"},"modified":"2023-06-06T12:42:55","modified_gmt":"2023-06-06T10:42:55","slug":"medespoir-belgie-meningen-en-getuigenissen-over-cosmetische-chirurgie","status":"publish","type":"page","link":"https:\/\/www.medespoir.be\/nl\/medespoir-belgie-meningen-en-getuigenissen-over-cosmetische-chirurgie\/","title":{"rendered":"Medespoir Belgi\u00eb: meningen en getuigenissen over cosmetische chirurgie"},"content":{"rendered":"<section>\n<div class=\"container\">\n<div class=\"row column-reverse\">\n<div class=\"col-md-8\">\n<p>Lees onze <strong>pati\u00ebntenbeoordelingen over Medespoir<\/strong> <strong>Belgium<\/strong>, waarin de ervaring en professionaliteit van onze medische en administratieve teams wordt belicht, hun inzet voor pati\u00ebnttevredenheid wordt beschreven, en hoe we luisteren naar feedback van pati\u00ebnten om de best mogelijke service te bieden.<br \/>\nWe waarderen het dat onze klanten de tijd nemen om hun ervaringen te delen en we kijken ernaar uit om met hen samen te werken.<\/p>\n<div class=\"swiper testimonial_2\">\n<div class=\"forme\"><img decoding=\"async\" class=\"aligncenter\" src=\"https:\/\/www.medespoir.be\/wp-content\/uploads\/2021\/11\/forme_avis.png\"><\/div>\n<div class=\"swiper-wrapper\">\n<div class=\"swiper-slide\">\n<div class=\"center\">\n  Uitstekende ontvangst, hoogwaardige zorg en behandeling. Ik heb zelfs mijn eigen dokter gebeld om hem te vertellen hoe blij ik was met de resultaten van mijn operatie. Bedankt voor je betrokkenheid.<\/p>\n<h3>Carole &#8211; 2020 :<span> <a href=\"https:\/\/www.medespoir.be\/nl\/armlift\/\">Armlift Belgi\u00eb<\/a><\/span><\/h3>\n<\/p><\/div>\n<\/p><\/div>\n<div class=\"swiper-slide\">\n<div class=\"center\">\n  Tweede ervaring met Medespoir in 2 jaar en ik ben erg onder de indruk van jullie professionalisme en reactiesnelheid, zelfs op afstand. Hartelijk dank.<\/p>\n<h3>Elizabeth -2019 : <span>Cervicale facelift Belgi\u00eb<\/span><\/h3>\n<\/p><\/div>\n<\/p><\/div>\n<div class=\"swiper-slide\">\n<div class=\"center\">\n<p>  Met Medespoir was mijn medisch verblijf in Tunesi\u00eb geweldig en goed georganiseerd. De medische hulp die ik kreeg was uitstekend. Zodra ik wakker werd en in de spiegel keek, voelde ik meteen een gevoel van opluchting en daar ben ik ze heel dankbaar voor.<br \/>\n  dankbaar. Ik zou ze zeker aanraden en opnieuw bellen als ik ze nodig had.<\/p>\n<h3>Mila &#8211; 2020 : <span><br \/>\n  <a href=\"https:\/\/www.medespoir.be\/nl\/borstvergroting\/\">Borstvergroting Belgi\u00eb (implantaten)<\/a><br \/>\n<\/span><\/h3>\n<\/p><\/div>\n<\/p><\/div>\n<div class=\"swiper-slide\">\n<div class=\"center\">\n<p>  Een geweldige ervaring. Zodra ik aankwam, werd ik nog dezelfde dag snel verzorgd door het medisch team van <a href=\"https:\/\/www.medespoir.be\/nl\/\">Medespoir Belgi\u00eb<\/a>, wat een enorm pluspunt was. Iemand tot je beschikking hebben tijdens<br \/>\n  het verblijf, dat is een must. Heel dankbaar voor de zorg en ervaring van de chirurgen en assistenten. Bedankt allemaal!<\/p>\n<h3>David &#8211; 2020 :<span> <a href=\"https:\/\/www.medespoir.be\/nl\/haartransplantatie-belgie\/\">Haartransplantatie DHI Belgi\u00eb<\/a><\/span><\/h3>\n<\/p><\/div>\n<\/p><\/div>\n<div class=\"swiper-slide\">\n<div class=\"center\">\n<p>  Zeer tevreden, zeer professioneel en beleefd, vooral voor de gratis zorg tijdens mijn verblijf in Tunesi\u00eb voor mijn metgezel, die mijn man is.<\/p>\n<h3>Mira-2020 : <span><br \/>\n  <a href=\"https:\/\/www.medespoir.be\/nl\/billenvergroting\/\">Lipofilling bil Belgi\u00eb<\/a><br \/>\n<\/span><\/h3>\n<\/p><\/div>\n<\/p><\/div>\n<div class=\"swiper-slide\">\n<div class=\"center\">\n  Ik was echt onder de indruk van de professionaliteit van mijn chirurg Dr. S.M en zijn team. Uitstekende service, bedankt.<\/p>\n<h3>Vincent -2019 : <span><br \/>\n  <a href=\"https:\/\/www.medespoir.be\/nl\/gynaecomastie\/\">Gynaecomastie Belgi\u00eb<\/a><br \/>\n<\/span><\/h3>\n<\/p><\/div>\n<\/p><\/div>\n<\/p><\/div>\n<div class=\"swiper_blog_next\"><img decoding=\"async\" src=\"https:\/\/www.medespoir.be\/wp-content\/uploads\/2021\/11\/next_blog.png\"><\/div>\n<div class=\"swiper_blog_prev\"><img decoding=\"async\" src=\"https:\/\/www.medespoir.be\/wp-content\/uploads\/2021\/11\/prev_blog.png\"><\/div>\n<\/div>\n<\/div>\n<div class=\"col-md-4\">\n<figure id=\"attachment_7500\" aria-describedby=\"caption-attachment-7500\" style=\"width: 618px\" class=\"wp-caption aligncenter\"><img decoding=\"async\" title=\"advies medespoir Belgi\u00eb\" src=\"https:\/\/www.medespoir.be\/wp-content\/uploads\/2021\/11\/avis-medespoir-belgique.jpg\" alt=\"advies medespoir Belgi\u00eb\" class=\"img__interne__1\"><figcaption id=\"caption-attachment-7500\" class=\"wp-caption-text\">Medespoir Belgi\u00eb Opinie<\/figcaption><\/figure><\/p>\n<div id=\"circle_interne_color\"><img decoding=\"async\" src=\"https:\/\/www.medespoir.be\/wp-content\/uploads\/2021\/11\/form-medespoir_2.png\" alt=\"medespoir belgi\u00eb\"><\/div>\n<\/div>\n<\/div>\n<\/div>\n<\/section>\n<section class=\"bg_temoignages\">\n<div class=\"container\">\n<div class=\"row column-reverse\">\n<div class=\"col-md-7\">\n<div class=\"img_vid_2\"><img fetchpriority=\"high\" decoding=\"async\" class=\"img_shadow\" src=\"https:\/\/www.medespoir.be\/wp-content\/uploads\/2021\/11\/avis-medespoir-belgique__1.jpg\" alt=\"getuigenissen cosmetische chirurgie Tunesi\u00eb\" width=\"600\" height=\"335\"><\/p>\n<div class=\"play_avis\"><a class=\"popup-youtube soap-mfp-popup\" href=\"https:\/\/www.youtube.com\/watch?v=s1NCJgnVELc\"><img decoding=\"async\" class=\"btn_play\" src=\"https:\/\/www.medespoir.be\/wp-content\/uploads\/2021\/11\/play.png\" alt=\"getuigenissen cosmetische chirurgie\"><\/a><\/div>\n<\/div>\n<\/div>\n<div class=\"col-md-5\">\n<h2>Video getuigenis<\/h2>\n<p>Bekijk meer videogetuigenissen van reality TV-sterren en <a href=\"https:\/\/medespoir.tv\" target=\"_blank\" rel=\"noopener noreferrer\">Medespoir Opinie<\/a>\n<\/div>\n<\/div>\n<\/div>\n<\/section>\n<section>\n<div class=\"container\">\n<div class=\"row\">\n<div class=\"col-md-12\">\n<style>\r\nhtml body a.whatsapp-button {\r\n    display: inline-block;\r\n    background-color: #25D366;\r\n    font-size: 16px;\r\n    font-weight: bold;\r\n    padding: 12px 20px;\r\n    text-align: center;\r\n    text-decoration: none;\r\n    border-radius: 5px;\r\n    box-shadow: 0 4px 6px rgba(0, 0, 0, 0.1);\r\n    transition: background-color 0.3s ease, transform 0.2s ease;\r\n    color: white !important;\r\n}\r\n\r\n.whatsapp-button:hover {\r\n    background-color: #1EBE54;\r\n    transform: translateY(-2px);\r\n}\r\n\r\n.whatsapp-button:active {\r\n    transform: translateY(0);\r\n}\r\n\r\n.align_center {\r\n    display: block;\r\n    text-align: center;\r\n    padding: 30px 0px;\r\n}\r\n\r\n<\/style>\r\n<section>\r\n<div class=\"container\">\r\n<div class=\"row\">\r\n<div class=\"col-md-12\" align=\"center\">\r\n<div class=\"align_center\">\r\n                <a href=\"https:\/\/api.whatsapp.com\/send?phone=+33635235712&&text=Hallo,%20ik%20wil%20graag%20meer%20weten%20over%20je%20werk%20en%20je%20prijzen%20!\"\r\n                    class=\"whatsapp-button\" target=\"_blank\">\r\n                    Klik hier voor een gratis Whatsapp offerte\r\n                <\/a>\r\n<\/div>\r\n<\/div>\r\n<\/div>\r\n<\/div>\r\n<\/section>\n<\/div>\n<\/div>\n<\/section>\n","protected":false},"excerpt":{"rendered":"<p>Lees onze pati\u00ebntenbeoordelingen over Medespoir Belgium, waarin de ervaring en professionaliteit van onze medische en administratieve teams wordt belicht, hun inzet voor pati\u00ebnttevredenheid wordt beschreven, en hoe we luisteren naar feedback van pati\u00ebnten om de best mogelijke service te bieden. We waarderen het dat onze klanten de tijd nemen om hun ervaringen te delen en [&hellip;]<\/p>\n","protected":false},"author":1,"featured_media":7669,"parent":0,"menu_order":0,"comment_status":"closed","ping_status":"closed","template":"","meta":{"footnotes":""},"class_list":["post-8060","page","type-page","status-publish","has-post-thumbnail","hentry"],"yoast_head":"<!-- This site is optimized with the Yoast SEO plugin v27.3 - https:\/\/yoast.com\/product\/yoast-seo-wordpress\/ -->\n<title>Opinie Medespoir Belgi\u00eb : Getuigenissen cosmetische chirurgie en cosmetische geneeskunde<\/title>\n<meta name=\"description\" content=\"Medespoir Belgi\u00eb Beoordelingen: Lees onze beoordelingen van pati\u00ebnten die de ervaring en professionaliteit van onze medische en administratieve teams benadrukken en hun inzet voor pati\u00ebnttevredenheid beschrijven. Bekijk getuigenis video cosmetische chirurgie Belgi\u00eb\" \/>\n<meta name=\"robots\" content=\"index, follow, max-snippet:-1, max-image-preview:large, max-video-preview:-1\" \/>\n<link rel=\"canonical\" href=\"https:\/\/www.medespoir.be\/nl\/medespoir-belgie-meningen-en-getuigenissen-over-cosmetische-chirurgie\/\" \/>\n<meta property=\"og:locale\" content=\"nl_NL\" \/>\n<meta property=\"og:type\" content=\"article\" \/>\n<meta property=\"og:title\" content=\"Opinie Medespoir Belgi\u00eb : Getuigenissen cosmetische chirurgie en cosmetische geneeskunde\" \/>\n<meta property=\"og:description\" content=\"Medespoir Belgi\u00eb Beoordelingen: Lees onze beoordelingen van pati\u00ebnten die de ervaring en professionaliteit van onze medische en administratieve teams benadrukken en hun inzet voor pati\u00ebnttevredenheid beschrijven. Bekijk getuigenis video cosmetische chirurgie Belgi\u00eb\" \/>\n<meta property=\"og:url\" content=\"https:\/\/www.medespoir.be\/nl\/medespoir-belgie-meningen-en-getuigenissen-over-cosmetische-chirurgie\/\" \/>\n<meta property=\"og:site_name\" content=\"Chirurgie esthetique Belgique\" \/>\n<meta property=\"article:modified_time\" content=\"2023-06-06T10:42:55+00:00\" \/>\n<meta property=\"og:image\" content=\"https:\/\/www.medespoir.be\/wp-content\/uploads\/2021\/11\/header__avis.jpg\" \/>\n\t<meta property=\"og:image:width\" content=\"1925\" \/>\n\t<meta property=\"og:image:height\" content=\"451\" \/>\n\t<meta property=\"og:image:type\" content=\"image\/jpeg\" \/>\n<meta name=\"twitter:card\" content=\"summary_large_image\" \/>\n<meta name=\"twitter:label1\" content=\"Geschatte leestijd\" \/>\n\t<meta name=\"twitter:data1\" content=\"4 minuten\" \/>\n<script type=\"application\/ld+json\" class=\"yoast-schema-graph\">{\"@context\":\"https:\\\/\\\/schema.org\",\"@graph\":[{\"@type\":\"WebPage\",\"@id\":\"https:\\\/\\\/www.medespoir.be\\\/nl\\\/medespoir-belgie-meningen-en-getuigenissen-over-cosmetische-chirurgie\\\/\",\"url\":\"https:\\\/\\\/www.medespoir.be\\\/nl\\\/medespoir-belgie-meningen-en-getuigenissen-over-cosmetische-chirurgie\\\/\",\"name\":\"Opinie Medespoir Belgi\u00eb : Getuigenissen cosmetische chirurgie en cosmetische geneeskunde\",\"isPartOf\":{\"@id\":\"https:\\\/\\\/www.medespoir.be\\\/#website\"},\"primaryImageOfPage\":{\"@id\":\"https:\\\/\\\/www.medespoir.be\\\/nl\\\/medespoir-belgie-meningen-en-getuigenissen-over-cosmetische-chirurgie\\\/#primaryimage\"},\"image\":{\"@id\":\"https:\\\/\\\/www.medespoir.be\\\/nl\\\/medespoir-belgie-meningen-en-getuigenissen-over-cosmetische-chirurgie\\\/#primaryimage\"},\"thumbnailUrl\":\"https:\\\/\\\/www.medespoir.be\\\/wp-content\\\/uploads\\\/2021\\\/11\\\/header__avis.jpg\",\"datePublished\":\"2020-06-10T08:31:52+00:00\",\"dateModified\":\"2023-06-06T10:42:55+00:00\",\"description\":\"Medespoir Belgi\u00eb Beoordelingen: Lees onze beoordelingen van pati\u00ebnten die de ervaring en professionaliteit van onze medische en administratieve teams benadrukken en hun inzet voor pati\u00ebnttevredenheid beschrijven. Bekijk getuigenis video cosmetische chirurgie Belgi\u00eb\",\"breadcrumb\":{\"@id\":\"https:\\\/\\\/www.medespoir.be\\\/nl\\\/medespoir-belgie-meningen-en-getuigenissen-over-cosmetische-chirurgie\\\/#breadcrumb\"},\"inLanguage\":\"nl-NL\",\"potentialAction\":[{\"@type\":\"ReadAction\",\"target\":[\"https:\\\/\\\/www.medespoir.be\\\/nl\\\/medespoir-belgie-meningen-en-getuigenissen-over-cosmetische-chirurgie\\\/\"]}]},{\"@type\":\"ImageObject\",\"inLanguage\":\"nl-NL\",\"@id\":\"https:\\\/\\\/www.medespoir.be\\\/nl\\\/medespoir-belgie-meningen-en-getuigenissen-over-cosmetische-chirurgie\\\/#primaryimage\",\"url\":\"https:\\\/\\\/www.medespoir.be\\\/wp-content\\\/uploads\\\/2021\\\/11\\\/header__avis.jpg\",\"contentUrl\":\"https:\\\/\\\/www.medespoir.be\\\/wp-content\\\/uploads\\\/2021\\\/11\\\/header__avis.jpg\",\"width\":1925,\"height\":451},{\"@type\":\"BreadcrumbList\",\"@id\":\"https:\\\/\\\/www.medespoir.be\\\/nl\\\/medespoir-belgie-meningen-en-getuigenissen-over-cosmetische-chirurgie\\\/#breadcrumb\",\"itemListElement\":[{\"@type\":\"ListItem\",\"position\":1,\"name\":\"Accueil\",\"item\":\"https:\\\/\\\/www.medespoir.be\\\/nl\\\/\"},{\"@type\":\"ListItem\",\"position\":2,\"name\":\"Medespoir Belgi\u00eb: meningen en getuigenissen over cosmetische chirurgie\"}]},{\"@type\":\"WebSite\",\"@id\":\"https:\\\/\\\/www.medespoir.be\\\/#website\",\"url\":\"https:\\\/\\\/www.medespoir.be\\\/\",\"name\":\"Chirurgie esthetique Belgique\",\"description\":\"\",\"publisher\":{\"@id\":\"https:\\\/\\\/www.medespoir.be\\\/#organization\"},\"potentialAction\":[{\"@type\":\"SearchAction\",\"target\":{\"@type\":\"EntryPoint\",\"urlTemplate\":\"https:\\\/\\\/www.medespoir.be\\\/?s={search_term_string}\"},\"query-input\":{\"@type\":\"PropertyValueSpecification\",\"valueRequired\":true,\"valueName\":\"search_term_string\"}}],\"inLanguage\":\"nl-NL\"},{\"@type\":\"Organization\",\"@id\":\"https:\\\/\\\/www.medespoir.be\\\/#organization\",\"name\":\"Medespoir Belgique\",\"url\":\"https:\\\/\\\/www.medespoir.be\\\/\",\"logo\":{\"@type\":\"ImageObject\",\"inLanguage\":\"nl-NL\",\"@id\":\"https:\\\/\\\/www.medespoir.be\\\/#\\\/schema\\\/logo\\\/image\\\/\",\"url\":\"https:\\\/\\\/www.medespoir.be\\\/wp-content\\\/uploads\\\/2018\\\/10\\\/lg-medespoir-be.jpg\",\"contentUrl\":\"https:\\\/\\\/www.medespoir.be\\\/wp-content\\\/uploads\\\/2018\\\/10\\\/lg-medespoir-be.jpg\",\"width\":242,\"height\":77,\"caption\":\"Medespoir Belgique\"},\"image\":{\"@id\":\"https:\\\/\\\/www.medespoir.be\\\/#\\\/schema\\\/logo\\\/image\\\/\"}}]}<\/script>\n<!-- \/ Yoast SEO plugin. -->","yoast_head_json":{"title":"Opinie Medespoir Belgi\u00eb : Getuigenissen cosmetische chirurgie en cosmetische geneeskunde","description":"Medespoir Belgi\u00eb Beoordelingen: Lees onze beoordelingen van pati\u00ebnten die de ervaring en professionaliteit van onze medische en administratieve teams benadrukken en hun inzet voor pati\u00ebnttevredenheid beschrijven. Bekijk getuigenis video cosmetische chirurgie Belgi\u00eb","robots":{"index":"index","follow":"follow","max-snippet":"max-snippet:-1","max-image-preview":"max-image-preview:large","max-video-preview":"max-video-preview:-1"},"canonical":"https:\/\/www.medespoir.be\/nl\/medespoir-belgie-meningen-en-getuigenissen-over-cosmetische-chirurgie\/","og_locale":"nl_NL","og_type":"article","og_title":"Opinie Medespoir Belgi\u00eb : Getuigenissen cosmetische chirurgie en cosmetische geneeskunde","og_description":"Medespoir Belgi\u00eb Beoordelingen: Lees onze beoordelingen van pati\u00ebnten die de ervaring en professionaliteit van onze medische en administratieve teams benadrukken en hun inzet voor pati\u00ebnttevredenheid beschrijven. Bekijk getuigenis video cosmetische chirurgie Belgi\u00eb","og_url":"https:\/\/www.medespoir.be\/nl\/medespoir-belgie-meningen-en-getuigenissen-over-cosmetische-chirurgie\/","og_site_name":"Chirurgie esthetique Belgique","article_modified_time":"2023-06-06T10:42:55+00:00","og_image":[{"width":1925,"height":451,"url":"https:\/\/www.medespoir.be\/wp-content\/uploads\/2021\/11\/header__avis.jpg","type":"image\/jpeg"}],"twitter_card":"summary_large_image","twitter_misc":{"Geschatte leestijd":"4 minuten"},"schema":{"@context":"https:\/\/schema.org","@graph":[{"@type":"WebPage","@id":"https:\/\/www.medespoir.be\/nl\/medespoir-belgie-meningen-en-getuigenissen-over-cosmetische-chirurgie\/","url":"https:\/\/www.medespoir.be\/nl\/medespoir-belgie-meningen-en-getuigenissen-over-cosmetische-chirurgie\/","name":"Opinie Medespoir Belgi\u00eb : Getuigenissen cosmetische chirurgie en cosmetische geneeskunde","isPartOf":{"@id":"https:\/\/www.medespoir.be\/#website"},"primaryImageOfPage":{"@id":"https:\/\/www.medespoir.be\/nl\/medespoir-belgie-meningen-en-getuigenissen-over-cosmetische-chirurgie\/#primaryimage"},"image":{"@id":"https:\/\/www.medespoir.be\/nl\/medespoir-belgie-meningen-en-getuigenissen-over-cosmetische-chirurgie\/#primaryimage"},"thumbnailUrl":"https:\/\/www.medespoir.be\/wp-content\/uploads\/2021\/11\/header__avis.jpg","datePublished":"2020-06-10T08:31:52+00:00","dateModified":"2023-06-06T10:42:55+00:00","description":"Medespoir Belgi\u00eb Beoordelingen: Lees onze beoordelingen van pati\u00ebnten die de ervaring en professionaliteit van onze medische en administratieve teams benadrukken en hun inzet voor pati\u00ebnttevredenheid beschrijven. Bekijk getuigenis video cosmetische chirurgie Belgi\u00eb","breadcrumb":{"@id":"https:\/\/www.medespoir.be\/nl\/medespoir-belgie-meningen-en-getuigenissen-over-cosmetische-chirurgie\/#breadcrumb"},"inLanguage":"nl-NL","potentialAction":[{"@type":"ReadAction","target":["https:\/\/www.medespoir.be\/nl\/medespoir-belgie-meningen-en-getuigenissen-over-cosmetische-chirurgie\/"]}]},{"@type":"ImageObject","inLanguage":"nl-NL","@id":"https:\/\/www.medespoir.be\/nl\/medespoir-belgie-meningen-en-getuigenissen-over-cosmetische-chirurgie\/#primaryimage","url":"https:\/\/www.medespoir.be\/wp-content\/uploads\/2021\/11\/header__avis.jpg","contentUrl":"https:\/\/www.medespoir.be\/wp-content\/uploads\/2021\/11\/header__avis.jpg","width":1925,"height":451},{"@type":"BreadcrumbList","@id":"https:\/\/www.medespoir.be\/nl\/medespoir-belgie-meningen-en-getuigenissen-over-cosmetische-chirurgie\/#breadcrumb","itemListElement":[{"@type":"ListItem","position":1,"name":"Accueil","item":"https:\/\/www.medespoir.be\/nl\/"},{"@type":"ListItem","position":2,"name":"Medespoir Belgi\u00eb: meningen en getuigenissen over cosmetische chirurgie"}]},{"@type":"WebSite","@id":"https:\/\/www.medespoir.be\/#website","url":"https:\/\/www.medespoir.be\/","name":"Chirurgie esthetique Belgique","description":"","publisher":{"@id":"https:\/\/www.medespoir.be\/#organization"},"potentialAction":[{"@type":"SearchAction","target":{"@type":"EntryPoint","urlTemplate":"https:\/\/www.medespoir.be\/?s={search_term_string}"},"query-input":{"@type":"PropertyValueSpecification","valueRequired":true,"valueName":"search_term_string"}}],"inLanguage":"nl-NL"},{"@type":"Organization","@id":"https:\/\/www.medespoir.be\/#organization","name":"Medespoir Belgique","url":"https:\/\/www.medespoir.be\/","logo":{"@type":"ImageObject","inLanguage":"nl-NL","@id":"https:\/\/www.medespoir.be\/#\/schema\/logo\/image\/","url":"https:\/\/www.medespoir.be\/wp-content\/uploads\/2018\/10\/lg-medespoir-be.jpg","contentUrl":"https:\/\/www.medespoir.be\/wp-content\/uploads\/2018\/10\/lg-medespoir-be.jpg","width":242,"height":77,"caption":"Medespoir Belgique"},"image":{"@id":"https:\/\/www.medespoir.be\/#\/schema\/logo\/image\/"}}]}},"_links":{"self":[{"href":"https:\/\/www.medespoir.be\/nl\/wp-json\/wp\/v2\/pages\/8060","targetHints":{"allow":["GET"]}}],"collection":[{"href":"https:\/\/www.medespoir.be\/nl\/wp-json\/wp\/v2\/pages"}],"about":[{"href":"https:\/\/www.medespoir.be\/nl\/wp-json\/wp\/v2\/types\/page"}],"author":[{"embeddable":true,"href":"https:\/\/www.medespoir.be\/nl\/wp-json\/wp\/v2\/users\/1"}],"replies":[{"embeddable":true,"href":"https:\/\/www.medespoir.be\/nl\/wp-json\/wp\/v2\/comments?post=8060"}],"version-history":[{"count":4,"href":"https:\/\/www.medespoir.be\/nl\/wp-json\/wp\/v2\/pages\/8060\/revisions"}],"predecessor-version":[{"id":8125,"href":"https:\/\/www.medespoir.be\/nl\/wp-json\/wp\/v2\/pages\/8060\/revisions\/8125"}],"wp:featuredmedia":[{"embeddable":true,"href":"https:\/\/www.medespoir.be\/nl\/wp-json\/wp\/v2\/media\/7669"}],"wp:attachment":[{"href":"https:\/\/www.medespoir.be\/nl\/wp-json\/wp\/v2\/media?parent=8060"}],"curies":[{"name":"wp","href":"https:\/\/api.w.org\/{rel}","templated":true}]}}