{"id":8096,"date":"2020-08-10T13:45:09","date_gmt":"2020-08-10T11:45:09","guid":{"rendered":"https:\/\/www.medespoir.be\/cosmetische-chirurgie-belgie-procedures-en-prijzen\/"},"modified":"2023-06-06T12:34:30","modified_gmt":"2023-06-06T10:34:30","slug":"cosmetische-chirurgie-belgie","status":"publish","type":"page","link":"https:\/\/www.medespoir.be\/nl\/cosmetische-chirurgie-belgie\/","title":{"rendered":"Cosmetische chirurgie Belgi\u00eb procedures en prijzen"},"content":{"rendered":"\t\t<div data-elementor-type=\"wp-page\" data-elementor-id=\"8096\" class=\"elementor elementor-8096\">\n\t\t\t\t\t\t<section class=\"elementor-section elementor-top-section elementor-element elementor-element-bfd2ed1 elementor-section-boxed elementor-section-height-default elementor-section-height-default\" data-id=\"bfd2ed1\" data-element_type=\"section\" data-e-type=\"section\">\n\t\t\t\t\t\t<div class=\"elementor-container elementor-column-gap-default\">\n\t\t\t\t\t<div class=\"elementor-column elementor-col-100 elementor-top-column elementor-element elementor-element-6f9d992\" data-id=\"6f9d992\" data-element_type=\"column\" data-e-type=\"column\">\n\t\t\t<div class=\"elementor-widget-wrap elementor-element-populated\">\n\t\t\t\t\t\t<div class=\"elementor-element elementor-element-dec86ca elementor-widget elementor-widget-text-editor\" data-id=\"dec86ca\" data-element_type=\"widget\" data-e-type=\"widget\" data-widget_type=\"text-editor.default\">\n\t\t\t\t<div class=\"elementor-widget-container\">\n\t\t\t\t\t\t\t\t\t<strong>Cosmetische chirurgie in Belgi\u00eb<\/strong> is booming, zoals blijkt uit het groeiende aantal uitgevoerde ingrepen. Pati\u00ebnten worden niet langer gestigmatiseerd door de maatschappij. Bevrijd van complexen en vooroordelen aarzelen ze niet langer om onder het mes te gaan om hun figuur te verstevigen of onvolkomenheden aan hun lichaam te behandelen.\n\n\t\t\t\t\t\t\t\t<\/div>\n\t\t\t\t<\/div>\n\t\t\t\t<div class=\"elementor-element elementor-element-6df5a17 elementor-widget elementor-widget-text-editor\" data-id=\"6df5a17\" data-element_type=\"widget\" data-e-type=\"widget\" data-widget_type=\"text-editor.default\">\n\t\t\t\t<div class=\"elementor-widget-container\">\n\t\t\t\t\t\t\t\t\tDaarnaast heeft de vooruitgang in de moderne geneeskunde de toegang tot plastische en reconstructieve chirurgie vergemakkelijkt. In <strong>Belgische klinieken voor cosmetische chirurgie<\/strong> zijn de procedures veiliger, minder invasief en minder oncomfortabel voor de pati\u00ebnt. Voor elke esthetische ingreep zijn er verschillende chirurgische benaderingen en technieken die worden aangepast aan de fysionomie van de pati\u00ebnt en het resultaat dat hij\/zij wil bereiken.\t\t\t\t\t\t\t\t<\/div>\n\t\t\t\t<\/div>\n\t\t\t\t\t<\/div>\n\t\t<\/div>\n\t\t\t\t\t<\/div>\n\t\t<\/section>\n\t\t\t\t<section class=\"elementor-section elementor-top-section elementor-element elementor-element-fe389c6 elementor-section-full_width elementor-section-height-default elementor-section-height-default\" data-id=\"fe389c6\" data-element_type=\"section\" data-e-type=\"section\">\n\t\t\t\t\t\t<div class=\"elementor-container elementor-column-gap-no\">\n\t\t\t\t\t<div class=\"elementor-column elementor-col-100 elementor-top-column elementor-element elementor-element-5c51288\" data-id=\"5c51288\" data-element_type=\"column\" data-e-type=\"column\">\n\t\t\t<div class=\"elementor-widget-wrap elementor-element-populated\">\n\t\t\t\t\t\t<div class=\"elementor-element elementor-element-cd6b8cf elementor-widget elementor-widget-text-editor\" data-id=\"cd6b8cf\" data-element_type=\"widget\" data-e-type=\"widget\" data-widget_type=\"text-editor.default\">\n\t\t\t\t<div class=\"elementor-widget-container\">\n\t\t\t\t\t\t\t\t\t<style>\r\nhtml body a.whatsapp-button {\r\n    display: inline-block;\r\n    background-color: #25D366;\r\n    font-size: 16px;\r\n    font-weight: bold;\r\n    padding: 12px 20px;\r\n    text-align: center;\r\n    text-decoration: none;\r\n    border-radius: 5px;\r\n    box-shadow: 0 4px 6px rgba(0, 0, 0, 0.1);\r\n    transition: background-color 0.3s ease, transform 0.2s ease;\r\n    color: white!important;\r\n}\r\n\r\n.whatsapp-button:hover {\r\n    background-color: #1EBE54;\r\n    transform: translateY(-2px);\r\n}\r\n\r\n.whatsapp-button:active {\r\n    transform: translateY(0);\r\n}\r\n\r\n.align_center {\r\n    display: block;\r\n    text-align: center;\r\n    padding: 30px 0px;\r\n}\r\n\r\n<\/style>\r\n<section >\r\n<div class=\"container\">\r\n<div class=\"row\">\r\n<div class=\"col-md-12\" align=\"center\">\r\n<div class=\"align_center\">\r\n                <a href=\"https:\/\/api.whatsapp.com\/send?phone=+33635235712&#038;&#038;text=Hallo,%20ik%20wil%20graag%20meer%20weten%20over%20je%20werk%20en%20je%20prijzen%20!\"\r\n                    class=\"whatsapp-button\" target=\"_blank\">\r\n                    Klik hier voor een gratis Whatsapp offerte\r\n                <\/a>\r\n<\/div>\r\n<\/div>\r\n<\/div>\r\n<\/div>\r\n<\/section>\t\t\t\t\t\t\t\t<\/div>\n\t\t\t\t<\/div>\n\t\t\t\t\t<\/div>\n\t\t<\/div>\n\t\t\t\t\t<\/div>\n\t\t<\/section>\n\t\t\t\t<section class=\"elementor-section elementor-top-section elementor-element elementor-element-6d46e35b elementor-section-boxed elementor-section-height-default elementor-section-height-default\" data-id=\"6d46e35b\" data-element_type=\"section\" data-e-type=\"section\">\n\t\t\t\t\t\t<div class=\"elementor-container elementor-column-gap-default\">\n\t\t\t\t\t<div class=\"elementor-column elementor-col-100 elementor-top-column elementor-element elementor-element-19d34814\" data-id=\"19d34814\" data-element_type=\"column\" data-e-type=\"column\">\n\t\t\t<div class=\"elementor-widget-wrap elementor-element-populated\">\n\t\t\t\t\t\t<div class=\"elementor-element elementor-element-4d42a0bd elementor-widget elementor-widget-text-editor\" data-id=\"4d42a0bd\" data-element_type=\"widget\" data-e-type=\"widget\" data-widget_type=\"text-editor.default\">\n\t\t\t\t<div class=\"elementor-widget-container\">\n\t\t\t\t\t\t\t\t\t<h2>Wat zijn de prijzen voor cosmetische chirurgie in Belgi\u00eb?<\/h2>\nIedereen weet dat cosmetische chirurgie duur is en over het algemeen niet wordt vergoed door de ziektekostenverzekering. Toch ondergaan elk jaar meer en meer mensen <strong>cosmetische chirurgie in Belgi\u00eb<\/strong>. Welke kosten kun je verwachten? Kun je je een bepaalde cosmetische ingreep veroorloven? Deze feiten zullen je helpen beslissen. Er zijn extra kosten. Je moet kosten toevoegen voor anesthesie, huur van de operatiekamer of andere gerelateerde kosten. De totale rekening kan 50% tot 100% hoger uitvallen dan alleen het honorarium van de chirurg.\n<ul class=\"liste-page\">\n \t<li>Prijs voor volledige liposuctie + buikwandcorrectie + diastase behandeling vanaf \u20ac3350<\/li>\n \t<li>Buik etsen vanaf \u20ac3750<\/li>\n \t<li>Ultrasone neuscorrectie prijzen vanaf \u20ac2.950<\/li>\n \t<li>Liplift prijzen vanaf \u20ac2.750<\/li>\n \t<li>Prijs voor vaser-liposuctie vanaf \u20ac2650<\/li>\n<\/ul>\nAls je verschillende cosmetische ingrepen in Belgi\u00eb wilt combineren, kun je geld besparen door ze allemaal in hetzelfde verblijf te doen. Je kunt ook geld besparen door voor meerdere ingrepen tegelijk te betalen. En de meeste chirurgen en klinieken bieden aanzienlijke kortingen voor tweede, derde en vierde operaties.\n<h2>Waarom trekt cosmetische chirurgie in Belgi\u00eb zoveel pati\u00ebnten aan?<\/h2>\nDe populariteit van <a href=\"https:\/\/www.medespoir.be\/nl\/\"><strong>cosmetische chirurgie in Belgi\u00eb<\/strong> <\/a>is deels te danken aan het succes van reality-tv-shows. In navolging van hun tegenhangers in Frankrijk en het Verenigd Koninkrijk ondergaan Belgische sterretjes van reality-tv steeds vaker cosmetische chirurgie. Ondanks hun vaak banale inhoud zijn deze programma&#8217;s nog steeds erg populair bij kijkers, vooral jongeren. Honderden van hen besluiten om in de voetsporen van hun idolen te treden en komen elk jaar naar de klinieken voor cosmetische chirurgie in Luik en Brussel.\n\nBovendien heeft de wijdverbreide verslaving aan sociale netwerken de cultus van het perfecte lichaam en de smetteloze huid nieuw leven ingeblazen. En omdat cosmetische chirurgie niet langer een taboe is, wenden mensen zich er steeds vaker toe om hun lichaamsbeeld te verbeteren en hun gevoel van eigenwaarde terug te krijgen.\n<h2>Kan cosmetische chirurgie in Belgi\u00eb worden terugbetaald?<\/h2>\nZoals in de meeste landen dekt het Belgische socialezekerheidsstelsel geen cosmetische ingrepen. Alleen reconstructieve chirurgie en bariatrische chirurgie (onder bepaalde voorwaarden) worden gedekt door het INAMI. Bepaalde &#8220;gecombineerde&#8221; operaties zoals borstverkleining of buikwandcorrectie kunnen echter wel vergoed worden in geval van functioneel ongemak (rugpijn door borsthypertrofie, buikschort dat huidirritatie veroorzaakt, enz.)\n\nOm lange wachttijden en hoge <a href=\"https:\/\/www.medespoir.be\/nl\/tarieven\/\">\n<strong>tarieven en prijzen voor cosmetische chirurgie in Belgi\u00eb<\/strong>\n<\/a> (in geval van niet-terugbetaling), laten meer en meer Belgische pati\u00ebnten hun <strong>cosmetische chirurgie in het buitenland<\/strong> uitvoeren, vooral in Turkije, Tunesi\u00eb of Thailand.\n<h2>Wat zijn de meest uitgevoerde plastische en reconstructieve chirurgische ingrepen in Belgi\u00eb?<\/h2>\n<figure id=\"attachment_7517\" aria-describedby=\"caption-attachment-7517\" style=\"width: 808px\" class=\"wp-caption aligncenter\"><img fetchpriority=\"high\" decoding=\"async\" class=\"wp-image-3278 size-full\" src=\"https:\/\/www.medespoir.be\/wp-content\/uploads\/2020\/08\/chirurgie-esthetique-belgique.jpg\" alt=\"chirurgie-esthetiek-belgiek\" width=\"808\" height=\"372\" srcset=\"https:\/\/www.medespoir.be\/wp-content\/uploads\/2020\/08\/chirurgie-esthetique-belgique.jpg 808w, https:\/\/www.medespoir.be\/wp-content\/uploads\/2020\/08\/chirurgie-esthetique-belgique-300x138.jpg 300w, https:\/\/www.medespoir.be\/wp-content\/uploads\/2020\/08\/chirurgie-esthetique-belgique-768x354.jpg 768w, https:\/\/www.medespoir.be\/wp-content\/uploads\/2020\/08\/chirurgie-esthetique-belgique-260x120.jpg 260w, https:\/\/www.medespoir.be\/wp-content\/uploads\/2020\/08\/chirurgie-esthetique-belgique-50x23.jpg 50w, https:\/\/www.medespoir.be\/wp-content\/uploads\/2020\/08\/chirurgie-esthetique-belgique-150x69.jpg 150w\" sizes=\"(max-width: 808px) 100vw, 808px\" \/><figcaption id=\"caption-attachment-7517\" class=\"wp-caption-text\">Cosmetische chirurgie Belgi\u00eb<\/figcaption><\/figure>\n<h2><em>Cosmetische chirurgie Belgi\u00eb<\/em><\/h2>\nBij vrouwen die Plat betalen zijn liposuctie, blepharoplastie en borstverkleining de populairste ingrepen. Belgische mannen daarentegen geven de voorkeur aan neuscorrectie, genioplastie en oorchirurgie. Esthetische behandelingen zijn ook erg populair bij Belgen, ongeacht hun leeftijd of geslacht.\n\nHoewel er geen offici\u00eble cijfers beschikbaar zijn van de Belgische gezondheidsautoriteiten, wordt geschat dat er in Belgi\u00eb jaarlijks meer dan 200.000 cosmetische ingrepen worden uitgevoerd.\n\nBovendien heeft Belgi\u00eb zich gevestigd als <strong>bestemming voor esthetisch toerisme<\/strong>: meer dan 12% van de pati\u00ebnten die hier worden geopereerd, komt uit een ander land.\t\t\t\t\t\t\t\t<\/div>\n\t\t\t\t<\/div>\n\t\t\t\t\t<\/div>\n\t\t<\/div>\n\t\t\t\t\t<\/div>\n\t\t<\/section>\n\t\t\t\t<\/div>\n\t\t","protected":false},"excerpt":{"rendered":"<p>Cosmetische chirurgie in Belgi\u00eb is booming, zoals blijkt uit het groeiende aantal uitgevoerde ingrepen. Pati\u00ebnten worden niet langer gestigmatiseerd door de maatschappij. Bevrijd van complexen en vooroordelen aarzelen ze niet langer om onder het mes te gaan om hun figuur te verstevigen of onvolkomenheden aan hun lichaam te behandelen. Daarnaast heeft de vooruitgang in de [&hellip;]<\/p>\n","protected":false},"author":1,"featured_media":7663,"parent":0,"menu_order":0,"comment_status":"closed","ping_status":"closed","template":"","meta":{"footnotes":""},"class_list":["post-8096","page","type-page","status-publish","has-post-thumbnail","hentry"],"yoast_head":"<!-- This site is optimized with the Yoast SEO plugin v27.3 - https:\/\/yoast.com\/product\/yoast-seo-wordpress\/ -->\n<title>Cosmetische chirurgie Belgi\u00eb prijzen operaties en verblijf<\/title>\n<meta name=\"description\" content=\"Cosmetische chirurgie in Belgi\u00eb: profiteer van kortingen tot 60% op de prijs van een of meer cosmetische ingrepen in Belgi\u00eb en van all-inclusive cosmetische chirurgiepakketten met vluchten, hotel en transfers.\" \/>\n<meta name=\"robots\" content=\"index, follow, max-snippet:-1, max-image-preview:large, max-video-preview:-1\" \/>\n<link rel=\"canonical\" href=\"https:\/\/www.medespoir.be\/nl\/cosmetische-chirurgie-belgie\/\" \/>\n<meta property=\"og:locale\" content=\"nl_NL\" \/>\n<meta property=\"og:type\" content=\"article\" \/>\n<meta property=\"og:title\" content=\"Cosmetische chirurgie Belgi\u00eb prijzen operaties en verblijf\" \/>\n<meta property=\"og:description\" content=\"Cosmetische chirurgie in Belgi\u00eb: profiteer van kortingen tot 60% op de prijs van een of meer cosmetische ingrepen in Belgi\u00eb en van all-inclusive cosmetische chirurgiepakketten met vluchten, hotel en transfers.\" \/>\n<meta property=\"og:url\" content=\"https:\/\/www.medespoir.be\/nl\/cosmetische-chirurgie-belgie\/\" \/>\n<meta property=\"og:site_name\" content=\"Chirurgie esthetique Belgique\" \/>\n<meta property=\"article:modified_time\" content=\"2023-06-06T10:34:30+00:00\" \/>\n<meta property=\"og:image\" content=\"https:\/\/www.medespoir.be\/wp-content\/uploads\/2021\/11\/header__chirurgie-esthetique-belgique.jpg\" \/>\n\t<meta property=\"og:image:width\" content=\"1925\" \/>\n\t<meta property=\"og:image:height\" content=\"451\" \/>\n\t<meta property=\"og:image:type\" content=\"image\/jpeg\" \/>\n<meta name=\"twitter:card\" content=\"summary_large_image\" \/>\n<meta name=\"twitter:label1\" content=\"Geschatte leestijd\" \/>\n\t<meta name=\"twitter:data1\" content=\"4 minuten\" \/>\n<script type=\"application\/ld+json\" class=\"yoast-schema-graph\">{\"@context\":\"https:\\\/\\\/schema.org\",\"@graph\":[{\"@type\":\"WebPage\",\"@id\":\"https:\\\/\\\/www.medespoir.be\\\/nl\\\/cosmetische-chirurgie-belgie\\\/\",\"url\":\"https:\\\/\\\/www.medespoir.be\\\/nl\\\/cosmetische-chirurgie-belgie\\\/\",\"name\":\"Cosmetische chirurgie Belgi\u00eb prijzen operaties en verblijf\",\"isPartOf\":{\"@id\":\"https:\\\/\\\/www.medespoir.be\\\/#website\"},\"primaryImageOfPage\":{\"@id\":\"https:\\\/\\\/www.medespoir.be\\\/nl\\\/cosmetische-chirurgie-belgie\\\/#primaryimage\"},\"image\":{\"@id\":\"https:\\\/\\\/www.medespoir.be\\\/nl\\\/cosmetische-chirurgie-belgie\\\/#primaryimage\"},\"thumbnailUrl\":\"https:\\\/\\\/www.medespoir.be\\\/wp-content\\\/uploads\\\/2021\\\/11\\\/header__chirurgie-esthetique-belgique.jpg\",\"datePublished\":\"2020-08-10T11:45:09+00:00\",\"dateModified\":\"2023-06-06T10:34:30+00:00\",\"description\":\"Cosmetische chirurgie in Belgi\u00eb: profiteer van kortingen tot 60% op de prijs van een of meer cosmetische ingrepen in Belgi\u00eb en van all-inclusive cosmetische chirurgiepakketten met vluchten, hotel en transfers.\",\"breadcrumb\":{\"@id\":\"https:\\\/\\\/www.medespoir.be\\\/nl\\\/cosmetische-chirurgie-belgie\\\/#breadcrumb\"},\"inLanguage\":\"nl-NL\",\"potentialAction\":[{\"@type\":\"ReadAction\",\"target\":[\"https:\\\/\\\/www.medespoir.be\\\/nl\\\/cosmetische-chirurgie-belgie\\\/\"]}]},{\"@type\":\"ImageObject\",\"inLanguage\":\"nl-NL\",\"@id\":\"https:\\\/\\\/www.medespoir.be\\\/nl\\\/cosmetische-chirurgie-belgie\\\/#primaryimage\",\"url\":\"https:\\\/\\\/www.medespoir.be\\\/wp-content\\\/uploads\\\/2021\\\/11\\\/header__chirurgie-esthetique-belgique.jpg\",\"contentUrl\":\"https:\\\/\\\/www.medespoir.be\\\/wp-content\\\/uploads\\\/2021\\\/11\\\/header__chirurgie-esthetique-belgique.jpg\",\"width\":1925,\"height\":451},{\"@type\":\"BreadcrumbList\",\"@id\":\"https:\\\/\\\/www.medespoir.be\\\/nl\\\/cosmetische-chirurgie-belgie\\\/#breadcrumb\",\"itemListElement\":[{\"@type\":\"ListItem\",\"position\":1,\"name\":\"Accueil\",\"item\":\"https:\\\/\\\/www.medespoir.be\\\/nl\\\/\"},{\"@type\":\"ListItem\",\"position\":2,\"name\":\"Cosmetische chirurgie Belgi\u00eb procedures en prijzen\"}]},{\"@type\":\"WebSite\",\"@id\":\"https:\\\/\\\/www.medespoir.be\\\/#website\",\"url\":\"https:\\\/\\\/www.medespoir.be\\\/\",\"name\":\"Chirurgie esthetique Belgique\",\"description\":\"\",\"publisher\":{\"@id\":\"https:\\\/\\\/www.medespoir.be\\\/#organization\"},\"potentialAction\":[{\"@type\":\"SearchAction\",\"target\":{\"@type\":\"EntryPoint\",\"urlTemplate\":\"https:\\\/\\\/www.medespoir.be\\\/?s={search_term_string}\"},\"query-input\":{\"@type\":\"PropertyValueSpecification\",\"valueRequired\":true,\"valueName\":\"search_term_string\"}}],\"inLanguage\":\"nl-NL\"},{\"@type\":\"Organization\",\"@id\":\"https:\\\/\\\/www.medespoir.be\\\/#organization\",\"name\":\"Medespoir Belgique\",\"url\":\"https:\\\/\\\/www.medespoir.be\\\/\",\"logo\":{\"@type\":\"ImageObject\",\"inLanguage\":\"nl-NL\",\"@id\":\"https:\\\/\\\/www.medespoir.be\\\/#\\\/schema\\\/logo\\\/image\\\/\",\"url\":\"https:\\\/\\\/www.medespoir.be\\\/wp-content\\\/uploads\\\/2018\\\/10\\\/lg-medespoir-be.jpg\",\"contentUrl\":\"https:\\\/\\\/www.medespoir.be\\\/wp-content\\\/uploads\\\/2018\\\/10\\\/lg-medespoir-be.jpg\",\"width\":242,\"height\":77,\"caption\":\"Medespoir Belgique\"},\"image\":{\"@id\":\"https:\\\/\\\/www.medespoir.be\\\/#\\\/schema\\\/logo\\\/image\\\/\"}}]}<\/script>\n<!-- \/ Yoast SEO plugin. -->","yoast_head_json":{"title":"Cosmetische chirurgie Belgi\u00eb prijzen operaties en verblijf","description":"Cosmetische chirurgie in Belgi\u00eb: profiteer van kortingen tot 60% op de prijs van een of meer cosmetische ingrepen in Belgi\u00eb en van all-inclusive cosmetische chirurgiepakketten met vluchten, hotel en transfers.","robots":{"index":"index","follow":"follow","max-snippet":"max-snippet:-1","max-image-preview":"max-image-preview:large","max-video-preview":"max-video-preview:-1"},"canonical":"https:\/\/www.medespoir.be\/nl\/cosmetische-chirurgie-belgie\/","og_locale":"nl_NL","og_type":"article","og_title":"Cosmetische chirurgie Belgi\u00eb prijzen operaties en verblijf","og_description":"Cosmetische chirurgie in Belgi\u00eb: profiteer van kortingen tot 60% op de prijs van een of meer cosmetische ingrepen in Belgi\u00eb en van all-inclusive cosmetische chirurgiepakketten met vluchten, hotel en transfers.","og_url":"https:\/\/www.medespoir.be\/nl\/cosmetische-chirurgie-belgie\/","og_site_name":"Chirurgie esthetique Belgique","article_modified_time":"2023-06-06T10:34:30+00:00","og_image":[{"width":1925,"height":451,"url":"https:\/\/www.medespoir.be\/wp-content\/uploads\/2021\/11\/header__chirurgie-esthetique-belgique.jpg","type":"image\/jpeg"}],"twitter_card":"summary_large_image","twitter_misc":{"Geschatte leestijd":"4 minuten"},"schema":{"@context":"https:\/\/schema.org","@graph":[{"@type":"WebPage","@id":"https:\/\/www.medespoir.be\/nl\/cosmetische-chirurgie-belgie\/","url":"https:\/\/www.medespoir.be\/nl\/cosmetische-chirurgie-belgie\/","name":"Cosmetische chirurgie Belgi\u00eb prijzen operaties en verblijf","isPartOf":{"@id":"https:\/\/www.medespoir.be\/#website"},"primaryImageOfPage":{"@id":"https:\/\/www.medespoir.be\/nl\/cosmetische-chirurgie-belgie\/#primaryimage"},"image":{"@id":"https:\/\/www.medespoir.be\/nl\/cosmetische-chirurgie-belgie\/#primaryimage"},"thumbnailUrl":"https:\/\/www.medespoir.be\/wp-content\/uploads\/2021\/11\/header__chirurgie-esthetique-belgique.jpg","datePublished":"2020-08-10T11:45:09+00:00","dateModified":"2023-06-06T10:34:30+00:00","description":"Cosmetische chirurgie in Belgi\u00eb: profiteer van kortingen tot 60% op de prijs van een of meer cosmetische ingrepen in Belgi\u00eb en van all-inclusive cosmetische chirurgiepakketten met vluchten, hotel en transfers.","breadcrumb":{"@id":"https:\/\/www.medespoir.be\/nl\/cosmetische-chirurgie-belgie\/#breadcrumb"},"inLanguage":"nl-NL","potentialAction":[{"@type":"ReadAction","target":["https:\/\/www.medespoir.be\/nl\/cosmetische-chirurgie-belgie\/"]}]},{"@type":"ImageObject","inLanguage":"nl-NL","@id":"https:\/\/www.medespoir.be\/nl\/cosmetische-chirurgie-belgie\/#primaryimage","url":"https:\/\/www.medespoir.be\/wp-content\/uploads\/2021\/11\/header__chirurgie-esthetique-belgique.jpg","contentUrl":"https:\/\/www.medespoir.be\/wp-content\/uploads\/2021\/11\/header__chirurgie-esthetique-belgique.jpg","width":1925,"height":451},{"@type":"BreadcrumbList","@id":"https:\/\/www.medespoir.be\/nl\/cosmetische-chirurgie-belgie\/#breadcrumb","itemListElement":[{"@type":"ListItem","position":1,"name":"Accueil","item":"https:\/\/www.medespoir.be\/nl\/"},{"@type":"ListItem","position":2,"name":"Cosmetische chirurgie Belgi\u00eb procedures en prijzen"}]},{"@type":"WebSite","@id":"https:\/\/www.medespoir.be\/#website","url":"https:\/\/www.medespoir.be\/","name":"Chirurgie esthetique Belgique","description":"","publisher":{"@id":"https:\/\/www.medespoir.be\/#organization"},"potentialAction":[{"@type":"SearchAction","target":{"@type":"EntryPoint","urlTemplate":"https:\/\/www.medespoir.be\/?s={search_term_string}"},"query-input":{"@type":"PropertyValueSpecification","valueRequired":true,"valueName":"search_term_string"}}],"inLanguage":"nl-NL"},{"@type":"Organization","@id":"https:\/\/www.medespoir.be\/#organization","name":"Medespoir Belgique","url":"https:\/\/www.medespoir.be\/","logo":{"@type":"ImageObject","inLanguage":"nl-NL","@id":"https:\/\/www.medespoir.be\/#\/schema\/logo\/image\/","url":"https:\/\/www.medespoir.be\/wp-content\/uploads\/2018\/10\/lg-medespoir-be.jpg","contentUrl":"https:\/\/www.medespoir.be\/wp-content\/uploads\/2018\/10\/lg-medespoir-be.jpg","width":242,"height":77,"caption":"Medespoir Belgique"},"image":{"@id":"https:\/\/www.medespoir.be\/#\/schema\/logo\/image\/"}}]}},"_links":{"self":[{"href":"https:\/\/www.medespoir.be\/nl\/wp-json\/wp\/v2\/pages\/8096","targetHints":{"allow":["GET"]}}],"collection":[{"href":"https:\/\/www.medespoir.be\/nl\/wp-json\/wp\/v2\/pages"}],"about":[{"href":"https:\/\/www.medespoir.be\/nl\/wp-json\/wp\/v2\/types\/page"}],"author":[{"embeddable":true,"href":"https:\/\/www.medespoir.be\/nl\/wp-json\/wp\/v2\/users\/1"}],"replies":[{"embeddable":true,"href":"https:\/\/www.medespoir.be\/nl\/wp-json\/wp\/v2\/comments?post=8096"}],"version-history":[{"count":7,"href":"https:\/\/www.medespoir.be\/nl\/wp-json\/wp\/v2\/pages\/8096\/revisions"}],"predecessor-version":[{"id":8117,"href":"https:\/\/www.medespoir.be\/nl\/wp-json\/wp\/v2\/pages\/8096\/revisions\/8117"}],"wp:featuredmedia":[{"embeddable":true,"href":"https:\/\/www.medespoir.be\/nl\/wp-json\/wp\/v2\/media\/7663"}],"wp:attachment":[{"href":"https:\/\/www.medespoir.be\/nl\/wp-json\/wp\/v2\/media?parent=8096"}],"curies":[{"name":"wp","href":"https:\/\/api.w.org\/{rel}","templated":true}]}}