{"id":8122,"date":"2019-09-02T12:19:04","date_gmt":"2019-09-02T10:19:04","guid":{"rendered":"https:\/\/www.medespoir.be\/dhi-belgium-haartransplantatie-prijzen-en-kaalheid-behandeling-zonder-littekens\/"},"modified":"2023-06-06T12:44:26","modified_gmt":"2023-06-06T10:44:26","slug":"haartransplantatie-belgie","status":"publish","type":"page","link":"https:\/\/www.medespoir.be\/nl\/haartransplantatie-belgie\/","title":{"rendered":"DHI Belgium : haartransplantatie prijzen en kaalheid behandeling zonder littekens"},"content":{"rendered":"<section>\n<div class=\"container\">\n<div class=\"row column-reverse\">\n<div class=\"col-md-8\">\n<strong>Alopecia<\/strong> of <strong>kaalheid<\/strong> is een aangeboren pathologie die nauw samenhangt met de overvloedige afscheiding van androgene hormonen zoals testosteron en GN-RH (Gonadotropin-releasing hormone). Het directe gevolg van deze hormonale onbalans is haaruitval in verschillende mate.<br \/>\nHet aanbrengen van haarlotions of fytotherapeutische producten zoals essenti\u00eble oli\u00ebn is niet effectief als katalysator voor haargroei. Om dit te verhelpen is er maar \u00e9\u00e9n oplossing die is goedgekeurd door internationale medische instanties, namelijk <strong>DHI haartransplantaties<\/strong>.<br \/>\n<strong>Haartransplantatie in Belgi\u00eb <\/strong>is een littekenvrije haarchirurgie voor mannen die perfect wordt beheerst door onze chirurgen, die kosten noch moeite sparen om een resultaat te leveren dat voldoet aan de verwachtingen van hun pati\u00ebnten.<\/p>\n<h2>DHI Belgi\u00eb entprijs<\/h2>\n<table class=\"table_greffe\">\n<tbody>\n<tr>\n<th>Haartransplantatie techniek<\/th>\n<th>Haartransplantatie FUE DHI \/ FUE SAFFIR<\/th>\n<th>FUT haartransplantatie<\/th>\n<\/tr>\n<tr>\n<th><strong>Haartransplantatie prijzen Belgi\u00eb<br \/>\n<\/strong><\/th>\n<td style=\"text-align: center;\">Vanaf \u20ac2.100 + verblijf<\/td>\n<td style=\"text-align: center;\">Vanaf \u20ac1800 + verblijf<\/td>\n<\/tr>\n<\/tbody>\n<\/table>\n<div>\n<div class=\"btn_interne\"><a class=\"btn__slider\" href=\"https:\/\/www.medespoir.be\/nl\/gratis-offerte\/\">&#8211; DHI Belgi\u00eb ent schatting<\/a><\/div>\n<\/div>\n<\/div>\n<div class=\"col-md-4\">\n<img decoding=\"async\" src=\"https:\/\/www.medespoir.be\/wp-content\/uploads\/2021\/11\/greffe-cheveux-belgique__1.jpg\" alt=\"DHI Belgi\u00eb\" class=\"img__interne__1\"><\/p>\n<div id=\"circle_interne_color\"><img decoding=\"async\" src=\"https:\/\/www.medespoir.be\/wp-content\/uploads\/2021\/11\/form-medespoir_2.png\" alt=\"medespoir belgi\u00eb\"><\/div>\n<\/div>\n<\/div>\n<\/div>\n<\/section>\n<style>\r\nhtml body a.whatsapp-button {\r\n    display: inline-block;\r\n    background-color: #25D366;\r\n    font-size: 16px;\r\n    font-weight: bold;\r\n    padding: 12px 20px;\r\n    text-align: center;\r\n    text-decoration: none;\r\n    border-radius: 5px;\r\n    box-shadow: 0 4px 6px rgba(0, 0, 0, 0.1);\r\n    transition: background-color 0.3s ease, transform 0.2s ease;\r\n    color: white!important;\r\n}\r\n\r\n.whatsapp-button:hover {\r\n    background-color: #1EBE54;\r\n    transform: translateY(-2px);\r\n}\r\n\r\n.whatsapp-button:active {\r\n    transform: translateY(0);\r\n}\r\n\r\n.align_center {\r\n    display: block;\r\n    text-align: center;\r\n    padding: 30px 0px;\r\n}\r\n\r\n<\/style>\r\n<section >\r\n<div class=\"container\">\r\n<div class=\"row\">\r\n<div class=\"col-md-12\" align=\"center\">\r\n<div class=\"align_center\">\r\n                <a href=\"https:\/\/api.whatsapp.com\/send?phone=+33635235712&&text=Hallo,%20ik%20wil%20graag%20meer%20weten%20over%20je%20werk%20en%20je%20prijzen%20!\"\r\n                    class=\"whatsapp-button\" target=\"_blank\">\r\n                    Klik hier voor een gratis Whatsapp offerte\r\n                <\/a>\r\n<\/div>\r\n<\/div>\r\n<\/div>\r\n<\/div>\r\n<\/section>\n<section>\n<div class=\"container\">\n<div class=\"row column-reverse\">\n<div class=\"col-md-5\">\n<img decoding=\"async\" src=\"https:\/\/www.medespoir.be\/wp-content\/uploads\/2021\/11\/greffe-cheveux-belgique__2.jpg\" alt=\"prijs van haartransplantatie en kaalheid behandeling zonder littekens\"><\/p>\n<div id=\"circle_interne_bg_color\"><img decoding=\"async\" src=\"https:\/\/www.medespoir.be\/wp-content\/uploads\/2021\/11\/form-medespoir_3.png\" alt=\"medespoir belgi\u00eb\"><\/div>\n<\/div>\n<div class=\"col-md-7\">\n<h2>DHI Belgi\u00eb transplantatie procedure<\/h2>\n<p>Een preoperatief medisch consult is nodig om de juiste transplantatiemethode te bepalen. Het gaat altijd gepaard met biologische en radiologische tests om er zeker van te zijn dat de pati\u00ebnt in goede gezondheid verkeert.<br \/>\nVoor dit type cosmetische chirurgie is de verdoving vaak algemeen of plaatselijk, samen met de toediening van kalmerende middelen. De procedure voor een haartransplantatie in Belgi\u00eb is voornamelijk gebaseerd op het verwijderen van grafts uit een haarlijn in de nek.<br \/>\nGekwalificeerde medisch assistenten selecteren de juiste grafts die bestaan uit 3 tot 5 haren. Er wordt dan een rigoureuze incisie gemaakt aan de bovenkant van de schedel om <strong>de microtransplantaten in te wortelen<\/strong>.<br \/>\nAan het einde van de operatie worden de wonden geheeld met zeer fijne, niet-absorbeerbare hechtingen.<\/p>\n<h2>Postoperatieve follow-up DHI transplantatie Belgi\u00eb<\/h2>\n<p>Toen de pati\u00ebnt na \u00e9\u00e9n dag ziekenhuisopname uit de kliniek werd ontslagen, werden blauwe plekken en zwellingen geconstateerd. Er wordt ook osteocutane trek gevoeld.<br \/>\nOpgemerkt moet worden dat deze ongewenste effecten geen reden tot zorg zijn, omdat ze eenvoudigweg kunnen worden verlicht door pijnstillers toe te dienen.<br \/>\nBovendien moet tijdens de rustperiode een compressieverband en een compressiedrain worden gedragen om te voorkomen dat infecties het genezingsproces vertragen.<br \/>\nIn het bijzonder is blootstelling aan UV-stralen verboden gedurende de eerste 15 dagen na de operatie.<\/p>\n<h2>Resultaten van een DHI-transplantatie<\/h2>\n<p>De resultaten zijn spectaculair vanaf de zesde maand. De enten vallen dan af en worden vervangen door nieuwe capillaire groei, die wordt gekenmerkt door zijn persistentie. Het gebruik van zachte shampoos op basis van natuurlijke producten kan hun wortels alleen maar versterken.\n<\/p><\/div>\n<\/div>\n<\/div>\n<\/section>\n<section class=\"bg_greffe\">\n<div class=\"container\">\n<div class=\"row\">\n<div class=\"col-md-7\">\n<h2 class=\"center\">DHI Belgi\u00eb transplantatie testimonial<\/h2>\n<p><img decoding=\"async\" class=\"aligncenter\" src=\"https:\/\/www.medespoir.be\/wp-content\/uploads\/2021\/11\/form-avis.png\" alt=\"getuigenissen cosmetische chirurgie\"><\/p>\n<p class=\"center\">&#8220;Ik had besloten om iets aan mijn terugwijkende haarlijn te doen. Allereerst raadpleegde ik op internet verschillende websites van chirurgen en klinieken, die uitleg gaven over de verschillende technieken die worden gebruikt om kaalheid te corrigeren. Nadat ik veel informatie had verzameld, maakte ik mijn eerste inschatting. Daarna heb ik mijn eerste haartransplantatie ondergaan. Wat ik je nu kan vertellen is dat het resultaat heel natuurlijk is (ik had eerst mijn twijfels). Ik denk erover om in de nabije toekomst nog een haartransplantatie te laten doen.<\/p>\n<p class=\"center\"><strong>Patrick 61 jaar oud<\/strong><\/p>\n<\/div>\n<div class=\"col-md-5\">\n<img decoding=\"async\" src=\"https:\/\/www.medespoir.be\/wp-content\/uploads\/2021\/11\/greffe-cheveux-belgique__3.jpg\" alt=\"chirurgie-esthetiek-belgiek\" class=\"img__greffe\"><\/p>\n<div id=\"circle_greffe_white\"><img decoding=\"async\" src=\"https:\/\/www.medespoir.be\/wp-content\/uploads\/2021\/11\/form-medespoir.png\" alt=\"medespoir belgi\u00eb\"><\/div>\n<\/div>\n<\/div>\n<\/div>\n<\/section>\n<section>\n<div class=\"container\">\n<div class=\"row column-reverse\">\n<div class=\"col-md-5\">\n<img decoding=\"async\" src=\"https:\/\/www.medespoir.be\/wp-content\/uploads\/2021\/11\/greffe-cheveux-belgique__4.jpg\" alt=\"Klinieken voor cosmetische chirurgie Belgi\u00eb\"><\/p>\n<div id=\"circle_greffe_color\"><img decoding=\"async\" src=\"https:\/\/www.medespoir.be\/wp-content\/uploads\/2021\/11\/form-medespoir_2.png\" alt=\"Cosmetische chirurgie Belgi\u00eb procedures en prijzen\"><\/div>\n<p><img decoding=\"async\" src=\"https:\/\/www.medespoir.be\/wp-content\/uploads\/2021\/11\/greffe-cheveux-belgique__5.jpg\" alt=\"Klinieken voor cosmetische chirurgie Belgi\u00eb\" class=\"img__interne__1\">\n<\/div>\n<div class=\"col-md-7\" id=\"accordion_interne\">\n<h2 class=\"center\">Veelgestelde vragen over haartransplantatie in Belgi\u00eb<\/h2>\n<div id=\"accordion-1\" class=\"accordion\">\n<div class=\"head active\"><i class=\"fas fa-angle-down arrow\"><\/i><\/p>\n<h3>Waarom verliezen we ons haar met de jaren?<\/h3>\n<\/p><\/div>\n<div class=\"content\" style=\"display: block;\">\n  Dagelijkse haaruitval en -vernieuwing is een normaal fenomeen omdat haar een cel is die zichzelf moet vernieuwen. Overmatig en niet-verlengbaar haarverlies kan echter een waarschuwingssignaal zijn voor het begin van kaalheid.<br \/>\n  of alopecia.\n    <\/div>\n<\/div>\n<div id=\"accordion-2\" class=\"accordion\">\n<div class=\"head\"><i class=\"fas fa-angle-down arrow\"><\/i><\/p>\n<h3>Wat zijn de verschillen tussen kaalheid en alopecia?<\/h3>\n<\/p><\/div>\n<div class=\"content\">\n  Dermatologen verwijzen naar alopecia als toegenomen haaruitval, die erfelijk kan zijn, te wijten kan zijn aan een defect (brandwond, kanker, enz.) of te wijten kan zijn aan de aanwezigheid van een parasiet. Kaalheid is een puur mannelijk probleem dat mannen treft.<br \/>\n  ongeveer 70% van de mannen.\n    <\/div>\n<\/div>\n<div id=\"accordion-3\" class=\"accordion\">\n<div class=\"head\"><i class=\"fas fa-angle-down arrow\"><\/i><\/p>\n<h3>Kunnen alleen mannen hun haar verliezen?<\/h3>\n<\/p><\/div>\n<div class=\"content\">\n  Nee. Vrouwen kunnen ook hun haar verliezen als gevolg van verschillende van de hierboven vermelde problemen en kunnen ook haartransplantaties ondergaan.\n    <\/div>\n<\/div>\n<div id=\"accordion-4\" class=\"accordion\">\n<div class=\"head\"><i class=\"fas fa-angle-down arrow\"><\/i><\/p>\n<h3>Wat bedoelen we met een haarcyclus?<\/h3>\n<\/p><\/div>\n<div class=\"content\">\n  Net als alle cellen in het menselijk lichaam is ook haar levend en heeft het een levenscyclus die bekend staat als de &#8220;haarcyclus&#8221;, die tussen de 3 en 5 jaar duurt. Gemiddeld herhaalt de cyclus zich 20 tot 30 keer tijdens het leven van een man, waarbij<br \/>\n  In wezen 3 fasen: anageen, katageen en telogeen. Haar wordt echter niet tegelijkertijd geboren en sterft af om het in evenwicht te houden.\n    <\/div>\n<\/div>\n<div id=\"accordion-5\" class=\"accordion\">\n<div class=\"head\"><i class=\"fas fa-angle-down arrow\"><\/i><\/p>\n<h3>Wat is haarmicrografting?<\/h3>\n<\/p><\/div>\n<div class=\"content\">\n  Dit is een herverdeling van haar van de kruin naar kale gebieden. Samen met gynaecomastiechirurgie zijn haarimplantaten de populairste cosmetische chirurgie voor mannen.\n    <\/div>\n<\/div>\n<div id=\"accordion-6\" class=\"accordion\">\n<div class=\"head\"><i class=\"fas fa-angle-down arrow\"><\/i><\/p>\n<h3>Hoe wordt een haartransplantatie uitgevoerd?<\/h3>\n<\/p><\/div>\n<div class=\"content\">\n  De kruin is het deel van de hoofdhuid met haar dat waarschijnlijk niet uitvalt. Plastische chirurgen en dermatologen zijn op het briljante idee gekomen om dit haar autografting toe te passen op het kale gedeelte van het hoofd. Het resultaat is langdurig<br \/>\n  en heel natuurlijk.\n    <\/div>\n<\/div>\n<div id=\"accordion-7\" class=\"accordion\">\n<div class=\"head\"><i class=\"fas fa-angle-down arrow\"><\/i><\/p>\n<h3>Wat is het verschil tussen FUT en FUE DHI?<\/h3>\n<\/p><\/div>\n<div class=\"content\">\n  Dit zijn twee haartransplantatietechnieken. Bij FUT worden 4 haarunits uit stroken van de hoofdhuid getransplanteerd. Bij FUE, afgeleid van FUT, worden de haren \u00e9\u00e9n voor \u00e9\u00e9n getransplanteerd.\n    <\/div>\n<\/div>\n<div id=\"accordion-8\" class=\"accordion\">\n<div class=\"head\"><i class=\"fas fa-angle-down arrow\"><\/i><\/p>\n<h3>Wat is Sapphire FUE?<\/h3>\n<\/p><\/div>\n<div class=\"content\">\n  Dit is de FUE haartransplantatie techniek maar met het gebruik van een saffiermes (edelsteen) in plaats van een stalen mes wanneer de chirurg incisies wil maken in de plaats waar de grafts zullen komen. Dankzij het gebruik van SAFFIR FUE<br \/>\n  om microkanalen te cre\u00ebren in het ontvangende gebied, vormen zich minder korsten aan de basis van de implantaten en is de hersteltijd zeer kort.<\/p><\/div>\n<\/div>\n<div id=\"accordion-9\" class=\"accordion\">\n<div class=\"head\"><i class=\"fas fa-angle-down arrow\"><\/i><\/p>\n<h3>Heb ik zichtbare littekens na deze operatie?<\/h3>\n<\/p><\/div>\n<div class=\"content\">\n  Nee. Alle littekens worden gecamoufleerd in de hoofdhuid en verdwijnen geleidelijk. Het ge\u00efmplanteerde haar valt ook uit en groeit na 3 tot 6 weken weer aan. Vraag voor meer informatie<br \/>\n  je gratis offerte voor een kaalheidsbehandeling in Belgi\u00eb.\n    <\/div>\n<\/div>\n<\/div>\n<\/div>\n<\/section>\n","protected":false},"excerpt":{"rendered":"<p>Alopecia of kaalheid is een aangeboren pathologie die nauw samenhangt met de overvloedige afscheiding van androgene hormonen zoals testosteron en GN-RH (Gonadotropin-releasing hormone). Het directe gevolg van deze hormonale onbalans is haaruitval in verschillende mate. Het aanbrengen van haarlotions of fytotherapeutische producten zoals essenti\u00eble oli\u00ebn is niet effectief als katalysator voor haargroei. Om dit te [&hellip;]<\/p>\n","protected":false},"author":1,"featured_media":7714,"parent":0,"menu_order":0,"comment_status":"closed","ping_status":"closed","template":"","meta":{"footnotes":""},"class_list":["post-8122","page","type-page","status-publish","has-post-thumbnail","hentry"],"yoast_head":"<!-- This site is optimized with the Yoast SEO plugin v27.3 - https:\/\/yoast.com\/product\/yoast-seo-wordpress\/ -->\n<title>DHI Belgium : prijs haartransplantatie kaalheid behandeling zonder littekens<\/title>\n<meta name=\"description\" content=\"DHI grafting Belgi\u00eb: littekenloze FUE DHI en FUE SAFFIR haartransplantatie chirurgie perfect beheerst door onze chirurgen die kosten noch moeite sparen om een resultaat te leveren dat voldoet aan de verwachtingen van hun pati\u00ebnten.\" \/>\n<meta name=\"robots\" content=\"index, follow, max-snippet:-1, max-image-preview:large, max-video-preview:-1\" \/>\n<link rel=\"canonical\" href=\"https:\/\/www.medespoir.be\/nl\/haartransplantatie-belgie\/\" \/>\n<meta property=\"og:locale\" content=\"nl_NL\" \/>\n<meta property=\"og:type\" content=\"article\" \/>\n<meta property=\"og:title\" content=\"DHI Belgium : prijs haartransplantatie kaalheid behandeling zonder littekens\" \/>\n<meta property=\"og:description\" content=\"DHI grafting Belgi\u00eb: littekenloze FUE DHI en FUE SAFFIR haartransplantatie chirurgie perfect beheerst door onze chirurgen die kosten noch moeite sparen om een resultaat te leveren dat voldoet aan de verwachtingen van hun pati\u00ebnten.\" \/>\n<meta property=\"og:url\" content=\"https:\/\/www.medespoir.be\/nl\/haartransplantatie-belgie\/\" \/>\n<meta property=\"og:site_name\" content=\"Chirurgie esthetique Belgique\" \/>\n<meta property=\"article:modified_time\" content=\"2023-06-06T10:44:26+00:00\" \/>\n<meta property=\"og:image\" content=\"https:\/\/www.medespoir.be\/wp-content\/uploads\/2021\/11\/header_greffe-cheveux-belgique.jpg\" \/>\n\t<meta property=\"og:image:width\" content=\"1925\" \/>\n\t<meta property=\"og:image:height\" content=\"451\" \/>\n\t<meta property=\"og:image:type\" content=\"image\/jpeg\" \/>\n<meta name=\"twitter:card\" content=\"summary_large_image\" \/>\n<meta name=\"twitter:label1\" content=\"Geschatte leestijd\" \/>\n\t<meta name=\"twitter:data1\" content=\"7 minuten\" \/>\n<script type=\"application\/ld+json\" class=\"yoast-schema-graph\">{\"@context\":\"https:\\\/\\\/schema.org\",\"@graph\":[{\"@type\":\"WebPage\",\"@id\":\"https:\\\/\\\/www.medespoir.be\\\/nl\\\/haartransplantatie-belgie\\\/\",\"url\":\"https:\\\/\\\/www.medespoir.be\\\/nl\\\/haartransplantatie-belgie\\\/\",\"name\":\"DHI Belgium : prijs haartransplantatie kaalheid behandeling zonder littekens\",\"isPartOf\":{\"@id\":\"https:\\\/\\\/www.medespoir.be\\\/#website\"},\"primaryImageOfPage\":{\"@id\":\"https:\\\/\\\/www.medespoir.be\\\/nl\\\/haartransplantatie-belgie\\\/#primaryimage\"},\"image\":{\"@id\":\"https:\\\/\\\/www.medespoir.be\\\/nl\\\/haartransplantatie-belgie\\\/#primaryimage\"},\"thumbnailUrl\":\"https:\\\/\\\/www.medespoir.be\\\/wp-content\\\/uploads\\\/2021\\\/11\\\/header_greffe-cheveux-belgique.jpg\",\"datePublished\":\"2019-09-02T10:19:04+00:00\",\"dateModified\":\"2023-06-06T10:44:26+00:00\",\"description\":\"DHI grafting Belgi\u00eb: littekenloze FUE DHI en FUE SAFFIR haartransplantatie chirurgie perfect beheerst door onze chirurgen die kosten noch moeite sparen om een resultaat te leveren dat voldoet aan de verwachtingen van hun pati\u00ebnten.\",\"breadcrumb\":{\"@id\":\"https:\\\/\\\/www.medespoir.be\\\/nl\\\/haartransplantatie-belgie\\\/#breadcrumb\"},\"inLanguage\":\"nl-NL\",\"potentialAction\":[{\"@type\":\"ReadAction\",\"target\":[\"https:\\\/\\\/www.medespoir.be\\\/nl\\\/haartransplantatie-belgie\\\/\"]}]},{\"@type\":\"ImageObject\",\"inLanguage\":\"nl-NL\",\"@id\":\"https:\\\/\\\/www.medespoir.be\\\/nl\\\/haartransplantatie-belgie\\\/#primaryimage\",\"url\":\"https:\\\/\\\/www.medespoir.be\\\/wp-content\\\/uploads\\\/2021\\\/11\\\/header_greffe-cheveux-belgique.jpg\",\"contentUrl\":\"https:\\\/\\\/www.medespoir.be\\\/wp-content\\\/uploads\\\/2021\\\/11\\\/header_greffe-cheveux-belgique.jpg\",\"width\":1925,\"height\":451},{\"@type\":\"BreadcrumbList\",\"@id\":\"https:\\\/\\\/www.medespoir.be\\\/nl\\\/haartransplantatie-belgie\\\/#breadcrumb\",\"itemListElement\":[{\"@type\":\"ListItem\",\"position\":1,\"name\":\"Accueil\",\"item\":\"https:\\\/\\\/www.medespoir.be\\\/nl\\\/\"},{\"@type\":\"ListItem\",\"position\":2,\"name\":\"DHI Belgium : haartransplantatie prijzen en kaalheid behandeling zonder littekens\"}]},{\"@type\":\"WebSite\",\"@id\":\"https:\\\/\\\/www.medespoir.be\\\/#website\",\"url\":\"https:\\\/\\\/www.medespoir.be\\\/\",\"name\":\"Chirurgie esthetique Belgique\",\"description\":\"\",\"publisher\":{\"@id\":\"https:\\\/\\\/www.medespoir.be\\\/#organization\"},\"potentialAction\":[{\"@type\":\"SearchAction\",\"target\":{\"@type\":\"EntryPoint\",\"urlTemplate\":\"https:\\\/\\\/www.medespoir.be\\\/?s={search_term_string}\"},\"query-input\":{\"@type\":\"PropertyValueSpecification\",\"valueRequired\":true,\"valueName\":\"search_term_string\"}}],\"inLanguage\":\"nl-NL\"},{\"@type\":\"Organization\",\"@id\":\"https:\\\/\\\/www.medespoir.be\\\/#organization\",\"name\":\"Medespoir Belgique\",\"url\":\"https:\\\/\\\/www.medespoir.be\\\/\",\"logo\":{\"@type\":\"ImageObject\",\"inLanguage\":\"nl-NL\",\"@id\":\"https:\\\/\\\/www.medespoir.be\\\/#\\\/schema\\\/logo\\\/image\\\/\",\"url\":\"https:\\\/\\\/www.medespoir.be\\\/wp-content\\\/uploads\\\/2018\\\/10\\\/lg-medespoir-be.jpg\",\"contentUrl\":\"https:\\\/\\\/www.medespoir.be\\\/wp-content\\\/uploads\\\/2018\\\/10\\\/lg-medespoir-be.jpg\",\"width\":242,\"height\":77,\"caption\":\"Medespoir Belgique\"},\"image\":{\"@id\":\"https:\\\/\\\/www.medespoir.be\\\/#\\\/schema\\\/logo\\\/image\\\/\"}}]}<\/script>\n<!-- \/ Yoast SEO plugin. -->","yoast_head_json":{"title":"DHI Belgium : prijs haartransplantatie kaalheid behandeling zonder littekens","description":"DHI grafting Belgi\u00eb: littekenloze FUE DHI en FUE SAFFIR haartransplantatie chirurgie perfect beheerst door onze chirurgen die kosten noch moeite sparen om een resultaat te leveren dat voldoet aan de verwachtingen van hun pati\u00ebnten.","robots":{"index":"index","follow":"follow","max-snippet":"max-snippet:-1","max-image-preview":"max-image-preview:large","max-video-preview":"max-video-preview:-1"},"canonical":"https:\/\/www.medespoir.be\/nl\/haartransplantatie-belgie\/","og_locale":"nl_NL","og_type":"article","og_title":"DHI Belgium : prijs haartransplantatie kaalheid behandeling zonder littekens","og_description":"DHI grafting Belgi\u00eb: littekenloze FUE DHI en FUE SAFFIR haartransplantatie chirurgie perfect beheerst door onze chirurgen die kosten noch moeite sparen om een resultaat te leveren dat voldoet aan de verwachtingen van hun pati\u00ebnten.","og_url":"https:\/\/www.medespoir.be\/nl\/haartransplantatie-belgie\/","og_site_name":"Chirurgie esthetique Belgique","article_modified_time":"2023-06-06T10:44:26+00:00","og_image":[{"width":1925,"height":451,"url":"https:\/\/www.medespoir.be\/wp-content\/uploads\/2021\/11\/header_greffe-cheveux-belgique.jpg","type":"image\/jpeg"}],"twitter_card":"summary_large_image","twitter_misc":{"Geschatte leestijd":"7 minuten"},"schema":{"@context":"https:\/\/schema.org","@graph":[{"@type":"WebPage","@id":"https:\/\/www.medespoir.be\/nl\/haartransplantatie-belgie\/","url":"https:\/\/www.medespoir.be\/nl\/haartransplantatie-belgie\/","name":"DHI Belgium : prijs haartransplantatie kaalheid behandeling zonder littekens","isPartOf":{"@id":"https:\/\/www.medespoir.be\/#website"},"primaryImageOfPage":{"@id":"https:\/\/www.medespoir.be\/nl\/haartransplantatie-belgie\/#primaryimage"},"image":{"@id":"https:\/\/www.medespoir.be\/nl\/haartransplantatie-belgie\/#primaryimage"},"thumbnailUrl":"https:\/\/www.medespoir.be\/wp-content\/uploads\/2021\/11\/header_greffe-cheveux-belgique.jpg","datePublished":"2019-09-02T10:19:04+00:00","dateModified":"2023-06-06T10:44:26+00:00","description":"DHI grafting Belgi\u00eb: littekenloze FUE DHI en FUE SAFFIR haartransplantatie chirurgie perfect beheerst door onze chirurgen die kosten noch moeite sparen om een resultaat te leveren dat voldoet aan de verwachtingen van hun pati\u00ebnten.","breadcrumb":{"@id":"https:\/\/www.medespoir.be\/nl\/haartransplantatie-belgie\/#breadcrumb"},"inLanguage":"nl-NL","potentialAction":[{"@type":"ReadAction","target":["https:\/\/www.medespoir.be\/nl\/haartransplantatie-belgie\/"]}]},{"@type":"ImageObject","inLanguage":"nl-NL","@id":"https:\/\/www.medespoir.be\/nl\/haartransplantatie-belgie\/#primaryimage","url":"https:\/\/www.medespoir.be\/wp-content\/uploads\/2021\/11\/header_greffe-cheveux-belgique.jpg","contentUrl":"https:\/\/www.medespoir.be\/wp-content\/uploads\/2021\/11\/header_greffe-cheveux-belgique.jpg","width":1925,"height":451},{"@type":"BreadcrumbList","@id":"https:\/\/www.medespoir.be\/nl\/haartransplantatie-belgie\/#breadcrumb","itemListElement":[{"@type":"ListItem","position":1,"name":"Accueil","item":"https:\/\/www.medespoir.be\/nl\/"},{"@type":"ListItem","position":2,"name":"DHI Belgium : haartransplantatie prijzen en kaalheid behandeling zonder littekens"}]},{"@type":"WebSite","@id":"https:\/\/www.medespoir.be\/#website","url":"https:\/\/www.medespoir.be\/","name":"Chirurgie esthetique Belgique","description":"","publisher":{"@id":"https:\/\/www.medespoir.be\/#organization"},"potentialAction":[{"@type":"SearchAction","target":{"@type":"EntryPoint","urlTemplate":"https:\/\/www.medespoir.be\/?s={search_term_string}"},"query-input":{"@type":"PropertyValueSpecification","valueRequired":true,"valueName":"search_term_string"}}],"inLanguage":"nl-NL"},{"@type":"Organization","@id":"https:\/\/www.medespoir.be\/#organization","name":"Medespoir Belgique","url":"https:\/\/www.medespoir.be\/","logo":{"@type":"ImageObject","inLanguage":"nl-NL","@id":"https:\/\/www.medespoir.be\/#\/schema\/logo\/image\/","url":"https:\/\/www.medespoir.be\/wp-content\/uploads\/2018\/10\/lg-medespoir-be.jpg","contentUrl":"https:\/\/www.medespoir.be\/wp-content\/uploads\/2018\/10\/lg-medespoir-be.jpg","width":242,"height":77,"caption":"Medespoir Belgique"},"image":{"@id":"https:\/\/www.medespoir.be\/#\/schema\/logo\/image\/"}}]}},"_links":{"self":[{"href":"https:\/\/www.medespoir.be\/nl\/wp-json\/wp\/v2\/pages\/8122","targetHints":{"allow":["GET"]}}],"collection":[{"href":"https:\/\/www.medespoir.be\/nl\/wp-json\/wp\/v2\/pages"}],"about":[{"href":"https:\/\/www.medespoir.be\/nl\/wp-json\/wp\/v2\/types\/page"}],"author":[{"embeddable":true,"href":"https:\/\/www.medespoir.be\/nl\/wp-json\/wp\/v2\/users\/1"}],"replies":[{"embeddable":true,"href":"https:\/\/www.medespoir.be\/nl\/wp-json\/wp\/v2\/comments?post=8122"}],"version-history":[{"count":3,"href":"https:\/\/www.medespoir.be\/nl\/wp-json\/wp\/v2\/pages\/8122\/revisions"}],"predecessor-version":[{"id":8126,"href":"https:\/\/www.medespoir.be\/nl\/wp-json\/wp\/v2\/pages\/8122\/revisions\/8126"}],"wp:featuredmedia":[{"embeddable":true,"href":"https:\/\/www.medespoir.be\/nl\/wp-json\/wp\/v2\/media\/7714"}],"wp:attachment":[{"href":"https:\/\/www.medespoir.be\/nl\/wp-json\/wp\/v2\/media?parent=8122"}],"curies":[{"name":"wp","href":"https:\/\/api.w.org\/{rel}","templated":true}]}}