{"id":8218,"date":"2022-01-12T12:59:12","date_gmt":"2022-01-12T11:59:12","guid":{"rendered":"https:\/\/www.medespoir.be\/mommy-makeover-cosmetische-chirurgie-na-de-zwangerschap-om-je-figuur-slanker-te-maken\/"},"modified":"2023-06-06T15:24:13","modified_gmt":"2023-06-06T13:24:13","slug":"mommy-makeover","status":"publish","type":"page","link":"https:\/\/www.medespoir.be\/nl\/mommy-makeover\/","title":{"rendered":"Mommy Makeover: cosmetische chirurgie na de zwangerschap om je figuur slanker te maken"},"content":{"rendered":"<p>Mommy Makeover is een reeks cosmetische chirurgische ingrepen om vrouwen te helpen weer in vorm te komen na een zwangerschap.<\/p>\n<p>Kinderen krijgen verandert het lichaam van een vrouw en dingen worden niet altijd meer zoals ze waren. Een ervaren cosmetisch chirurg kan de gevolgen van de zwangerschap verhelpen door de vrouw haar vorm van voor de zwangerschap terug te geven of zelfs te verbeteren met gepersonaliseerde borst- en lichaamsprocedures.<\/p>\n<h2>Wat is de Mommy Makeover?<\/h2>\n<p>Een Mommy Makeover is de spreekwoordelijke term voor een persoonlijke reeks cosmetische chirurgische ingrepen om een vrouw te helpen omgaan met de veelvoorkomende effecten van het moederschap en veroudering op het gezicht, de borsten, de genitali\u00ebn en het lichaam en om het uiterlijk van voor de zwangerschap te herstellen of te verbeteren. De Mommy Makeover kan cosmetische chirurgie, niet-chirurgische behandelingen of een combinatie van beide omvatten.<\/p>\n<figure>\n\t\t\t\t\t\t\t\t\t\t<img loading=\"lazy\" decoding=\"async\" width=\"640\" height=\"607\" src=\"https:\/\/www.medespoir.be\/wp-content\/uploads\/2022\/01\/mommy-makeover-belgique-tunisie.jpg\" alt=\"\" loading=\"lazy\" srcset=\"https:\/\/www.medespoir.be\/wp-content\/uploads\/2022\/01\/mommy-makeover-belgique-tunisie.jpg 800w, https:\/\/www.medespoir.be\/wp-content\/uploads\/2022\/01\/mommy-makeover-belgique-tunisie-300x285.jpg 300w, https:\/\/www.medespoir.be\/wp-content\/uploads\/2022\/01\/mommy-makeover-belgique-tunisie-768x729.jpg 768w\" sizes=\"auto, (max-width: 640px) 100vw, 640px\" \/><figcaption>Mama Makeover interventies<\/figcaption><\/figure>\n<p>\t\t<a href=\"https:\/\/www.medespoir.be\/nl\/gratis-offerte\/\">Ik raadpleeg onmiddellijk<\/a><\/p>\n<h2>Het Mommy Makeover pakket van MedEspoir: prijzen en verblijf!<\/h2>\n<p>De belangrijkste beslissing die je moet nemen is waar en wie je operatie(s) gaat uitvoeren.<br \/>\nOmdat Mama Makeover-operaties meestal meerdere procedures omvatten, wil je er zeker van zijn dat de kliniek gekwalificeerd is voor dit soort gecombineerde cosmetische procedures en dat de cosmetisch chirurg die je kiest niet alleen ervaring heeft met elk van de individuele procedures die je overweegt, maar ook ervaring heeft met het uitvoeren van deze procedures samen.<br \/>\nMedEspoir biedt je een <strong>Mommy Makeover pakket in Tunesi\u00eb<\/strong> voor een <b>prijs vanaf \u20ac2.000<\/b>, inclusief accommodatie. Zoek niet elders, wij bieden je de <strong>beste prijs en de beste servicekwaliteit<\/strong>.<br \/>\nNeem nu contact met ons op en onze adviseurs begeleiden je bij elke stap en geven je alle informatie die je nodig hebt. Onze gediplomeerde chirurgen luisteren naar al je zorgen en beantwoorden graag al je vragen.<br \/>\n<style>\r\nhtml body a.whatsapp-button {\r\n    display: inline-block;\r\n    background-color: #25D366;\r\n    font-size: 16px;\r\n    font-weight: bold;\r\n    padding: 12px 20px;\r\n    text-align: center;\r\n    text-decoration: none;\r\n    border-radius: 5px;\r\n    box-shadow: 0 4px 6px rgba(0, 0, 0, 0.1);\r\n    transition: background-color 0.3s ease, transform 0.2s ease;\r\n    color: white!important;\r\n}\r\n\r\n.whatsapp-button:hover {\r\n    background-color: #1EBE54;\r\n    transform: translateY(-2px);\r\n}\r\n\r\n.whatsapp-button:active {\r\n    transform: translateY(0);\r\n}\r\n\r\n.align_center {\r\n    display: block;\r\n    text-align: center;\r\n    padding: 30px 0px;\r\n}\r\n\r\n<\/style>\r\n<section >\r\n<div class=\"container\">\r\n<div class=\"row\">\r\n<div class=\"col-md-12\" align=\"center\">\r\n<div class=\"align_center\">\r\n                <a href=\"https:\/\/api.whatsapp.com\/send?phone=+33635235712&&text=Hallo,%20ik%20wil%20graag%20meer%20weten%20over%20je%20werk%20en%20je%20prijzen%20!\"\r\n                    class=\"whatsapp-button\" target=\"_blank\">\r\n                    Klik hier voor een gratis Whatsapp offerte\r\n                <\/a>\r\n<\/div>\r\n<\/div>\r\n<\/div>\r\n<\/div>\r\n<\/section><\/p>\n<h2>Wat zijn de voordelen van een mammamakeover in Tunesi\u00eb?<\/h2>\n<p>Zwangerschap kan blijvende &#8211; en vaak ongewenste &#8211; effecten hebben op je uiterlijk, zoals verslapte borsten, uitgerekte buikspieren en overtollige losse huid. Veel vrouwen raken ontmoedigd als hun borsten en lichaam niet terugkeren naar de vorm van voor de zwangerschap, zelfs niet met een gezond dieet en voldoende lichaamsbeweging. Door ongewenste veranderingen als gevolg van de zwangerschap te corrigeren en het uiterlijk dat je wilt terug te geven, kan de mammamakeover je helpen om je beter te voelen over jezelf, je comfort te verbeteren en je zelfvertrouwen een boost te geven.<br \/>\nElke pati\u00ebnt heeft haar eigen persoonlijke doelen voor haar Mommy Makeover, waaronder vaak een of meer van de volgende:<\/p>\n<ul>\n<li>Corrigeren van verzakkingen en herstellen van borstvolume<\/li>\n<li>De symmetrie van de borst verbeteren<\/li>\n<li>Een uitgerekte of vergrote tepel herstellen<\/li>\n<li>Verwijder overtollige slappe huid van de buik.<\/li>\n<li>Uitgerekte of gescheiden buikspieren (diastase) herstellen<\/li>\n<li>Verminder vetophopingen die bestand zijn tegen di\u00ebten en lichaamsbeweging.<\/li>\n<li>Verbeter de taille, billen en geslachtsdelen.<\/li>\n<\/ul>\n<h2>Wanneer is het juiste moment voor een Mommy Makeover?<\/h2>\n<p>Het juiste moment bepalen voor een Mommy Makeover is grotendeels een persoonlijke beslissing tussen jou en je plastisch chirurg. Er zijn echter bepaalde factoren die je in overweging moet nemen bij het kiezen van het ideale moment en de procedures die je zult ondergaan.<\/p>\n<ul>\n<li>Je moet volledig hersteld zijn van de bevalling voordat je een operatie ondergaat.<\/li>\n<li>Als u een borstoperatie overweegt, moet u enkele maanden wachten na het be\u00ebindigen van de borstvoeding om de borsten de kans te geven hun grootte en vorm te stabiliseren.<\/li>\n<li>Bepaalde niet-chirurgische behandelingen, zoals injectables, worden niet aanbevolen tijdens de borstvoeding.<\/li>\n<\/ul>\n<p>Als algemene regel geldt dat je het beste kunt wachten met een faceliftoperatie totdat je klaar bent met kinderen, zoals een buikwandcorrectie, borstlift of lifte onderlichaam. Als je in de toekomst een nieuwe zwangerschap overweegt, kunnen niet-chirurgische lichaams- en huidcontourbehandelingen voordelige opties zijn voor tussentijdse behandelingen.<\/p>\n<h2>Wat zijn mijn opties voor een Mommy Makeover?<\/h2>\n<p>Omdat zwangerschap en bevalling een grote invloed hebben op de borsten en het lichaam, omvat de Mommy Makeover meestal een borstvergroting en een chirurgische ingreep voor de contouren van het lichaam. Uw operatie kan echter elke procedure omvatten die u helpt uw persoonlijke problemen aan te pakken. Hieronder staan de meest voorkomende procedures die vrouwen kiezen als onderdeel van een Mommy Makeover.<\/p>\n<h3>Chirurgische procedures<\/h3>\n<p>De meeste pati\u00ebnten die een transformatie van hun moeder hebben ondergaan, ondergaan een of meer chirurgische ingrepen. In de meeste gevallen kunnen meerdere procedures in \u00e9\u00e9n enkele operatie worden uitgevoerd, waardoor de pati\u00ebnt verschillende gebieden kan verbeteren in \u00e9\u00e9n enkele operatie en herstelperiode.<\/p>\n<ul>\n<li><a href=\"https:\/\/www.medespoir.be\/nl\/borstvergroting\/\" target=\"_blank\" rel=\"noopener\">Borstvergroting<\/a><\/li>\n<li><a href=\"https:\/\/www.medespoir.be\/nl\/borsttose\/\" target=\"_blank\" rel=\"noopener\">Borstlift<\/a><\/li>\n<li><a href=\"https:\/\/www.medespoir.be\/nl\/buikwandcorrectie\/\" target=\"_blank\" rel=\"noopener\">Buikwandcorrectie<\/a><\/li>\n<li><a href=\"https:\/\/www.medespoir.be\/nl\/liposuctie-belgie\/\" target=\"_blank\" rel=\"noopener\">Liposuctie<\/a><\/li>\n<li><a href=\"https:\/\/www.medespoir.be\/chirurgies-intimes-femmes-tunisie\/\" target=\"_blank\" rel=\"noopener\">Verjonging van intieme delen (vaginoplastiek)<\/a><\/li>\n<\/ul>\n<h3>Niet-chirurgische procedures<\/h3>\n<p>Vrouwen nemen steeds vaker niet-chirurgische behandelingen op in hun plannen voor een mommy makeover. Deze behandelingen kunnen een goede optie zijn voor mensen die van plan zijn meer kinderen te krijgen en voor mensen die geen weken vrij willen of kunnen nemen om te herstellen van een operatie. Niet-chirurgische behandelingen geven over het algemeen minder spectaculaire resultaten dan chirurgie, maar kunnen nog steeds aanzienlijke verbeteringen opleveren voor de betrokken pati\u00ebnten.<\/p>\n<ul>\n<li>Niet-chirurgische vetvermindering<b>(Cryolipolyse)<\/b><\/li>\n<li>Huidverstevigende behandelingen<\/li>\n<li>Niet-chirurgische vaginale verjonging<\/li>\n<li>Injectables: <a href=\"https:\/\/www.medespoir.be\/comblement-rides\/\" target=\"_blank\" rel=\"noopener\">vulproducten<\/a><\/li>\n<li><a href=\"https:\/\/www.medespoir.be\/mesolift-mesotherapie-faciale\/\" target=\"_blank\" rel=\"noopener\">Huidherstellende<\/a> behandelingen<\/li>\n<\/ul>\n<h2>Leven na de Mamamakeover<\/h2>\n<p>Omdat body contouring wordt aangepast aan de behoeften en doelstellingen van elke pati\u00ebnt, vari\u00ebren de chirurgische protocollen en hersteltijden. Als algemene regel geldt dat de herstelperiode vergelijkbaar moet zijn met die van de meest uitgebreide operatie die u hebt ondergaan, wat in de meeste gevallen een buikwandcorrectie is. Voor meer informatie kunt u onze gids raadplegen over de cosmetische ingrepen in Tunesi\u00eb die u interesseren.<\/p>\n<p>Veel pati\u00ebnten ondergaan een operatie als hun kinderen nog heel jong zijn. Hierdoor kunnen ze sneller hun gewenste uiterlijk terugkrijgen, maar moet de kinderopvang tijdens de herstelperiode zorgvuldig worden gepland. De meeste chirurgische ingrepen beperken je vermogen om te tillen gedurende 4 tot 6 weken na de operatie; je zult iemand anders moeten vragen om taken uit te voeren waarbij je een kind moet oppakken of dragen terwijl je herstelt.<\/p>\n<\/p>\n<figure>\n\t\t\t\t\t\t\t\t\t\t<img loading=\"lazy\" decoding=\"async\" width=\"640\" height=\"428\" src=\"https:\/\/www.medespoir.be\/wp-content\/uploads\/2022\/01\/Resultat-Mommy-Makeover-1024x684.jpg\" alt=\"\" loading=\"lazy\" srcset=\"https:\/\/www.medespoir.be\/wp-content\/uploads\/2022\/01\/Resultat-Mommy-Makeover-1024x684.jpg 1024w, https:\/\/www.medespoir.be\/wp-content\/uploads\/2022\/01\/Resultat-Mommy-Makeover-300x200.jpg 300w, https:\/\/www.medespoir.be\/wp-content\/uploads\/2022\/01\/Resultat-Mommy-Makeover-768x513.jpg 768w, https:\/\/www.medespoir.be\/wp-content\/uploads\/2022\/01\/Resultat-Mommy-Makeover-1536x1025.jpg 1536w, https:\/\/www.medespoir.be\/wp-content\/uploads\/2022\/01\/Resultat-Mommy-Makeover-2048x1367.jpg 2048w\" sizes=\"auto, (max-width: 640px) 100vw, 640px\" \/><figcaption>R\u00e9sultat Mommy Makeover<\/figcaption><\/figure>\n<p>De tijd die het duurt voordat je resultaten definitief zijn, hangt ook af van de procedures die je hebt ondergaan. Over het algemeen voelen pati\u00ebnten zich binnen 3 maanden na de operatie comfortabel en zelfverzekerd bij het dragen van een zwempak.<\/p>\n<p>Als de Mommy Makeover wordt uitgevoerd door een gekwalificeerde cosmetisch chirurg, kan het een lonende ingreep zijn met langdurige resultaten. De beste manier om meer te weten te komen over de mogelijkheden voor een Mommy Makeover is een gesprek met onze <a href=\"https:\/\/www.medespoir.be\/nl\/chirurgen\/\" target=\"_blank\" rel=\"noopener\">gediplomeerde plastisch chirurg<\/a>.<\/p>\n<p><a href=\"https:\/\/www.medespoir.be\/nl\/gratis-offerte\/\">Mommy Makeover consult<\/a><\/p>\n","protected":false},"excerpt":{"rendered":"<p>Mommy Makeover is een reeks cosmetische chirurgische ingrepen om vrouwen te helpen weer in vorm te komen na een zwangerschap. Kinderen krijgen verandert het lichaam van een vrouw en dingen worden niet altijd meer zoals ze waren. Een ervaren cosmetisch chirurg kan de gevolgen van de zwangerschap verhelpen door de vrouw haar vorm van voor [&hellip;]<\/p>\n","protected":false},"author":1,"featured_media":7704,"parent":0,"menu_order":0,"comment_status":"closed","ping_status":"closed","template":"","meta":{"footnotes":""},"class_list":["post-8218","page","type-page","status-publish","has-post-thumbnail","hentry"],"yoast_head":"<!-- This site is optimized with the Yoast SEO plugin v27.6 - https:\/\/yoast.com\/product\/yoast-seo-wordpress\/ -->\n<title>Mommy Makeover prijzen en all-inclusive verblijf<\/title>\n<meta name=\"description\" content=\"Een Mommy Makeover is een gepersonaliseerd pakket van cosmetische chirurgische ingrepen om een vrouw te helpen omgaan met de veelvoorkomende effecten van het moederschap en veroudering op het gezicht, de borsten, de genitali\u00ebn en het lichaam, en om het uiterlijk van voor de zwangerschap te herstellen of te verbeteren.\" \/>\n<meta name=\"robots\" content=\"index, follow, max-snippet:-1, max-image-preview:large, max-video-preview:-1\" \/>\n<link rel=\"canonical\" href=\"https:\/\/www.medespoir.be\/nl\/mommy-makeover\/\" \/>\n<meta property=\"og:locale\" content=\"nl_NL\" \/>\n<meta property=\"og:type\" content=\"article\" \/>\n<meta property=\"og:title\" content=\"Mommy Makeover prijzen en all-inclusive verblijf\" \/>\n<meta property=\"og:description\" content=\"Een Mommy Makeover is een gepersonaliseerd pakket van cosmetische chirurgische ingrepen om een vrouw te helpen omgaan met de veelvoorkomende effecten van het moederschap en veroudering op het gezicht, de borsten, de genitali\u00ebn en het lichaam, en om het uiterlijk van voor de zwangerschap te herstellen of te verbeteren.\" \/>\n<meta property=\"og:url\" content=\"https:\/\/www.medespoir.be\/nl\/mommy-makeover\/\" \/>\n<meta property=\"og:site_name\" content=\"Chirurgie esthetique Belgique\" \/>\n<meta property=\"article:modified_time\" content=\"2023-06-06T13:24:13+00:00\" \/>\n<meta property=\"og:image\" content=\"https:\/\/www.medespoir.be\/wp-content\/uploads\/2021\/11\/header_silhouette.jpg\" \/>\n\t<meta property=\"og:image:width\" content=\"1925\" \/>\n\t<meta property=\"og:image:height\" content=\"451\" \/>\n\t<meta property=\"og:image:type\" content=\"image\/jpeg\" \/>\n<meta name=\"twitter:card\" content=\"summary_large_image\" \/>\n<meta name=\"twitter:label1\" content=\"Geschatte leestijd\" \/>\n\t<meta name=\"twitter:data1\" content=\"6 minuten\" \/>\n<script type=\"application\/ld+json\" class=\"yoast-schema-graph\">{\"@context\":\"https:\\\/\\\/schema.org\",\"@graph\":[{\"@type\":\"WebPage\",\"@id\":\"https:\\\/\\\/www.medespoir.be\\\/nl\\\/mommy-makeover\\\/\",\"url\":\"https:\\\/\\\/www.medespoir.be\\\/nl\\\/mommy-makeover\\\/\",\"name\":\"Mommy Makeover prijzen en all-inclusive verblijf\",\"isPartOf\":{\"@id\":\"https:\\\/\\\/www.medespoir.be\\\/#website\"},\"primaryImageOfPage\":{\"@id\":\"https:\\\/\\\/www.medespoir.be\\\/nl\\\/mommy-makeover\\\/#primaryimage\"},\"image\":{\"@id\":\"https:\\\/\\\/www.medespoir.be\\\/nl\\\/mommy-makeover\\\/#primaryimage\"},\"thumbnailUrl\":\"https:\\\/\\\/www.medespoir.be\\\/wp-content\\\/uploads\\\/2021\\\/11\\\/header_silhouette.jpg\",\"datePublished\":\"2022-01-12T11:59:12+00:00\",\"dateModified\":\"2023-06-06T13:24:13+00:00\",\"description\":\"Een Mommy Makeover is een gepersonaliseerd pakket van cosmetische chirurgische ingrepen om een vrouw te helpen omgaan met de veelvoorkomende effecten van het moederschap en veroudering op het gezicht, de borsten, de genitali\u00ebn en het lichaam, en om het uiterlijk van voor de zwangerschap te herstellen of te verbeteren.\",\"breadcrumb\":{\"@id\":\"https:\\\/\\\/www.medespoir.be\\\/nl\\\/mommy-makeover\\\/#breadcrumb\"},\"inLanguage\":\"nl-NL\",\"potentialAction\":[{\"@type\":\"ReadAction\",\"target\":[\"https:\\\/\\\/www.medespoir.be\\\/nl\\\/mommy-makeover\\\/\"]}]},{\"@type\":\"ImageObject\",\"inLanguage\":\"nl-NL\",\"@id\":\"https:\\\/\\\/www.medespoir.be\\\/nl\\\/mommy-makeover\\\/#primaryimage\",\"url\":\"https:\\\/\\\/www.medespoir.be\\\/wp-content\\\/uploads\\\/2021\\\/11\\\/header_silhouette.jpg\",\"contentUrl\":\"https:\\\/\\\/www.medespoir.be\\\/wp-content\\\/uploads\\\/2021\\\/11\\\/header_silhouette.jpg\",\"width\":1925,\"height\":451},{\"@type\":\"BreadcrumbList\",\"@id\":\"https:\\\/\\\/www.medespoir.be\\\/nl\\\/mommy-makeover\\\/#breadcrumb\",\"itemListElement\":[{\"@type\":\"ListItem\",\"position\":1,\"name\":\"Accueil\",\"item\":\"https:\\\/\\\/www.medespoir.be\\\/nl\\\/\"},{\"@type\":\"ListItem\",\"position\":2,\"name\":\"Mommy Makeover: cosmetische chirurgie na de zwangerschap om je figuur slanker te maken\"}]},{\"@type\":\"WebSite\",\"@id\":\"https:\\\/\\\/www.medespoir.be\\\/#website\",\"url\":\"https:\\\/\\\/www.medespoir.be\\\/\",\"name\":\"Chirurgie esthetique Belgique\",\"description\":\"\",\"publisher\":{\"@id\":\"https:\\\/\\\/www.medespoir.be\\\/#organization\"},\"potentialAction\":[{\"@type\":\"SearchAction\",\"target\":{\"@type\":\"EntryPoint\",\"urlTemplate\":\"https:\\\/\\\/www.medespoir.be\\\/?s={search_term_string}\"},\"query-input\":{\"@type\":\"PropertyValueSpecification\",\"valueRequired\":true,\"valueName\":\"search_term_string\"}}],\"inLanguage\":\"nl-NL\"},{\"@type\":\"Organization\",\"@id\":\"https:\\\/\\\/www.medespoir.be\\\/#organization\",\"name\":\"Medespoir Belgique\",\"url\":\"https:\\\/\\\/www.medespoir.be\\\/\",\"logo\":{\"@type\":\"ImageObject\",\"inLanguage\":\"nl-NL\",\"@id\":\"https:\\\/\\\/www.medespoir.be\\\/#\\\/schema\\\/logo\\\/image\\\/\",\"url\":\"https:\\\/\\\/www.medespoir.be\\\/wp-content\\\/uploads\\\/2018\\\/10\\\/lg-medespoir-be.jpg\",\"contentUrl\":\"https:\\\/\\\/www.medespoir.be\\\/wp-content\\\/uploads\\\/2018\\\/10\\\/lg-medespoir-be.jpg\",\"width\":242,\"height\":77,\"caption\":\"Medespoir Belgique\"},\"image\":{\"@id\":\"https:\\\/\\\/www.medespoir.be\\\/#\\\/schema\\\/logo\\\/image\\\/\"}}]}<\/script>\n<!-- \/ Yoast SEO plugin. -->","yoast_head_json":{"title":"Mommy Makeover prijzen en all-inclusive verblijf","description":"Een Mommy Makeover is een gepersonaliseerd pakket van cosmetische chirurgische ingrepen om een vrouw te helpen omgaan met de veelvoorkomende effecten van het moederschap en veroudering op het gezicht, de borsten, de genitali\u00ebn en het lichaam, en om het uiterlijk van voor de zwangerschap te herstellen of te verbeteren.","robots":{"index":"index","follow":"follow","max-snippet":"max-snippet:-1","max-image-preview":"max-image-preview:large","max-video-preview":"max-video-preview:-1"},"canonical":"https:\/\/www.medespoir.be\/nl\/mommy-makeover\/","og_locale":"nl_NL","og_type":"article","og_title":"Mommy Makeover prijzen en all-inclusive verblijf","og_description":"Een Mommy Makeover is een gepersonaliseerd pakket van cosmetische chirurgische ingrepen om een vrouw te helpen omgaan met de veelvoorkomende effecten van het moederschap en veroudering op het gezicht, de borsten, de genitali\u00ebn en het lichaam, en om het uiterlijk van voor de zwangerschap te herstellen of te verbeteren.","og_url":"https:\/\/www.medespoir.be\/nl\/mommy-makeover\/","og_site_name":"Chirurgie esthetique Belgique","article_modified_time":"2023-06-06T13:24:13+00:00","og_image":[{"width":1925,"height":451,"url":"https:\/\/www.medespoir.be\/wp-content\/uploads\/2021\/11\/header_silhouette.jpg","type":"image\/jpeg"}],"twitter_card":"summary_large_image","twitter_misc":{"Geschatte leestijd":"6 minuten"},"schema":{"@context":"https:\/\/schema.org","@graph":[{"@type":"WebPage","@id":"https:\/\/www.medespoir.be\/nl\/mommy-makeover\/","url":"https:\/\/www.medespoir.be\/nl\/mommy-makeover\/","name":"Mommy Makeover prijzen en all-inclusive verblijf","isPartOf":{"@id":"https:\/\/www.medespoir.be\/#website"},"primaryImageOfPage":{"@id":"https:\/\/www.medespoir.be\/nl\/mommy-makeover\/#primaryimage"},"image":{"@id":"https:\/\/www.medespoir.be\/nl\/mommy-makeover\/#primaryimage"},"thumbnailUrl":"https:\/\/www.medespoir.be\/wp-content\/uploads\/2021\/11\/header_silhouette.jpg","datePublished":"2022-01-12T11:59:12+00:00","dateModified":"2023-06-06T13:24:13+00:00","description":"Een Mommy Makeover is een gepersonaliseerd pakket van cosmetische chirurgische ingrepen om een vrouw te helpen omgaan met de veelvoorkomende effecten van het moederschap en veroudering op het gezicht, de borsten, de genitali\u00ebn en het lichaam, en om het uiterlijk van voor de zwangerschap te herstellen of te verbeteren.","breadcrumb":{"@id":"https:\/\/www.medespoir.be\/nl\/mommy-makeover\/#breadcrumb"},"inLanguage":"nl-NL","potentialAction":[{"@type":"ReadAction","target":["https:\/\/www.medespoir.be\/nl\/mommy-makeover\/"]}]},{"@type":"ImageObject","inLanguage":"nl-NL","@id":"https:\/\/www.medespoir.be\/nl\/mommy-makeover\/#primaryimage","url":"https:\/\/www.medespoir.be\/wp-content\/uploads\/2021\/11\/header_silhouette.jpg","contentUrl":"https:\/\/www.medespoir.be\/wp-content\/uploads\/2021\/11\/header_silhouette.jpg","width":1925,"height":451},{"@type":"BreadcrumbList","@id":"https:\/\/www.medespoir.be\/nl\/mommy-makeover\/#breadcrumb","itemListElement":[{"@type":"ListItem","position":1,"name":"Accueil","item":"https:\/\/www.medespoir.be\/nl\/"},{"@type":"ListItem","position":2,"name":"Mommy Makeover: cosmetische chirurgie na de zwangerschap om je figuur slanker te maken"}]},{"@type":"WebSite","@id":"https:\/\/www.medespoir.be\/#website","url":"https:\/\/www.medespoir.be\/","name":"Chirurgie esthetique Belgique","description":"","publisher":{"@id":"https:\/\/www.medespoir.be\/#organization"},"potentialAction":[{"@type":"SearchAction","target":{"@type":"EntryPoint","urlTemplate":"https:\/\/www.medespoir.be\/?s={search_term_string}"},"query-input":{"@type":"PropertyValueSpecification","valueRequired":true,"valueName":"search_term_string"}}],"inLanguage":"nl-NL"},{"@type":"Organization","@id":"https:\/\/www.medespoir.be\/#organization","name":"Medespoir Belgique","url":"https:\/\/www.medespoir.be\/","logo":{"@type":"ImageObject","inLanguage":"nl-NL","@id":"https:\/\/www.medespoir.be\/#\/schema\/logo\/image\/","url":"https:\/\/www.medespoir.be\/wp-content\/uploads\/2018\/10\/lg-medespoir-be.jpg","contentUrl":"https:\/\/www.medespoir.be\/wp-content\/uploads\/2018\/10\/lg-medespoir-be.jpg","width":242,"height":77,"caption":"Medespoir Belgique"},"image":{"@id":"https:\/\/www.medespoir.be\/#\/schema\/logo\/image\/"}}]}},"_links":{"self":[{"href":"https:\/\/www.medespoir.be\/nl\/wp-json\/wp\/v2\/pages\/8218","targetHints":{"allow":["GET"]}}],"collection":[{"href":"https:\/\/www.medespoir.be\/nl\/wp-json\/wp\/v2\/pages"}],"about":[{"href":"https:\/\/www.medespoir.be\/nl\/wp-json\/wp\/v2\/types\/page"}],"author":[{"embeddable":true,"href":"https:\/\/www.medespoir.be\/nl\/wp-json\/wp\/v2\/users\/1"}],"replies":[{"embeddable":true,"href":"https:\/\/www.medespoir.be\/nl\/wp-json\/wp\/v2\/comments?post=8218"}],"version-history":[{"count":12,"href":"https:\/\/www.medespoir.be\/nl\/wp-json\/wp\/v2\/pages\/8218\/revisions"}],"predecessor-version":[{"id":8231,"href":"https:\/\/www.medespoir.be\/nl\/wp-json\/wp\/v2\/pages\/8218\/revisions\/8231"}],"wp:featuredmedia":[{"embeddable":true,"href":"https:\/\/www.medespoir.be\/nl\/wp-json\/wp\/v2\/media\/7704"}],"wp:attachment":[{"href":"https:\/\/www.medespoir.be\/nl\/wp-json\/wp\/v2\/media?parent=8218"}],"curies":[{"name":"wp","href":"https:\/\/api.w.org\/{rel}","templated":true}]}}