{"id":8243,"date":"2018-10-23T13:08:11","date_gmt":"2018-10-23T11:08:11","guid":{"rendered":"https:\/\/www.medespoir.be\/bovenbuikwandcorrectie-belgie\/"},"modified":"2023-06-06T17:16:40","modified_gmt":"2023-06-06T15:16:40","slug":"buikwandcorrectie-belgie","status":"publish","type":"page","link":"https:\/\/www.medespoir.be\/nl\/buikwandcorrectie-belgie\/","title":{"rendered":"Bovenbuikwandcorrectie Belgi\u00eb"},"content":{"rendered":"\t\t<div data-elementor-type=\"wp-page\" data-elementor-id=\"8243\" class=\"elementor elementor-8243\">\n\t\t\t\t\t\t<section class=\"elementor-section elementor-top-section elementor-element elementor-element-a366b7c elementor-section-boxed elementor-section-height-default elementor-section-height-default\" data-id=\"a366b7c\" data-element_type=\"section\" data-e-type=\"section\">\n\t\t\t\t\t\t<div class=\"elementor-container elementor-column-gap-default\">\n\t\t\t\t\t<div class=\"elementor-column elementor-col-66 elementor-top-column elementor-element elementor-element-8f34d31\" data-id=\"8f34d31\" data-element_type=\"column\" data-e-type=\"column\">\n\t\t\t<div class=\"elementor-widget-wrap elementor-element-populated\">\n\t\t\t\t\t\t<div class=\"elementor-element elementor-element-9ceda54 elementor-widget elementor-widget-text-editor\" data-id=\"9ceda54\" data-element_type=\"widget\" data-e-type=\"widget\" data-widget_type=\"text-editor.default\">\n\t\t\t\t<div class=\"elementor-widget-container\">\n\t\t\t\t\t\t\t\t\t<strong>Buikwandcorrectie<\/strong> is op zich een geavanceerde techniek die ontworpen is om het verslapte uiterlijk van de buik te verbeteren en de pati\u00ebnt een platte, gladde buik te geven.\nBovendien is de<strong>Belgische hoogspanningstechniek voor buikwandcorrectie<\/strong> de &#8220;nieuwe generatie&#8221; van de <strong>klassieke plastische chirurgie voor buikwandcorrectie<\/strong>.\n<h2>Principe van buikwandcorrectie met hoge spanning<\/h2>\nDeze chirurgische procedure werd ontwikkeld in 2000 en onderscheidt zich door het feit dat de spanning gelijkmatig over de buik wordt verdeeld en niet alleen bij de gemaakte incisie (in het bikinigebied).\n\nOp deze manier wordt de <strong>druk van het hermodelleren van het buikhuidweefsel<\/strong> verdeeld over de buik, de navel, het schaambeen en zelfs de rug.\nEr zijn drie mogelijke gevallen, afhankelijk van of de buikhuid is aangetast:\n<ul class=\"liste-page\">\n \t<li>De navel moet verplaatst worden: het litteken zit verborgen in de navel;<\/li>\n \t<li>Litteken in het suprapubische gebied, maar minder spanning;<\/li>\n \t<li>Spanning wordt toegepast aan beide zijden van de navel zonder het natuurlijke uiterlijk te veranderen.<\/li>\n<\/ul>\n\t\t\t\t\t\t\t\t<\/div>\n\t\t\t\t<\/div>\n\t\t\t\t\t<\/div>\n\t\t<\/div>\n\t\t\t\t<div class=\"elementor-column elementor-col-33 elementor-top-column elementor-element elementor-element-72204eb\" data-id=\"72204eb\" data-element_type=\"column\" data-e-type=\"column\">\n\t\t\t<div class=\"elementor-widget-wrap elementor-element-populated\">\n\t\t\t\t\t\t<div class=\"elementor-element elementor-element-3cfa01b elementor-widget elementor-widget-text-editor\" data-id=\"3cfa01b\" data-element_type=\"widget\" data-e-type=\"widget\" data-widget_type=\"text-editor.default\">\n\t\t\t\t<div class=\"elementor-widget-container\">\n\t\t\t\t\t\t\t\t\t<p><figure id=\"attachment_7445\" aria-describedby=\"caption-attachment-7445\" style=\"width: 650px\" class=\"wp-caption aligncenter\"><img fetchpriority=\"high\" decoding=\"async\" class=\"size-full wp-image-2557\" src=\"https:\/\/www.medespoir.be\/wp-content\/uploads\/2019\/09\/abdominoplastie-a-haute-tension-superieure.jpg\" alt=\"buikwandcorrectie met hoog voltage\" width=\"650\" height=\"382\" srcset=\"https:\/\/www.medespoir.be\/wp-content\/uploads\/2019\/09\/abdominoplastie-a-haute-tension-superieure.jpg 650w, https:\/\/www.medespoir.be\/wp-content\/uploads\/2019\/09\/abdominoplastie-a-haute-tension-superieure-300x176.jpg 300w, https:\/\/www.medespoir.be\/wp-content\/uploads\/2019\/09\/abdominoplastie-a-haute-tension-superieure-248x146.jpg 248w, https:\/\/www.medespoir.be\/wp-content\/uploads\/2019\/09\/abdominoplastie-a-haute-tension-superieure-50x29.jpg 50w, https:\/\/www.medespoir.be\/wp-content\/uploads\/2019\/09\/abdominoplastie-a-haute-tension-superieure-128x75.jpg 128w\" sizes=\"(max-width: 650px) 100vw, 650px\" \/><figcaption id=\"caption-attachment-7445\" class=\"wp-caption-text\">Bovenbuikwandcorrectie Belgi\u00eb<\/figcaption><\/figure><\/p>\n\t\t\t\t\t\t\t\t<\/div>\n\t\t\t\t<\/div>\n\t\t\t\t\t<\/div>\n\t\t<\/div>\n\t\t\t\t\t<\/div>\n\t\t<\/section>\n\t\t\t\t<section class=\"elementor-section elementor-top-section elementor-element elementor-element-7810b5b elementor-section-full_width elementor-section-height-default elementor-section-height-default\" data-id=\"7810b5b\" data-element_type=\"section\" data-e-type=\"section\">\n\t\t\t\t\t\t<div class=\"elementor-container elementor-column-gap-no\">\n\t\t\t\t\t<div class=\"elementor-column elementor-col-100 elementor-top-column elementor-element elementor-element-a7447db\" data-id=\"a7447db\" data-element_type=\"column\" data-e-type=\"column\">\n\t\t\t<div class=\"elementor-widget-wrap elementor-element-populated\">\n\t\t\t\t\t\t<div class=\"elementor-element elementor-element-effdae6 elementor-widget elementor-widget-text-editor\" data-id=\"effdae6\" data-element_type=\"widget\" data-e-type=\"widget\" data-widget_type=\"text-editor.default\">\n\t\t\t\t<div class=\"elementor-widget-container\">\n\t\t\t\t\t\t\t\t\t\t\n<style>\r\nhtml body a.whatsapp-button {\r\n    display: inline-block;\r\n    background-color: #25D366;\r\n    font-size: 16px;\r\n    font-weight: bold;\r\n    padding: 12px 20px;\r\n    text-align: center;\r\n    text-decoration: none;\r\n    border-radius: 5px;\r\n    box-shadow: 0 4px 6px rgba(0, 0, 0, 0.1);\r\n    transition: background-color 0.3s ease, transform 0.2s ease;\r\n    color: white!important;\r\n}\r\n\r\n.whatsapp-button:hover {\r\n    background-color: #1EBE54;\r\n    transform: translateY(-2px);\r\n}\r\n\r\n.whatsapp-button:active {\r\n    transform: translateY(0);\r\n}\r\n\r\n.align_center {\r\n    display: block;\r\n    text-align: center;\r\n    padding: 30px 0px;\r\n}\r\n\r\n<\/style>\r\n<section >\r\n<div class=\"container\">\r\n<div class=\"row\">\r\n<div class=\"col-md-12\" align=\"center\">\r\n<div class=\"align_center\">\r\n                <a href=\"https:\/\/api.whatsapp.com\/send?phone=+33635235712&#038;&#038;text=Hallo,%20ik%20wil%20graag%20meer%20weten%20over%20je%20werk%20en%20je%20prijzen%20!\"\r\n                    class=\"whatsapp-button\" target=\"_blank\">\r\n                    Klik hier voor een gratis Whatsapp offerte\r\n                <\/a>\r\n<\/div>\r\n<\/div>\r\n<\/div>\r\n<\/div>\r\n<\/section>\n\t\t\t\t\t\t\t\t<\/div>\n\t\t\t\t<\/div>\n\t\t\t\t\t<\/div>\n\t\t<\/div>\n\t\t\t\t\t<\/div>\n\t\t<\/section>\n\t\t\t\t<section class=\"elementor-section elementor-top-section elementor-element elementor-element-73f44d37 elementor-section-boxed elementor-section-height-default elementor-section-height-default\" data-id=\"73f44d37\" data-element_type=\"section\" data-e-type=\"section\">\n\t\t\t\t\t\t<div class=\"elementor-container elementor-column-gap-default\">\n\t\t\t\t\t<div class=\"elementor-column elementor-col-100 elementor-top-column elementor-element elementor-element-58c874d7\" data-id=\"58c874d7\" data-element_type=\"column\" data-e-type=\"column\">\n\t\t\t<div class=\"elementor-widget-wrap elementor-element-populated\">\n\t\t\t\t\t\t<div class=\"elementor-element elementor-element-5648e266 elementor-widget elementor-widget-text-editor\" data-id=\"5648e266\" data-element_type=\"widget\" data-e-type=\"widget\" data-widget_type=\"text-editor.default\">\n\t\t\t\t<div class=\"elementor-widget-container\">\n\t\t\t\t\t\t\t\t\t<h2>De voordelen van deze buikwandcorrectie techniek in Belgi\u00eb<\/h2>\nHet resultaat is harmonieuzer dan een <a href=\"https:\/\/www.medespoir.be\/nl\/buikwandcorrectie\/\">traditionele buikwandcorrectie<\/a>, duurzamer, eenvoudiger en minder belastend postoperatief en comfortabeler voor de pati\u00ebnt.\n\nDe pati\u00ebnt kan de verkregen resultaten waarderen zodra het verband wordt verwijderd. Het litteken en de navel zien er natuurlijk en discreet uit en het resultaat is subtieler.\n<h2>Verschillen tussen buikwandcorrectie met hoge spanning en traditionele buikwandcorrectie<\/h2>\nDe gebruikelijke techniek bestaat uit het verwijderen van overtollige huid en vet van de buik. Over het algemeen begint de plastisch chirurg met liposuctie en eindigt met een buikwandcorrectie.\n\nIn andere gevallen zijn de buikspieren uit elkaar gegroeid (musculaire diastase) en is een spiercorrectie nodig om deze diastase te corrigeren.\n\nDe unidirectionele spanning die gebruikt wordt bij standaard buikwandcorrectie kan leiden tot een aantal ernstige postoperatieve complicaties, waaronder bloedingen, blauwe plekken en hematomen veroorzaakt door huidspanning, huidnecrose en zelfs kelo\u00efde of hypertrofische littekenvorming.\n\nUiteraard kun je deze complicaties in het algemeen vermijden door een <strong>buikwandcorrectie met hoge spanning in Belgi\u00eb<\/strong> te ondergaan.\n<h2>Na-effecten van buikwandcorrectie<\/h2>\nZoals gezegd is het postoperatieve verloop van deze chirurgische ingreep eenvoudiger dan dat van een traditionele buikwandcorrectie.\n\nDe pati\u00ebnt kan na de operatie wat pijn voelen, vergelijkbaar met rekken en strekken, maar dit kan eenvoudig worden verminderd door de pijnstillers in te nemen die de plastisch chirurg voorschrijft.\n\nDe drains die zijn aangebracht om het bloeden te verminderen en de lymfecirculatie te verbeteren, kunnen zelfs na 1 dag na de operatie worden verwijderd.\n<h3>Buikwandcorrectie met hoog voltage: minder risico&#8217;s?<\/h3>\nVerder moet worden opgemerkt dat deze techniek de pati\u00ebnt een &#8220;veilige weg&#8221; garandeert, d.w.z. het is veiliger en beperkt het ontstaan van hematomen, het risico op bloedingen en kelo\u00efde of gezwollen littekens.\n\nAlle risico&#8217;s en complicaties van conventionele chirurgie zijn echter ook van toepassing op deze procedure (ondanks dat ze zeldzaam zijn).\t\t\t\t\t\t\t\t<\/div>\n\t\t\t\t<\/div>\n\t\t\t\t\t<\/div>\n\t\t<\/div>\n\t\t\t\t\t<\/div>\n\t\t<\/section>\n\t\t\t\t<section class=\"elementor-section elementor-top-section elementor-element elementor-element-e0cb149 elementor-section-boxed elementor-section-height-default elementor-section-height-default\" data-id=\"e0cb149\" data-element_type=\"section\" data-e-type=\"section\">\n\t\t\t\t\t\t<div class=\"elementor-container elementor-column-gap-default\">\n\t\t\t\t\t<div class=\"elementor-column elementor-col-33 elementor-top-column elementor-element elementor-element-dcb6815\" data-id=\"dcb6815\" data-element_type=\"column\" data-e-type=\"column\">\n\t\t\t<div class=\"elementor-widget-wrap\">\n\t\t\t\t\t\t\t<\/div>\n\t\t<\/div>\n\t\t\t\t<div class=\"elementor-column elementor-col-33 elementor-top-column elementor-element elementor-element-919c875\" data-id=\"919c875\" data-element_type=\"column\" data-e-type=\"column\">\n\t\t\t<div class=\"elementor-widget-wrap elementor-element-populated\">\n\t\t\t\t\t\t<div class=\"elementor-element elementor-element-9fa655a elementor-widget elementor-widget-text-editor\" data-id=\"9fa655a\" data-element_type=\"widget\" data-e-type=\"widget\" data-widget_type=\"text-editor.default\">\n\t\t\t\t<div class=\"elementor-widget-container\">\n\t\t\t\t\t\t\t\t\t<div class=\"btn_interne\"><a class=\"btn__slider\" href=\"https:\/\/www.medespoir.be\/nl\/gratis-offerte\/\">&#8211; Gratis offerte<\/a><\/div>\n\t\t\t\t\t\t\t\t<\/div>\n\t\t\t\t<\/div>\n\t\t\t\t\t<\/div>\n\t\t<\/div>\n\t\t\t\t<div class=\"elementor-column elementor-col-33 elementor-top-column elementor-element elementor-element-fa4917e\" data-id=\"fa4917e\" data-element_type=\"column\" data-e-type=\"column\">\n\t\t\t<div class=\"elementor-widget-wrap\">\n\t\t\t\t\t\t\t<\/div>\n\t\t<\/div>\n\t\t\t\t\t<\/div>\n\t\t<\/section>\n\t\t\t\t<\/div>\n\t\t","protected":false},"excerpt":{"rendered":"<p>Buikwandcorrectie is op zich een geavanceerde techniek die ontworpen is om het verslapte uiterlijk van de buik te verbeteren en de pati\u00ebnt een platte, gladde buik te geven. Bovendien is deBelgische hoogspanningstechniek voor buikwandcorrectie de &#8220;nieuwe generatie&#8221; van de klassieke plastische chirurgie voor buikwandcorrectie. Principe van buikwandcorrectie met hoge spanning Deze chirurgische procedure werd ontwikkeld [&hellip;]<\/p>\n","protected":false},"author":1,"featured_media":7704,"parent":0,"menu_order":0,"comment_status":"closed","ping_status":"closed","template":"","meta":{"footnotes":""},"class_list":["post-8243","page","type-page","status-publish","has-post-thumbnail","hentry"],"yoast_head":"<!-- This site is optimized with the Yoast SEO plugin v27.3 - https:\/\/yoast.com\/product\/yoast-seo-wordpress\/ -->\n<title>Bovenbuikwandcorrectie Belgi\u00eb: Indicaties, prijzen en resultaten<\/title>\n<meta name=\"description\" content=\"Buikwandcorrectie Belgi\u00eb: Ontdek de voordelen van een buikwandcorrectie met hoge spanning in Belgi\u00eb, evenals de procedure, de postoperatieve effecten en de resultaten. Medespoir\" \/>\n<meta name=\"robots\" content=\"index, follow, max-snippet:-1, max-image-preview:large, max-video-preview:-1\" \/>\n<link rel=\"canonical\" href=\"https:\/\/www.medespoir.be\/nl\/buikwandcorrectie-belgie\/\" \/>\n<meta property=\"og:locale\" content=\"nl_NL\" \/>\n<meta property=\"og:type\" content=\"article\" \/>\n<meta property=\"og:title\" content=\"Bovenbuikwandcorrectie Belgi\u00eb: Indicaties, prijzen en resultaten\" \/>\n<meta property=\"og:description\" content=\"Buikwandcorrectie Belgi\u00eb: Ontdek de voordelen van een buikwandcorrectie met hoge spanning in Belgi\u00eb, evenals de procedure, de postoperatieve effecten en de resultaten. Medespoir\" \/>\n<meta property=\"og:url\" content=\"https:\/\/www.medespoir.be\/nl\/buikwandcorrectie-belgie\/\" \/>\n<meta property=\"og:site_name\" content=\"Chirurgie esthetique Belgique\" \/>\n<meta property=\"article:modified_time\" content=\"2023-06-06T15:16:40+00:00\" \/>\n<meta property=\"og:image\" content=\"https:\/\/www.medespoir.be\/wp-content\/uploads\/2021\/11\/header_silhouette.jpg\" \/>\n\t<meta property=\"og:image:width\" content=\"1925\" \/>\n\t<meta property=\"og:image:height\" content=\"451\" \/>\n\t<meta property=\"og:image:type\" content=\"image\/jpeg\" \/>\n<meta name=\"twitter:card\" content=\"summary_large_image\" \/>\n<meta name=\"twitter:label1\" content=\"Geschatte leestijd\" \/>\n\t<meta name=\"twitter:data1\" content=\"3 minuten\" \/>\n<script type=\"application\/ld+json\" class=\"yoast-schema-graph\">{\"@context\":\"https:\\\/\\\/schema.org\",\"@graph\":[{\"@type\":\"WebPage\",\"@id\":\"https:\\\/\\\/www.medespoir.be\\\/nl\\\/buikwandcorrectie-belgie\\\/\",\"url\":\"https:\\\/\\\/www.medespoir.be\\\/nl\\\/buikwandcorrectie-belgie\\\/\",\"name\":\"Bovenbuikwandcorrectie Belgi\u00eb: Indicaties, prijzen en resultaten\",\"isPartOf\":{\"@id\":\"https:\\\/\\\/www.medespoir.be\\\/#website\"},\"primaryImageOfPage\":{\"@id\":\"https:\\\/\\\/www.medespoir.be\\\/nl\\\/buikwandcorrectie-belgie\\\/#primaryimage\"},\"image\":{\"@id\":\"https:\\\/\\\/www.medespoir.be\\\/nl\\\/buikwandcorrectie-belgie\\\/#primaryimage\"},\"thumbnailUrl\":\"https:\\\/\\\/www.medespoir.be\\\/wp-content\\\/uploads\\\/2021\\\/11\\\/header_silhouette.jpg\",\"datePublished\":\"2018-10-23T11:08:11+00:00\",\"dateModified\":\"2023-06-06T15:16:40+00:00\",\"description\":\"Buikwandcorrectie Belgi\u00eb: Ontdek de voordelen van een buikwandcorrectie met hoge spanning in Belgi\u00eb, evenals de procedure, de postoperatieve effecten en de resultaten. Medespoir\",\"breadcrumb\":{\"@id\":\"https:\\\/\\\/www.medespoir.be\\\/nl\\\/buikwandcorrectie-belgie\\\/#breadcrumb\"},\"inLanguage\":\"nl-NL\",\"potentialAction\":[{\"@type\":\"ReadAction\",\"target\":[\"https:\\\/\\\/www.medespoir.be\\\/nl\\\/buikwandcorrectie-belgie\\\/\"]}]},{\"@type\":\"ImageObject\",\"inLanguage\":\"nl-NL\",\"@id\":\"https:\\\/\\\/www.medespoir.be\\\/nl\\\/buikwandcorrectie-belgie\\\/#primaryimage\",\"url\":\"https:\\\/\\\/www.medespoir.be\\\/wp-content\\\/uploads\\\/2021\\\/11\\\/header_silhouette.jpg\",\"contentUrl\":\"https:\\\/\\\/www.medespoir.be\\\/wp-content\\\/uploads\\\/2021\\\/11\\\/header_silhouette.jpg\",\"width\":1925,\"height\":451},{\"@type\":\"BreadcrumbList\",\"@id\":\"https:\\\/\\\/www.medespoir.be\\\/nl\\\/buikwandcorrectie-belgie\\\/#breadcrumb\",\"itemListElement\":[{\"@type\":\"ListItem\",\"position\":1,\"name\":\"Accueil\",\"item\":\"https:\\\/\\\/www.medespoir.be\\\/nl\\\/\"},{\"@type\":\"ListItem\",\"position\":2,\"name\":\"Bovenbuikwandcorrectie Belgi\u00eb\"}]},{\"@type\":\"WebSite\",\"@id\":\"https:\\\/\\\/www.medespoir.be\\\/#website\",\"url\":\"https:\\\/\\\/www.medespoir.be\\\/\",\"name\":\"Chirurgie esthetique Belgique\",\"description\":\"\",\"publisher\":{\"@id\":\"https:\\\/\\\/www.medespoir.be\\\/#organization\"},\"potentialAction\":[{\"@type\":\"SearchAction\",\"target\":{\"@type\":\"EntryPoint\",\"urlTemplate\":\"https:\\\/\\\/www.medespoir.be\\\/?s={search_term_string}\"},\"query-input\":{\"@type\":\"PropertyValueSpecification\",\"valueRequired\":true,\"valueName\":\"search_term_string\"}}],\"inLanguage\":\"nl-NL\"},{\"@type\":\"Organization\",\"@id\":\"https:\\\/\\\/www.medespoir.be\\\/#organization\",\"name\":\"Medespoir Belgique\",\"url\":\"https:\\\/\\\/www.medespoir.be\\\/\",\"logo\":{\"@type\":\"ImageObject\",\"inLanguage\":\"nl-NL\",\"@id\":\"https:\\\/\\\/www.medespoir.be\\\/#\\\/schema\\\/logo\\\/image\\\/\",\"url\":\"https:\\\/\\\/www.medespoir.be\\\/wp-content\\\/uploads\\\/2018\\\/10\\\/lg-medespoir-be.jpg\",\"contentUrl\":\"https:\\\/\\\/www.medespoir.be\\\/wp-content\\\/uploads\\\/2018\\\/10\\\/lg-medespoir-be.jpg\",\"width\":242,\"height\":77,\"caption\":\"Medespoir Belgique\"},\"image\":{\"@id\":\"https:\\\/\\\/www.medespoir.be\\\/#\\\/schema\\\/logo\\\/image\\\/\"}}]}<\/script>\n<!-- \/ Yoast SEO plugin. -->","yoast_head_json":{"title":"Bovenbuikwandcorrectie Belgi\u00eb: Indicaties, prijzen en resultaten","description":"Buikwandcorrectie Belgi\u00eb: Ontdek de voordelen van een buikwandcorrectie met hoge spanning in Belgi\u00eb, evenals de procedure, de postoperatieve effecten en de resultaten. Medespoir","robots":{"index":"index","follow":"follow","max-snippet":"max-snippet:-1","max-image-preview":"max-image-preview:large","max-video-preview":"max-video-preview:-1"},"canonical":"https:\/\/www.medespoir.be\/nl\/buikwandcorrectie-belgie\/","og_locale":"nl_NL","og_type":"article","og_title":"Bovenbuikwandcorrectie Belgi\u00eb: Indicaties, prijzen en resultaten","og_description":"Buikwandcorrectie Belgi\u00eb: Ontdek de voordelen van een buikwandcorrectie met hoge spanning in Belgi\u00eb, evenals de procedure, de postoperatieve effecten en de resultaten. Medespoir","og_url":"https:\/\/www.medespoir.be\/nl\/buikwandcorrectie-belgie\/","og_site_name":"Chirurgie esthetique Belgique","article_modified_time":"2023-06-06T15:16:40+00:00","og_image":[{"width":1925,"height":451,"url":"https:\/\/www.medespoir.be\/wp-content\/uploads\/2021\/11\/header_silhouette.jpg","type":"image\/jpeg"}],"twitter_card":"summary_large_image","twitter_misc":{"Geschatte leestijd":"3 minuten"},"schema":{"@context":"https:\/\/schema.org","@graph":[{"@type":"WebPage","@id":"https:\/\/www.medespoir.be\/nl\/buikwandcorrectie-belgie\/","url":"https:\/\/www.medespoir.be\/nl\/buikwandcorrectie-belgie\/","name":"Bovenbuikwandcorrectie Belgi\u00eb: Indicaties, prijzen en resultaten","isPartOf":{"@id":"https:\/\/www.medespoir.be\/#website"},"primaryImageOfPage":{"@id":"https:\/\/www.medespoir.be\/nl\/buikwandcorrectie-belgie\/#primaryimage"},"image":{"@id":"https:\/\/www.medespoir.be\/nl\/buikwandcorrectie-belgie\/#primaryimage"},"thumbnailUrl":"https:\/\/www.medespoir.be\/wp-content\/uploads\/2021\/11\/header_silhouette.jpg","datePublished":"2018-10-23T11:08:11+00:00","dateModified":"2023-06-06T15:16:40+00:00","description":"Buikwandcorrectie Belgi\u00eb: Ontdek de voordelen van een buikwandcorrectie met hoge spanning in Belgi\u00eb, evenals de procedure, de postoperatieve effecten en de resultaten. Medespoir","breadcrumb":{"@id":"https:\/\/www.medespoir.be\/nl\/buikwandcorrectie-belgie\/#breadcrumb"},"inLanguage":"nl-NL","potentialAction":[{"@type":"ReadAction","target":["https:\/\/www.medespoir.be\/nl\/buikwandcorrectie-belgie\/"]}]},{"@type":"ImageObject","inLanguage":"nl-NL","@id":"https:\/\/www.medespoir.be\/nl\/buikwandcorrectie-belgie\/#primaryimage","url":"https:\/\/www.medespoir.be\/wp-content\/uploads\/2021\/11\/header_silhouette.jpg","contentUrl":"https:\/\/www.medespoir.be\/wp-content\/uploads\/2021\/11\/header_silhouette.jpg","width":1925,"height":451},{"@type":"BreadcrumbList","@id":"https:\/\/www.medespoir.be\/nl\/buikwandcorrectie-belgie\/#breadcrumb","itemListElement":[{"@type":"ListItem","position":1,"name":"Accueil","item":"https:\/\/www.medespoir.be\/nl\/"},{"@type":"ListItem","position":2,"name":"Bovenbuikwandcorrectie Belgi\u00eb"}]},{"@type":"WebSite","@id":"https:\/\/www.medespoir.be\/#website","url":"https:\/\/www.medespoir.be\/","name":"Chirurgie esthetique Belgique","description":"","publisher":{"@id":"https:\/\/www.medespoir.be\/#organization"},"potentialAction":[{"@type":"SearchAction","target":{"@type":"EntryPoint","urlTemplate":"https:\/\/www.medespoir.be\/?s={search_term_string}"},"query-input":{"@type":"PropertyValueSpecification","valueRequired":true,"valueName":"search_term_string"}}],"inLanguage":"nl-NL"},{"@type":"Organization","@id":"https:\/\/www.medespoir.be\/#organization","name":"Medespoir Belgique","url":"https:\/\/www.medespoir.be\/","logo":{"@type":"ImageObject","inLanguage":"nl-NL","@id":"https:\/\/www.medespoir.be\/#\/schema\/logo\/image\/","url":"https:\/\/www.medespoir.be\/wp-content\/uploads\/2018\/10\/lg-medespoir-be.jpg","contentUrl":"https:\/\/www.medespoir.be\/wp-content\/uploads\/2018\/10\/lg-medespoir-be.jpg","width":242,"height":77,"caption":"Medespoir Belgique"},"image":{"@id":"https:\/\/www.medespoir.be\/#\/schema\/logo\/image\/"}}]}},"_links":{"self":[{"href":"https:\/\/www.medespoir.be\/nl\/wp-json\/wp\/v2\/pages\/8243","targetHints":{"allow":["GET"]}}],"collection":[{"href":"https:\/\/www.medespoir.be\/nl\/wp-json\/wp\/v2\/pages"}],"about":[{"href":"https:\/\/www.medespoir.be\/nl\/wp-json\/wp\/v2\/types\/page"}],"author":[{"embeddable":true,"href":"https:\/\/www.medespoir.be\/nl\/wp-json\/wp\/v2\/users\/1"}],"replies":[{"embeddable":true,"href":"https:\/\/www.medespoir.be\/nl\/wp-json\/wp\/v2\/comments?post=8243"}],"version-history":[{"count":6,"href":"https:\/\/www.medespoir.be\/nl\/wp-json\/wp\/v2\/pages\/8243\/revisions"}],"predecessor-version":[{"id":8329,"href":"https:\/\/www.medespoir.be\/nl\/wp-json\/wp\/v2\/pages\/8243\/revisions\/8329"}],"wp:featuredmedia":[{"embeddable":true,"href":"https:\/\/www.medespoir.be\/nl\/wp-json\/wp\/v2\/media\/7704"}],"wp:attachment":[{"href":"https:\/\/www.medespoir.be\/nl\/wp-json\/wp\/v2\/media?parent=8243"}],"curies":[{"name":"wp","href":"https:\/\/api.w.org\/{rel}","templated":true}]}}