{"id":8400,"date":"2022-09-29T14:14:38","date_gmt":"2022-09-29T12:14:38","guid":{"rendered":"https:\/\/www.medespoir.be\/bbl-belgie-prijs-van-bilvergroting-door-vetinjectie\/"},"modified":"2023-06-26T09:42:17","modified_gmt":"2023-06-26T07:42:17","slug":"bbl-belgie","status":"publish","type":"page","link":"https:\/\/www.medespoir.be\/nl\/bbl-belgie\/","title":{"rendered":"BBL Belgi\u00eb : prijs van bilvergroting door vetinjectie"},"content":{"rendered":"\t\t<div data-elementor-type=\"wp-page\" data-elementor-id=\"8400\" class=\"elementor elementor-8400\">\n\t\t\t\t\t\t<section class=\"elementor-section elementor-top-section elementor-element elementor-element-1338724 elementor-section-boxed elementor-section-height-default elementor-section-height-default\" data-id=\"1338724\" data-element_type=\"section\" data-e-type=\"section\">\n\t\t\t\t\t\t<div class=\"elementor-container elementor-column-gap-default\">\n\t\t\t\t\t<div class=\"elementor-column elementor-col-66 elementor-top-column elementor-element elementor-element-3d94a0f\" data-id=\"3d94a0f\" data-element_type=\"column\" data-e-type=\"column\">\n\t\t\t<div class=\"elementor-widget-wrap elementor-element-populated\">\n\t\t\t\t\t\t<div class=\"elementor-element elementor-element-7e70eae elementor-widget elementor-widget-text-editor\" data-id=\"7e70eae\" data-element_type=\"widget\" data-e-type=\"widget\" data-widget_type=\"text-editor.default\">\n\t\t\t\t<div class=\"elementor-widget-container\">\n\t\t\t\t\t\t\t\t\tDe <u><b>BBl of Brazilian Butt Lift<\/b><\/u> (Brazilian Butt Lift) is een chirurgische ingreep die het volume van de billen vergroot en de vorm ervan hervormt met behulp van de eigen vetcellen van de pati\u00ebnt, verwijderd door liposuctie. De chirurg injecteert de vetcellen uit de bilnaad, een techniek die bekend staat als vetoverdracht of lipofilling.\n\n\t\t\t\t\t\t\t\t<\/div>\n\t\t\t\t<\/div>\n\t\t\t\t<div class=\"elementor-element elementor-element-1222343 elementor-widget elementor-widget-text-editor\" data-id=\"1222343\" data-element_type=\"widget\" data-e-type=\"widget\" data-widget_type=\"text-editor.default\">\n\t\t\t\t<div class=\"elementor-widget-container\">\n\t\t\t\t\t\t\t\t\tDoor <b>liposuctie <\/b>en vetoverdracht te combineren, kan BBL verschillende delen van het lichaam een nieuwe vorm geven. Liposuctie wordt uitgevoerd op gebieden met overtollig vet, zoals de buik, flanken en dijen, om deze gebieden vorm te geven en je figuur te verbeteren. Vettransplantatie voegt volume toe aan de billen, waardoor de proporties van het onderlichaam verbeteren.\t\t\t\t\t\t\t\t<\/div>\n\t\t\t\t<\/div>\n\t\t\t\t\t<\/div>\n\t\t<\/div>\n\t\t\t\t<div class=\"elementor-column elementor-col-33 elementor-top-column elementor-element elementor-element-bb50732\" data-id=\"bb50732\" data-element_type=\"column\" data-e-type=\"column\">\n\t\t\t<div class=\"elementor-widget-wrap elementor-element-populated\">\n\t\t\t\t\t\t<div class=\"elementor-element elementor-element-b29a26e elementor-widget elementor-widget-image\" data-id=\"b29a26e\" data-element_type=\"widget\" data-e-type=\"widget\" data-widget_type=\"image.default\">\n\t\t\t\t<div class=\"elementor-widget-container\">\n\t\t\t\t\t\t\t\t\t\t\t\t\t\t\t<img fetchpriority=\"high\" decoding=\"async\" width=\"640\" height=\"480\" src=\"https:\/\/www.medespoir.be\/wp-content\/uploads\/2022\/09\/bbl-belgique.jpg\" class=\"attachment-large size-large wp-image-7818\" alt=\"\" srcset=\"https:\/\/www.medespoir.be\/wp-content\/uploads\/2022\/09\/bbl-belgique.jpg 1024w, https:\/\/www.medespoir.be\/wp-content\/uploads\/2022\/09\/bbl-belgique-300x225.jpg 300w, https:\/\/www.medespoir.be\/wp-content\/uploads\/2022\/09\/bbl-belgique-768x576.jpg 768w\" sizes=\"(max-width: 640px) 100vw, 640px\" \/>\t\t\t\t\t\t\t\t\t\t\t\t\t\t\t<\/div>\n\t\t\t\t<\/div>\n\t\t\t\t\t<\/div>\n\t\t<\/div>\n\t\t\t\t\t<\/div>\n\t\t<\/section>\n\t\t\t\t<section class=\"elementor-section elementor-top-section elementor-element elementor-element-2299f3e elementor-section-full_width elementor-section-height-default elementor-section-height-default\" data-id=\"2299f3e\" data-element_type=\"section\" data-e-type=\"section\">\n\t\t\t\t\t\t<div class=\"elementor-container elementor-column-gap-default\">\n\t\t\t\t\t<div class=\"elementor-column elementor-col-100 elementor-top-column elementor-element elementor-element-e47911e\" data-id=\"e47911e\" data-element_type=\"column\" data-e-type=\"column\">\n\t\t\t<div class=\"elementor-widget-wrap elementor-element-populated\">\n\t\t\t\t\t\t<div class=\"elementor-element elementor-element-e5a7c6c elementor-widget elementor-widget-text-editor\" data-id=\"e5a7c6c\" data-element_type=\"widget\" data-e-type=\"widget\" data-widget_type=\"text-editor.default\">\n\t\t\t\t<div class=\"elementor-widget-container\">\n\t\t\t\t\t\t\t\t\t<style>\r\nhtml body a.whatsapp-button {\r\n    display: inline-block;\r\n    background-color: #25D366;\r\n    font-size: 16px;\r\n    font-weight: bold;\r\n    padding: 12px 20px;\r\n    text-align: center;\r\n    text-decoration: none;\r\n    border-radius: 5px;\r\n    box-shadow: 0 4px 6px rgba(0, 0, 0, 0.1);\r\n    transition: background-color 0.3s ease, transform 0.2s ease;\r\n    color: white!important;\r\n}\r\n\r\n.whatsapp-button:hover {\r\n    background-color: #1EBE54;\r\n    transform: translateY(-2px);\r\n}\r\n\r\n.whatsapp-button:active {\r\n    transform: translateY(0);\r\n}\r\n\r\n.align_center {\r\n    display: block;\r\n    text-align: center;\r\n    padding: 30px 0px;\r\n}\r\n\r\n<\/style>\r\n<section >\r\n<div class=\"container\">\r\n<div class=\"row\">\r\n<div class=\"col-md-12\" align=\"center\">\r\n<div class=\"align_center\">\r\n                <a href=\"https:\/\/api.whatsapp.com\/send?phone=+33635235712&#038;&#038;text=Hallo,%20ik%20wil%20graag%20meer%20weten%20over%20je%20werk%20en%20je%20prijzen%20!\"\r\n                    class=\"whatsapp-button\" target=\"_blank\">\r\n                    Klik hier voor een gratis Whatsapp offerte\r\n                <\/a>\r\n<\/div>\r\n<\/div>\r\n<\/div>\r\n<\/div>\r\n<\/section>\t\t\t\t\t\t\t\t<\/div>\n\t\t\t\t<\/div>\n\t\t\t\t\t<\/div>\n\t\t<\/div>\n\t\t\t\t\t<\/div>\n\t\t<\/section>\n\t\t\t\t<section class=\"elementor-section elementor-top-section elementor-element elementor-element-d5cbeda elementor-section-boxed elementor-section-height-default elementor-section-height-default\" data-id=\"d5cbeda\" data-element_type=\"section\" data-e-type=\"section\">\n\t\t\t\t\t\t<div class=\"elementor-container elementor-column-gap-default\">\n\t\t\t\t\t<div class=\"elementor-column elementor-col-100 elementor-top-column elementor-element elementor-element-0cad491\" data-id=\"0cad491\" data-element_type=\"column\" data-e-type=\"column\">\n\t\t\t<div class=\"elementor-widget-wrap elementor-element-populated\">\n\t\t\t\t\t\t<div class=\"elementor-element elementor-element-49e7bed elementor-widget elementor-widget-text-editor\" data-id=\"49e7bed\" data-element_type=\"widget\" data-e-type=\"widget\" data-widget_type=\"text-editor.default\">\n\t\t\t\t<div class=\"elementor-widget-container\">\n\t\t\t\t\t\t\t\t\t<h2>Voordelen van een Braziliaanse billift<\/h2>\nElke <u>\n<b>bilvergroting met vetoverdracht<\/b>\n<\/u> wordt persoonlijk op maat gemaakt voor elke pati\u00ebnt.\n\nEen bilvergroting met vettransplantatie is om de volgende redenen een populaire keuze:\n<ul class=\"liste-page\">\n \t<li>Het is je eigen vet, dus er is geen risico op een allergische reactie of afstoting.<\/li>\n \t<li>De toevoeging van vet kan ook helpen om het huidoppervlak gladder en steviger te maken.<\/li>\n \t<li>Pati\u00ebnten kunnen hun esthetische voordelen verdubbelen door fijnere, gladdere contouren te krijgen waar het vet is verwijderd.<\/li>\n \t<li>Een bilvergroting door middel van vettransplantatie is blijvend, zolang je een stabiel gewicht behoudt.<\/li>\n \t<li>Je zult maar kleine littekens hebben en ze zullen goed verborgen zijn.<\/li>\n<\/ul>\nHet resultaat kan je zelfbeeld en zelfvertrouwen verbeteren en je helpen je kleding aan te passen zodat deze comfortabeler en aantrekkelijker wordt.\n<h2>Hoeveel kost een BBL?<\/h2>\nOmdat elke BBL wordt aangepast aan de individuele pati\u00ebnt, is er geen vast tarief. De kosten zijn afhankelijk van de specifieke details van je ingreep, zoals de locatie van de liposuctie, de hoeveelheid vet die moet worden overgebracht en de mate van contourvorming die nodig is.\n\nOm je een idee te geven: de <strong>prijs van een BBL in Tunesi\u00eb begint bij \u20ac2.500<\/strong> en de prijs van een <strong>BBL in Turkije begint bij \u20ac3.000<\/strong>.\n\nWe bespreken de kosten met je en geven je een gedetailleerde schriftelijke prijsopgave voordat je definitief besluit om de operatie te laten uitvoeren.\n\nDe BBL-prijs die we opgeven is all-inclusive en omvat :\n<ul class=\"liste-page\">\n \t<li>Vergoedingen chirurg<\/li>\n \t<li>Anesthesiekosten<\/li>\n \t<li>Kosten operatiekamer<\/li>\n \t<li>Chirurgische benodigdheden<\/li>\n \t<li>Vervolgbezoeken<\/li>\n \t<li>Accommodatie en transfers<\/li>\n<\/ul>\t\t\t\t\t\t\t\t<\/div>\n\t\t\t\t<\/div>\n\t\t\t\t\t<\/div>\n\t\t<\/div>\n\t\t\t\t\t<\/div>\n\t\t<\/section>\n\t\t\t\t<section class=\"elementor-section elementor-top-section elementor-element elementor-element-d93e681 elementor-section-boxed elementor-section-height-default elementor-section-height-default\" data-id=\"d93e681\" data-element_type=\"section\" data-e-type=\"section\">\n\t\t\t\t\t\t<div class=\"elementor-container elementor-column-gap-default\">\n\t\t\t\t\t<div class=\"elementor-column elementor-col-100 elementor-top-column elementor-element elementor-element-f5a3121\" data-id=\"f5a3121\" data-element_type=\"column\" data-e-type=\"column\">\n\t\t\t<div class=\"elementor-widget-wrap elementor-element-populated\">\n\t\t\t\t\t\t<div class=\"elementor-element elementor-element-362cbde elementor-widget elementor-widget-text-editor\" data-id=\"362cbde\" data-element_type=\"widget\" data-e-type=\"widget\" data-widget_type=\"text-editor.default\">\n\t\t\t\t<div class=\"elementor-widget-container\">\n\t\t\t\t\t\t\t\t\t<h2>Hoe de BBL werkt<\/h2>\nJe operatie duurt ongeveer 2 tot 3 uur, afhankelijk van de specifieke kenmerken van je ingreep.\n\nDit zijn de stappen die uw operatie zal volgen:\n\nJe krijgt een algehele narcose of een plaatselijke verdoving met sedatie. De chirurg zal eerst een liposuctie uitvoeren. Hij maakt slechts \u00e9\u00e9n of enkele kleine incisies, afhankelijk van de locatie van het doelgebied en de hoeveelheid vet die nodig is om je billen te vergroten. Deze incisies worden zo geplaatst dat ze na genezing niet opvallen. Het maakt gebruik van <u>\n<b><a href=\"https:\/\/www.medespoir.be\/nl\/liposuctie-vaser-belgie\/\" target=\"_blank\" rel=\"noopener\">VASER-liposuctie<\/a><\/b>\n<\/u>liposuctie, die sneller is en minder traumatisch voor het lichaam dan traditionele liposuctie.\n\nVervolgens brengt hij een fijne canule in om de vetcellen te verwijderen, waarbij hij ervoor zorgt dat de omtrek strategisch is zodat het donorgebied er na de ingreep glad en aantrekkelijk uitziet. Veel pati\u00ebnten zien dit als een extra voordeel van <u>\n<b>BBL chirurgie<\/b><\/u>.\n\nHet vet wordt dan gezuiverd om het te scheiden van het bloed. De chirurg gebruikt een gespecialiseerde techniek die een hoge overlevingskans van de vetcellen garandeert, waardoor hij nog preciezere en voorspelbaardere resultaten kan bereiken.\n\nMet behulp van een canule injecteert de chirurg vervolgens het vet om de omvang te vergroten en\/of de proporties van de billen te veranderen om het gewenste uiterlijk van de pati\u00ebnt te bereiken. In het begin zal het meer vet toevoegen dan nodig is. Sommige vetcellen overleven dit niet en worden op natuurlijke wijze door het lichaam opgenomen.\n\t\t\t\t\t\t\t\t<\/div>\n\t\t\t\t<\/div>\n\t\t\t\t<div class=\"elementor-element elementor-element-bf68e91 elementor-widget elementor-widget-text-editor\" data-id=\"bf68e91\" data-element_type=\"widget\" data-e-type=\"widget\" data-widget_type=\"text-editor.default\">\n\t\t\t\t<div class=\"elementor-widget-container\">\n\t\t\t\t\t\t\t\t\t<h2>Na-effecten van BBL-chirurgie<\/h2>\nEenmaal thuis is het essentieel om alle instructies van het klinisch personeel op te volgen, zodat je herstel zo snel en soepel mogelijk verloopt.\n\nNa een week kunnen de meeste pati\u00ebnten lichte dagelijkse activiteiten hervatten en je kunt mogelijk binnen 10 tot 14 dagen weer aan het werk, afhankelijk van wat je baan inhoudt. Intense activiteit en zitten zijn grote problemen.\t\t\t\t\t\t\t\t<\/div>\n\t\t\t\t<\/div>\n\t\t\t\t<div class=\"elementor-element elementor-element-c460109 elementor-widget elementor-widget-text-editor\" data-id=\"c460109\" data-element_type=\"widget\" data-e-type=\"widget\" data-widget_type=\"text-editor.default\">\n\t\t\t\t<div class=\"elementor-widget-container\">\n\t\t\t\t\t\t\t\t\t<h2>BBL resultaten<\/h2>\nHoewel er wat zwelling of blauwe plekken kunnen zijn aan het begin van de operatie, kun je meteen je nieuwe, goed geproportioneerde billen zien. Het duurt zes maanden tot een jaar om de uiteindelijke resultaten van uw Brazilian butt lift te zien, wanneer de resterende zwelling afneemt en het overgeplaatste vet zich vastzet.\n\nZoals hierboven vermeld, zullen sommige van de getransfereerde vetcellen niet overleven. Dit verschilt van persoon tot persoon, maar gemiddeld blijft tussen de 60 en 80% van de vetcellen levensvatbaar.\n\n<u>\n<b>De resultaten van de Braziliaanse bil-lift zijn blijvend,<\/b>\n<\/u> op voorwaarde dat je na de operatie niet veel aankomt of afvalt. Vergeet niet dat vetcellen een levend deel van je lichaam zijn en dat naarmate je ouder wordt, je billen op natuurlijke wijze wat volume kunnen verliezen.\n\n\t\t\t\t\t\t\t\t<\/div>\n\t\t\t\t<\/div>\n\t\t\t\t<div class=\"elementor-element elementor-element-f5df221 elementor-widget elementor-widget-text-editor\" data-id=\"f5df221\" data-element_type=\"widget\" data-e-type=\"widget\" data-widget_type=\"text-editor.default\">\n\t\t\t\t<div class=\"elementor-widget-container\">\n\t\t\t\t\t\t\t\t\tJe zult ook een nieuwe contour zien in het gebied waar we het vet hebben verwijderd om je billen te vergroten. Liposuctie veroorzaakt in het begin ook een beetje zwelling of blauwe plekken, maar dit verdwijnt vrij snel. En net zoals je billen na verloop van tijd voller zullen blijven, zal dit gebied fijner en gladder blijven, zolang je gewicht min of meer gelijk blijft.\n\nDe incisies genezen snel en laten vrijwel geen zichtbare littekens achter. Dit is een van de belangrijkste voordelen van vettransplantatie ten opzichte van <a href=\"https:\/\/www.medespoir.be\/nl\/billenvergroting\/\" target=\"_blank\" rel=\"noopener\">bilimplantaten<\/a>.\t\t\t\t\t\t\t\t<\/div>\n\t\t\t\t<\/div>\n\t\t\t\t<div class=\"elementor-element elementor-element-600a161 elementor-widget elementor-widget-text-editor\" data-id=\"600a161\" data-element_type=\"widget\" data-e-type=\"widget\" data-widget_type=\"text-editor.default\">\n\t\t\t\t<div class=\"elementor-widget-container\">\n\t\t\t\t\t\t\t\t\t<h2>Over MEDESPOIR<\/h2>\nHoewel het essentieel is om de juiste chirurg te kiezen, hebben we al opgemerkt dat je met zijn hele team samenwerkt.\n\n\t\t\t\t\t\t\t\t<\/div>\n\t\t\t\t<\/div>\n\t\t\t\t<div class=\"elementor-element elementor-element-df92c6e elementor-widget elementor-widget-text-editor\" data-id=\"df92c6e\" data-element_type=\"widget\" data-e-type=\"widget\" data-widget_type=\"text-editor.default\">\n\t\t\t\t<div class=\"elementor-widget-container\">\n\t\t\t\t\t\t\t\t\tDit team begeleidt je tijdens je chirurgische reis, van het eerste bezoek tot de follow-up. Hun kwalificaties en gedrag zullen bepalen hoe de dingen voor je verlopen en hoe je je achteraf voelt over je algehele ervaring.\n\n\t\t\t\t\t\t\t\t<\/div>\n\t\t\t\t<\/div>\n\t\t\t\t<div class=\"elementor-element elementor-element-1e6050e elementor-widget elementor-widget-text-editor\" data-id=\"1e6050e\" data-element_type=\"widget\" data-e-type=\"widget\" data-widget_type=\"text-editor.default\">\n\t\t\t\t<div class=\"elementor-widget-container\">\n\t\t\t\t\t\t\t\t\tBij MEDESPOIR geloven we dat u het beste verdient, nooit minder, en we werken er hard aan om dat voor elke pati\u00ebnt te leveren. Onze pati\u00ebnten omschrijven ons als vriendelijk en zorgzaam. We zijn er om je te helpen je op je gemak te voelen bij het chirurgische proces en dat betekent dat we ervoor zorgen dat je alle informatie krijgt die je nodig hebt. We beantwoorden graag vragen omdat we weten dat de beste zorg begint met luisteren naar wat de pati\u00ebnt bezighoudt.\t\t\t\t\t\t\t\t<\/div>\n\t\t\t\t<\/div>\n\t\t\t\t\t<\/div>\n\t\t<\/div>\n\t\t\t\t\t<\/div>\n\t\t<\/section>\n\t\t\t\t<\/div>\n\t\t","protected":false},"excerpt":{"rendered":"<p>De BBl of Brazilian Butt Lift (Brazilian Butt Lift) is een chirurgische ingreep die het volume van de billen vergroot en de vorm ervan hervormt met behulp van de eigen vetcellen van de pati\u00ebnt, verwijderd door liposuctie. De chirurg injecteert de vetcellen uit de bilnaad, een techniek die bekend staat als vetoverdracht of lipofilling. Door [&hellip;]<\/p>\n","protected":false},"author":1,"featured_media":7704,"parent":0,"menu_order":0,"comment_status":"closed","ping_status":"closed","template":"","meta":{"footnotes":""},"class_list":["post-8400","page","type-page","status-publish","has-post-thumbnail","hentry"],"yoast_head":"<!-- This site is optimized with the Yoast SEO plugin v27.3 - https:\/\/yoast.com\/product\/yoast-seo-wordpress\/ -->\n<title>BBL Belgi\u00eb : bilvergroting door vetinjectie goedkope prijs<\/title>\n<meta name=\"description\" content=\"Bij BBL worden vetcellen uit de bilnaad ge\u00efnjecteerd, een techniek die bekend staat als vetoverdracht of lipofilling. BBL Belgi\u00eb Prijs\" \/>\n<meta name=\"robots\" content=\"index, follow, max-snippet:-1, max-image-preview:large, max-video-preview:-1\" \/>\n<link rel=\"canonical\" href=\"https:\/\/www.medespoir.be\/nl\/bbl-belgie\/\" \/>\n<meta property=\"og:locale\" content=\"nl_NL\" \/>\n<meta property=\"og:type\" content=\"article\" \/>\n<meta property=\"og:title\" content=\"BBL Belgi\u00eb : bilvergroting door vetinjectie goedkope prijs\" \/>\n<meta property=\"og:description\" content=\"Bij BBL worden vetcellen uit de bilnaad ge\u00efnjecteerd, een techniek die bekend staat als vetoverdracht of lipofilling. BBL Belgi\u00eb Prijs\" \/>\n<meta property=\"og:url\" content=\"https:\/\/www.medespoir.be\/nl\/bbl-belgie\/\" \/>\n<meta property=\"og:site_name\" content=\"Chirurgie esthetique Belgique\" \/>\n<meta property=\"article:modified_time\" content=\"2023-06-26T07:42:17+00:00\" \/>\n<meta property=\"og:image\" content=\"https:\/\/www.medespoir.be\/wp-content\/uploads\/2021\/11\/header_silhouette.jpg\" \/>\n\t<meta property=\"og:image:width\" content=\"1925\" \/>\n\t<meta property=\"og:image:height\" content=\"451\" \/>\n\t<meta property=\"og:image:type\" content=\"image\/jpeg\" \/>\n<meta name=\"twitter:card\" content=\"summary_large_image\" \/>\n<meta name=\"twitter:label1\" content=\"Geschatte leestijd\" \/>\n\t<meta name=\"twitter:data1\" content=\"6 minuten\" \/>\n<script type=\"application\/ld+json\" class=\"yoast-schema-graph\">{\"@context\":\"https:\\\/\\\/schema.org\",\"@graph\":[{\"@type\":\"WebPage\",\"@id\":\"https:\\\/\\\/www.medespoir.be\\\/nl\\\/bbl-belgie\\\/\",\"url\":\"https:\\\/\\\/www.medespoir.be\\\/nl\\\/bbl-belgie\\\/\",\"name\":\"BBL Belgi\u00eb : bilvergroting door vetinjectie goedkope prijs\",\"isPartOf\":{\"@id\":\"https:\\\/\\\/www.medespoir.be\\\/#website\"},\"primaryImageOfPage\":{\"@id\":\"https:\\\/\\\/www.medespoir.be\\\/nl\\\/bbl-belgie\\\/#primaryimage\"},\"image\":{\"@id\":\"https:\\\/\\\/www.medespoir.be\\\/nl\\\/bbl-belgie\\\/#primaryimage\"},\"thumbnailUrl\":\"https:\\\/\\\/www.medespoir.be\\\/wp-content\\\/uploads\\\/2021\\\/11\\\/header_silhouette.jpg\",\"datePublished\":\"2022-09-29T12:14:38+00:00\",\"dateModified\":\"2023-06-26T07:42:17+00:00\",\"description\":\"Bij BBL worden vetcellen uit de bilnaad ge\u00efnjecteerd, een techniek die bekend staat als vetoverdracht of lipofilling. BBL Belgi\u00eb Prijs\",\"breadcrumb\":{\"@id\":\"https:\\\/\\\/www.medespoir.be\\\/nl\\\/bbl-belgie\\\/#breadcrumb\"},\"inLanguage\":\"nl-NL\",\"potentialAction\":[{\"@type\":\"ReadAction\",\"target\":[\"https:\\\/\\\/www.medespoir.be\\\/nl\\\/bbl-belgie\\\/\"]}]},{\"@type\":\"ImageObject\",\"inLanguage\":\"nl-NL\",\"@id\":\"https:\\\/\\\/www.medespoir.be\\\/nl\\\/bbl-belgie\\\/#primaryimage\",\"url\":\"https:\\\/\\\/www.medespoir.be\\\/wp-content\\\/uploads\\\/2021\\\/11\\\/header_silhouette.jpg\",\"contentUrl\":\"https:\\\/\\\/www.medespoir.be\\\/wp-content\\\/uploads\\\/2021\\\/11\\\/header_silhouette.jpg\",\"width\":1925,\"height\":451},{\"@type\":\"BreadcrumbList\",\"@id\":\"https:\\\/\\\/www.medespoir.be\\\/nl\\\/bbl-belgie\\\/#breadcrumb\",\"itemListElement\":[{\"@type\":\"ListItem\",\"position\":1,\"name\":\"Accueil\",\"item\":\"https:\\\/\\\/www.medespoir.be\\\/nl\\\/\"},{\"@type\":\"ListItem\",\"position\":2,\"name\":\"BBL Belgi\u00eb : prijs van bilvergroting door vetinjectie\"}]},{\"@type\":\"WebSite\",\"@id\":\"https:\\\/\\\/www.medespoir.be\\\/#website\",\"url\":\"https:\\\/\\\/www.medespoir.be\\\/\",\"name\":\"Chirurgie esthetique Belgique\",\"description\":\"\",\"publisher\":{\"@id\":\"https:\\\/\\\/www.medespoir.be\\\/#organization\"},\"potentialAction\":[{\"@type\":\"SearchAction\",\"target\":{\"@type\":\"EntryPoint\",\"urlTemplate\":\"https:\\\/\\\/www.medespoir.be\\\/?s={search_term_string}\"},\"query-input\":{\"@type\":\"PropertyValueSpecification\",\"valueRequired\":true,\"valueName\":\"search_term_string\"}}],\"inLanguage\":\"nl-NL\"},{\"@type\":\"Organization\",\"@id\":\"https:\\\/\\\/www.medespoir.be\\\/#organization\",\"name\":\"Medespoir Belgique\",\"url\":\"https:\\\/\\\/www.medespoir.be\\\/\",\"logo\":{\"@type\":\"ImageObject\",\"inLanguage\":\"nl-NL\",\"@id\":\"https:\\\/\\\/www.medespoir.be\\\/#\\\/schema\\\/logo\\\/image\\\/\",\"url\":\"https:\\\/\\\/www.medespoir.be\\\/wp-content\\\/uploads\\\/2018\\\/10\\\/lg-medespoir-be.jpg\",\"contentUrl\":\"https:\\\/\\\/www.medespoir.be\\\/wp-content\\\/uploads\\\/2018\\\/10\\\/lg-medespoir-be.jpg\",\"width\":242,\"height\":77,\"caption\":\"Medespoir Belgique\"},\"image\":{\"@id\":\"https:\\\/\\\/www.medespoir.be\\\/#\\\/schema\\\/logo\\\/image\\\/\"}}]}<\/script>\n<!-- \/ Yoast SEO plugin. -->","yoast_head_json":{"title":"BBL Belgi\u00eb : bilvergroting door vetinjectie goedkope prijs","description":"Bij BBL worden vetcellen uit de bilnaad ge\u00efnjecteerd, een techniek die bekend staat als vetoverdracht of lipofilling. BBL Belgi\u00eb Prijs","robots":{"index":"index","follow":"follow","max-snippet":"max-snippet:-1","max-image-preview":"max-image-preview:large","max-video-preview":"max-video-preview:-1"},"canonical":"https:\/\/www.medespoir.be\/nl\/bbl-belgie\/","og_locale":"nl_NL","og_type":"article","og_title":"BBL Belgi\u00eb : bilvergroting door vetinjectie goedkope prijs","og_description":"Bij BBL worden vetcellen uit de bilnaad ge\u00efnjecteerd, een techniek die bekend staat als vetoverdracht of lipofilling. BBL Belgi\u00eb Prijs","og_url":"https:\/\/www.medespoir.be\/nl\/bbl-belgie\/","og_site_name":"Chirurgie esthetique Belgique","article_modified_time":"2023-06-26T07:42:17+00:00","og_image":[{"width":1925,"height":451,"url":"https:\/\/www.medespoir.be\/wp-content\/uploads\/2021\/11\/header_silhouette.jpg","type":"image\/jpeg"}],"twitter_card":"summary_large_image","twitter_misc":{"Geschatte leestijd":"6 minuten"},"schema":{"@context":"https:\/\/schema.org","@graph":[{"@type":"WebPage","@id":"https:\/\/www.medespoir.be\/nl\/bbl-belgie\/","url":"https:\/\/www.medespoir.be\/nl\/bbl-belgie\/","name":"BBL Belgi\u00eb : bilvergroting door vetinjectie goedkope prijs","isPartOf":{"@id":"https:\/\/www.medespoir.be\/#website"},"primaryImageOfPage":{"@id":"https:\/\/www.medespoir.be\/nl\/bbl-belgie\/#primaryimage"},"image":{"@id":"https:\/\/www.medespoir.be\/nl\/bbl-belgie\/#primaryimage"},"thumbnailUrl":"https:\/\/www.medespoir.be\/wp-content\/uploads\/2021\/11\/header_silhouette.jpg","datePublished":"2022-09-29T12:14:38+00:00","dateModified":"2023-06-26T07:42:17+00:00","description":"Bij BBL worden vetcellen uit de bilnaad ge\u00efnjecteerd, een techniek die bekend staat als vetoverdracht of lipofilling. BBL Belgi\u00eb Prijs","breadcrumb":{"@id":"https:\/\/www.medespoir.be\/nl\/bbl-belgie\/#breadcrumb"},"inLanguage":"nl-NL","potentialAction":[{"@type":"ReadAction","target":["https:\/\/www.medespoir.be\/nl\/bbl-belgie\/"]}]},{"@type":"ImageObject","inLanguage":"nl-NL","@id":"https:\/\/www.medespoir.be\/nl\/bbl-belgie\/#primaryimage","url":"https:\/\/www.medespoir.be\/wp-content\/uploads\/2021\/11\/header_silhouette.jpg","contentUrl":"https:\/\/www.medespoir.be\/wp-content\/uploads\/2021\/11\/header_silhouette.jpg","width":1925,"height":451},{"@type":"BreadcrumbList","@id":"https:\/\/www.medespoir.be\/nl\/bbl-belgie\/#breadcrumb","itemListElement":[{"@type":"ListItem","position":1,"name":"Accueil","item":"https:\/\/www.medespoir.be\/nl\/"},{"@type":"ListItem","position":2,"name":"BBL Belgi\u00eb : prijs van bilvergroting door vetinjectie"}]},{"@type":"WebSite","@id":"https:\/\/www.medespoir.be\/#website","url":"https:\/\/www.medespoir.be\/","name":"Chirurgie esthetique Belgique","description":"","publisher":{"@id":"https:\/\/www.medespoir.be\/#organization"},"potentialAction":[{"@type":"SearchAction","target":{"@type":"EntryPoint","urlTemplate":"https:\/\/www.medespoir.be\/?s={search_term_string}"},"query-input":{"@type":"PropertyValueSpecification","valueRequired":true,"valueName":"search_term_string"}}],"inLanguage":"nl-NL"},{"@type":"Organization","@id":"https:\/\/www.medespoir.be\/#organization","name":"Medespoir Belgique","url":"https:\/\/www.medespoir.be\/","logo":{"@type":"ImageObject","inLanguage":"nl-NL","@id":"https:\/\/www.medespoir.be\/#\/schema\/logo\/image\/","url":"https:\/\/www.medespoir.be\/wp-content\/uploads\/2018\/10\/lg-medespoir-be.jpg","contentUrl":"https:\/\/www.medespoir.be\/wp-content\/uploads\/2018\/10\/lg-medespoir-be.jpg","width":242,"height":77,"caption":"Medespoir Belgique"},"image":{"@id":"https:\/\/www.medespoir.be\/#\/schema\/logo\/image\/"}}]}},"_links":{"self":[{"href":"https:\/\/www.medespoir.be\/nl\/wp-json\/wp\/v2\/pages\/8400","targetHints":{"allow":["GET"]}}],"collection":[{"href":"https:\/\/www.medespoir.be\/nl\/wp-json\/wp\/v2\/pages"}],"about":[{"href":"https:\/\/www.medespoir.be\/nl\/wp-json\/wp\/v2\/types\/page"}],"author":[{"embeddable":true,"href":"https:\/\/www.medespoir.be\/nl\/wp-json\/wp\/v2\/users\/1"}],"replies":[{"embeddable":true,"href":"https:\/\/www.medespoir.be\/nl\/wp-json\/wp\/v2\/comments?post=8400"}],"version-history":[{"count":22,"href":"https:\/\/www.medespoir.be\/nl\/wp-json\/wp\/v2\/pages\/8400\/revisions"}],"predecessor-version":[{"id":8426,"href":"https:\/\/www.medespoir.be\/nl\/wp-json\/wp\/v2\/pages\/8400\/revisions\/8426"}],"wp:featuredmedia":[{"embeddable":true,"href":"https:\/\/www.medespoir.be\/nl\/wp-json\/wp\/v2\/media\/7704"}],"wp:attachment":[{"href":"https:\/\/www.medespoir.be\/nl\/wp-json\/wp\/v2\/media?parent=8400"}],"curies":[{"name":"wp","href":"https:\/\/api.w.org\/{rel}","templated":true}]}}