{"id":8476,"date":"2020-09-08T15:30:12","date_gmt":"2020-09-08T13:30:12","guid":{"rendered":"https:\/\/www.medespoir.be\/testiculaire-biopsie-belgie-testiculaire-punctie\/"},"modified":"2023-06-26T11:23:39","modified_gmt":"2023-06-26T09:23:39","slug":"testiculaire-biopsie-belgie","status":"publish","type":"page","link":"https:\/\/www.medespoir.be\/nl\/testiculaire-biopsie-belgie\/","title":{"rendered":"Testiculaire biopsie Belgi\u00eb : Testiculaire punctie"},"content":{"rendered":"\t\t<div data-elementor-type=\"wp-page\" data-elementor-id=\"8476\" class=\"elementor elementor-8476\">\n\t\t\t\t\t\t<section class=\"elementor-section elementor-top-section elementor-element elementor-element-945e96a elementor-section-boxed elementor-section-height-default elementor-section-height-default\" data-id=\"945e96a\" data-element_type=\"section\" data-e-type=\"section\">\n\t\t\t\t\t\t<div class=\"elementor-container elementor-column-gap-default\">\n\t\t\t\t\t<div class=\"elementor-column elementor-col-100 elementor-top-column elementor-element elementor-element-17405e9\" data-id=\"17405e9\" data-element_type=\"column\" data-e-type=\"column\">\n\t\t\t<div class=\"elementor-widget-wrap elementor-element-populated\">\n\t\t\t\t\t\t<div class=\"elementor-element elementor-element-dbe3df6 elementor-widget elementor-widget-text-editor\" data-id=\"dbe3df6\" data-element_type=\"widget\" data-e-type=\"widget\" data-widget_type=\"text-editor.default\">\n\t\t\t\t<div class=\"elementor-widget-container\">\n\t\t\t\t\t\t\t\t\t<h2>Wat is een testiculaire biopsie?<\/h2>\n\t\t\t\t\t\t\t\t<\/div>\n\t\t\t\t<\/div>\n\t\t\t\t<section class=\"elementor-section elementor-inner-section elementor-element elementor-element-6693138 elementor-section-boxed elementor-section-height-default elementor-section-height-default\" data-id=\"6693138\" data-element_type=\"section\" data-e-type=\"section\">\n\t\t\t\t\t\t<div class=\"elementor-container elementor-column-gap-default\">\n\t\t\t\t\t<div class=\"elementor-column elementor-col-50 elementor-inner-column elementor-element elementor-element-5f404bc\" data-id=\"5f404bc\" data-element_type=\"column\" data-e-type=\"column\">\n\t\t\t<div class=\"elementor-widget-wrap elementor-element-populated\">\n\t\t\t\t\t\t<div class=\"elementor-element elementor-element-b2826db elementor-widget elementor-widget-text-editor\" data-id=\"b2826db\" data-element_type=\"widget\" data-e-type=\"widget\" data-widget_type=\"text-editor.default\">\n\t\t\t\t<div class=\"elementor-widget-container\">\n\t\t\t\t\t\t\t\t\tTesticulaire biopsie, ook bekend als <strong>testiculaire sperma-extractie<\/strong>, is een techniek waarbij een klein stukje testiculair weefsel (van \u00e9\u00e9n of beide testikels) wordt weggenomen en geanalyseerd om het aanwezige sperma te extraheren. Het sperma wordt gebruikt voor IVF<a href=\"https:\/\/www.medespoir.be\/nl\/in-vitro\/\">(In Vitro Fertilisatie<\/a>) of om de oorzaken van onvruchtbaarheid vast te stellen.\t\t\t\t\t\t\t\t<\/div>\n\t\t\t\t<\/div>\n\t\t\t\t\t<\/div>\n\t\t<\/div>\n\t\t\t\t<div class=\"elementor-column elementor-col-50 elementor-inner-column elementor-element elementor-element-69f37ca\" data-id=\"69f37ca\" data-element_type=\"column\" data-e-type=\"column\">\n\t\t\t<div class=\"elementor-widget-wrap elementor-element-populated\">\n\t\t\t\t\t\t<div class=\"elementor-element elementor-element-148f323 elementor-widget elementor-widget-text-editor\" data-id=\"148f323\" data-element_type=\"widget\" data-e-type=\"widget\" data-widget_type=\"text-editor.default\">\n\t\t\t\t<div class=\"elementor-widget-container\">\n\t\t\t\t\t\t\t\t\t<p><figure id=\"attachment_7525\" aria-describedby=\"caption-attachment-7525\" style=\"width: 820px\" class=\"wp-caption aligncenter\"><img fetchpriority=\"high\" decoding=\"async\" class=\"wp-image-3364 size-full\" src=\"https:\/\/www.medespoir.be\/wp-content\/uploads\/2020\/09\/biopsie-testiculaire-fiv-belgique.jpg\" alt=\"testiculaire-biopsie-vijf-belgi\u00eb\" width=\"820\" height=\"250\" srcset=\"https:\/\/www.medespoir.be\/wp-content\/uploads\/2020\/09\/biopsie-testiculaire-fiv-belgique.jpg 820w, https:\/\/www.medespoir.be\/wp-content\/uploads\/2020\/09\/biopsie-testiculaire-fiv-belgique-300x91.jpg 300w, https:\/\/www.medespoir.be\/wp-content\/uploads\/2020\/09\/biopsie-testiculaire-fiv-belgique-768x234.jpg 768w, https:\/\/www.medespoir.be\/wp-content\/uploads\/2020\/09\/biopsie-testiculaire-fiv-belgique-260x79.jpg 260w, https:\/\/www.medespoir.be\/wp-content\/uploads\/2020\/09\/biopsie-testiculaire-fiv-belgique-50x15.jpg 50w, https:\/\/www.medespoir.be\/wp-content\/uploads\/2020\/09\/biopsie-testiculaire-fiv-belgique-150x46.jpg 150w\" sizes=\"(max-width: 820px) 100vw, 820px\" \/><figcaption id=\"caption-attachment-7525\" class=\"wp-caption-text\">Testiculaire biopsie IVF Belgi\u00eb<\/figcaption><\/figure><\/p>\n\t\t\t\t\t\t\t\t<\/div>\n\t\t\t\t<\/div>\n\t\t\t\t\t<\/div>\n\t\t<\/div>\n\t\t\t\t\t<\/div>\n\t\t<\/section>\n\t\t\t\t\t<\/div>\n\t\t<\/div>\n\t\t\t\t\t<\/div>\n\t\t<\/section>\n\t\t\t\t<section class=\"elementor-section elementor-top-section elementor-element elementor-element-fe75fa0 elementor-section-full_width elementor-section-height-default elementor-section-height-default\" data-id=\"fe75fa0\" data-element_type=\"section\" data-e-type=\"section\">\n\t\t\t\t\t\t<div class=\"elementor-container elementor-column-gap-no\">\n\t\t\t\t\t<div class=\"elementor-column elementor-col-100 elementor-top-column elementor-element elementor-element-d4a0fc5\" data-id=\"d4a0fc5\" data-element_type=\"column\" data-e-type=\"column\">\n\t\t\t<div class=\"elementor-widget-wrap elementor-element-populated\">\n\t\t\t\t\t\t<div class=\"elementor-element elementor-element-bf4fb72 elementor-widget elementor-widget-text-editor\" data-id=\"bf4fb72\" data-element_type=\"widget\" data-e-type=\"widget\" data-widget_type=\"text-editor.default\">\n\t\t\t\t<div class=\"elementor-widget-container\">\n\t\t\t\t\t\t\t\t\t<p><style>\r\nhtml body a.whatsapp-button {\r\n    display: inline-block;\r\n    background-color: #25D366;\r\n    font-size: 16px;\r\n    font-weight: bold;\r\n    padding: 12px 20px;\r\n    text-align: center;\r\n    text-decoration: none;\r\n    border-radius: 5px;\r\n    box-shadow: 0 4px 6px rgba(0, 0, 0, 0.1);\r\n    transition: background-color 0.3s ease, transform 0.2s ease;\r\n    color: white!important;\r\n}\r\n\r\n.whatsapp-button:hover {\r\n    background-color: #1EBE54;\r\n    transform: translateY(-2px);\r\n}\r\n\r\n.whatsapp-button:active {\r\n    transform: translateY(0);\r\n}\r\n\r\n.align_center {\r\n    display: block;\r\n    text-align: center;\r\n    padding: 30px 0px;\r\n}\r\n\r\n<\/style>\r\n<section >\r\n<div class=\"container\">\r\n<div class=\"row\">\r\n<div class=\"col-md-12\" align=\"center\">\r\n<div class=\"align_center\">\r\n                <a href=\"https:\/\/api.whatsapp.com\/send?phone=+33635235712&#038;&#038;text=Hallo,%20ik%20wil%20graag%20meer%20weten%20over%20je%20werk%20en%20je%20prijzen%20!\"\r\n                    class=\"whatsapp-button\" target=\"_blank\">\r\n                    Klik hier voor een gratis Whatsapp offerte\r\n                <\/a>\r\n<\/div>\r\n<\/div>\r\n<\/div>\r\n<\/div>\r\n<\/section><\/p>\t\t\t\t\t\t\t\t<\/div>\n\t\t\t\t<\/div>\n\t\t\t\t\t<\/div>\n\t\t<\/div>\n\t\t\t\t\t<\/div>\n\t\t<\/section>\n\t\t\t\t<section class=\"elementor-section elementor-top-section elementor-element elementor-element-76a68bd6 elementor-section-boxed elementor-section-height-default elementor-section-height-default\" data-id=\"76a68bd6\" data-element_type=\"section\" data-e-type=\"section\">\n\t\t\t\t\t\t<div class=\"elementor-container elementor-column-gap-default\">\n\t\t\t\t\t<div class=\"elementor-column elementor-col-100 elementor-top-column elementor-element elementor-element-52f9bacc\" data-id=\"52f9bacc\" data-element_type=\"column\" data-e-type=\"column\">\n\t\t\t<div class=\"elementor-widget-wrap elementor-element-populated\">\n\t\t\t\t\t\t<div class=\"elementor-element elementor-element-52a611a5 elementor-widget elementor-widget-text-editor\" data-id=\"52a611a5\" data-element_type=\"widget\" data-e-type=\"widget\" id=\"accordion_interne\" data-widget_type=\"text-editor.default\">\n\t\t\t\t<div class=\"elementor-widget-container\">\n\t\t\t\t\t\t\t\t\t<div id=\"accordion-1\" class=\"accordion\">\n    <div class=\"head active\"><i class=\"fas fa-angle-down arrow\"><\/i>\n        <h2>Voor wie is een testiculaire biopsie aangewezen?<\/h2>\n    <\/div>\n    <div class=\"content\" style=\"display: block;\">\n  Testiculaire biopsie is ge\u00efndiceerd voor onvruchtbare koppels met mannelijke onvruchtbaarheid als oorzaak. Het wordt meestal aanbevolen in gevallen van azo\u00f6spermie (afwezigheid van sperma in het sperma). Maar het kan ook worden aanbevolen\n  voor disfunctie van de gonaden (testikels), die kan worden veroorzaakt door een gebrek aan stimulatie van de hypofyse als deze niet volledig functioneert.\n    <\/div>\n<\/div>\n<div id=\"accordion-2\" class=\"accordion\">\n    <div class=\"head\"><i class=\"fas fa-angle-down arrow\"><\/i>\n        <h2>Hoeveel kost een testiculaire biopsie?<\/h2>\n    <\/div>\n    <div class=\"content\">\n  Een testiculaire biopsie is een betaalbare chirurgische ingreep. Vraag een gratis offerte aan voor prijzen en andere aanbiedingen.\n    <\/div>\n<\/div>\n<div id=\"accordion-3\" class=\"accordion\">\n    <div class=\"head\"><i class=\"fas fa-angle-down arrow\"><\/i>\n        <h2>Hoe lang duurt een testiculaire biopsie?<\/h2>\n    <\/div>\n    <div class=\"content\">\n  De procedure voor het extraheren van testiculair sperma duurt gemiddeld 15 tot 20 minuten. Het kan worden uitgevoerd onder algehele narcose of plaatselijke verdoving, afhankelijk van de wensen van de pati\u00ebnt.\n    <\/div>\n<\/div>\n<div id=\"accordion-4\" class=\"accordion\">\n    <div class=\"head\"><i class=\"fas fa-angle-down arrow\"><\/i>\n        <h2>Hoe wordt een testiculaire biopsie uitgevoerd?<\/h2>\n    <\/div>\n    <div class=\"content\">\n  Er zijn verschillende soorten biopsietechnieken (TESE, Micro TESE). Als de azo\u00f6spermie uitscheidend (obstructief) is, kan de arts een bijbalmonster nemen met een kleine naald. Voor niet-obstructieve azo\u00f6spermie\n  (of secretoire) techniek houdt in dat de huid van de testikel(s) 2 tot 3 cm wordt geopend om testiculair weefsel te verkrijgen. Het weefsel wordt dan gefractioneerd voor onderzoek. E\u00e9n deel zal gewijd zijn aan het bestuderen van de oorzaken van onvruchtbaarheid\n  en een ander deel voor reproductietechnieken. Het doel van de analyse van het verkregen weefsel is om te bepalen of er al dan niet spermatozo\u00efden aanwezig zijn en ook om te ontdekken op welk niveau de spermatogenese stopt met de productie van sperma.\n  Voor een TESE is het terugvindingspercentage van sperma hoog, vooral voor het Y-chromosoom. Voor IVF met een biopsie heeft het de voorkeur om alles op dezelfde dag te doen om het risico op achteruitgang door invriezen te minimaliseren.\n  van de weinige verkregen spermatozoa. Het verschil tussen een TESE en een micro TESE is dat bij een <strong>micro TESE<\/strong> de techniek onder een microscoop wordt uitgevoerd. De kans op meer sperma is dus groot en de\n  het risico op beschadiging van testiculair weefsel is ook laag\n    <\/div>\n<\/div>\n<div id=\"accordion-5\" class=\"accordion\">\n    <div class=\"head\"><i class=\"fas fa-angle-down arrow\"><\/i>\n        <h2>Wat gebeurt er na de operatie?<\/h2>\n    <\/div>\n    <div class=\"content\">\n  Na een testiculaire biopsie kan er een hematoom ontstaan en kunnen er bloedingen, pijn of zwellingen optreden. Het nemen van pijnstillers is voldoende om de pijn te verlichten. De eerste 10 dagen mag je niet werken.\n  na de operatie. Wandelen wordt aanbevolen om elk risico op de vorming van bloedstolsels uit te sluiten. Seks en sport worden de eerste weken afgeraden.\n\n    <\/div>\n<\/div>\n<div id=\"accordion-6\" class=\"accordion\">\n    <div class=\"head\"><i class=\"fas fa-angle-down arrow\"><\/i>\n        <h2>Hoe zien de resultaten eruit?<\/h2>\n\n        <div class=\"content\">\n  Na een biopsie kunnen de resultaten abnormaal zijn en kan het probleem liggen bij het sperma of de hormoonfunctie. In het geval van een verstopping van het kanaal waardoor sperma van de testikels naar de urinebuis kan reizen, kunnen de oorzaken de volgende zijn\n  Meestal gaat het om zaadbalkanker, een tumor die spermatozoa doet afsterven, of orchitis. Na informatie over de resultaten kan de pati\u00ebnt, als de beslissing nog niet is genomen, besluiten om <strong>IVF<\/strong> of <strong>kunstmatige inseminatie <\/strong> te ondergaan.  \n\n        <\/div>\n    <\/div>\n<\/div>\n<div id=\"accordion-7\" class=\"accordion\">\n    <div class=\"head\"><i class=\"fas fa-angle-down arrow\"><\/i>\n        <h2>Hoeveel sessies zijn er nodig?<\/h2>\n\n        <div class=\"content\">\n  Als het aantal verkregen spermacellen voldoende is, is een nieuwe sessie niet nodig. Als dit echter niet het geval is, zal een andere sessie worden aanbevolen. Er moeten echter minimaal 6 maanden verstrijken tussen twee sessies.\n        <\/div>\n    <\/div>\n<\/div>\n\t\t\t\t\t\t\t\t<\/div>\n\t\t\t\t<\/div>\n\t\t\t\t\t<\/div>\n\t\t<\/div>\n\t\t\t\t\t<\/div>\n\t\t<\/section>\n\t\t\t\t<\/div>\n\t\t","protected":false},"excerpt":{"rendered":"<p>Wat is een testiculaire biopsie? Testiculaire biopsie, ook bekend als testiculaire sperma-extractie, is een techniek waarbij een klein stukje testiculair weefsel (van \u00e9\u00e9n of beide testikels) wordt weggenomen en geanalyseerd om het aanwezige sperma te extraheren. Het sperma wordt gebruikt voor IVF(In Vitro Fertilisatie) of om de oorzaken van onvruchtbaarheid vast te stellen. Voor wie [&hellip;]<\/p>\n","protected":false},"author":1,"featured_media":7734,"parent":0,"menu_order":0,"comment_status":"closed","ping_status":"closed","template":"","meta":{"footnotes":""},"class_list":["post-8476","page","type-page","status-publish","has-post-thumbnail","hentry"],"yoast_head":"<!-- This site is optimized with the Yoast SEO plugin v27.3 - https:\/\/yoast.com\/product\/yoast-seo-wordpress\/ -->\n<title>Testiculaire biopsie Belgi\u00eb : Testiculaire punctie goedkope prijs<\/title>\n<meta name=\"description\" content=\"Testiculaire biopsie Belgi\u00eb is een MAP-techniek die ge\u00efndiceerd is voor onvruchtbare koppels met mannelijke onvruchtbaarheid als oorzaak.\" \/>\n<meta name=\"robots\" content=\"index, follow, max-snippet:-1, max-image-preview:large, max-video-preview:-1\" \/>\n<link rel=\"canonical\" href=\"https:\/\/www.medespoir.be\/nl\/testiculaire-biopsie-belgie\/\" \/>\n<meta property=\"og:locale\" content=\"nl_NL\" \/>\n<meta property=\"og:type\" content=\"article\" \/>\n<meta property=\"og:title\" content=\"Testiculaire biopsie Belgi\u00eb : Testiculaire punctie goedkope prijs\" \/>\n<meta property=\"og:description\" content=\"Testiculaire biopsie Belgi\u00eb is een MAP-techniek die ge\u00efndiceerd is voor onvruchtbare koppels met mannelijke onvruchtbaarheid als oorzaak.\" \/>\n<meta property=\"og:url\" content=\"https:\/\/www.medespoir.be\/nl\/testiculaire-biopsie-belgie\/\" \/>\n<meta property=\"og:site_name\" content=\"Chirurgie esthetique Belgique\" \/>\n<meta property=\"article:modified_time\" content=\"2023-06-26T09:23:39+00:00\" \/>\n<meta property=\"og:image\" content=\"https:\/\/www.medespoir.be\/wp-content\/uploads\/2021\/11\/header_in-vitro.jpg\" \/>\n\t<meta property=\"og:image:width\" content=\"1925\" \/>\n\t<meta property=\"og:image:height\" content=\"451\" \/>\n\t<meta property=\"og:image:type\" content=\"image\/jpeg\" \/>\n<meta name=\"twitter:card\" content=\"summary_large_image\" \/>\n<meta name=\"twitter:label1\" content=\"Geschatte leestijd\" \/>\n\t<meta name=\"twitter:data1\" content=\"4 minuten\" \/>\n<script type=\"application\/ld+json\" class=\"yoast-schema-graph\">{\"@context\":\"https:\\\/\\\/schema.org\",\"@graph\":[{\"@type\":\"WebPage\",\"@id\":\"https:\\\/\\\/www.medespoir.be\\\/nl\\\/testiculaire-biopsie-belgie\\\/\",\"url\":\"https:\\\/\\\/www.medespoir.be\\\/nl\\\/testiculaire-biopsie-belgie\\\/\",\"name\":\"Testiculaire biopsie Belgi\u00eb : Testiculaire punctie goedkope prijs\",\"isPartOf\":{\"@id\":\"https:\\\/\\\/www.medespoir.be\\\/#website\"},\"primaryImageOfPage\":{\"@id\":\"https:\\\/\\\/www.medespoir.be\\\/nl\\\/testiculaire-biopsie-belgie\\\/#primaryimage\"},\"image\":{\"@id\":\"https:\\\/\\\/www.medespoir.be\\\/nl\\\/testiculaire-biopsie-belgie\\\/#primaryimage\"},\"thumbnailUrl\":\"https:\\\/\\\/www.medespoir.be\\\/wp-content\\\/uploads\\\/2021\\\/11\\\/header_in-vitro.jpg\",\"datePublished\":\"2020-09-08T13:30:12+00:00\",\"dateModified\":\"2023-06-26T09:23:39+00:00\",\"description\":\"Testiculaire biopsie Belgi\u00eb is een MAP-techniek die ge\u00efndiceerd is voor onvruchtbare koppels met mannelijke onvruchtbaarheid als oorzaak.\",\"breadcrumb\":{\"@id\":\"https:\\\/\\\/www.medespoir.be\\\/nl\\\/testiculaire-biopsie-belgie\\\/#breadcrumb\"},\"inLanguage\":\"nl-NL\",\"potentialAction\":[{\"@type\":\"ReadAction\",\"target\":[\"https:\\\/\\\/www.medespoir.be\\\/nl\\\/testiculaire-biopsie-belgie\\\/\"]}]},{\"@type\":\"ImageObject\",\"inLanguage\":\"nl-NL\",\"@id\":\"https:\\\/\\\/www.medespoir.be\\\/nl\\\/testiculaire-biopsie-belgie\\\/#primaryimage\",\"url\":\"https:\\\/\\\/www.medespoir.be\\\/wp-content\\\/uploads\\\/2021\\\/11\\\/header_in-vitro.jpg\",\"contentUrl\":\"https:\\\/\\\/www.medespoir.be\\\/wp-content\\\/uploads\\\/2021\\\/11\\\/header_in-vitro.jpg\",\"width\":1925,\"height\":451},{\"@type\":\"BreadcrumbList\",\"@id\":\"https:\\\/\\\/www.medespoir.be\\\/nl\\\/testiculaire-biopsie-belgie\\\/#breadcrumb\",\"itemListElement\":[{\"@type\":\"ListItem\",\"position\":1,\"name\":\"Accueil\",\"item\":\"https:\\\/\\\/www.medespoir.be\\\/nl\\\/\"},{\"@type\":\"ListItem\",\"position\":2,\"name\":\"Testiculaire biopsie Belgi\u00eb : Testiculaire punctie\"}]},{\"@type\":\"WebSite\",\"@id\":\"https:\\\/\\\/www.medespoir.be\\\/#website\",\"url\":\"https:\\\/\\\/www.medespoir.be\\\/\",\"name\":\"Chirurgie esthetique Belgique\",\"description\":\"\",\"publisher\":{\"@id\":\"https:\\\/\\\/www.medespoir.be\\\/#organization\"},\"potentialAction\":[{\"@type\":\"SearchAction\",\"target\":{\"@type\":\"EntryPoint\",\"urlTemplate\":\"https:\\\/\\\/www.medespoir.be\\\/?s={search_term_string}\"},\"query-input\":{\"@type\":\"PropertyValueSpecification\",\"valueRequired\":true,\"valueName\":\"search_term_string\"}}],\"inLanguage\":\"nl-NL\"},{\"@type\":\"Organization\",\"@id\":\"https:\\\/\\\/www.medespoir.be\\\/#organization\",\"name\":\"Medespoir Belgique\",\"url\":\"https:\\\/\\\/www.medespoir.be\\\/\",\"logo\":{\"@type\":\"ImageObject\",\"inLanguage\":\"nl-NL\",\"@id\":\"https:\\\/\\\/www.medespoir.be\\\/#\\\/schema\\\/logo\\\/image\\\/\",\"url\":\"https:\\\/\\\/www.medespoir.be\\\/wp-content\\\/uploads\\\/2018\\\/10\\\/lg-medespoir-be.jpg\",\"contentUrl\":\"https:\\\/\\\/www.medespoir.be\\\/wp-content\\\/uploads\\\/2018\\\/10\\\/lg-medespoir-be.jpg\",\"width\":242,\"height\":77,\"caption\":\"Medespoir Belgique\"},\"image\":{\"@id\":\"https:\\\/\\\/www.medespoir.be\\\/#\\\/schema\\\/logo\\\/image\\\/\"}}]}<\/script>\n<!-- \/ Yoast SEO plugin. -->","yoast_head_json":{"title":"Testiculaire biopsie Belgi\u00eb : Testiculaire punctie goedkope prijs","description":"Testiculaire biopsie Belgi\u00eb is een MAP-techniek die ge\u00efndiceerd is voor onvruchtbare koppels met mannelijke onvruchtbaarheid als oorzaak.","robots":{"index":"index","follow":"follow","max-snippet":"max-snippet:-1","max-image-preview":"max-image-preview:large","max-video-preview":"max-video-preview:-1"},"canonical":"https:\/\/www.medespoir.be\/nl\/testiculaire-biopsie-belgie\/","og_locale":"nl_NL","og_type":"article","og_title":"Testiculaire biopsie Belgi\u00eb : Testiculaire punctie goedkope prijs","og_description":"Testiculaire biopsie Belgi\u00eb is een MAP-techniek die ge\u00efndiceerd is voor onvruchtbare koppels met mannelijke onvruchtbaarheid als oorzaak.","og_url":"https:\/\/www.medespoir.be\/nl\/testiculaire-biopsie-belgie\/","og_site_name":"Chirurgie esthetique Belgique","article_modified_time":"2023-06-26T09:23:39+00:00","og_image":[{"width":1925,"height":451,"url":"https:\/\/www.medespoir.be\/wp-content\/uploads\/2021\/11\/header_in-vitro.jpg","type":"image\/jpeg"}],"twitter_card":"summary_large_image","twitter_misc":{"Geschatte leestijd":"4 minuten"},"schema":{"@context":"https:\/\/schema.org","@graph":[{"@type":"WebPage","@id":"https:\/\/www.medespoir.be\/nl\/testiculaire-biopsie-belgie\/","url":"https:\/\/www.medespoir.be\/nl\/testiculaire-biopsie-belgie\/","name":"Testiculaire biopsie Belgi\u00eb : Testiculaire punctie goedkope prijs","isPartOf":{"@id":"https:\/\/www.medespoir.be\/#website"},"primaryImageOfPage":{"@id":"https:\/\/www.medespoir.be\/nl\/testiculaire-biopsie-belgie\/#primaryimage"},"image":{"@id":"https:\/\/www.medespoir.be\/nl\/testiculaire-biopsie-belgie\/#primaryimage"},"thumbnailUrl":"https:\/\/www.medespoir.be\/wp-content\/uploads\/2021\/11\/header_in-vitro.jpg","datePublished":"2020-09-08T13:30:12+00:00","dateModified":"2023-06-26T09:23:39+00:00","description":"Testiculaire biopsie Belgi\u00eb is een MAP-techniek die ge\u00efndiceerd is voor onvruchtbare koppels met mannelijke onvruchtbaarheid als oorzaak.","breadcrumb":{"@id":"https:\/\/www.medespoir.be\/nl\/testiculaire-biopsie-belgie\/#breadcrumb"},"inLanguage":"nl-NL","potentialAction":[{"@type":"ReadAction","target":["https:\/\/www.medespoir.be\/nl\/testiculaire-biopsie-belgie\/"]}]},{"@type":"ImageObject","inLanguage":"nl-NL","@id":"https:\/\/www.medespoir.be\/nl\/testiculaire-biopsie-belgie\/#primaryimage","url":"https:\/\/www.medespoir.be\/wp-content\/uploads\/2021\/11\/header_in-vitro.jpg","contentUrl":"https:\/\/www.medespoir.be\/wp-content\/uploads\/2021\/11\/header_in-vitro.jpg","width":1925,"height":451},{"@type":"BreadcrumbList","@id":"https:\/\/www.medespoir.be\/nl\/testiculaire-biopsie-belgie\/#breadcrumb","itemListElement":[{"@type":"ListItem","position":1,"name":"Accueil","item":"https:\/\/www.medespoir.be\/nl\/"},{"@type":"ListItem","position":2,"name":"Testiculaire biopsie Belgi\u00eb : Testiculaire punctie"}]},{"@type":"WebSite","@id":"https:\/\/www.medespoir.be\/#website","url":"https:\/\/www.medespoir.be\/","name":"Chirurgie esthetique Belgique","description":"","publisher":{"@id":"https:\/\/www.medespoir.be\/#organization"},"potentialAction":[{"@type":"SearchAction","target":{"@type":"EntryPoint","urlTemplate":"https:\/\/www.medespoir.be\/?s={search_term_string}"},"query-input":{"@type":"PropertyValueSpecification","valueRequired":true,"valueName":"search_term_string"}}],"inLanguage":"nl-NL"},{"@type":"Organization","@id":"https:\/\/www.medespoir.be\/#organization","name":"Medespoir Belgique","url":"https:\/\/www.medespoir.be\/","logo":{"@type":"ImageObject","inLanguage":"nl-NL","@id":"https:\/\/www.medespoir.be\/#\/schema\/logo\/image\/","url":"https:\/\/www.medespoir.be\/wp-content\/uploads\/2018\/10\/lg-medespoir-be.jpg","contentUrl":"https:\/\/www.medespoir.be\/wp-content\/uploads\/2018\/10\/lg-medespoir-be.jpg","width":242,"height":77,"caption":"Medespoir Belgique"},"image":{"@id":"https:\/\/www.medespoir.be\/#\/schema\/logo\/image\/"}}]}},"_links":{"self":[{"href":"https:\/\/www.medespoir.be\/nl\/wp-json\/wp\/v2\/pages\/8476","targetHints":{"allow":["GET"]}}],"collection":[{"href":"https:\/\/www.medespoir.be\/nl\/wp-json\/wp\/v2\/pages"}],"about":[{"href":"https:\/\/www.medespoir.be\/nl\/wp-json\/wp\/v2\/types\/page"}],"author":[{"embeddable":true,"href":"https:\/\/www.medespoir.be\/nl\/wp-json\/wp\/v2\/users\/1"}],"replies":[{"embeddable":true,"href":"https:\/\/www.medespoir.be\/nl\/wp-json\/wp\/v2\/comments?post=8476"}],"version-history":[{"count":7,"href":"https:\/\/www.medespoir.be\/nl\/wp-json\/wp\/v2\/pages\/8476\/revisions"}],"predecessor-version":[{"id":8495,"href":"https:\/\/www.medespoir.be\/nl\/wp-json\/wp\/v2\/pages\/8476\/revisions\/8495"}],"wp:featuredmedia":[{"embeddable":true,"href":"https:\/\/www.medespoir.be\/nl\/wp-json\/wp\/v2\/media\/7734"}],"wp:attachment":[{"href":"https:\/\/www.medespoir.be\/nl\/wp-json\/wp\/v2\/media?parent=8476"}],"curies":[{"name":"wp","href":"https:\/\/api.w.org\/{rel}","templated":true}]}}