{"id":8480,"date":"2021-03-17T11:40:13","date_gmt":"2021-03-17T10:40:13","guid":{"rendered":"https:\/\/www.medespoir.be\/laser-tanden-bleken-prijzen-en-resultaten\/"},"modified":"2023-06-26T12:20:04","modified_gmt":"2023-06-26T10:20:04","slug":"tanden-bleken-met-laser-belgie","status":"publish","type":"page","link":"https:\/\/www.medespoir.be\/nl\/tanden-bleken-met-laser-belgie\/","title":{"rendered":"Laser tanden bleken prijzen en resultaten"},"content":{"rendered":"\t\t<div data-elementor-type=\"wp-page\" data-elementor-id=\"8480\" class=\"elementor elementor-8480\">\n\t\t\t\t\t\t<section class=\"elementor-section elementor-top-section elementor-element elementor-element-76eed8c elementor-section-boxed elementor-section-height-default elementor-section-height-default\" data-id=\"76eed8c\" data-element_type=\"section\" data-e-type=\"section\">\n\t\t\t\t\t\t<div class=\"elementor-container elementor-column-gap-default\">\n\t\t\t\t\t<div class=\"elementor-column elementor-col-66 elementor-top-column elementor-element elementor-element-aee4bf7\" data-id=\"aee4bf7\" data-element_type=\"column\" data-e-type=\"column\">\n\t\t\t<div class=\"elementor-widget-wrap elementor-element-populated\">\n\t\t\t\t\t\t<div class=\"elementor-element elementor-element-e831f51 elementor-widget elementor-widget-text-editor\" data-id=\"e831f51\" data-element_type=\"widget\" data-e-type=\"widget\" data-widget_type=\"text-editor.default\">\n\t\t\t\t<div class=\"elementor-widget-container\">\n\t\t\t\t\t\t\t\t\t<strong>Het bleken van tanden met een laser<\/strong> is een zeer effectieve manier om tanden lichter en witter te maken zonder het tandoppervlak te verwijderen of te beschadigen. Met wittere tanden zie je er jonger en aantrekkelijker uit.\n\nDe opties voor het bleken van tanden zijn nu bijna eindeloos, en een van de populairste en effectiefste professionele opties is het bleken van tanden met een laser.\n\nDe prijs van lasertanden bleken in Belgi\u00eb begint bij \u20ac400. Vraag voor meer informatie een persoonlijke, gratis en vrijblijvende offerte aan voor het bleken van je tanden!\n\t\t\t\t\t\t\t\t<\/div>\n\t\t\t\t<\/div>\n\t\t\t\t\t<\/div>\n\t\t<\/div>\n\t\t\t\t<div class=\"elementor-column elementor-col-33 elementor-top-column elementor-element elementor-element-bf48f8c\" data-id=\"bf48f8c\" data-element_type=\"column\" data-e-type=\"column\">\n\t\t\t<div class=\"elementor-widget-wrap elementor-element-populated\">\n\t\t\t\t\t\t<div class=\"elementor-element elementor-element-31938a9 elementor-widget elementor-widget-text-editor\" data-id=\"31938a9\" data-element_type=\"widget\" data-e-type=\"widget\" data-widget_type=\"text-editor.default\">\n\t\t\t\t<div class=\"elementor-widget-container\">\n\t\t\t\t\t\t\t\t\t<p><figure id=\"attachment_7576\" aria-describedby=\"caption-attachment-7576\" style=\"width: 626px\" class=\"wp-caption aligncenter\"><img fetchpriority=\"high\" decoding=\"async\" class=\"wp-image-3865 size-full\" src=\"https:\/\/www.medespoir.be\/wp-content\/uploads\/2021\/03\/blanchiment-dents-au-laser-prix-belgique.jpg\" alt=\"whitening-teeth-bij-laser-prijs-belgi\u00eb\" width=\"626\" height=\"417\" srcset=\"https:\/\/www.medespoir.be\/wp-content\/uploads\/2021\/03\/blanchiment-dents-au-laser-prix-belgique.jpg 626w, https:\/\/www.medespoir.be\/wp-content\/uploads\/2021\/03\/blanchiment-dents-au-laser-prix-belgique-300x200.jpg 300w, https:\/\/www.medespoir.be\/wp-content\/uploads\/2021\/03\/blanchiment-dents-au-laser-prix-belgique-219x146.jpg 219w, https:\/\/www.medespoir.be\/wp-content\/uploads\/2021\/03\/blanchiment-dents-au-laser-prix-belgique-50x33.jpg 50w, https:\/\/www.medespoir.be\/wp-content\/uploads\/2021\/03\/blanchiment-dents-au-laser-prix-belgique-113x75.jpg 113w\" sizes=\"(max-width: 626px) 100vw, 626px\" \/><figcaption id=\"caption-attachment-7576\" class=\"wp-caption-text\">Tanden bleken met een laser<\/figcaption><\/figure><\/p>\n\t\t\t\t\t\t\t\t<\/div>\n\t\t\t\t<\/div>\n\t\t\t\t\t<\/div>\n\t\t<\/div>\n\t\t\t\t\t<\/div>\n\t\t<\/section>\n\t\t\t\t<section class=\"elementor-section elementor-top-section elementor-element elementor-element-d3b098a elementor-section-full_width elementor-section-height-default elementor-section-height-default\" data-id=\"d3b098a\" data-element_type=\"section\" data-e-type=\"section\">\n\t\t\t\t\t\t<div class=\"elementor-container elementor-column-gap-no\">\n\t\t\t\t\t<div class=\"elementor-column elementor-col-100 elementor-top-column elementor-element elementor-element-f792388\" data-id=\"f792388\" data-element_type=\"column\" data-e-type=\"column\">\n\t\t\t<div class=\"elementor-widget-wrap elementor-element-populated\">\n\t\t\t\t\t\t<div class=\"elementor-element elementor-element-90db7f6 elementor-widget elementor-widget-text-editor\" data-id=\"90db7f6\" data-element_type=\"widget\" data-e-type=\"widget\" data-widget_type=\"text-editor.default\">\n\t\t\t\t<div class=\"elementor-widget-container\">\n\t\t\t\t\t\t\t\t\t<p><style>\r\n@import url('https:\/\/fonts.googleapis.com\/css?family=Poppins:400,500,600,700&display=swap');\r\n.title-iframe {\r\n    text-align: center;\r\n    font-size: 31px;\r\n    font-weight: 600;\r\n    font-family: 'Poppins', sans-serif;\r\n    background: -webkit-linear-gradient(right, #3fb55b, #216bad, #3fb55b, #216bad);\r\n    -webkit-background-clip: text;\r\n    -webkit-text-fill-color: transparent;\r\n    padding: 20px 0px;\r\n}\r\n<\/style>\r\n<h2 class=\"title-iframe\">Obtenez votre Devis Gratuit<\/h2>\r\n<iframe src=\"https:\/\/app.metocrm.com\/web-forms\/aac28a96-7198-4851-a5e4-1891cd9d9f37\"  height=\"700px\" width=\"100%\"  frameborder=\"0\" style=\"border-radius: 10px;\"><\/iframe>\r\n<\/p>\n\t\t\t\t\t\t\t\t<\/div>\n\t\t\t\t<\/div>\n\t\t\t\t\t<\/div>\n\t\t<\/div>\n\t\t\t\t\t<\/div>\n\t\t<\/section>\n\t\t\t\t<section class=\"elementor-section elementor-top-section elementor-element elementor-element-bb04246 elementor-section-boxed elementor-section-height-default elementor-section-height-default\" data-id=\"bb04246\" data-element_type=\"section\" data-e-type=\"section\">\n\t\t\t\t\t\t<div class=\"elementor-container elementor-column-gap-default\">\n\t\t\t\t\t<div class=\"elementor-column elementor-col-100 elementor-top-column elementor-element elementor-element-1a505859\" data-id=\"1a505859\" data-element_type=\"column\" data-e-type=\"column\">\n\t\t\t<div class=\"elementor-widget-wrap elementor-element-populated\">\n\t\t\t\t\t\t<div class=\"elementor-element elementor-element-31875a33 elementor-widget elementor-widget-text-editor\" data-id=\"31875a33\" data-element_type=\"widget\" data-e-type=\"widget\" data-widget_type=\"text-editor.default\">\n\t\t\t\t<div class=\"elementor-widget-container\">\n\t\t\t\t\t\t\t\t\t\n\n<h2>Procedure voor lasertanden bleken<\/h2>\nVoordat de laser whitening behandeling begint, ondergaat de pati\u00ebnt een routine gebitsreiniging voordat de juiste concentratie bleekgel op de tanden wordt aangebracht.\n\nHet blauwe licht wordt vervolgens over de tanden geplaatst om de gel te activeren door middel van een oxidatieproces. Over het algemeen worden de gels gedurende drie intervallen van 20 minuten op de tanden aangebracht.\n\nNadat het tandvlees is beschermd, brengt de tandarts een witmakend product aan op het oppervlak van de tanden. Vervolgens wordt er een laser of licht op de tanden geprojecteerd om de chemische stof in het bleekproduct te activeren. Het licht is ontworpen om het witmakingsproces te versnellen en je te helpen <a href=\"https:\/\/www.medespoir.be\/nl\/gebit-bleken\/\">snel wittere, heldere tanden te krijgen<\/a>.\n\nLaserlicht heeft een wisselwerking met waterstofperoxide op moleculair niveau, waardoor het proces krachtiger wordt. Het is ook een uitstekende manier om vergeelde tanden te behandelen, waardoor ze veel witter en helderder worden.\n\n<figure id=\"attachment_7577\" aria-describedby=\"caption-attachment-7577\" style=\"width: 300px\" class=\"wp-caption aligncenter\"><img decoding=\"async\" class=\"size-medium wp-image-3867\" src=\"https:\/\/www.medespoir.be\/wp-content\/uploads\/2021\/03\/laser-dents-blanche-300x225.jpg\" alt=\"laser-tanden-wit\" width=\"300\" height=\"225\" srcset=\"https:\/\/www.medespoir.be\/wp-content\/uploads\/2021\/03\/laser-dents-blanche-300x225.jpg 300w, https:\/\/www.medespoir.be\/wp-content\/uploads\/2021\/03\/laser-dents-blanche-195x146.jpg 195w, https:\/\/www.medespoir.be\/wp-content\/uploads\/2021\/03\/laser-dents-blanche-50x37.jpg 50w, https:\/\/www.medespoir.be\/wp-content\/uploads\/2021\/03\/laser-dents-blanche-100x75.jpg 100w, https:\/\/www.medespoir.be\/wp-content\/uploads\/2021\/03\/laser-dents-blanche.jpg 338w\" sizes=\"(max-width: 300px) 100vw, 300px\" \/><figcaption id=\"caption-attachment-7577\" class=\"wp-caption-text\">Whitening gel<\/figcaption><\/figure>\n\n<strong>Het bleken van de tanden met een laser<\/strong> is ook een pijnloze procedure en de pati\u00ebnt voelt weinig tijdens de ingreep. De procedure duurt een uur of minder.\n\nZodra de specialist klaar is met het onderzoeken van het gebit van de pati\u00ebnt na de procedure, om er zeker van te zijn dat de tanden en het tandvlees in goede conditie zijn, kan de pati\u00ebnt vertrekken en is er geen speciale zorg nodig. De pati\u00ebnt kan in de dagen na het bleken een lichte gevoeligheid ervaren.\n\nNa de sessie mogen gedurende minstens twee uur alleen heldere vloeistoffen worden gedronken. Eet na deze periode alleen voedsel dat geen vlekken op je tanden maakt. Je moet ook het eten van voedingsmiddelen met donkere pigmenten, koffie, thee en frisdrank minstens 24 uur vermijden.\n<h2>De resultaten van lasertanden bleken<\/h2>\nDe resultaten van lasertanden bleken kunnen meerdere jaren aanhouden als de pati\u00ebnt goede mondhygi\u00ebnische gewoonten aanneemt.\n\n<figure id=\"attachment_7578\" aria-describedby=\"caption-attachment-7578\" style=\"width: 300px\" class=\"wp-caption aligncenter\"><img decoding=\"async\" class=\"size-medium wp-image-3868\" src=\"https:\/\/www.medespoir.be\/wp-content\/uploads\/2021\/03\/blanchiment-laser-dents-avant-apres-300x180.jpg\" alt=\"resultaten van lasertanden bleken\" width=\"300\" height=\"180\" srcset=\"https:\/\/www.medespoir.be\/wp-content\/uploads\/2021\/03\/blanchiment-laser-dents-avant-apres-300x180.jpg 300w, https:\/\/www.medespoir.be\/wp-content\/uploads\/2021\/03\/blanchiment-laser-dents-avant-apres-768x461.jpg 768w, https:\/\/www.medespoir.be\/wp-content\/uploads\/2021\/03\/blanchiment-laser-dents-avant-apres-243x146.jpg 243w, https:\/\/www.medespoir.be\/wp-content\/uploads\/2021\/03\/blanchiment-laser-dents-avant-apres-50x30.jpg 50w, https:\/\/www.medespoir.be\/wp-content\/uploads\/2021\/03\/blanchiment-laser-dents-avant-apres-125x75.jpg 125w, https:\/\/www.medespoir.be\/wp-content\/uploads\/2021\/03\/blanchiment-laser-dents-avant-apres.jpg 1000w\" sizes=\"(max-width: 300px) 100vw, 300px\" \/><figcaption id=\"caption-attachment-7578\" class=\"wp-caption-text\">Resultaten van lasertanden bleken<\/figcaption><\/figure>\n\nOm een witte glimlach te behouden na het bleken van je tanden met een laser, moet je je mond regelmatig hygi\u00ebnisch houden (poetsen en flossen) om je tanden te beschermen tegen vlekken. Regelmatige gebitsreiniging is ook essentieel om je glimlach glanzend en als nieuw te houden.\t\t\t\t\t\t\t\t<\/div>\n\t\t\t\t<\/div>\n\t\t\t\t\t<\/div>\n\t\t<\/div>\n\t\t\t\t\t<\/div>\n\t\t<\/section>\n\t\t\t\t<section class=\"elementor-section elementor-top-section elementor-element elementor-element-13b5947 elementor-section-boxed elementor-section-height-default elementor-section-height-default\" data-id=\"13b5947\" data-element_type=\"section\" data-e-type=\"section\">\n\t\t\t\t\t\t<div class=\"elementor-container elementor-column-gap-default\">\n\t\t\t\t\t<div class=\"elementor-column elementor-col-33 elementor-top-column elementor-element elementor-element-695078c\" data-id=\"695078c\" data-element_type=\"column\" data-e-type=\"column\">\n\t\t\t<div class=\"elementor-widget-wrap\">\n\t\t\t\t\t\t\t<\/div>\n\t\t<\/div>\n\t\t\t\t<div class=\"elementor-column elementor-col-33 elementor-top-column elementor-element elementor-element-98314bc\" data-id=\"98314bc\" data-element_type=\"column\" data-e-type=\"column\">\n\t\t\t<div class=\"elementor-widget-wrap elementor-element-populated\">\n\t\t\t\t\t\t<div class=\"elementor-element elementor-element-270b7fa elementor-widget elementor-widget-text-editor\" data-id=\"270b7fa\" data-element_type=\"widget\" data-e-type=\"widget\" data-widget_type=\"text-editor.default\">\n\t\t\t\t<div class=\"elementor-widget-container\">\n\t\t\t\t\t\t\t\t\t<div class=\"btn_interne\"><a class=\"btn__slider\" href=\"https:\/\/www.medespoir.be\/nl\/gratis-offerte\/\">&#8211; Schatting bleken met laser<\/a><\/div>\n\t\t\t\t\t\t\t\t<\/div>\n\t\t\t\t<\/div>\n\t\t\t\t\t<\/div>\n\t\t<\/div>\n\t\t\t\t<div class=\"elementor-column elementor-col-33 elementor-top-column elementor-element elementor-element-1f21954\" data-id=\"1f21954\" data-element_type=\"column\" data-e-type=\"column\">\n\t\t\t<div class=\"elementor-widget-wrap\">\n\t\t\t\t\t\t\t<\/div>\n\t\t<\/div>\n\t\t\t\t\t<\/div>\n\t\t<\/section>\n\t\t\t\t<\/div>\n\t\t","protected":false},"excerpt":{"rendered":"<p>Het bleken van tanden met een laser is een zeer effectieve manier om tanden lichter en witter te maken zonder het tandoppervlak te verwijderen of te beschadigen. Met wittere tanden zie je er jonger en aantrekkelijker uit. De opties voor het bleken van tanden zijn nu bijna eindeloos, en een van de populairste en effectiefste [&hellip;]<\/p>\n","protected":false},"author":1,"featured_media":7730,"parent":0,"menu_order":0,"comment_status":"closed","ping_status":"closed","template":"","meta":{"footnotes":""},"class_list":["post-8480","page","type-page","status-publish","has-post-thumbnail","hentry"],"yoast_head":"<!-- This site is optimized with the Yoast SEO plugin v27.6 - https:\/\/yoast.com\/product\/yoast-seo-wordpress\/ -->\n<title>Tanden bleken met laser in Belgi\u00eb: procedure, prijs en resultaten<\/title>\n<meta name=\"description\" content=\"Lasertanden bleken Belgi\u00eb: een zeer effectieve techniek om tanden lichter en witter te maken zonder het tandoppervlak te beschadigen. Met wittere tanden zie je er jonger en aantrekkelijker uit.\" \/>\n<meta name=\"robots\" content=\"index, follow, max-snippet:-1, max-image-preview:large, max-video-preview:-1\" \/>\n<link rel=\"canonical\" href=\"https:\/\/www.medespoir.be\/nl\/tanden-bleken-met-laser-belgie\/\" \/>\n<meta property=\"og:locale\" content=\"nl_NL\" \/>\n<meta property=\"og:type\" content=\"article\" \/>\n<meta property=\"og:title\" content=\"Tanden bleken met laser in Belgi\u00eb: procedure, prijs en resultaten\" \/>\n<meta property=\"og:description\" content=\"Lasertanden bleken Belgi\u00eb: een zeer effectieve techniek om tanden lichter en witter te maken zonder het tandoppervlak te beschadigen. Met wittere tanden zie je er jonger en aantrekkelijker uit.\" \/>\n<meta property=\"og:url\" content=\"https:\/\/www.medespoir.be\/nl\/tanden-bleken-met-laser-belgie\/\" \/>\n<meta property=\"og:site_name\" content=\"Chirurgie esthetique Belgique\" \/>\n<meta property=\"article:modified_time\" content=\"2023-06-26T10:20:04+00:00\" \/>\n<meta property=\"og:image\" content=\"https:\/\/www.medespoir.be\/wp-content\/uploads\/2021\/11\/header_esthetique-dentaire.jpg\" \/>\n\t<meta property=\"og:image:width\" content=\"1925\" \/>\n\t<meta property=\"og:image:height\" content=\"451\" \/>\n\t<meta property=\"og:image:type\" content=\"image\/jpeg\" \/>\n<meta name=\"twitter:card\" content=\"summary_large_image\" \/>\n<meta name=\"twitter:label1\" content=\"Geschatte leestijd\" \/>\n\t<meta name=\"twitter:data1\" content=\"4 minuten\" \/>\n<script type=\"application\/ld+json\" class=\"yoast-schema-graph\">{\"@context\":\"https:\\\/\\\/schema.org\",\"@graph\":[{\"@type\":\"WebPage\",\"@id\":\"https:\\\/\\\/www.medespoir.be\\\/nl\\\/tanden-bleken-met-laser-belgie\\\/\",\"url\":\"https:\\\/\\\/www.medespoir.be\\\/nl\\\/tanden-bleken-met-laser-belgie\\\/\",\"name\":\"Tanden bleken met laser in Belgi\u00eb: procedure, prijs en resultaten\",\"isPartOf\":{\"@id\":\"https:\\\/\\\/www.medespoir.be\\\/#website\"},\"primaryImageOfPage\":{\"@id\":\"https:\\\/\\\/www.medespoir.be\\\/nl\\\/tanden-bleken-met-laser-belgie\\\/#primaryimage\"},\"image\":{\"@id\":\"https:\\\/\\\/www.medespoir.be\\\/nl\\\/tanden-bleken-met-laser-belgie\\\/#primaryimage\"},\"thumbnailUrl\":\"https:\\\/\\\/www.medespoir.be\\\/wp-content\\\/uploads\\\/2021\\\/11\\\/header_esthetique-dentaire.jpg\",\"datePublished\":\"2021-03-17T10:40:13+00:00\",\"dateModified\":\"2023-06-26T10:20:04+00:00\",\"description\":\"Lasertanden bleken Belgi\u00eb: een zeer effectieve techniek om tanden lichter en witter te maken zonder het tandoppervlak te beschadigen. Met wittere tanden zie je er jonger en aantrekkelijker uit.\",\"breadcrumb\":{\"@id\":\"https:\\\/\\\/www.medespoir.be\\\/nl\\\/tanden-bleken-met-laser-belgie\\\/#breadcrumb\"},\"inLanguage\":\"nl-NL\",\"potentialAction\":[{\"@type\":\"ReadAction\",\"target\":[\"https:\\\/\\\/www.medespoir.be\\\/nl\\\/tanden-bleken-met-laser-belgie\\\/\"]}]},{\"@type\":\"ImageObject\",\"inLanguage\":\"nl-NL\",\"@id\":\"https:\\\/\\\/www.medespoir.be\\\/nl\\\/tanden-bleken-met-laser-belgie\\\/#primaryimage\",\"url\":\"https:\\\/\\\/www.medespoir.be\\\/wp-content\\\/uploads\\\/2021\\\/11\\\/header_esthetique-dentaire.jpg\",\"contentUrl\":\"https:\\\/\\\/www.medespoir.be\\\/wp-content\\\/uploads\\\/2021\\\/11\\\/header_esthetique-dentaire.jpg\",\"width\":1925,\"height\":451},{\"@type\":\"BreadcrumbList\",\"@id\":\"https:\\\/\\\/www.medespoir.be\\\/nl\\\/tanden-bleken-met-laser-belgie\\\/#breadcrumb\",\"itemListElement\":[{\"@type\":\"ListItem\",\"position\":1,\"name\":\"Accueil\",\"item\":\"https:\\\/\\\/www.medespoir.be\\\/nl\\\/\"},{\"@type\":\"ListItem\",\"position\":2,\"name\":\"Laser tanden bleken prijzen en resultaten\"}]},{\"@type\":\"WebSite\",\"@id\":\"https:\\\/\\\/www.medespoir.be\\\/#website\",\"url\":\"https:\\\/\\\/www.medespoir.be\\\/\",\"name\":\"Chirurgie esthetique Belgique\",\"description\":\"\",\"publisher\":{\"@id\":\"https:\\\/\\\/www.medespoir.be\\\/#organization\"},\"potentialAction\":[{\"@type\":\"SearchAction\",\"target\":{\"@type\":\"EntryPoint\",\"urlTemplate\":\"https:\\\/\\\/www.medespoir.be\\\/?s={search_term_string}\"},\"query-input\":{\"@type\":\"PropertyValueSpecification\",\"valueRequired\":true,\"valueName\":\"search_term_string\"}}],\"inLanguage\":\"nl-NL\"},{\"@type\":\"Organization\",\"@id\":\"https:\\\/\\\/www.medespoir.be\\\/#organization\",\"name\":\"Medespoir Belgique\",\"url\":\"https:\\\/\\\/www.medespoir.be\\\/\",\"logo\":{\"@type\":\"ImageObject\",\"inLanguage\":\"nl-NL\",\"@id\":\"https:\\\/\\\/www.medespoir.be\\\/#\\\/schema\\\/logo\\\/image\\\/\",\"url\":\"https:\\\/\\\/www.medespoir.be\\\/wp-content\\\/uploads\\\/2018\\\/10\\\/lg-medespoir-be.jpg\",\"contentUrl\":\"https:\\\/\\\/www.medespoir.be\\\/wp-content\\\/uploads\\\/2018\\\/10\\\/lg-medespoir-be.jpg\",\"width\":242,\"height\":77,\"caption\":\"Medespoir Belgique\"},\"image\":{\"@id\":\"https:\\\/\\\/www.medespoir.be\\\/#\\\/schema\\\/logo\\\/image\\\/\"}}]}<\/script>\n<!-- \/ Yoast SEO plugin. -->","yoast_head_json":{"title":"Tanden bleken met laser in Belgi\u00eb: procedure, prijs en resultaten","description":"Lasertanden bleken Belgi\u00eb: een zeer effectieve techniek om tanden lichter en witter te maken zonder het tandoppervlak te beschadigen. Met wittere tanden zie je er jonger en aantrekkelijker uit.","robots":{"index":"index","follow":"follow","max-snippet":"max-snippet:-1","max-image-preview":"max-image-preview:large","max-video-preview":"max-video-preview:-1"},"canonical":"https:\/\/www.medespoir.be\/nl\/tanden-bleken-met-laser-belgie\/","og_locale":"nl_NL","og_type":"article","og_title":"Tanden bleken met laser in Belgi\u00eb: procedure, prijs en resultaten","og_description":"Lasertanden bleken Belgi\u00eb: een zeer effectieve techniek om tanden lichter en witter te maken zonder het tandoppervlak te beschadigen. Met wittere tanden zie je er jonger en aantrekkelijker uit.","og_url":"https:\/\/www.medespoir.be\/nl\/tanden-bleken-met-laser-belgie\/","og_site_name":"Chirurgie esthetique Belgique","article_modified_time":"2023-06-26T10:20:04+00:00","og_image":[{"width":1925,"height":451,"url":"https:\/\/www.medespoir.be\/wp-content\/uploads\/2021\/11\/header_esthetique-dentaire.jpg","type":"image\/jpeg"}],"twitter_card":"summary_large_image","twitter_misc":{"Geschatte leestijd":"4 minuten"},"schema":{"@context":"https:\/\/schema.org","@graph":[{"@type":"WebPage","@id":"https:\/\/www.medespoir.be\/nl\/tanden-bleken-met-laser-belgie\/","url":"https:\/\/www.medespoir.be\/nl\/tanden-bleken-met-laser-belgie\/","name":"Tanden bleken met laser in Belgi\u00eb: procedure, prijs en resultaten","isPartOf":{"@id":"https:\/\/www.medespoir.be\/#website"},"primaryImageOfPage":{"@id":"https:\/\/www.medespoir.be\/nl\/tanden-bleken-met-laser-belgie\/#primaryimage"},"image":{"@id":"https:\/\/www.medespoir.be\/nl\/tanden-bleken-met-laser-belgie\/#primaryimage"},"thumbnailUrl":"https:\/\/www.medespoir.be\/wp-content\/uploads\/2021\/11\/header_esthetique-dentaire.jpg","datePublished":"2021-03-17T10:40:13+00:00","dateModified":"2023-06-26T10:20:04+00:00","description":"Lasertanden bleken Belgi\u00eb: een zeer effectieve techniek om tanden lichter en witter te maken zonder het tandoppervlak te beschadigen. Met wittere tanden zie je er jonger en aantrekkelijker uit.","breadcrumb":{"@id":"https:\/\/www.medespoir.be\/nl\/tanden-bleken-met-laser-belgie\/#breadcrumb"},"inLanguage":"nl-NL","potentialAction":[{"@type":"ReadAction","target":["https:\/\/www.medespoir.be\/nl\/tanden-bleken-met-laser-belgie\/"]}]},{"@type":"ImageObject","inLanguage":"nl-NL","@id":"https:\/\/www.medespoir.be\/nl\/tanden-bleken-met-laser-belgie\/#primaryimage","url":"https:\/\/www.medespoir.be\/wp-content\/uploads\/2021\/11\/header_esthetique-dentaire.jpg","contentUrl":"https:\/\/www.medespoir.be\/wp-content\/uploads\/2021\/11\/header_esthetique-dentaire.jpg","width":1925,"height":451},{"@type":"BreadcrumbList","@id":"https:\/\/www.medespoir.be\/nl\/tanden-bleken-met-laser-belgie\/#breadcrumb","itemListElement":[{"@type":"ListItem","position":1,"name":"Accueil","item":"https:\/\/www.medespoir.be\/nl\/"},{"@type":"ListItem","position":2,"name":"Laser tanden bleken prijzen en resultaten"}]},{"@type":"WebSite","@id":"https:\/\/www.medespoir.be\/#website","url":"https:\/\/www.medespoir.be\/","name":"Chirurgie esthetique Belgique","description":"","publisher":{"@id":"https:\/\/www.medespoir.be\/#organization"},"potentialAction":[{"@type":"SearchAction","target":{"@type":"EntryPoint","urlTemplate":"https:\/\/www.medespoir.be\/?s={search_term_string}"},"query-input":{"@type":"PropertyValueSpecification","valueRequired":true,"valueName":"search_term_string"}}],"inLanguage":"nl-NL"},{"@type":"Organization","@id":"https:\/\/www.medespoir.be\/#organization","name":"Medespoir Belgique","url":"https:\/\/www.medespoir.be\/","logo":{"@type":"ImageObject","inLanguage":"nl-NL","@id":"https:\/\/www.medespoir.be\/#\/schema\/logo\/image\/","url":"https:\/\/www.medespoir.be\/wp-content\/uploads\/2018\/10\/lg-medespoir-be.jpg","contentUrl":"https:\/\/www.medespoir.be\/wp-content\/uploads\/2018\/10\/lg-medespoir-be.jpg","width":242,"height":77,"caption":"Medespoir Belgique"},"image":{"@id":"https:\/\/www.medespoir.be\/#\/schema\/logo\/image\/"}}]}},"_links":{"self":[{"href":"https:\/\/www.medespoir.be\/nl\/wp-json\/wp\/v2\/pages\/8480","targetHints":{"allow":["GET"]}}],"collection":[{"href":"https:\/\/www.medespoir.be\/nl\/wp-json\/wp\/v2\/pages"}],"about":[{"href":"https:\/\/www.medespoir.be\/nl\/wp-json\/wp\/v2\/types\/page"}],"author":[{"embeddable":true,"href":"https:\/\/www.medespoir.be\/nl\/wp-json\/wp\/v2\/users\/1"}],"replies":[{"embeddable":true,"href":"https:\/\/www.medespoir.be\/nl\/wp-json\/wp\/v2\/comments?post=8480"}],"version-history":[{"count":14,"href":"https:\/\/www.medespoir.be\/nl\/wp-json\/wp\/v2\/pages\/8480\/revisions"}],"predecessor-version":[{"id":8620,"href":"https:\/\/www.medespoir.be\/nl\/wp-json\/wp\/v2\/pages\/8480\/revisions\/8620"}],"wp:featuredmedia":[{"embeddable":true,"href":"https:\/\/www.medespoir.be\/nl\/wp-json\/wp\/v2\/media\/7730"}],"wp:attachment":[{"href":"https:\/\/www.medespoir.be\/nl\/wp-json\/wp\/v2\/media?parent=8480"}],"curies":[{"name":"wp","href":"https:\/\/api.w.org\/{rel}","templated":true}]}}