{"id":8491,"date":"2018-10-22T12:29:49","date_gmt":"2018-10-22T10:29:49","guid":{"rendered":"https:\/\/www.medespoir.be\/in-vitro-belgie-ivf-en-map-tegen-gereduceerde-prijzen\/"},"modified":"2023-06-26T11:24:54","modified_gmt":"2023-06-26T09:24:54","slug":"in-vitro","status":"publish","type":"page","link":"https:\/\/www.medespoir.be\/nl\/in-vitro\/","title":{"rendered":"IN VITRO Belgi\u00eb: IVF en MAP tegen gereduceerde prijzen"},"content":{"rendered":"<section>\n<div class=\"container\">\n<div class=\"row column-reverse\">\n<div class=\"col-md-7\">\nGeassisteerde voortplanting is gekoppeld aan het probleem van onvruchtbaarheid of onvruchtbaarheid, dat een aantal problemen veroorzaakt zoals angst en depressie bij koppels waarbij \u00e9\u00e9n partner is getroffen. <strong>In-vitrofertilisatie in Belgi\u00eb<\/strong> betekent dat koppels die niet in staat zijn om zwanger te worden, om zich voort te planten, nu kinderen kunnen krijgen met behulp van medische hulp.<br \/>\nMaar onvruchtbaarheid is niet de enige indicatie voor in-vitrofertilisatie. Naast tubale onvruchtbaarheid, d.w.z. verstopte eileiders bij sommige vrouwen, onvruchtbaarheid veroorzaakt door een slechte behandeling van soa&#8217;s of SOA&#8217;s, is de menopauze ook een reden voor <strong>IVF Belgi\u00eb<\/strong>.<br \/>\nBij mannen kan sperma van slechte kwaliteit voortplantingsproblemen veroorzaken, wat kan leiden tot medisch ondersteunde voortplanting. Andere factoren die een risico kunnen vormen voor voortplanting zijn roken en diabetes.<\/p>\n<\/div>\n<div class=\"col-md-5\">\n<figure id=\"attachment_7335\" aria-describedby=\"caption-attachment-7335\" style=\"width: 400px\" class=\"wp-caption alignnone\"><img fetchpriority=\"high\" decoding=\"async\" title=\"IVF Belgi\u00eb\" class=\"img__interne__1\" src=\"https:\/\/www.medespoir.be\/wp-content\/uploads\/2021\/11\/in_vitro_belgique.jpg\" alt=\"IVF Belgi\u00eb\" width=\"400\" height=\"214\"><figcaption id=\"caption-attachment-7335\" class=\"wp-caption-text\">IVF Belgi\u00eb<\/figcaption><\/figure><\/p>\n<div id=\"circle_interne_color\"><img decoding=\"async\" src=\"https:\/\/www.medespoir.be\/wp-content\/uploads\/2021\/11\/form-medespoir_2.png\" alt=\"medespoir belgi\u00eb\"><\/div>\n<\/div>\n<\/div>\n<\/div>\n<\/section>\n<style>\r\nhtml body a.whatsapp-button {\r\n    display: inline-block;\r\n    background-color: #25D366;\r\n    font-size: 16px;\r\n    font-weight: bold;\r\n    padding: 12px 20px;\r\n    text-align: center;\r\n    text-decoration: none;\r\n    border-radius: 5px;\r\n    box-shadow: 0 4px 6px rgba(0, 0, 0, 0.1);\r\n    transition: background-color 0.3s ease, transform 0.2s ease;\r\n    color: white!important;\r\n}\r\n\r\n.whatsapp-button:hover {\r\n    background-color: #1EBE54;\r\n    transform: translateY(-2px);\r\n}\r\n\r\n.whatsapp-button:active {\r\n    transform: translateY(0);\r\n}\r\n\r\n.align_center {\r\n    display: block;\r\n    text-align: center;\r\n    padding: 30px 0px;\r\n}\r\n\r\n<\/style>\r\n<section >\r\n<div class=\"container\">\r\n<div class=\"row\">\r\n<div class=\"col-md-12\" align=\"center\">\r\n<div class=\"align_center\">\r\n                <a href=\"https:\/\/api.whatsapp.com\/send?phone=+33635235712&&text=Hallo,%20ik%20wil%20graag%20meer%20weten%20over%20je%20werk%20en%20je%20prijzen%20!\"\r\n                    class=\"whatsapp-button\" target=\"_blank\">\r\n                    Klik hier voor een gratis Whatsapp offerte\r\n                <\/a>\r\n<\/div>\r\n<\/div>\r\n<\/div>\r\n<\/div>\r\n<\/section>\n<section>\n<div class=\"container-fluid\">\n<div class=\"row column-reverse\">\n<div class=\"col-md-6 sans-padding\">\n<p><img decoding=\"async\" class=\"img-mobile\" src=\"https:\/\/www.medespoir.be\/wp-content\/uploads\/2021\/11\/in_vitro_belgique__1.jpg\"><\/p>\n<div class=\"container padding_prix_2\">\n<div><a class=\"btn__devis\" href=\"https:\/\/www.medespoir.be\/nl\/gratis-offerte\/\" data-hover=\"Nos Tarifs chirurgie esthetique Tunisie\">&#8211; IN VITRO Belgi\u00eb offerte<\/a><\/div>\n<\/div>\n<\/div>\n<div class=\"col-md-6\">\n<div class=\"container padding_prix_3\">\n<h2>De verschillende MAP-technieken<\/h2>\n<p>MAP (medisch geassisteerde voortplanting) kan worden uitgevoerd door kunstmatige inseminatie. Dit is de klassieke techniek waarbij sperma in de baarmoederholte (cervix) wordt gebracht. Maar een van de gevolgen van deze techniek is de mogelijkheid van meerdere zwangerschappen vanwege de hormonale stimulatie die aan de inseminatie voorafgaat.<br \/>\nIVF zelf dateert uit 1978 in het Verenigd Koninkrijk. Hierbij worden in een reageerbuis gekweekte embryo&#8217;s opnieuw in de baarmoeder ge\u00efmplanteerd.<br \/>\nWe kennen allemaal het verhaal van de eerste reageerbuisbaby, Louise Brown, die dat jaar werd geboren. IVF leidt tot bijna 70% van de concepties na zes cycli en is daarom zo effectief.<br \/>\nIntracytoplasmatische sperma-injectie is de meest recente techniek (1992) die in Belgi\u00eb werd ontwikkeld. Bij deze techniek wordt het sperma verzameld met een micropipet en in de eicel geplaatst om een embryo te cre\u00ebren dat vervolgens opnieuw kan worden ge\u00efmplanteerd, mits het levensvatbaar is.<br \/>\nHet is vooral gunstig in gevallen van azo\u00f6spermie of hypofertiliteit bij mannen en vrouwen.<\/p>\n<h2>IN-VITRO Belgi\u00eb Prijs<\/h2>\n<\/div>\n<table class=\"prix_home medecine___esthetique\">\n<thead>\n<tr>\n<th><strong>IN VITRO en PMA awards<br \/>\n<\/strong><\/th>\n<th><strong>Blijf<\/strong><\/th>\n<th><strong>Prijsbehandeling<\/strong><\/th>\n<\/tr>\n<\/thead>\n<tbody>\n<tr>\n<td style=\"text-align: left;\">In-vitrofertilisatie<\/td>\n<td style=\"text-align: center;\">Geen verblijf<\/td>\n<td style=\"text-align: center;\">1800\u20ac<\/td>\n<\/tr>\n<tr>\n<td style=\"text-align: left;\">In-vitrofertilisatie met verblijf<\/td>\n<td style=\"text-align: center;\">16 nachten\/17 dagen<\/td>\n<td style=\"text-align: center;\">2850\u20ac<\/td>\n<\/tr>\n<tr>\n<td style=\"text-align: left;\">Kunstmatige inseminatie<\/td>\n<td style=\"text-align: center;\">Geen verblijf<\/td>\n<td style=\"text-align: center;\">1000\u20ac<\/td>\n<\/tr>\n<tr>\n<td style=\"text-align: left;\">Kunstmatige inseminatie met verblijf<\/td>\n<td style=\"text-align: center;\">9 nachten\/10 dagen<\/td>\n<td style=\"text-align: center;\">1650\u20ac<\/td>\n<\/tr>\n<tr>\n<td style=\"text-align: left;\">Testiculaire biopsie<\/td>\n<td style=\"text-align: center;\">Geen verblijf<\/td>\n<td style=\"text-align: center;\">1350\u20ac<\/td>\n<\/tr>\n<tr>\n<td style=\"text-align: left;\">Testiculaire biopsie met verblijf<\/td>\n<td style=\"text-align: center;\">3 nachten\/4 dagen<\/td>\n<td style=\"text-align: center;\">1750\u20ac<\/td>\n<\/tr>\n<\/tbody>\n<\/table>\n<\/div>\n<\/div>\n<\/div>\n<\/section>\n<section class=\"bg-white\">\n<div class=\"container\">\n<div class=\"row\">\n<div class=\"col-md-12\">\n<h2 class=\"center\">Principe van IVF-chirurgie<\/h2>\n<p>De eerste fase van deze procedure is de bevruchting, die binnen 12 uur plaatsvindt: hormooninjecties kunnen nodig zijn om de eierstokken te stimuleren en de eicellen aan te moedigen om te groeien. Bloedtesten en echografie\u00ebn maken het mogelijk om de stimulatie gedurende meerdere sessies te volgen.<br \/>\nEen eicelpunctie wordt uitgevoerd onder algemene of plaatselijke verdoving op dezelfde dag als de spermacollectie. Na de reiniging worden alleen de normale spermatozoa bewaard en in contact gebracht met de o\u00f6cyten om embryo&#8217;s te verkrijgen, die 2 tot 6 dagen in kweek worden geplaatst.<br \/>\nDe volgende stap is de embryotransplantatie naar de baarmoederhals. Er wordt een katheter in de baarmoeder ingebracht en de transfer is pijnloos en wordt zonder verdoving uitgevoerd. Embryotransplantatie kan onmiddellijk plaatsvinden of op een later tijdstip, d.w.z. direct na de celdeling of enkele dagen na de bevruchting.<br \/>\nDe laatste fase is de innesteling, de periode waarin zwangerschap gegarandeerd kan worden.<br \/>\nDankzij de lage kosten van IVF in Belgi\u00eb is deze procedure zeer toegankelijk voor de middenklasse.\n<\/p><\/div>\n<\/div>\n<\/div>\n<\/section>\n","protected":false},"excerpt":{"rendered":"<p>Geassisteerde voortplanting is gekoppeld aan het probleem van onvruchtbaarheid of onvruchtbaarheid, dat een aantal problemen veroorzaakt zoals angst en depressie bij koppels waarbij \u00e9\u00e9n partner is getroffen. In-vitrofertilisatie in Belgi\u00eb betekent dat koppels die niet in staat zijn om zwanger te worden, om zich voort te planten, nu kinderen kunnen krijgen met behulp van medische [&hellip;]<\/p>\n","protected":false},"author":1,"featured_media":7734,"parent":0,"menu_order":0,"comment_status":"closed","ping_status":"closed","template":"","meta":{"footnotes":""},"class_list":["post-8491","page","type-page","status-publish","has-post-thumbnail","hentry"],"yoast_head":"<!-- This site is optimized with the Yoast SEO plugin v27.3 - https:\/\/yoast.com\/product\/yoast-seo-wordpress\/ -->\n<title>In vitro Belgique : Goedkope in-vitrofertilisatie en MAP prijzen<\/title>\n<meta name=\"description\" content=\"In vitro Belgi\u00eb: Medespoir kliniek biedt verschillende vruchtbaarheidsbehandelingen waaronder in vitro fertilisatie of IVF tegen goedkope prijzen verblijf inbegrepen in Medespoir Belgi\u00eb kliniek\" \/>\n<meta name=\"robots\" content=\"index, follow, max-snippet:-1, max-image-preview:large, max-video-preview:-1\" \/>\n<link rel=\"canonical\" href=\"https:\/\/www.medespoir.be\/nl\/in-vitro\/\" \/>\n<meta property=\"og:locale\" content=\"nl_NL\" \/>\n<meta property=\"og:type\" content=\"article\" \/>\n<meta property=\"og:title\" content=\"In vitro Belgique : Goedkope in-vitrofertilisatie en MAP prijzen\" \/>\n<meta property=\"og:description\" content=\"In vitro Belgi\u00eb: Medespoir kliniek biedt verschillende vruchtbaarheidsbehandelingen waaronder in vitro fertilisatie of IVF tegen goedkope prijzen verblijf inbegrepen in Medespoir Belgi\u00eb kliniek\" \/>\n<meta property=\"og:url\" content=\"https:\/\/www.medespoir.be\/nl\/in-vitro\/\" \/>\n<meta property=\"og:site_name\" content=\"Chirurgie esthetique Belgique\" \/>\n<meta property=\"article:modified_time\" content=\"2023-06-26T09:24:54+00:00\" \/>\n<meta property=\"og:image\" content=\"https:\/\/www.medespoir.be\/wp-content\/uploads\/2021\/11\/header_in-vitro.jpg\" \/>\n\t<meta property=\"og:image:width\" content=\"1925\" \/>\n\t<meta property=\"og:image:height\" content=\"451\" \/>\n\t<meta property=\"og:image:type\" content=\"image\/jpeg\" \/>\n<meta name=\"twitter:card\" content=\"summary_large_image\" \/>\n<meta name=\"twitter:label1\" content=\"Geschatte leestijd\" \/>\n\t<meta name=\"twitter:data1\" content=\"4 minuten\" \/>\n<script type=\"application\/ld+json\" class=\"yoast-schema-graph\">{\"@context\":\"https:\\\/\\\/schema.org\",\"@graph\":[{\"@type\":\"WebPage\",\"@id\":\"https:\\\/\\\/www.medespoir.be\\\/nl\\\/in-vitro\\\/\",\"url\":\"https:\\\/\\\/www.medespoir.be\\\/nl\\\/in-vitro\\\/\",\"name\":\"In vitro Belgique : Goedkope in-vitrofertilisatie en MAP prijzen\",\"isPartOf\":{\"@id\":\"https:\\\/\\\/www.medespoir.be\\\/#website\"},\"primaryImageOfPage\":{\"@id\":\"https:\\\/\\\/www.medespoir.be\\\/nl\\\/in-vitro\\\/#primaryimage\"},\"image\":{\"@id\":\"https:\\\/\\\/www.medespoir.be\\\/nl\\\/in-vitro\\\/#primaryimage\"},\"thumbnailUrl\":\"https:\\\/\\\/www.medespoir.be\\\/wp-content\\\/uploads\\\/2021\\\/11\\\/header_in-vitro.jpg\",\"datePublished\":\"2018-10-22T10:29:49+00:00\",\"dateModified\":\"2023-06-26T09:24:54+00:00\",\"description\":\"In vitro Belgi\u00eb: Medespoir kliniek biedt verschillende vruchtbaarheidsbehandelingen waaronder in vitro fertilisatie of IVF tegen goedkope prijzen verblijf inbegrepen in Medespoir Belgi\u00eb kliniek\",\"breadcrumb\":{\"@id\":\"https:\\\/\\\/www.medespoir.be\\\/nl\\\/in-vitro\\\/#breadcrumb\"},\"inLanguage\":\"nl-NL\",\"potentialAction\":[{\"@type\":\"ReadAction\",\"target\":[\"https:\\\/\\\/www.medespoir.be\\\/nl\\\/in-vitro\\\/\"]}]},{\"@type\":\"ImageObject\",\"inLanguage\":\"nl-NL\",\"@id\":\"https:\\\/\\\/www.medespoir.be\\\/nl\\\/in-vitro\\\/#primaryimage\",\"url\":\"https:\\\/\\\/www.medespoir.be\\\/wp-content\\\/uploads\\\/2021\\\/11\\\/header_in-vitro.jpg\",\"contentUrl\":\"https:\\\/\\\/www.medespoir.be\\\/wp-content\\\/uploads\\\/2021\\\/11\\\/header_in-vitro.jpg\",\"width\":1925,\"height\":451},{\"@type\":\"BreadcrumbList\",\"@id\":\"https:\\\/\\\/www.medespoir.be\\\/nl\\\/in-vitro\\\/#breadcrumb\",\"itemListElement\":[{\"@type\":\"ListItem\",\"position\":1,\"name\":\"Accueil\",\"item\":\"https:\\\/\\\/www.medespoir.be\\\/nl\\\/\"},{\"@type\":\"ListItem\",\"position\":2,\"name\":\"IN VITRO Belgi\u00eb: IVF en MAP tegen gereduceerde prijzen\"}]},{\"@type\":\"WebSite\",\"@id\":\"https:\\\/\\\/www.medespoir.be\\\/#website\",\"url\":\"https:\\\/\\\/www.medespoir.be\\\/\",\"name\":\"Chirurgie esthetique Belgique\",\"description\":\"\",\"publisher\":{\"@id\":\"https:\\\/\\\/www.medespoir.be\\\/#organization\"},\"potentialAction\":[{\"@type\":\"SearchAction\",\"target\":{\"@type\":\"EntryPoint\",\"urlTemplate\":\"https:\\\/\\\/www.medespoir.be\\\/?s={search_term_string}\"},\"query-input\":{\"@type\":\"PropertyValueSpecification\",\"valueRequired\":true,\"valueName\":\"search_term_string\"}}],\"inLanguage\":\"nl-NL\"},{\"@type\":\"Organization\",\"@id\":\"https:\\\/\\\/www.medespoir.be\\\/#organization\",\"name\":\"Medespoir Belgique\",\"url\":\"https:\\\/\\\/www.medespoir.be\\\/\",\"logo\":{\"@type\":\"ImageObject\",\"inLanguage\":\"nl-NL\",\"@id\":\"https:\\\/\\\/www.medespoir.be\\\/#\\\/schema\\\/logo\\\/image\\\/\",\"url\":\"https:\\\/\\\/www.medespoir.be\\\/wp-content\\\/uploads\\\/2018\\\/10\\\/lg-medespoir-be.jpg\",\"contentUrl\":\"https:\\\/\\\/www.medespoir.be\\\/wp-content\\\/uploads\\\/2018\\\/10\\\/lg-medespoir-be.jpg\",\"width\":242,\"height\":77,\"caption\":\"Medespoir Belgique\"},\"image\":{\"@id\":\"https:\\\/\\\/www.medespoir.be\\\/#\\\/schema\\\/logo\\\/image\\\/\"}}]}<\/script>\n<!-- \/ Yoast SEO plugin. -->","yoast_head_json":{"title":"In vitro Belgique : Goedkope in-vitrofertilisatie en MAP prijzen","description":"In vitro Belgi\u00eb: Medespoir kliniek biedt verschillende vruchtbaarheidsbehandelingen waaronder in vitro fertilisatie of IVF tegen goedkope prijzen verblijf inbegrepen in Medespoir Belgi\u00eb kliniek","robots":{"index":"index","follow":"follow","max-snippet":"max-snippet:-1","max-image-preview":"max-image-preview:large","max-video-preview":"max-video-preview:-1"},"canonical":"https:\/\/www.medespoir.be\/nl\/in-vitro\/","og_locale":"nl_NL","og_type":"article","og_title":"In vitro Belgique : Goedkope in-vitrofertilisatie en MAP prijzen","og_description":"In vitro Belgi\u00eb: Medespoir kliniek biedt verschillende vruchtbaarheidsbehandelingen waaronder in vitro fertilisatie of IVF tegen goedkope prijzen verblijf inbegrepen in Medespoir Belgi\u00eb kliniek","og_url":"https:\/\/www.medespoir.be\/nl\/in-vitro\/","og_site_name":"Chirurgie esthetique Belgique","article_modified_time":"2023-06-26T09:24:54+00:00","og_image":[{"width":1925,"height":451,"url":"https:\/\/www.medespoir.be\/wp-content\/uploads\/2021\/11\/header_in-vitro.jpg","type":"image\/jpeg"}],"twitter_card":"summary_large_image","twitter_misc":{"Geschatte leestijd":"4 minuten"},"schema":{"@context":"https:\/\/schema.org","@graph":[{"@type":"WebPage","@id":"https:\/\/www.medespoir.be\/nl\/in-vitro\/","url":"https:\/\/www.medespoir.be\/nl\/in-vitro\/","name":"In vitro Belgique : Goedkope in-vitrofertilisatie en MAP prijzen","isPartOf":{"@id":"https:\/\/www.medespoir.be\/#website"},"primaryImageOfPage":{"@id":"https:\/\/www.medespoir.be\/nl\/in-vitro\/#primaryimage"},"image":{"@id":"https:\/\/www.medespoir.be\/nl\/in-vitro\/#primaryimage"},"thumbnailUrl":"https:\/\/www.medespoir.be\/wp-content\/uploads\/2021\/11\/header_in-vitro.jpg","datePublished":"2018-10-22T10:29:49+00:00","dateModified":"2023-06-26T09:24:54+00:00","description":"In vitro Belgi\u00eb: Medespoir kliniek biedt verschillende vruchtbaarheidsbehandelingen waaronder in vitro fertilisatie of IVF tegen goedkope prijzen verblijf inbegrepen in Medespoir Belgi\u00eb kliniek","breadcrumb":{"@id":"https:\/\/www.medespoir.be\/nl\/in-vitro\/#breadcrumb"},"inLanguage":"nl-NL","potentialAction":[{"@type":"ReadAction","target":["https:\/\/www.medespoir.be\/nl\/in-vitro\/"]}]},{"@type":"ImageObject","inLanguage":"nl-NL","@id":"https:\/\/www.medespoir.be\/nl\/in-vitro\/#primaryimage","url":"https:\/\/www.medespoir.be\/wp-content\/uploads\/2021\/11\/header_in-vitro.jpg","contentUrl":"https:\/\/www.medespoir.be\/wp-content\/uploads\/2021\/11\/header_in-vitro.jpg","width":1925,"height":451},{"@type":"BreadcrumbList","@id":"https:\/\/www.medespoir.be\/nl\/in-vitro\/#breadcrumb","itemListElement":[{"@type":"ListItem","position":1,"name":"Accueil","item":"https:\/\/www.medespoir.be\/nl\/"},{"@type":"ListItem","position":2,"name":"IN VITRO Belgi\u00eb: IVF en MAP tegen gereduceerde prijzen"}]},{"@type":"WebSite","@id":"https:\/\/www.medespoir.be\/#website","url":"https:\/\/www.medespoir.be\/","name":"Chirurgie esthetique Belgique","description":"","publisher":{"@id":"https:\/\/www.medespoir.be\/#organization"},"potentialAction":[{"@type":"SearchAction","target":{"@type":"EntryPoint","urlTemplate":"https:\/\/www.medespoir.be\/?s={search_term_string}"},"query-input":{"@type":"PropertyValueSpecification","valueRequired":true,"valueName":"search_term_string"}}],"inLanguage":"nl-NL"},{"@type":"Organization","@id":"https:\/\/www.medespoir.be\/#organization","name":"Medespoir Belgique","url":"https:\/\/www.medespoir.be\/","logo":{"@type":"ImageObject","inLanguage":"nl-NL","@id":"https:\/\/www.medespoir.be\/#\/schema\/logo\/image\/","url":"https:\/\/www.medespoir.be\/wp-content\/uploads\/2018\/10\/lg-medespoir-be.jpg","contentUrl":"https:\/\/www.medespoir.be\/wp-content\/uploads\/2018\/10\/lg-medespoir-be.jpg","width":242,"height":77,"caption":"Medespoir Belgique"},"image":{"@id":"https:\/\/www.medespoir.be\/#\/schema\/logo\/image\/"}}]}},"_links":{"self":[{"href":"https:\/\/www.medespoir.be\/nl\/wp-json\/wp\/v2\/pages\/8491","targetHints":{"allow":["GET"]}}],"collection":[{"href":"https:\/\/www.medespoir.be\/nl\/wp-json\/wp\/v2\/pages"}],"about":[{"href":"https:\/\/www.medespoir.be\/nl\/wp-json\/wp\/v2\/types\/page"}],"author":[{"embeddable":true,"href":"https:\/\/www.medespoir.be\/nl\/wp-json\/wp\/v2\/users\/1"}],"replies":[{"embeddable":true,"href":"https:\/\/www.medespoir.be\/nl\/wp-json\/wp\/v2\/comments?post=8491"}],"version-history":[{"count":2,"href":"https:\/\/www.medespoir.be\/nl\/wp-json\/wp\/v2\/pages\/8491\/revisions"}],"predecessor-version":[{"id":8496,"href":"https:\/\/www.medespoir.be\/nl\/wp-json\/wp\/v2\/pages\/8491\/revisions\/8496"}],"wp:featuredmedia":[{"embeddable":true,"href":"https:\/\/www.medespoir.be\/nl\/wp-json\/wp\/v2\/media\/7734"}],"wp:attachment":[{"href":"https:\/\/www.medespoir.be\/nl\/wp-json\/wp\/v2\/media?parent=8491"}],"curies":[{"name":"wp","href":"https:\/\/api.w.org\/{rel}","templated":true}]}}