{"id":8544,"date":"2018-10-22T12:30:37","date_gmt":"2018-10-22T10:30:37","guid":{"rendered":"https:\/\/www.medespoir.be\/tandheelkundige-chirurgie-belgie-goedkope-tandheelkundige-implantaat-prijzen\/"},"modified":"2023-06-26T11:50:52","modified_gmt":"2023-06-26T09:50:52","slug":"tandheelkundige-esthetiek","status":"publish","type":"page","link":"https:\/\/www.medespoir.be\/nl\/tandheelkundige-esthetiek\/","title":{"rendered":"Tandheelkundige chirurgie Belgi\u00eb : Goedkope tandheelkundige implantaat prijzen"},"content":{"rendered":"<section>\n<div class=\"container\">\n<div class=\"row\">\n<div class=\"col-md-12\">\nHet hebben van een mooie, sexy glimlach is voor veel mensen een droom die uitkomt. Als gevolg hiervan is een bezoek aan de tandarts niet langer beperkt tot het behandelen van tanden en tandvlees: zelfs tanden hebben &#8220;cosmetische chirurgie&#8221; nodig om de glimlach te verbeteren.<br \/>\n<strong>Esthetische tandheelkundige behandelingen in Belgi\u00eb<\/strong> kunnen een aantal problemen corrigeren: te zichtbaar tandvlees, ruimtes tussen tanden, slijtage, verkleuring, overlapping, enz.\n<\/div>\n<\/div>\n<\/div>\n<\/section>\n<section class=\"chirur_visage\">\n<div class=\"container\">\n<div class=\"row\">\n<div class=\"col-md-4\">\n<div class=\"content__inter\">\n<a href=\"https:\/\/www.medespoir.be\/nl\/tandheelkundige-implantologie\/\"><img decoding=\"async\" src=\"https:\/\/www.medespoir.be\/wp-content\/uploads\/2021\/11\/pose-implant-dentaire.jpg\" alt=\"Tandheelkundige implantaten Belgi\u00eb\"><\/a><\/p>\n<div class=\"title__inter\">\n<h2 class=\"center\">Tandheelkundige implantaten Belgi\u00eb<\/h2>\n<\/div>\n<div class=\"liste_nav\">\n<a href=\"https:\/\/www.medespoir.be\/nl\/tandheelkundige-implantologie\/\">Meer zien<\/a>\n<\/div>\n<\/div>\n<\/div>\n<div class=\"col-md-4\">\n<div class=\"content__inter\">\n<a href=\"https:\/\/www.medespoir.be\/nl\/gebit-bleken\/\"> <img decoding=\"async\" src=\"https:\/\/www.medespoir.be\/wp-content\/uploads\/2021\/11\/blanchiment-dents-tunisie.jpg\" alt=\"Tanden bleken Belgi\u00eb\"> <\/a><\/p>\n<div class=\"title__inter\">\n<h2 class=\"center\">Tanden bleken Belgi\u00eb<\/h2>\n<\/div>\n<div class=\"liste_nav\">\n<a href=\"https:\/\/www.medespoir.be\/nl\/gebit-bleken\/\">Meer zien<\/a><\/p>\n<\/div>\n<\/div>\n<\/div>\n<div class=\"col-md-4\">\n<div class=\"content__inter last-child\">\n<a href=\"https:\/\/www.medespoir.be\/nl\/tandheelkundige-facings\/\">  <img decoding=\"async\" src=\"https:\/\/www.medespoir.be\/wp-content\/uploads\/2021\/11\/facettes-dentaires-tunisie.jpg\" alt=\"Lumineers tandheelkundige facings Belgi\u00eb\"><\/a><\/p>\n<div class=\"title__inter\">\n<h2 class=\"center\">Lumineers tandheelkundige facings Belgi\u00eb<\/h2>\n<\/div>\n<div class=\"liste_nav\">\n<a href=\"https:\/\/www.medespoir.be\/nl\/tandheelkundige-facings\/\">Meer zien<\/a>\n<\/div>\n<\/div>\n<\/div>\n<\/div>\n<\/div>\n<\/section>\n<section>\n<div class=\"container\">\n<div class=\"row\">\n<div class=\"col-md-12\">\nCosmetische tandheelkunde is een van de tandheelkundige disciplines. De belangrijkste functie is het herstellen van het lachen.<br \/>\nEen mooie glimlach weerspiegelt een goede mondhygi\u00ebne. Het herstelt het zelfvertrouwen en zorgt voor succes, zowel professioneel als persoonlijk.<br \/>\nDankzij de nieuwste technieken in de moderne tandheelkunde kun je een oogverblindende glimlach krijgen. Deze technieken combineren functionaliteit en esthetiek om een onberispelijke mondgezondheid te garanderen.<br \/>\nMet MedEspoir kunt u cosmetische chirurgie aan uw gebit laten uitvoeren door de beste tandartsen met de nieuwste geavanceerde technieken.\n<\/div>\n<\/div>\n<\/div>\n<\/section>\n<style>\r\nhtml body a.whatsapp-button {\r\n    display: inline-block;\r\n    background-color: #25D366;\r\n    font-size: 16px;\r\n    font-weight: bold;\r\n    padding: 12px 20px;\r\n    text-align: center;\r\n    text-decoration: none;\r\n    border-radius: 5px;\r\n    box-shadow: 0 4px 6px rgba(0, 0, 0, 0.1);\r\n    transition: background-color 0.3s ease, transform 0.2s ease;\r\n    color: white!important;\r\n}\r\n\r\n.whatsapp-button:hover {\r\n    background-color: #1EBE54;\r\n    transform: translateY(-2px);\r\n}\r\n\r\n.whatsapp-button:active {\r\n    transform: translateY(0);\r\n}\r\n\r\n.align_center {\r\n    display: block;\r\n    text-align: center;\r\n    padding: 30px 0px;\r\n}\r\n\r\n<\/style>\r\n<section >\r\n<div class=\"container\">\r\n<div class=\"row\">\r\n<div class=\"col-md-12\" align=\"center\">\r\n<div class=\"align_center\">\r\n                <a href=\"https:\/\/api.whatsapp.com\/send?phone=+33635235712&&text=Hallo,%20ik%20wil%20graag%20meer%20weten%20over%20je%20werk%20en%20je%20prijzen%20!\"\r\n                    class=\"whatsapp-button\" target=\"_blank\">\r\n                    Klik hier voor een gratis Whatsapp offerte\r\n                <\/a>\r\n<\/div>\r\n<\/div>\r\n<\/div>\r\n<\/div>\r\n<\/section>\n<section>\n<div class=\"container-fluid\">\n<div class=\"row column-reverse\">\n<div class=\"col-md-6 sans-padding\"><img decoding=\"async\" src=\"https:\/\/www.medespoir.be\/wp-content\/uploads\/2021\/12\/esthetique-dentaire_belgique.jpg\" alt=\"Prijzen voor gezichtschirurgie in Belgi\u00eb, Brussel en Tunesi\u00eb\">\n<\/div>\n<div class=\"col-md-6\">\n<div class=\"container padding_prix_3\">\n<h2>Prijs tandheelkunde Belgi\u00eb<\/h2>\n<p>Voordat u een tandheelkundige ingreep in Belgi\u00eb ondergaat, kunt u een gratis persoonlijke offerte aanvragen door ons online formulier in te vullen. Om er zeker van te zijn dat je tevreden bent, vragen we onze tandartsen om een behandelplan op te stellen, dat 48 uur na je aanvraag naar je wordt opgestuurd.<br \/>\nIn de meeste gevallen zijn de vermelde prijzen inbegrepen bij de kosten van andere chirurgische ingrepen die in Belgi\u00eb worden uitgevoerd.<\/p>\n<div><a class=\"btn__devis\" href=\"https:\/\/www.medespoir.be\/nl\/gratis-offerte\/\" data-hover=\"Nos Tarifs chirurgie esthetique Tunisie\">&#8211; Schatting tandheelkundige chirurgie<\/a><\/div>\n<\/div>\n<table class=\"prix_home dentaire\">\n<tbody>\n<tr>\n<td><center><strong>TANDHEELKUNDIGE ZORG IN BELGI\u00cb<br \/>\n<\/strong><\/center><\/td>\n<td><center><strong>PRIJS<\/strong><\/center><\/td>\n<\/tr>\n<tr>\n<td>Tandheelkundige implantaten<\/td>\n<td style=\"text-align: center;\">Vanaf <strong>\u20ac500 inclusief verblijf<\/strong><\/td>\n<\/tr>\n<tr>\n<td>Tandheelkundige facings<\/td>\n<td style=\"text-align: center;\">Vanaf<strong> \u20ac280 inclusief verblijf<\/strong><\/td>\n<\/tr>\n<tr>\n<td>Tandbleken<\/td>\n<td style=\"text-align: center;\">Vanaf <strong>\u20ac400 inclusief verblijf<\/strong><\/td>\n<\/tr>\n<\/tbody>\n<\/table>\n<\/div>\n<\/div>\n<\/div>\n<\/section>\n<section>\n<div class=\"container bg-white\">\n<div class=\"row\">\n<div class=\"col-md-7\">\n<h2>De belangrijkste technieken van esthetische tandheelkunde Belgi\u00eb<\/h2>\n<h3>Tanden bleken of lichter maken<\/h3>\n<p>Dit proces maakt gebruik van een waterstofperoxidederivaat op de tanden dat door het tandglazuur gaat, waardoor de kleurpigmenten lichter worden. Naast dit product stelt de tandarts de tanden bloot aan UV-straling om het chemische proces te versnellen.<\/p>\n<h3>Composieten<\/h3>\n<p>Hierbij wordt de tand gerestaureerd door er hars op aan te brengen in een kleur die sterk lijkt op die van de tand zelf. Dankzij de technologische vooruitgang gebruiken tandartsen nu speciale lijmen die een betere hechting met het tandglazuur bieden.<\/p>\n<h3>Implantologie: composiet of keramische inlays<\/h3>\n<p>Deze taak wordt uitgevoerd door de tandtechnicus als de te restaureren holte niet groot is. Hij kan een keramische of composiet inlay-oplay maken.<br \/>\nHij begint met indruk maken op de operatiekamer. Het voordeel van deze reparaties is hun aanpasbaarheid aan de tand en ze bieden betere mechanische eigenschappen dan directe composieten.\n<\/p><\/div>\n<div class=\"col-md-5\">\n<img decoding=\"async\" src=\"https:\/\/www.medespoir.be\/wp-content\/uploads\/2021\/11\/esthetique-dentaire_belgique__1.jpg\" class=\"img_shadow\" alt=\"Tandheelkundige chirurgie Belgi\u00eb\"><\/p>\n<div id=\"circle_dentaire_color_1\"><img decoding=\"async\" src=\"https:\/\/www.medespoir.be\/wp-content\/uploads\/2021\/11\/form-medespoir_2.png\" alt=\"medespoir belgi\u00eb\"><\/div>\n<\/div>\n<\/div>\n<div class=\"row column-reverse\">\n<div class=\"col-md-5\">\n<img decoding=\"async\" src=\"https:\/\/www.medespoir.be\/wp-content\/uploads\/2021\/11\/esthetique-dentaire_belgique__2.jpg\" class=\"img_shadow\" alt=\"Tandheelkundige chirurgie Belgi\u00eb\"><\/p>\n<div id=\"circle_dentaire_color_2\"><img decoding=\"async\" src=\"https:\/\/www.medespoir.be\/wp-content\/uploads\/2021\/11\/form-medespoir_2.png\" alt=\"medespoir belgi\u00eb\"><\/div>\n<\/div>\n<div class=\"col-md-7\">\n<h3>Keramische fineren<\/h3>\n<p>Ze worden rechtstreeks op de defecte tand bevestigd. De kaakchirurg prepareert de tand door de randen te raspen en een specifieke lijm aan te brengen zodat de fineer perfect hecht. Het fineer is ongeveer 5 millimeter dik. Bij deze techniek blijft het tandweefsel behouden.<\/p>\n<h3>Keramische kronen<\/h3>\n<p>Deze worden gebruikt om tanden te verfraaien. Dankzij de afwezigheid van metaal circuleert het licht beter en geeft het een natuurlijk resultaat.<\/p>\n<h3>Multidisciplinaire technieken voor het herstellen van een lach<\/h3>\n<p>Zoals de naam al aangeeft, vereist deze techniek het gebruik van een aantal cosmetische tandheelkundige disciplines, zoals implantaten, bruggen en\/of kronen, brightening, parodontologie, orthodontie, enzovoort.<br \/>\nDe kaakchirurg moet het dan met de pati\u00ebnt bespreken, hem simulaties voor een concreter resultaat laten zien en dan, na toestemming van de pati\u00ebnt, overgaan tot actie.<br \/>\nDoor te zorgen voor optimaal comfort voor pati\u00ebnten en de technologie te kiezen die het beste past bij hun behoeften, leveren de tandartsen met wie wij samenwerken nauwkeurig en perfect werk.<\/p>\n<\/div>\n<\/div>\n<\/section>\n<section>\n<div class=\"container\">\n<div class=\"row\">\n<div class=\"col-md-7\">\n<h2>Voorbereidend consult voor cosmetische tandheelkundige chirurgie<\/h2>\n<p>Deze dienst maakt deel uit van het pakket dat wordt aangeboden door het agentschap MedEspoir en zijn partner-tandartsen. Dus afhankelijk van het budget en het gewenste resultaat van de pati\u00ebnt zal de chirurg een behandelplan opstellen met een schatting. Je krijgt een mondonderzoek, een digitale r\u00f6ntgenfoto en door je medische geschiedenis te achterhalen, krijg je recht op een behandeling die het beste bij je past.<\/p>\n<h2>Gratis virtueel consult<\/h2>\n<p>Vul ons gratis adviesformulier in om de antwoorden op je vragen te vinden. We hebben een team van specialisten dat klaarstaat om je verzoeken te beantwoorden.<br \/>\nTerwijl je wacht op je bezoek, zal dit je een duidelijker beeld geven van de behandelingsopties die voor jou beschikbaar zijn.\n<\/p><\/div>\n<div class=\"col-md-5\">\n<img decoding=\"async\" src=\"https:\/\/www.medespoir.be\/wp-content\/uploads\/2021\/11\/esthetique-dentaire_belgique__3.jpg\" class=\"img_shadow\" alt=\"Tandheelkundige chirurgie Belgi\u00eb\"><\/p>\n<div id=\"circle_dentaire\"><img decoding=\"async\" src=\"https:\/\/www.medespoir.be\/wp-content\/uploads\/2021\/11\/form-medespoir_3.png\" alt=\"medespoir belgi\u00eb\"><\/div>\n<\/div>\n<\/div>\n<\/div>\n<\/section>\n","protected":false},"excerpt":{"rendered":"<p>Het hebben van een mooie, sexy glimlach is voor veel mensen een droom die uitkomt. Als gevolg hiervan is een bezoek aan de tandarts niet langer beperkt tot het behandelen van tanden en tandvlees: zelfs tanden hebben &#8220;cosmetische chirurgie&#8221; nodig om de glimlach te verbeteren. Esthetische tandheelkundige behandelingen in Belgi\u00eb kunnen een aantal problemen corrigeren: [&hellip;]<\/p>\n","protected":false},"author":1,"featured_media":7730,"parent":0,"menu_order":0,"comment_status":"closed","ping_status":"closed","template":"","meta":{"footnotes":""},"class_list":["post-8544","page","type-page","status-publish","has-post-thumbnail","hentry"],"yoast_head":"<!-- This site is optimized with the Yoast SEO plugin v27.3 - https:\/\/yoast.com\/product\/yoast-seo-wordpress\/ -->\n<title>Tandheelkundige chirurgie Belgi\u00eb : Goedkope prijzen voor tandheelkundige chirurgie technieken<\/title>\n<meta name=\"description\" content=\"Tandheelkundige chirurgie Belgi\u00eb: Maak je glimlach mooier met tandheelkundige chirurgie Belgi\u00eb door verschillende tandheelkundige afwijkingen te behandelen tegen een gereduceerde prijs.\" \/>\n<meta name=\"robots\" content=\"index, follow, max-snippet:-1, max-image-preview:large, max-video-preview:-1\" \/>\n<link rel=\"canonical\" href=\"https:\/\/www.medespoir.be\/nl\/tandheelkundige-esthetiek\/\" \/>\n<meta property=\"og:locale\" content=\"nl_NL\" \/>\n<meta property=\"og:type\" content=\"article\" \/>\n<meta property=\"og:title\" content=\"Tandheelkundige chirurgie Belgi\u00eb : Goedkope prijzen voor tandheelkundige chirurgie technieken\" \/>\n<meta property=\"og:description\" content=\"Tandheelkundige chirurgie Belgi\u00eb: Maak je glimlach mooier met tandheelkundige chirurgie Belgi\u00eb door verschillende tandheelkundige afwijkingen te behandelen tegen een gereduceerde prijs.\" \/>\n<meta property=\"og:url\" content=\"https:\/\/www.medespoir.be\/nl\/tandheelkundige-esthetiek\/\" \/>\n<meta property=\"og:site_name\" content=\"Chirurgie esthetique Belgique\" \/>\n<meta property=\"article:modified_time\" content=\"2023-06-26T09:50:52+00:00\" \/>\n<meta property=\"og:image\" content=\"https:\/\/www.medespoir.be\/wp-content\/uploads\/2021\/11\/header_esthetique-dentaire.jpg\" \/>\n\t<meta property=\"og:image:width\" content=\"1925\" \/>\n\t<meta property=\"og:image:height\" content=\"451\" \/>\n\t<meta property=\"og:image:type\" content=\"image\/jpeg\" \/>\n<meta name=\"twitter:card\" content=\"summary_large_image\" \/>\n<meta name=\"twitter:label1\" content=\"Geschatte leestijd\" \/>\n\t<meta name=\"twitter:data1\" content=\"6 minuten\" \/>\n<script type=\"application\/ld+json\" class=\"yoast-schema-graph\">{\"@context\":\"https:\\\/\\\/schema.org\",\"@graph\":[{\"@type\":\"WebPage\",\"@id\":\"https:\\\/\\\/www.medespoir.be\\\/nl\\\/tandheelkundige-esthetiek\\\/\",\"url\":\"https:\\\/\\\/www.medespoir.be\\\/nl\\\/tandheelkundige-esthetiek\\\/\",\"name\":\"Tandheelkundige chirurgie Belgi\u00eb : Goedkope prijzen voor tandheelkundige chirurgie technieken\",\"isPartOf\":{\"@id\":\"https:\\\/\\\/www.medespoir.be\\\/#website\"},\"primaryImageOfPage\":{\"@id\":\"https:\\\/\\\/www.medespoir.be\\\/nl\\\/tandheelkundige-esthetiek\\\/#primaryimage\"},\"image\":{\"@id\":\"https:\\\/\\\/www.medespoir.be\\\/nl\\\/tandheelkundige-esthetiek\\\/#primaryimage\"},\"thumbnailUrl\":\"https:\\\/\\\/www.medespoir.be\\\/wp-content\\\/uploads\\\/2021\\\/11\\\/header_esthetique-dentaire.jpg\",\"datePublished\":\"2018-10-22T10:30:37+00:00\",\"dateModified\":\"2023-06-26T09:50:52+00:00\",\"description\":\"Tandheelkundige chirurgie Belgi\u00eb: Maak je glimlach mooier met tandheelkundige chirurgie Belgi\u00eb door verschillende tandheelkundige afwijkingen te behandelen tegen een gereduceerde prijs.\",\"breadcrumb\":{\"@id\":\"https:\\\/\\\/www.medespoir.be\\\/nl\\\/tandheelkundige-esthetiek\\\/#breadcrumb\"},\"inLanguage\":\"nl-NL\",\"potentialAction\":[{\"@type\":\"ReadAction\",\"target\":[\"https:\\\/\\\/www.medespoir.be\\\/nl\\\/tandheelkundige-esthetiek\\\/\"]}]},{\"@type\":\"ImageObject\",\"inLanguage\":\"nl-NL\",\"@id\":\"https:\\\/\\\/www.medespoir.be\\\/nl\\\/tandheelkundige-esthetiek\\\/#primaryimage\",\"url\":\"https:\\\/\\\/www.medespoir.be\\\/wp-content\\\/uploads\\\/2021\\\/11\\\/header_esthetique-dentaire.jpg\",\"contentUrl\":\"https:\\\/\\\/www.medespoir.be\\\/wp-content\\\/uploads\\\/2021\\\/11\\\/header_esthetique-dentaire.jpg\",\"width\":1925,\"height\":451},{\"@type\":\"BreadcrumbList\",\"@id\":\"https:\\\/\\\/www.medespoir.be\\\/nl\\\/tandheelkundige-esthetiek\\\/#breadcrumb\",\"itemListElement\":[{\"@type\":\"ListItem\",\"position\":1,\"name\":\"Accueil\",\"item\":\"https:\\\/\\\/www.medespoir.be\\\/nl\\\/\"},{\"@type\":\"ListItem\",\"position\":2,\"name\":\"Tandheelkundige chirurgie Belgi\u00eb : Goedkope tandheelkundige implantaat prijzen\"}]},{\"@type\":\"WebSite\",\"@id\":\"https:\\\/\\\/www.medespoir.be\\\/#website\",\"url\":\"https:\\\/\\\/www.medespoir.be\\\/\",\"name\":\"Chirurgie esthetique Belgique\",\"description\":\"\",\"publisher\":{\"@id\":\"https:\\\/\\\/www.medespoir.be\\\/#organization\"},\"potentialAction\":[{\"@type\":\"SearchAction\",\"target\":{\"@type\":\"EntryPoint\",\"urlTemplate\":\"https:\\\/\\\/www.medespoir.be\\\/?s={search_term_string}\"},\"query-input\":{\"@type\":\"PropertyValueSpecification\",\"valueRequired\":true,\"valueName\":\"search_term_string\"}}],\"inLanguage\":\"nl-NL\"},{\"@type\":\"Organization\",\"@id\":\"https:\\\/\\\/www.medespoir.be\\\/#organization\",\"name\":\"Medespoir Belgique\",\"url\":\"https:\\\/\\\/www.medespoir.be\\\/\",\"logo\":{\"@type\":\"ImageObject\",\"inLanguage\":\"nl-NL\",\"@id\":\"https:\\\/\\\/www.medespoir.be\\\/#\\\/schema\\\/logo\\\/image\\\/\",\"url\":\"https:\\\/\\\/www.medespoir.be\\\/wp-content\\\/uploads\\\/2018\\\/10\\\/lg-medespoir-be.jpg\",\"contentUrl\":\"https:\\\/\\\/www.medespoir.be\\\/wp-content\\\/uploads\\\/2018\\\/10\\\/lg-medespoir-be.jpg\",\"width\":242,\"height\":77,\"caption\":\"Medespoir Belgique\"},\"image\":{\"@id\":\"https:\\\/\\\/www.medespoir.be\\\/#\\\/schema\\\/logo\\\/image\\\/\"}}]}<\/script>\n<!-- \/ Yoast SEO plugin. -->","yoast_head_json":{"title":"Tandheelkundige chirurgie Belgi\u00eb : Goedkope prijzen voor tandheelkundige chirurgie technieken","description":"Tandheelkundige chirurgie Belgi\u00eb: Maak je glimlach mooier met tandheelkundige chirurgie Belgi\u00eb door verschillende tandheelkundige afwijkingen te behandelen tegen een gereduceerde prijs.","robots":{"index":"index","follow":"follow","max-snippet":"max-snippet:-1","max-image-preview":"max-image-preview:large","max-video-preview":"max-video-preview:-1"},"canonical":"https:\/\/www.medespoir.be\/nl\/tandheelkundige-esthetiek\/","og_locale":"nl_NL","og_type":"article","og_title":"Tandheelkundige chirurgie Belgi\u00eb : Goedkope prijzen voor tandheelkundige chirurgie technieken","og_description":"Tandheelkundige chirurgie Belgi\u00eb: Maak je glimlach mooier met tandheelkundige chirurgie Belgi\u00eb door verschillende tandheelkundige afwijkingen te behandelen tegen een gereduceerde prijs.","og_url":"https:\/\/www.medespoir.be\/nl\/tandheelkundige-esthetiek\/","og_site_name":"Chirurgie esthetique Belgique","article_modified_time":"2023-06-26T09:50:52+00:00","og_image":[{"width":1925,"height":451,"url":"https:\/\/www.medespoir.be\/wp-content\/uploads\/2021\/11\/header_esthetique-dentaire.jpg","type":"image\/jpeg"}],"twitter_card":"summary_large_image","twitter_misc":{"Geschatte leestijd":"6 minuten"},"schema":{"@context":"https:\/\/schema.org","@graph":[{"@type":"WebPage","@id":"https:\/\/www.medespoir.be\/nl\/tandheelkundige-esthetiek\/","url":"https:\/\/www.medespoir.be\/nl\/tandheelkundige-esthetiek\/","name":"Tandheelkundige chirurgie Belgi\u00eb : Goedkope prijzen voor tandheelkundige chirurgie technieken","isPartOf":{"@id":"https:\/\/www.medespoir.be\/#website"},"primaryImageOfPage":{"@id":"https:\/\/www.medespoir.be\/nl\/tandheelkundige-esthetiek\/#primaryimage"},"image":{"@id":"https:\/\/www.medespoir.be\/nl\/tandheelkundige-esthetiek\/#primaryimage"},"thumbnailUrl":"https:\/\/www.medespoir.be\/wp-content\/uploads\/2021\/11\/header_esthetique-dentaire.jpg","datePublished":"2018-10-22T10:30:37+00:00","dateModified":"2023-06-26T09:50:52+00:00","description":"Tandheelkundige chirurgie Belgi\u00eb: Maak je glimlach mooier met tandheelkundige chirurgie Belgi\u00eb door verschillende tandheelkundige afwijkingen te behandelen tegen een gereduceerde prijs.","breadcrumb":{"@id":"https:\/\/www.medespoir.be\/nl\/tandheelkundige-esthetiek\/#breadcrumb"},"inLanguage":"nl-NL","potentialAction":[{"@type":"ReadAction","target":["https:\/\/www.medespoir.be\/nl\/tandheelkundige-esthetiek\/"]}]},{"@type":"ImageObject","inLanguage":"nl-NL","@id":"https:\/\/www.medespoir.be\/nl\/tandheelkundige-esthetiek\/#primaryimage","url":"https:\/\/www.medespoir.be\/wp-content\/uploads\/2021\/11\/header_esthetique-dentaire.jpg","contentUrl":"https:\/\/www.medespoir.be\/wp-content\/uploads\/2021\/11\/header_esthetique-dentaire.jpg","width":1925,"height":451},{"@type":"BreadcrumbList","@id":"https:\/\/www.medespoir.be\/nl\/tandheelkundige-esthetiek\/#breadcrumb","itemListElement":[{"@type":"ListItem","position":1,"name":"Accueil","item":"https:\/\/www.medespoir.be\/nl\/"},{"@type":"ListItem","position":2,"name":"Tandheelkundige chirurgie Belgi\u00eb : Goedkope tandheelkundige implantaat prijzen"}]},{"@type":"WebSite","@id":"https:\/\/www.medespoir.be\/#website","url":"https:\/\/www.medespoir.be\/","name":"Chirurgie esthetique Belgique","description":"","publisher":{"@id":"https:\/\/www.medespoir.be\/#organization"},"potentialAction":[{"@type":"SearchAction","target":{"@type":"EntryPoint","urlTemplate":"https:\/\/www.medespoir.be\/?s={search_term_string}"},"query-input":{"@type":"PropertyValueSpecification","valueRequired":true,"valueName":"search_term_string"}}],"inLanguage":"nl-NL"},{"@type":"Organization","@id":"https:\/\/www.medespoir.be\/#organization","name":"Medespoir Belgique","url":"https:\/\/www.medespoir.be\/","logo":{"@type":"ImageObject","inLanguage":"nl-NL","@id":"https:\/\/www.medespoir.be\/#\/schema\/logo\/image\/","url":"https:\/\/www.medespoir.be\/wp-content\/uploads\/2018\/10\/lg-medespoir-be.jpg","contentUrl":"https:\/\/www.medespoir.be\/wp-content\/uploads\/2018\/10\/lg-medespoir-be.jpg","width":242,"height":77,"caption":"Medespoir Belgique"},"image":{"@id":"https:\/\/www.medespoir.be\/#\/schema\/logo\/image\/"}}]}},"_links":{"self":[{"href":"https:\/\/www.medespoir.be\/nl\/wp-json\/wp\/v2\/pages\/8544","targetHints":{"allow":["GET"]}}],"collection":[{"href":"https:\/\/www.medespoir.be\/nl\/wp-json\/wp\/v2\/pages"}],"about":[{"href":"https:\/\/www.medespoir.be\/nl\/wp-json\/wp\/v2\/types\/page"}],"author":[{"embeddable":true,"href":"https:\/\/www.medespoir.be\/nl\/wp-json\/wp\/v2\/users\/1"}],"replies":[{"embeddable":true,"href":"https:\/\/www.medespoir.be\/nl\/wp-json\/wp\/v2\/comments?post=8544"}],"version-history":[{"count":3,"href":"https:\/\/www.medespoir.be\/nl\/wp-json\/wp\/v2\/pages\/8544\/revisions"}],"predecessor-version":[{"id":8551,"href":"https:\/\/www.medespoir.be\/nl\/wp-json\/wp\/v2\/pages\/8544\/revisions\/8551"}],"wp:featuredmedia":[{"embeddable":true,"href":"https:\/\/www.medespoir.be\/nl\/wp-json\/wp\/v2\/media\/7730"}],"wp:attachment":[{"href":"https:\/\/www.medespoir.be\/nl\/wp-json\/wp\/v2\/media?parent=8544"}],"curies":[{"name":"wp","href":"https:\/\/api.w.org\/{rel}","templated":true}]}}