{"id":8600,"date":"2018-10-23T14:18:12","date_gmt":"2018-10-23T12:18:12","guid":{"rendered":"https:\/\/www.medespoir.be\/composietvernisjes-belgie-prijzen-om-het-uiterlijk-van-tanden-te-verbeteren\/"},"modified":"2023-06-26T12:17:42","modified_gmt":"2023-06-26T10:17:42","slug":"composietvernisjes-belgie","status":"publish","type":"page","link":"https:\/\/www.medespoir.be\/nl\/composietvernisjes-belgie\/","title":{"rendered":"Composietvernisjes Belgi\u00eb: prijzen om het uiterlijk van tanden te verbeteren"},"content":{"rendered":"\t\t<div data-elementor-type=\"wp-page\" data-elementor-id=\"8600\" class=\"elementor elementor-8600\">\n\t\t\t\t\t\t<section class=\"elementor-section elementor-top-section elementor-element elementor-element-142c8fd elementor-section-boxed elementor-section-height-default elementor-section-height-default\" data-id=\"142c8fd\" data-element_type=\"section\" data-e-type=\"section\">\n\t\t\t\t\t\t<div class=\"elementor-container elementor-column-gap-default\">\n\t\t\t\t\t<div class=\"elementor-column elementor-col-100 elementor-top-column elementor-element elementor-element-bcb75da\" data-id=\"bcb75da\" data-element_type=\"column\" data-e-type=\"column\">\n\t\t\t<div class=\"elementor-widget-wrap elementor-element-populated\">\n\t\t\t\t\t\t<div class=\"elementor-element elementor-element-862bfac elementor-widget elementor-widget-text-editor\" data-id=\"862bfac\" data-element_type=\"widget\" data-e-type=\"widget\" data-widget_type=\"text-editor.default\">\n\t\t\t\t<div class=\"elementor-widget-container\">\n\t\t\t\t\t\t\t\t\t<strong>Belgische composietvernisjes<\/strong> of composietvernisjes zijn dunne schelpjes die perfect op tanden lijken (vorm, kleur, consistentie, afmetingen, enz.).\n\nZe worden gebruikt in de cosmetische tandheelkunde om het uiterlijk van tanden te verbeteren en een mooie glimlach te herstellen.\n\n\t\t\t\t\t\t\t\t<\/div>\n\t\t\t\t<\/div>\n\t\t\t\t<div class=\"elementor-element elementor-element-7112fc3 elementor-widget elementor-widget-text-editor\" data-id=\"7112fc3\" data-element_type=\"widget\" data-e-type=\"widget\" data-widget_type=\"text-editor.default\">\n\t\t\t\t<div class=\"elementor-widget-container\">\n\t\t\t\t\t\t\t\t\t<h2>Wat zijn de verschillen tussen composiet veneers en porseleinen veneers?<\/h2>\nEr zijn in wezen twee soorten <a href=\"https:\/\/www.medespoir.be\/nl\/tandheelkundige-facings\/\">facings<\/a>:\n<ul class=\"liste-page\">\n \t<li><strong>Porseleinen facings<\/strong>: esthetisch, bestendig, gaan lang mee (minstens 10 jaar), veranderen niet van kleur na verloop van tijd<\/li>\n \t<li><strong>Composiet facings<\/strong>: kunnen in \u00e9\u00e9n sessie worden aangebracht, gaan ongeveer 6 jaar mee, zijn esthetisch aantrekkelijk en betaalbaar, en kunnen worden aangepast aan de natuurlijke kleur van de tanden. De kleur verandert na verloop van tijd en er kunnen vlekken op komen, maar ze kunnen eenvoudig worden gereinigd en gerepareerd.<\/li>\n<\/ul>\t\t\t\t\t\t\t\t<\/div>\n\t\t\t\t<\/div>\n\t\t\t\t\t<\/div>\n\t\t<\/div>\n\t\t\t\t\t<\/div>\n\t\t<\/section>\n\t\t\t\t<section class=\"elementor-section elementor-top-section elementor-element elementor-element-801323d elementor-section-boxed elementor-section-height-default elementor-section-height-default\" data-id=\"801323d\" data-element_type=\"section\" data-e-type=\"section\">\n\t\t\t\t\t\t<div class=\"elementor-container elementor-column-gap-default\">\n\t\t\t\t\t<div class=\"elementor-column elementor-col-100 elementor-top-column elementor-element elementor-element-9dd4e39\" data-id=\"9dd4e39\" data-element_type=\"column\" data-e-type=\"column\">\n\t\t\t<div class=\"elementor-widget-wrap elementor-element-populated\">\n\t\t\t\t\t\t<div class=\"elementor-element elementor-element-fb380f8 elementor-widget elementor-widget-image\" data-id=\"fb380f8\" data-element_type=\"widget\" data-e-type=\"widget\" data-widget_type=\"image.default\">\n\t\t\t\t<div class=\"elementor-widget-container\">\n\t\t\t\t\t\t\t\t\t\t\t\t<figure class=\"wp-caption\">\n\t\t\t\t\t\t\t\t\t\t<img fetchpriority=\"high\" decoding=\"async\" width=\"640\" height=\"176\" src=\"https:\/\/www.medespoir.be\/wp-content\/uploads\/2022\/03\/facettes-composites-belgique.jpg\" class=\"attachment-large size-large wp-image-7810\" alt=\"\" srcset=\"https:\/\/www.medespoir.be\/wp-content\/uploads\/2022\/03\/facettes-composites-belgique.jpg 670w, https:\/\/www.medespoir.be\/wp-content\/uploads\/2022\/03\/facettes-composites-belgique-300x82.jpg 300w\" sizes=\"(max-width: 640px) 100vw, 640px\" \/>\t\t\t\t\t\t\t\t\t\t\t<figcaption class=\"widget-image-caption wp-caption-text\">Voor en na composietvernis<\/figcaption>\n\t\t\t\t\t\t\t\t\t\t<\/figure>\n\t\t\t\t\t\t\t\t\t<\/div>\n\t\t\t\t<\/div>\n\t\t\t\t\t<\/div>\n\t\t<\/div>\n\t\t\t\t\t<\/div>\n\t\t<\/section>\n\t\t\t\t<section class=\"elementor-section elementor-top-section elementor-element elementor-element-e359f44 elementor-section-full_width elementor-section-height-default elementor-section-height-default\" data-id=\"e359f44\" data-element_type=\"section\" data-e-type=\"section\">\n\t\t\t\t\t\t<div class=\"elementor-container elementor-column-gap-no\">\n\t\t\t\t\t<div class=\"elementor-column elementor-col-100 elementor-top-column elementor-element elementor-element-ac70266\" data-id=\"ac70266\" data-element_type=\"column\" data-e-type=\"column\">\n\t\t\t<div class=\"elementor-widget-wrap elementor-element-populated\">\n\t\t\t\t\t\t<div class=\"elementor-element elementor-element-8cc7878 elementor-widget elementor-widget-text-editor\" data-id=\"8cc7878\" data-element_type=\"widget\" data-e-type=\"widget\" data-widget_type=\"text-editor.default\">\n\t\t\t\t<div class=\"elementor-widget-container\">\n\t\t\t\t\t\t\t\t\t\t\n<style>\r\nhtml body a.whatsapp-button {\r\n    display: inline-block;\r\n    background-color: #25D366;\r\n    font-size: 16px;\r\n    font-weight: bold;\r\n    padding: 12px 20px;\r\n    text-align: center;\r\n    text-decoration: none;\r\n    border-radius: 5px;\r\n    box-shadow: 0 4px 6px rgba(0, 0, 0, 0.1);\r\n    transition: background-color 0.3s ease, transform 0.2s ease;\r\n    color: white!important;\r\n}\r\n\r\n.whatsapp-button:hover {\r\n    background-color: #1EBE54;\r\n    transform: translateY(-2px);\r\n}\r\n\r\n.whatsapp-button:active {\r\n    transform: translateY(0);\r\n}\r\n\r\n.align_center {\r\n    display: block;\r\n    text-align: center;\r\n    padding: 30px 0px;\r\n}\r\n\r\n<\/style>\r\n<section >\r\n<div class=\"container\">\r\n<div class=\"row\">\r\n<div class=\"col-md-12\" align=\"center\">\r\n<div class=\"align_center\">\r\n                <a href=\"https:\/\/api.whatsapp.com\/send?phone=+33635235712&#038;&#038;text=Hallo,%20ik%20wil%20graag%20meer%20weten%20over%20je%20werk%20en%20je%20prijzen%20!\"\r\n                    class=\"whatsapp-button\" target=\"_blank\">\r\n                    Klik hier voor een gratis Whatsapp offerte\r\n                <\/a>\r\n<\/div>\r\n<\/div>\r\n<\/div>\r\n<\/div>\r\n<\/section>\n\t\t\t\t\t\t\t\t<\/div>\n\t\t\t\t<\/div>\n\t\t\t\t\t<\/div>\n\t\t<\/div>\n\t\t\t\t\t<\/div>\n\t\t<\/section>\n\t\t\t\t<section class=\"elementor-section elementor-top-section elementor-element elementor-element-45751ba1 elementor-section-boxed elementor-section-height-default elementor-section-height-default\" data-id=\"45751ba1\" data-element_type=\"section\" data-e-type=\"section\">\n\t\t\t\t\t\t<div class=\"elementor-container elementor-column-gap-default\">\n\t\t\t\t\t<div class=\"elementor-column elementor-col-100 elementor-top-column elementor-element elementor-element-5e9f32f1\" data-id=\"5e9f32f1\" data-element_type=\"column\" data-e-type=\"column\">\n\t\t\t<div class=\"elementor-widget-wrap elementor-element-populated\">\n\t\t\t\t\t\t<div class=\"elementor-element elementor-element-70f588f4 elementor-widget elementor-widget-text-editor\" data-id=\"70f588f4\" data-element_type=\"widget\" data-e-type=\"widget\" data-widget_type=\"text-editor.default\">\n\t\t\t\t<div class=\"elementor-widget-container\">\n\t\t\t\t\t\t\t\t\t\n<h2>Composietvernis: levensduur<\/h2>\nComposiet is een materiaal gemaakt van plastic of hars polymeren, of de samenstelling ervan (vandaar de naam composiet).\n\nAfhankelijk van de gewoonten van de persoon gaan composieten 3 tot 5 jaar mee. Toch zijn ze bijzonder praktisch voor pati\u00ebnten met strenge mondhygi\u00ebne-eisen, gezien hun gevoeligheid voor vocht en hun kleurverandering na verloop van tijd.\n\nDus als je op zoek bent naar de makkelijke uitweg en niet rigoureus genoeg bent, raden we je <a href=\"https:\/\/www.medespoir.be\/facettes-ceramique-tunisie\/\">keramische facings<\/a> aan, omdat deze beter bestand zijn tegen de verschillende veranderingen die hun omgeving kan be\u00efnvloeden.\n<h2>Hoe worden composietvernisjes in Belgi\u00eb geplaatst?<\/h2>\nDe tandarts past de vorm van de tanden aan (indien nodig), <strong>brengt<\/strong> vervolgens <strong>de composietveneer aan<\/strong> die overeenkomt met de natuurlijke kleur van de tanden van de pati\u00ebnt en geeft ze een nieuwe vorm om een perfect discrete, &#8220;natuurlijke&#8221; tand te cre\u00ebren (van dezelfde grootte als de andere tanden). Vervolgens stelt hij het bloot aan een speciale lamp die een licht afgeeft dat de composiet verder fixeert.\n\nHierdoor worden de aanpassingen gepersonaliseerd op basis van de tanden van de pati\u00ebnt, hun kleur, hun leeftijd, enz.\n\nTot slot worden composieten ook gebruikt om gaten in kiezen en premolaren te vullen, maar in dit geval hebben we het niet over facings.\n<img decoding=\"async\" class=\"wp-image-873 size-full aligncenter\" src=\"https:\/\/www.medespoir.be\/wp-content\/uploads\/2018\/10\/avant-apres-facettes-composite.jpg\" alt=\"composietvernis\" width=\"410\" height=\"237\" srcset=\"https:\/\/www.medespoir.be\/wp-content\/uploads\/2018\/10\/avant-apres-facettes-composite.jpg 410w, https:\/\/www.medespoir.be\/wp-content\/uploads\/2018\/10\/avant-apres-facettes-composite-300x173.jpg 300w\" sizes=\"(max-width: 410px) 100vw, 410px\" \/>\t\t\t\t\t\t\t\t<\/div>\n\t\t\t\t<\/div>\n\t\t\t\t\t<\/div>\n\t\t<\/div>\n\t\t\t\t\t<\/div>\n\t\t<\/section>\n\t\t\t\t<section class=\"elementor-section elementor-top-section elementor-element elementor-element-8c6d60f elementor-section-boxed elementor-section-height-default elementor-section-height-default\" data-id=\"8c6d60f\" data-element_type=\"section\" data-e-type=\"section\">\n\t\t\t\t\t\t<div class=\"elementor-container elementor-column-gap-default\">\n\t\t\t\t\t<div class=\"elementor-column elementor-col-33 elementor-top-column elementor-element elementor-element-81297d1\" data-id=\"81297d1\" data-element_type=\"column\" data-e-type=\"column\">\n\t\t\t<div class=\"elementor-widget-wrap\">\n\t\t\t\t\t\t\t<\/div>\n\t\t<\/div>\n\t\t\t\t<div class=\"elementor-column elementor-col-33 elementor-top-column elementor-element elementor-element-e3d1d3d\" data-id=\"e3d1d3d\" data-element_type=\"column\" data-e-type=\"column\">\n\t\t\t<div class=\"elementor-widget-wrap elementor-element-populated\">\n\t\t\t\t\t\t<div class=\"elementor-element elementor-element-455f504 elementor-widget elementor-widget-text-editor\" data-id=\"455f504\" data-element_type=\"widget\" data-e-type=\"widget\" data-widget_type=\"text-editor.default\">\n\t\t\t\t<div class=\"elementor-widget-container\">\n\t\t\t\t\t\t\t\t\t<div class=\"btn_interne\"><a class=\"btn__slider\" href=\"https:\/\/www.medespoir.be\/nl\/gratis-offerte\/\">&#8211; Tandheelkundige facings offerte Belgi\u00eb  <\/a><\/div>\n\t\t\t\t\t\t\t\t<\/div>\n\t\t\t\t<\/div>\n\t\t\t\t\t<\/div>\n\t\t<\/div>\n\t\t\t\t<div class=\"elementor-column elementor-col-33 elementor-top-column elementor-element elementor-element-f2220ca\" data-id=\"f2220ca\" data-element_type=\"column\" data-e-type=\"column\">\n\t\t\t<div class=\"elementor-widget-wrap\">\n\t\t\t\t\t\t\t<\/div>\n\t\t<\/div>\n\t\t\t\t\t<\/div>\n\t\t<\/section>\n\t\t\t\t<\/div>\n\t\t","protected":false},"excerpt":{"rendered":"<p>Belgische composietvernisjes of composietvernisjes zijn dunne schelpjes die perfect op tanden lijken (vorm, kleur, consistentie, afmetingen, enz.). Ze worden gebruikt in de cosmetische tandheelkunde om het uiterlijk van tanden te verbeteren en een mooie glimlach te herstellen. Wat zijn de verschillen tussen composiet veneers en porseleinen veneers? Er zijn in wezen twee soorten facings: Porseleinen [&hellip;]<\/p>\n","protected":false},"author":1,"featured_media":7730,"parent":0,"menu_order":0,"comment_status":"closed","ping_status":"closed","template":"","meta":{"footnotes":""},"class_list":["post-8600","page","type-page","status-publish","has-post-thumbnail","hentry"],"yoast_head":"<!-- This site is optimized with the Yoast SEO plugin v27.3 - https:\/\/yoast.com\/product\/yoast-seo-wordpress\/ -->\n<title>Composietvernisjes Belgi\u00eb: prijzen voor het verbeteren van het uiterlijk van je tanden en glimlach<\/title>\n<meta name=\"description\" content=\"Composietvernisjes Belgi\u00eb: composietvernisjes voor een stralende lach tegen lage kosten door Medespoir Belgi\u00eb.\" \/>\n<meta name=\"robots\" content=\"index, follow, max-snippet:-1, max-image-preview:large, max-video-preview:-1\" \/>\n<link rel=\"canonical\" href=\"https:\/\/www.medespoir.be\/nl\/composietvernisjes-belgie\/\" \/>\n<meta property=\"og:locale\" content=\"nl_NL\" \/>\n<meta property=\"og:type\" content=\"article\" \/>\n<meta property=\"og:title\" content=\"Composietvernisjes Belgi\u00eb: prijzen voor het verbeteren van het uiterlijk van je tanden en glimlach\" \/>\n<meta property=\"og:description\" content=\"Composietvernisjes Belgi\u00eb: composietvernisjes voor een stralende lach tegen lage kosten door Medespoir Belgi\u00eb.\" \/>\n<meta property=\"og:url\" content=\"https:\/\/www.medespoir.be\/nl\/composietvernisjes-belgie\/\" \/>\n<meta property=\"og:site_name\" content=\"Chirurgie esthetique Belgique\" \/>\n<meta property=\"article:modified_time\" content=\"2023-06-26T10:17:42+00:00\" \/>\n<meta property=\"og:image\" content=\"https:\/\/www.medespoir.be\/wp-content\/uploads\/2021\/11\/header_esthetique-dentaire.jpg\" \/>\n\t<meta property=\"og:image:width\" content=\"1925\" \/>\n\t<meta property=\"og:image:height\" content=\"451\" \/>\n\t<meta property=\"og:image:type\" content=\"image\/jpeg\" \/>\n<meta name=\"twitter:card\" content=\"summary_large_image\" \/>\n<meta name=\"twitter:label1\" content=\"Geschatte leestijd\" \/>\n\t<meta name=\"twitter:data1\" content=\"3 minuten\" \/>\n<script type=\"application\/ld+json\" class=\"yoast-schema-graph\">{\"@context\":\"https:\\\/\\\/schema.org\",\"@graph\":[{\"@type\":\"WebPage\",\"@id\":\"https:\\\/\\\/www.medespoir.be\\\/nl\\\/composietvernisjes-belgie\\\/\",\"url\":\"https:\\\/\\\/www.medespoir.be\\\/nl\\\/composietvernisjes-belgie\\\/\",\"name\":\"Composietvernisjes Belgi\u00eb: prijzen voor het verbeteren van het uiterlijk van je tanden en glimlach\",\"isPartOf\":{\"@id\":\"https:\\\/\\\/www.medespoir.be\\\/#website\"},\"primaryImageOfPage\":{\"@id\":\"https:\\\/\\\/www.medespoir.be\\\/nl\\\/composietvernisjes-belgie\\\/#primaryimage\"},\"image\":{\"@id\":\"https:\\\/\\\/www.medespoir.be\\\/nl\\\/composietvernisjes-belgie\\\/#primaryimage\"},\"thumbnailUrl\":\"https:\\\/\\\/www.medespoir.be\\\/wp-content\\\/uploads\\\/2021\\\/11\\\/header_esthetique-dentaire.jpg\",\"datePublished\":\"2018-10-23T12:18:12+00:00\",\"dateModified\":\"2023-06-26T10:17:42+00:00\",\"description\":\"Composietvernisjes Belgi\u00eb: composietvernisjes voor een stralende lach tegen lage kosten door Medespoir Belgi\u00eb.\",\"breadcrumb\":{\"@id\":\"https:\\\/\\\/www.medespoir.be\\\/nl\\\/composietvernisjes-belgie\\\/#breadcrumb\"},\"inLanguage\":\"nl-NL\",\"potentialAction\":[{\"@type\":\"ReadAction\",\"target\":[\"https:\\\/\\\/www.medespoir.be\\\/nl\\\/composietvernisjes-belgie\\\/\"]}]},{\"@type\":\"ImageObject\",\"inLanguage\":\"nl-NL\",\"@id\":\"https:\\\/\\\/www.medespoir.be\\\/nl\\\/composietvernisjes-belgie\\\/#primaryimage\",\"url\":\"https:\\\/\\\/www.medespoir.be\\\/wp-content\\\/uploads\\\/2021\\\/11\\\/header_esthetique-dentaire.jpg\",\"contentUrl\":\"https:\\\/\\\/www.medespoir.be\\\/wp-content\\\/uploads\\\/2021\\\/11\\\/header_esthetique-dentaire.jpg\",\"width\":1925,\"height\":451},{\"@type\":\"BreadcrumbList\",\"@id\":\"https:\\\/\\\/www.medespoir.be\\\/nl\\\/composietvernisjes-belgie\\\/#breadcrumb\",\"itemListElement\":[{\"@type\":\"ListItem\",\"position\":1,\"name\":\"Accueil\",\"item\":\"https:\\\/\\\/www.medespoir.be\\\/nl\\\/\"},{\"@type\":\"ListItem\",\"position\":2,\"name\":\"Composietvernisjes Belgi\u00eb: prijzen om het uiterlijk van tanden te verbeteren\"}]},{\"@type\":\"WebSite\",\"@id\":\"https:\\\/\\\/www.medespoir.be\\\/#website\",\"url\":\"https:\\\/\\\/www.medespoir.be\\\/\",\"name\":\"Chirurgie esthetique Belgique\",\"description\":\"\",\"publisher\":{\"@id\":\"https:\\\/\\\/www.medespoir.be\\\/#organization\"},\"potentialAction\":[{\"@type\":\"SearchAction\",\"target\":{\"@type\":\"EntryPoint\",\"urlTemplate\":\"https:\\\/\\\/www.medespoir.be\\\/?s={search_term_string}\"},\"query-input\":{\"@type\":\"PropertyValueSpecification\",\"valueRequired\":true,\"valueName\":\"search_term_string\"}}],\"inLanguage\":\"nl-NL\"},{\"@type\":\"Organization\",\"@id\":\"https:\\\/\\\/www.medespoir.be\\\/#organization\",\"name\":\"Medespoir Belgique\",\"url\":\"https:\\\/\\\/www.medespoir.be\\\/\",\"logo\":{\"@type\":\"ImageObject\",\"inLanguage\":\"nl-NL\",\"@id\":\"https:\\\/\\\/www.medespoir.be\\\/#\\\/schema\\\/logo\\\/image\\\/\",\"url\":\"https:\\\/\\\/www.medespoir.be\\\/wp-content\\\/uploads\\\/2018\\\/10\\\/lg-medespoir-be.jpg\",\"contentUrl\":\"https:\\\/\\\/www.medespoir.be\\\/wp-content\\\/uploads\\\/2018\\\/10\\\/lg-medespoir-be.jpg\",\"width\":242,\"height\":77,\"caption\":\"Medespoir Belgique\"},\"image\":{\"@id\":\"https:\\\/\\\/www.medespoir.be\\\/#\\\/schema\\\/logo\\\/image\\\/\"}}]}<\/script>\n<!-- \/ Yoast SEO plugin. -->","yoast_head_json":{"title":"Composietvernisjes Belgi\u00eb: prijzen voor het verbeteren van het uiterlijk van je tanden en glimlach","description":"Composietvernisjes Belgi\u00eb: composietvernisjes voor een stralende lach tegen lage kosten door Medespoir Belgi\u00eb.","robots":{"index":"index","follow":"follow","max-snippet":"max-snippet:-1","max-image-preview":"max-image-preview:large","max-video-preview":"max-video-preview:-1"},"canonical":"https:\/\/www.medespoir.be\/nl\/composietvernisjes-belgie\/","og_locale":"nl_NL","og_type":"article","og_title":"Composietvernisjes Belgi\u00eb: prijzen voor het verbeteren van het uiterlijk van je tanden en glimlach","og_description":"Composietvernisjes Belgi\u00eb: composietvernisjes voor een stralende lach tegen lage kosten door Medespoir Belgi\u00eb.","og_url":"https:\/\/www.medespoir.be\/nl\/composietvernisjes-belgie\/","og_site_name":"Chirurgie esthetique Belgique","article_modified_time":"2023-06-26T10:17:42+00:00","og_image":[{"width":1925,"height":451,"url":"https:\/\/www.medespoir.be\/wp-content\/uploads\/2021\/11\/header_esthetique-dentaire.jpg","type":"image\/jpeg"}],"twitter_card":"summary_large_image","twitter_misc":{"Geschatte leestijd":"3 minuten"},"schema":{"@context":"https:\/\/schema.org","@graph":[{"@type":"WebPage","@id":"https:\/\/www.medespoir.be\/nl\/composietvernisjes-belgie\/","url":"https:\/\/www.medespoir.be\/nl\/composietvernisjes-belgie\/","name":"Composietvernisjes Belgi\u00eb: prijzen voor het verbeteren van het uiterlijk van je tanden en glimlach","isPartOf":{"@id":"https:\/\/www.medespoir.be\/#website"},"primaryImageOfPage":{"@id":"https:\/\/www.medespoir.be\/nl\/composietvernisjes-belgie\/#primaryimage"},"image":{"@id":"https:\/\/www.medespoir.be\/nl\/composietvernisjes-belgie\/#primaryimage"},"thumbnailUrl":"https:\/\/www.medespoir.be\/wp-content\/uploads\/2021\/11\/header_esthetique-dentaire.jpg","datePublished":"2018-10-23T12:18:12+00:00","dateModified":"2023-06-26T10:17:42+00:00","description":"Composietvernisjes Belgi\u00eb: composietvernisjes voor een stralende lach tegen lage kosten door Medespoir Belgi\u00eb.","breadcrumb":{"@id":"https:\/\/www.medespoir.be\/nl\/composietvernisjes-belgie\/#breadcrumb"},"inLanguage":"nl-NL","potentialAction":[{"@type":"ReadAction","target":["https:\/\/www.medespoir.be\/nl\/composietvernisjes-belgie\/"]}]},{"@type":"ImageObject","inLanguage":"nl-NL","@id":"https:\/\/www.medespoir.be\/nl\/composietvernisjes-belgie\/#primaryimage","url":"https:\/\/www.medespoir.be\/wp-content\/uploads\/2021\/11\/header_esthetique-dentaire.jpg","contentUrl":"https:\/\/www.medespoir.be\/wp-content\/uploads\/2021\/11\/header_esthetique-dentaire.jpg","width":1925,"height":451},{"@type":"BreadcrumbList","@id":"https:\/\/www.medespoir.be\/nl\/composietvernisjes-belgie\/#breadcrumb","itemListElement":[{"@type":"ListItem","position":1,"name":"Accueil","item":"https:\/\/www.medespoir.be\/nl\/"},{"@type":"ListItem","position":2,"name":"Composietvernisjes Belgi\u00eb: prijzen om het uiterlijk van tanden te verbeteren"}]},{"@type":"WebSite","@id":"https:\/\/www.medespoir.be\/#website","url":"https:\/\/www.medespoir.be\/","name":"Chirurgie esthetique Belgique","description":"","publisher":{"@id":"https:\/\/www.medespoir.be\/#organization"},"potentialAction":[{"@type":"SearchAction","target":{"@type":"EntryPoint","urlTemplate":"https:\/\/www.medespoir.be\/?s={search_term_string}"},"query-input":{"@type":"PropertyValueSpecification","valueRequired":true,"valueName":"search_term_string"}}],"inLanguage":"nl-NL"},{"@type":"Organization","@id":"https:\/\/www.medespoir.be\/#organization","name":"Medespoir Belgique","url":"https:\/\/www.medespoir.be\/","logo":{"@type":"ImageObject","inLanguage":"nl-NL","@id":"https:\/\/www.medespoir.be\/#\/schema\/logo\/image\/","url":"https:\/\/www.medespoir.be\/wp-content\/uploads\/2018\/10\/lg-medespoir-be.jpg","contentUrl":"https:\/\/www.medespoir.be\/wp-content\/uploads\/2018\/10\/lg-medespoir-be.jpg","width":242,"height":77,"caption":"Medespoir Belgique"},"image":{"@id":"https:\/\/www.medespoir.be\/#\/schema\/logo\/image\/"}}]}},"_links":{"self":[{"href":"https:\/\/www.medespoir.be\/nl\/wp-json\/wp\/v2\/pages\/8600","targetHints":{"allow":["GET"]}}],"collection":[{"href":"https:\/\/www.medespoir.be\/nl\/wp-json\/wp\/v2\/pages"}],"about":[{"href":"https:\/\/www.medespoir.be\/nl\/wp-json\/wp\/v2\/types\/page"}],"author":[{"embeddable":true,"href":"https:\/\/www.medespoir.be\/nl\/wp-json\/wp\/v2\/users\/1"}],"replies":[{"embeddable":true,"href":"https:\/\/www.medespoir.be\/nl\/wp-json\/wp\/v2\/comments?post=8600"}],"version-history":[{"count":4,"href":"https:\/\/www.medespoir.be\/nl\/wp-json\/wp\/v2\/pages\/8600\/revisions"}],"predecessor-version":[{"id":8619,"href":"https:\/\/www.medespoir.be\/nl\/wp-json\/wp\/v2\/pages\/8600\/revisions\/8619"}],"wp:featuredmedia":[{"embeddable":true,"href":"https:\/\/www.medespoir.be\/nl\/wp-json\/wp\/v2\/media\/7730"}],"wp:attachment":[{"href":"https:\/\/www.medespoir.be\/nl\/wp-json\/wp\/v2\/media?parent=8600"}],"curies":[{"name":"wp","href":"https:\/\/api.w.org\/{rel}","templated":true}]}}