{"id":8621,"date":"2018-10-22T17:50:21","date_gmt":"2018-10-22T15:50:21","guid":{"rendered":"https:\/\/www.medespoir.be\/staaroperatie-belgie-staaroperatie-met-korting\/"},"modified":"2023-06-26T12:21:53","modified_gmt":"2023-06-26T10:21:53","slug":"staaroperatie-belgie","status":"publish","type":"page","link":"https:\/\/www.medespoir.be\/nl\/staaroperatie-belgie\/","title":{"rendered":"Staaroperatie Belgi\u00eb: Staaroperatie met korting"},"content":{"rendered":"<section>\n<div class=\"container\">\n<div class=\"row column-reverse\">\n<div class=\"col-md-7\">\n<strong>Cataractchirurgie in Belgi\u00eb <\/strong>is een eenvoudige, korte chirurgische ingreep die ontworpen is om het gezichtsvermogen te verbeteren door het verwijderen van de cataract die zich vormt op de kristallijne lens van het oog.<br \/>\nDeze operatie wordt gewoonlijk uitgevoerd in Belgi\u00eb, in samenwerking met het agentschap <strong>MedEspoir<\/strong>.<\/p>\n<h2>Prijs staaroperatie Belgi\u00eb<\/h2>\n<p>Om meer te weten te komen over de kosten van <strong>staaroperaties in Belgi\u00eb<\/strong>, vraag je gewoon een gratis en vertrouwelijke offerte aan. MedEspoir werkt met oogchirurgen die persoonlijke, betaalbare tarieven bieden.<\/p>\n<div class=\"btn_interne\"><a class=\"btn__slider\" href=\"https:\/\/www.medespoir.be\/nl\/gratis-offerte\/\">&#8211; Cataractchirurgie schatting Belgi\u00eb<\/a><\/div>\n<\/div>\n<div class=\"col-md-5\">\n<img decoding=\"async\" title=\"staaroperatie Belgi\u00eb\" src=\"https:\/\/www.medespoir.be\/wp-content\/uploads\/2021\/11\/chirurgie-cataracte-belgique.jpg\" alt=\"staaroperatie Belgi\u00eb\" class=\"img__interne__1\"><\/p>\n<div id=\"circle_catracte\"><img decoding=\"async\" src=\"https:\/\/www.medespoir.be\/wp-content\/uploads\/2021\/11\/form-medespoir_3.png\" alt=\"medespoir belgi\u00eb\"><\/div>\n<\/div>\n<\/div>\n<\/div>\n<\/section>\n<style>\r\nhtml body a.whatsapp-button {\r\n    display: inline-block;\r\n    background-color: #25D366;\r\n    font-size: 16px;\r\n    font-weight: bold;\r\n    padding: 12px 20px;\r\n    text-align: center;\r\n    text-decoration: none;\r\n    border-radius: 5px;\r\n    box-shadow: 0 4px 6px rgba(0, 0, 0, 0.1);\r\n    transition: background-color 0.3s ease, transform 0.2s ease;\r\n    color: white!important;\r\n}\r\n\r\n.whatsapp-button:hover {\r\n    background-color: #1EBE54;\r\n    transform: translateY(-2px);\r\n}\r\n\r\n.whatsapp-button:active {\r\n    transform: translateY(0);\r\n}\r\n\r\n.align_center {\r\n    display: block;\r\n    text-align: center;\r\n    padding: 30px 0px;\r\n}\r\n\r\n<\/style>\r\n<section >\r\n<div class=\"container\">\r\n<div class=\"row\">\r\n<div class=\"col-md-12\" align=\"center\">\r\n<div class=\"align_center\">\r\n                <a href=\"https:\/\/api.whatsapp.com\/send?phone=+33635235712&&text=Hallo,%20ik%20wil%20graag%20meer%20weten%20over%20je%20werk%20en%20je%20prijzen%20!\"\r\n                    class=\"whatsapp-button\" target=\"_blank\">\r\n                    Klik hier voor een gratis Whatsapp offerte\r\n                <\/a>\r\n<\/div>\r\n<\/div>\r\n<\/div>\r\n<\/div>\r\n<\/section>\n<section class=\"section_catracte\">\n<div class=\"container\">\n<div class=\"row\">\n<div class=\"col-md-5\">\n<img decoding=\"async\" title=\"staaroperatie Belgi\u00eb\" class=\"img_catracte_fit\" src=\"https:\/\/www.medespoir.be\/wp-content\/uploads\/2021\/11\/chirurgie-cataracte-belgique_1.jpg\" alt=\"staaroperatie Belgi\u00eb\"><\/p>\n<div id=\"circle_catracte_color\"><img decoding=\"async\" src=\"https:\/\/www.medespoir.be\/wp-content\/uploads\/2021\/11\/form-medespoir_2.png\" alt=\"medespoir belgi\u00eb\"><\/div>\n<\/div>\n<div class=\"col-md-7\">\n<h2>Voordat u deze operatie ondergaat<\/h2>\n<p>Het is raadzaam om een week voor de operatie te stoppen met roken om het risico op longembolie te minimaliseren. Daarnaast mag alcohol niet worden gedronken v\u00f3\u00f3r 24 uur voor de operatie om ongewenste interactie met andere medicijnen te voorkomen.<br \/>\nDraag op de grote dag geen lotion of parfum, vermijd make-up en nagellak en laat je sieraden thuis.<br \/>\nWat gebeurt er tijdens de staaroperatie?<br \/>\nVoordat we ingaan op de details van de operatie, moeten we eerst wat licht werpen op dit gezondheidsprobleem.<\/p>\n<h3>Wat is staar?<\/h3>\n<p>De kristallijne lens is een transparant compartiment van het oog dat zich achter de pupil bevindt. De rol ervan is om objecten scherp te stellen door zich aan te passen aan hun afstand, d.w.z. door ronder te worden voor nabije objecten en platter voor verre objecten.<br \/>\nIn deze context is cataract het troebel worden van de kristallijne lens (die normaal transparant is), waardoor het zicht automatisch minder helder wordt.<br \/>\nHierdoor is de projectie van objecten op het netvlies voordat ze door de oogzenuw worden geleid niet perfect gegarandeerd, omdat de doorgang van licht niet meer vloeiend is.<\/p>\n<h3>Verloop van de operatie<\/h3>\n<p>Het verwijderen van staar vereist een plaatselijke verdoving, dus je voelt geen pijn, en duurt ongeveer 20 minuten. Om de staar die zich op de lens vormt te bereiken, maakt de oogchirurg \u00e9\u00e9n of twee kleine sneetjes in het hoornvlies om de chirurgische instrumenten door te laten.<br \/>\nDe cataract wordt dan geleidelijk verwijderd samen met de lens (na fragmentatie door ultrageluidsgolven), totdat alle compartimenten zijn verwijderd. De volgende stap is het plaatsen van een transparante lens in het oog, wat niets anders is dan een kunstlensimplantaat.<br \/>\nDit implantaat neemt de rol van de natuurlijke kristallijne lens over, namelijk het projecteren van licht op het netvlies.\n<\/p><\/div>\n<\/div>\n<\/div>\n<\/section>\n<section>\n<div class=\"container\">\n<div class=\"row\">\n<div class=\"col-md-12\">\n<h2 class=\"center\">Wat zijn de postoperatieve gevolgen van staarverwijdering?<\/h2>\n<p>Deze snelle interventie is ook eenvoudig en alledaags. De pati\u00ebnt kan dezelfde dag nog naar huis, vandaar de term &#8220;dagchirurgie&#8221;. De gemaakte incisies hoeven niet gehecht te worden en vervagen vanzelf.<br \/>\nDe pati\u00ebnt voelt weinig pijn, alleen een beetje ongemak in de ogen.\n<\/p><\/div>\n<\/div>\n<\/div>\n<\/section>\n","protected":false},"excerpt":{"rendered":"<p>Cataractchirurgie in Belgi\u00eb is een eenvoudige, korte chirurgische ingreep die ontworpen is om het gezichtsvermogen te verbeteren door het verwijderen van de cataract die zich vormt op de kristallijne lens van het oog. Deze operatie wordt gewoonlijk uitgevoerd in Belgi\u00eb, in samenwerking met het agentschap MedEspoir. Prijs staaroperatie Belgi\u00eb Om meer te weten te komen [&hellip;]<\/p>\n","protected":false},"author":1,"featured_media":7738,"parent":0,"menu_order":0,"comment_status":"closed","ping_status":"closed","template":"","meta":{"footnotes":""},"class_list":["post-8621","page","type-page","status-publish","has-post-thumbnail","hentry"],"yoast_head":"<!-- This site is optimized with the Yoast SEO plugin v27.3 - https:\/\/yoast.com\/product\/yoast-seo-wordpress\/ -->\n<title>Cataractchirurgie Belgi\u00eb : Cataractchirurgie goedkope prijs<\/title>\n<meta name=\"description\" content=\"Cataractoperatie Belgi\u00eb: Hier zijn alle details over je cataractoperatie, de procedure die zichtproblemen corrigeert tegen lage kosten in Belgi\u00eb.\" \/>\n<meta name=\"robots\" content=\"index, follow, max-snippet:-1, max-image-preview:large, max-video-preview:-1\" \/>\n<link rel=\"canonical\" href=\"https:\/\/www.medespoir.be\/nl\/staaroperatie-belgie\/\" \/>\n<meta property=\"og:locale\" content=\"nl_NL\" \/>\n<meta property=\"og:type\" content=\"article\" \/>\n<meta property=\"og:title\" content=\"Cataractchirurgie Belgi\u00eb : Cataractchirurgie goedkope prijs\" \/>\n<meta property=\"og:description\" content=\"Cataractoperatie Belgi\u00eb: Hier zijn alle details over je cataractoperatie, de procedure die zichtproblemen corrigeert tegen lage kosten in Belgi\u00eb.\" \/>\n<meta property=\"og:url\" content=\"https:\/\/www.medespoir.be\/nl\/staaroperatie-belgie\/\" \/>\n<meta property=\"og:site_name\" content=\"Chirurgie esthetique Belgique\" \/>\n<meta property=\"article:modified_time\" content=\"2023-06-26T10:21:53+00:00\" \/>\n<meta property=\"og:image\" content=\"https:\/\/www.medespoir.be\/wp-content\/uploads\/2021\/11\/header_chirurgie-cataracte-belgique.jpg\" \/>\n\t<meta property=\"og:image:width\" content=\"1925\" \/>\n\t<meta property=\"og:image:height\" content=\"451\" \/>\n\t<meta property=\"og:image:type\" content=\"image\/jpeg\" \/>\n<meta name=\"twitter:card\" content=\"summary_large_image\" \/>\n<meta name=\"twitter:label1\" content=\"Geschatte leestijd\" \/>\n\t<meta name=\"twitter:data1\" content=\"4 minuten\" \/>\n<script type=\"application\/ld+json\" class=\"yoast-schema-graph\">{\"@context\":\"https:\\\/\\\/schema.org\",\"@graph\":[{\"@type\":\"WebPage\",\"@id\":\"https:\\\/\\\/www.medespoir.be\\\/nl\\\/staaroperatie-belgie\\\/\",\"url\":\"https:\\\/\\\/www.medespoir.be\\\/nl\\\/staaroperatie-belgie\\\/\",\"name\":\"Cataractchirurgie Belgi\u00eb : Cataractchirurgie goedkope prijs\",\"isPartOf\":{\"@id\":\"https:\\\/\\\/www.medespoir.be\\\/#website\"},\"primaryImageOfPage\":{\"@id\":\"https:\\\/\\\/www.medespoir.be\\\/nl\\\/staaroperatie-belgie\\\/#primaryimage\"},\"image\":{\"@id\":\"https:\\\/\\\/www.medespoir.be\\\/nl\\\/staaroperatie-belgie\\\/#primaryimage\"},\"thumbnailUrl\":\"https:\\\/\\\/www.medespoir.be\\\/wp-content\\\/uploads\\\/2021\\\/11\\\/header_chirurgie-cataracte-belgique.jpg\",\"datePublished\":\"2018-10-22T15:50:21+00:00\",\"dateModified\":\"2023-06-26T10:21:53+00:00\",\"description\":\"Cataractoperatie Belgi\u00eb: Hier zijn alle details over je cataractoperatie, de procedure die zichtproblemen corrigeert tegen lage kosten in Belgi\u00eb.\",\"breadcrumb\":{\"@id\":\"https:\\\/\\\/www.medespoir.be\\\/nl\\\/staaroperatie-belgie\\\/#breadcrumb\"},\"inLanguage\":\"nl-NL\",\"potentialAction\":[{\"@type\":\"ReadAction\",\"target\":[\"https:\\\/\\\/www.medespoir.be\\\/nl\\\/staaroperatie-belgie\\\/\"]}]},{\"@type\":\"ImageObject\",\"inLanguage\":\"nl-NL\",\"@id\":\"https:\\\/\\\/www.medespoir.be\\\/nl\\\/staaroperatie-belgie\\\/#primaryimage\",\"url\":\"https:\\\/\\\/www.medespoir.be\\\/wp-content\\\/uploads\\\/2021\\\/11\\\/header_chirurgie-cataracte-belgique.jpg\",\"contentUrl\":\"https:\\\/\\\/www.medespoir.be\\\/wp-content\\\/uploads\\\/2021\\\/11\\\/header_chirurgie-cataracte-belgique.jpg\",\"width\":1925,\"height\":451},{\"@type\":\"BreadcrumbList\",\"@id\":\"https:\\\/\\\/www.medespoir.be\\\/nl\\\/staaroperatie-belgie\\\/#breadcrumb\",\"itemListElement\":[{\"@type\":\"ListItem\",\"position\":1,\"name\":\"Accueil\",\"item\":\"https:\\\/\\\/www.medespoir.be\\\/nl\\\/\"},{\"@type\":\"ListItem\",\"position\":2,\"name\":\"Staaroperatie Belgi\u00eb: Staaroperatie met korting\"}]},{\"@type\":\"WebSite\",\"@id\":\"https:\\\/\\\/www.medespoir.be\\\/#website\",\"url\":\"https:\\\/\\\/www.medespoir.be\\\/\",\"name\":\"Chirurgie esthetique Belgique\",\"description\":\"\",\"publisher\":{\"@id\":\"https:\\\/\\\/www.medespoir.be\\\/#organization\"},\"potentialAction\":[{\"@type\":\"SearchAction\",\"target\":{\"@type\":\"EntryPoint\",\"urlTemplate\":\"https:\\\/\\\/www.medespoir.be\\\/?s={search_term_string}\"},\"query-input\":{\"@type\":\"PropertyValueSpecification\",\"valueRequired\":true,\"valueName\":\"search_term_string\"}}],\"inLanguage\":\"nl-NL\"},{\"@type\":\"Organization\",\"@id\":\"https:\\\/\\\/www.medespoir.be\\\/#organization\",\"name\":\"Medespoir Belgique\",\"url\":\"https:\\\/\\\/www.medespoir.be\\\/\",\"logo\":{\"@type\":\"ImageObject\",\"inLanguage\":\"nl-NL\",\"@id\":\"https:\\\/\\\/www.medespoir.be\\\/#\\\/schema\\\/logo\\\/image\\\/\",\"url\":\"https:\\\/\\\/www.medespoir.be\\\/wp-content\\\/uploads\\\/2018\\\/10\\\/lg-medespoir-be.jpg\",\"contentUrl\":\"https:\\\/\\\/www.medespoir.be\\\/wp-content\\\/uploads\\\/2018\\\/10\\\/lg-medespoir-be.jpg\",\"width\":242,\"height\":77,\"caption\":\"Medespoir Belgique\"},\"image\":{\"@id\":\"https:\\\/\\\/www.medespoir.be\\\/#\\\/schema\\\/logo\\\/image\\\/\"}}]}<\/script>\n<!-- \/ Yoast SEO plugin. -->","yoast_head_json":{"title":"Cataractchirurgie Belgi\u00eb : Cataractchirurgie goedkope prijs","description":"Cataractoperatie Belgi\u00eb: Hier zijn alle details over je cataractoperatie, de procedure die zichtproblemen corrigeert tegen lage kosten in Belgi\u00eb.","robots":{"index":"index","follow":"follow","max-snippet":"max-snippet:-1","max-image-preview":"max-image-preview:large","max-video-preview":"max-video-preview:-1"},"canonical":"https:\/\/www.medespoir.be\/nl\/staaroperatie-belgie\/","og_locale":"nl_NL","og_type":"article","og_title":"Cataractchirurgie Belgi\u00eb : Cataractchirurgie goedkope prijs","og_description":"Cataractoperatie Belgi\u00eb: Hier zijn alle details over je cataractoperatie, de procedure die zichtproblemen corrigeert tegen lage kosten in Belgi\u00eb.","og_url":"https:\/\/www.medespoir.be\/nl\/staaroperatie-belgie\/","og_site_name":"Chirurgie esthetique Belgique","article_modified_time":"2023-06-26T10:21:53+00:00","og_image":[{"width":1925,"height":451,"url":"https:\/\/www.medespoir.be\/wp-content\/uploads\/2021\/11\/header_chirurgie-cataracte-belgique.jpg","type":"image\/jpeg"}],"twitter_card":"summary_large_image","twitter_misc":{"Geschatte leestijd":"4 minuten"},"schema":{"@context":"https:\/\/schema.org","@graph":[{"@type":"WebPage","@id":"https:\/\/www.medespoir.be\/nl\/staaroperatie-belgie\/","url":"https:\/\/www.medespoir.be\/nl\/staaroperatie-belgie\/","name":"Cataractchirurgie Belgi\u00eb : Cataractchirurgie goedkope prijs","isPartOf":{"@id":"https:\/\/www.medespoir.be\/#website"},"primaryImageOfPage":{"@id":"https:\/\/www.medespoir.be\/nl\/staaroperatie-belgie\/#primaryimage"},"image":{"@id":"https:\/\/www.medespoir.be\/nl\/staaroperatie-belgie\/#primaryimage"},"thumbnailUrl":"https:\/\/www.medespoir.be\/wp-content\/uploads\/2021\/11\/header_chirurgie-cataracte-belgique.jpg","datePublished":"2018-10-22T15:50:21+00:00","dateModified":"2023-06-26T10:21:53+00:00","description":"Cataractoperatie Belgi\u00eb: Hier zijn alle details over je cataractoperatie, de procedure die zichtproblemen corrigeert tegen lage kosten in Belgi\u00eb.","breadcrumb":{"@id":"https:\/\/www.medespoir.be\/nl\/staaroperatie-belgie\/#breadcrumb"},"inLanguage":"nl-NL","potentialAction":[{"@type":"ReadAction","target":["https:\/\/www.medespoir.be\/nl\/staaroperatie-belgie\/"]}]},{"@type":"ImageObject","inLanguage":"nl-NL","@id":"https:\/\/www.medespoir.be\/nl\/staaroperatie-belgie\/#primaryimage","url":"https:\/\/www.medespoir.be\/wp-content\/uploads\/2021\/11\/header_chirurgie-cataracte-belgique.jpg","contentUrl":"https:\/\/www.medespoir.be\/wp-content\/uploads\/2021\/11\/header_chirurgie-cataracte-belgique.jpg","width":1925,"height":451},{"@type":"BreadcrumbList","@id":"https:\/\/www.medespoir.be\/nl\/staaroperatie-belgie\/#breadcrumb","itemListElement":[{"@type":"ListItem","position":1,"name":"Accueil","item":"https:\/\/www.medespoir.be\/nl\/"},{"@type":"ListItem","position":2,"name":"Staaroperatie Belgi\u00eb: Staaroperatie met korting"}]},{"@type":"WebSite","@id":"https:\/\/www.medespoir.be\/#website","url":"https:\/\/www.medespoir.be\/","name":"Chirurgie esthetique Belgique","description":"","publisher":{"@id":"https:\/\/www.medespoir.be\/#organization"},"potentialAction":[{"@type":"SearchAction","target":{"@type":"EntryPoint","urlTemplate":"https:\/\/www.medespoir.be\/?s={search_term_string}"},"query-input":{"@type":"PropertyValueSpecification","valueRequired":true,"valueName":"search_term_string"}}],"inLanguage":"nl-NL"},{"@type":"Organization","@id":"https:\/\/www.medespoir.be\/#organization","name":"Medespoir Belgique","url":"https:\/\/www.medespoir.be\/","logo":{"@type":"ImageObject","inLanguage":"nl-NL","@id":"https:\/\/www.medespoir.be\/#\/schema\/logo\/image\/","url":"https:\/\/www.medespoir.be\/wp-content\/uploads\/2018\/10\/lg-medespoir-be.jpg","contentUrl":"https:\/\/www.medespoir.be\/wp-content\/uploads\/2018\/10\/lg-medespoir-be.jpg","width":242,"height":77,"caption":"Medespoir Belgique"},"image":{"@id":"https:\/\/www.medespoir.be\/#\/schema\/logo\/image\/"}}]}},"_links":{"self":[{"href":"https:\/\/www.medespoir.be\/nl\/wp-json\/wp\/v2\/pages\/8621","targetHints":{"allow":["GET"]}}],"collection":[{"href":"https:\/\/www.medespoir.be\/nl\/wp-json\/wp\/v2\/pages"}],"about":[{"href":"https:\/\/www.medespoir.be\/nl\/wp-json\/wp\/v2\/types\/page"}],"author":[{"embeddable":true,"href":"https:\/\/www.medespoir.be\/nl\/wp-json\/wp\/v2\/users\/1"}],"replies":[{"embeddable":true,"href":"https:\/\/www.medespoir.be\/nl\/wp-json\/wp\/v2\/comments?post=8621"}],"version-history":[{"count":2,"href":"https:\/\/www.medespoir.be\/nl\/wp-json\/wp\/v2\/pages\/8621\/revisions"}],"predecessor-version":[{"id":8623,"href":"https:\/\/www.medespoir.be\/nl\/wp-json\/wp\/v2\/pages\/8621\/revisions\/8623"}],"wp:featuredmedia":[{"embeddable":true,"href":"https:\/\/www.medespoir.be\/nl\/wp-json\/wp\/v2\/media\/7738"}],"wp:attachment":[{"href":"https:\/\/www.medespoir.be\/nl\/wp-json\/wp\/v2\/media?parent=8621"}],"curies":[{"name":"wp","href":"https:\/\/api.w.org\/{rel}","templated":true}]}}