{"id":8638,"date":"2020-06-02T10:06:27","date_gmt":"2020-06-02T08:06:27","guid":{"rendered":"https:\/\/www.medespoir.be\/intieme-chirurgie-vrouwen-belgie-prijs-vaginoplastie-labiaplastie-majoraplastie\/"},"modified":"2023-06-26T15:12:14","modified_gmt":"2023-06-26T13:12:14","slug":"intieme-chirurgie-vrouwen-tunisie","status":"publish","type":"page","link":"https:\/\/www.medespoir.be\/nl\/intieme-chirurgie-vrouwen-tunisie\/","title":{"rendered":"Intieme chirurgie vrouwen Belgi\u00eb: prijs vaginoplastie, labiaplastie, majoraplastie"},"content":{"rendered":"<section>\n<div class=\"container\">\n<div class=\"row column-reverse\">\n<div class=\"col-md-7\">\n<strong>Cosmetische vaginale chirurgie in Belgi\u00eb<\/strong> omvat een aantal chirurgische ingrepen om het uiterlijk van de genitali\u00ebn van een vrouw te verbeteren.<\/p>\n<p>Sommige vrouwen beweren dat de grootte of vorm van hun vagina of uitwendige genitali\u00ebn hen of hun partners belemmert in het bereiken van volledige seksuele bevrediging, wat kan verklaren waarom de vraag naar vaginale chirurgie wereldwijd toeneemt.<\/p>\n<h2>Prijzen vaginale esthetische chirurgie Belgi\u00eb en Tunesi\u00eb<\/h2>\n<p>Welke <strong>vaginale cosmetische chirurgie<\/strong> je ook overweegt in Tunesi\u00eb, Clinique Medespoir Tunisie biedt je een voordelig all-in tarief.<\/p>\n<p>Om meer te weten te komen, stuur ons online een aanvraag voor een gratis offerte en we sturen je zo snel mogelijk alle details die je nodig hebt.<\/p>\n<div class=\"btn_interne\"><a class=\"btn__slider\" href=\"https:\/\/www.medespoir.be\/nl\/gratis-offerte\/\">&#8211; Intieme chirurgie schatting Belgi\u00eb<\/a><\/div>\n<\/div>\n<div class=\"col-md-5\">\n<figure id=\"attachment_7494\" aria-describedby=\"caption-attachment-7494\" style=\"width: 644px\" class=\"wp-caption aligncenter\"><img decoding=\"async\" class=\"wp-image-3135 img__interne__1\" title=\"intieme chirurgie vrouwen Belgi\u00eb en Tunesi\u00eb\" src=\"https:\/\/www.medespoir.be\/wp-content\/uploads\/2021\/12\/chirurgies-intimes-femmes-tunisie.jpg\" alt=\"intieme chirurgie vrouwen Belgi\u00eb en Tunesi\u00eb\"><figcaption id=\"caption-attachment-7494\" class=\"wp-caption-text\"><em>Intieme chirurgie voor vrouwen in Belgi\u00eb<\/em><\/figcaption><\/figure><\/p>\n<div id=\"circle_catracte\"><img decoding=\"async\" src=\"https:\/\/www.medespoir.be\/wp-content\/uploads\/2021\/11\/form-medespoir_2.png\" alt=\"medespoir belgi\u00eb\"><\/div>\n<\/div>\n<\/div>\n<\/div>\n<\/section>\n<style>\r\nhtml body a.whatsapp-button {\r\n    display: inline-block;\r\n    background-color: #25D366;\r\n    font-size: 16px;\r\n    font-weight: bold;\r\n    padding: 12px 20px;\r\n    text-align: center;\r\n    text-decoration: none;\r\n    border-radius: 5px;\r\n    box-shadow: 0 4px 6px rgba(0, 0, 0, 0.1);\r\n    transition: background-color 0.3s ease, transform 0.2s ease;\r\n    color: white!important;\r\n}\r\n\r\n.whatsapp-button:hover {\r\n    background-color: #1EBE54;\r\n    transform: translateY(-2px);\r\n}\r\n\r\n.whatsapp-button:active {\r\n    transform: translateY(0);\r\n}\r\n\r\n.align_center {\r\n    display: block;\r\n    text-align: center;\r\n    padding: 30px 0px;\r\n}\r\n\r\n<\/style>\r\n<section >\r\n<div class=\"container\">\r\n<div class=\"row\">\r\n<div class=\"col-md-12\" align=\"center\">\r\n<div class=\"align_center\">\r\n                <a href=\"https:\/\/api.whatsapp.com\/send?phone=+33635235712&&text=Hallo,%20ik%20wil%20graag%20meer%20weten%20over%20je%20werk%20en%20je%20prijzen%20!\"\r\n                    class=\"whatsapp-button\" target=\"_blank\">\r\n                    Klik hier voor een gratis Whatsapp offerte\r\n                <\/a>\r\n<\/div>\r\n<\/div>\r\n<\/div>\r\n<\/div>\r\n<\/section>\n<section>\n<div class=\"container\">\n<div class=\"row column-reverse\">\n<div class=\"col-md-5\">\n<img decoding=\"async\" title=\"intieme chirurgie vrouwen Belgi\u00eb en Tunesi\u00eb\" src=\"https:\/\/www.medespoir.be\/wp-content\/uploads\/2021\/12\/chirurgies-intimes-femmes-tunisie_1.jpg\" alt=\"intieme chirurgie vrouwen Belgi\u00eb en Tunesi\u00eb\"><\/p>\n<div id=\"circle_catracte\"><img decoding=\"async\" src=\"https:\/\/www.medespoir.be\/wp-content\/uploads\/2021\/11\/form-medespoir_2.png\" alt=\"medespoir belgi\u00eb\"><\/div>\n<\/div>\n<div class=\"col-md-7\">\n<h2>Cosmetische vaginale chirurgie: welke technieken zijn beschikbaar?<\/h2>\n<p>Tegenwoordig kan een aantal technieken worden overwogen om vaginale onesthetiek te verhelpen, waarvan de populairste <strong>labiaplastie<\/strong> (labiale reductie) en vaginoplastie zijn.<\/p>\n<p><a href=\"https:\/\/www.medespoir.be\/nl\/interventies\/\">Andere chirurgische ingrepen<\/a> om de vagina esthetischer te maken zijn <strong>een clitorale bonnetverkleining<\/strong> en <strong>een grote schaamlipcorrectie<\/strong>.<\/p>\n<h3>Labiaplastie Belgi\u00eb<\/h3>\n<p>Een labiaplastie in Belgi\u00eb, ook wel nymphoplastie genoemd, is een chirurgische ingreep waarbij de vergrote kleine schaamlippen worden verkleind.<\/p>\n<p>Er zijn een aantal redenen waarom vrouwen voor deze operatie kiezen, waaronder pijn door het draaien en trekken aan de schaamlippen tijdens het fietsen of tijdens geslachtsgemeenschap, jeuk, irritatie, &#8230;<\/p>\n<h4>Procedure voor labiaplastie<\/h4>\n<p>De operatie kan worden uitgevoerd onder plaatselijke verdoving met sedatie of onder algehele narcose. De procedure duurt tussen 45 minuten en 1 uur.<\/p>\n<p>Tijdens de operatie verwijdert de plastisch chirurg het overtollige weefsel. Overmatige plooien in het clitorale kapje kunnen tegelijkertijd worden verminderd.<\/p>\n<p>De hechting wordt meestal uitgevoerd met resorbeerbare hechtingen.<\/p>\n<\/div>\n<\/div>\n<\/div>\n<\/section>\n<section class=\"bg_intime\">\n<div class=\"container\">\n<div class=\"row\">\n<div class=\"col-md-7\">\n<h4>Na nymfoplastie<\/h4>\n<p>Het is raadzaam om na de operatie een week vrij te nemen van het werk om de zwelling te helpen verminderen. De pati\u00ebnt moet zich gedurende 4 weken na de operatie onthouden van geslachtsgemeenschap.<\/p>\n<p>In de meeste gevallen is het resultaat van de labiaplastie bevredigend, maar de pati\u00ebnt moet 2 maanden wachten om het uiteindelijke resultaat te kunnen beoordelen.<\/p>\n<h3>Vaginoplastiek in Belgi\u00eb<\/h3>\n<p>Vaginoplastiek in Belgi\u00eb is een ingreep waarbij de vagina strakker wordt gemaakt.<\/p>\n<p>Na een of meer bevallingen kunnen vrouwen last krijgen van uitgerekte weefsels en spierafscheiding, wat kan leiden tot seksuele disfunctie.<\/p>\n<h4>Vaginoplastiek procedure<\/h4>\n<p>Vaginale plastische chirurgie wordt meestal uitgevoerd onder algehele narcose en duurt gemiddeld 1 uur.<\/p>\n<p>Bij de ingreep wordt overtollige huid aan de binnenkant van de vagina verwijderd en worden de weefsels strakgetrokken met sterke hechtingen. Nadat het vaginakanaal is strakgetrokken, wordt de slijmvlieshuid gesloten met hechtingen.\n<\/p><\/div>\n<div class=\"col-md-5\">\n<img decoding=\"async\" title=\"intieme chirurgie vrouwen Belgi\u00eb en Tunesi\u00eb\" src=\"https:\/\/www.medespoir.be\/wp-content\/uploads\/2021\/12\/chirurgies-intimes-femmes-tunisie_2.jpg\" alt=\"intieme chirurgie vrouwen Belgi\u00eb en Tunesi\u00eb\"><\/p>\n<div id=\"circle_6\"><img decoding=\"async\" src=\"https:\/\/www.medespoir.be\/wp-content\/uploads\/2021\/11\/form-medespoir.png\" alt=\"medespoir belgi\u00eb\"><\/div>\n<\/div>\n<\/div>\n<\/div>\n<\/div>\n<\/section>\n<section>\n<div class=\"container\">\n<div class=\"row column-reverse\">\n<div class=\"col-md-5\">\n<img decoding=\"async\" title=\"intieme chirurgie vrouwen Belgi\u00eb en Tunesi\u00eb\" src=\"https:\/\/www.medespoir.be\/wp-content\/uploads\/2021\/12\/chirurgies-intimes-femmes-tunisie_3.jpg\" alt=\"intieme chirurgie vrouwen Belgi\u00eb en Tunesi\u00eb\"><\/p>\n<div id=\"circle_catracte\"><img decoding=\"async\" src=\"https:\/\/www.medespoir.be\/wp-content\/uploads\/2021\/11\/form-medespoir_3.png\" alt=\"medespoir belgi\u00eb\"><\/div>\n<\/div>\n<div class=\"col-md-7\">\n<h4>Na vaginoplastiek<\/h4>\n<p>De plastisch chirurg kan de pati\u00ebnt aanraden om een of twee weken te rusten na de vaginoplastiek.<\/p>\n<p>De pati\u00ebnte kan wat pijn ervaren, wat verlicht kan worden door pijnstillers te nemen, en het is haar verboden om geslachtsgemeenschap te hebben gedurende zes weken.<\/p>\n<p>Het resultaat is een nauwer vaginaal kanaal, wat de seksuele bevrediging kan verbeteren.<\/p>\n<h3>Verkleining van de clitorale bonnet<\/h3>\n<p>Deze ingreep wordt vaak uitgevoerd in combinatie met een nymphoplastiek. Het vermindert overmatig plooien van het clitorale kapje.<\/p>\n<p>Tijdens een labiaplastie (verkleining van de kleine schaamlippen) kunnen overtollige plooien een overmatige bolling veroorzaken. Het verkleinen van de clitoriskap helpt om de vrouwelijke genitali\u00ebn een evenwichtig uiterlijk te geven.<\/p>\n<h4>Procedure voor reductie van de clitoris bonnet<\/h4>\n<p>Deze operatie wordt meestal uitgevoerd tijdens een labiaplastiek, dus wordt dezelfde soort verdoving gebruikt.<\/p>\n<p>De plastisch chirurg voert een excisie uit in het verlengde van de labiaplastie. De hechting wordt meestal uitgevoerd met resorbeerbare hechtingen.<\/p>\n<h4>Resultaat van een clitorale bonnetverkleining<\/h4>\n<p>Wanneer een schaamlipcorrectie wordt gecombineerd met een verkleining van de clitoriskap, zien de geslachtsdelen van de pati\u00ebnt er evenwichtiger uit.\n<\/p><\/div>\n<\/div>\n<\/div>\n<\/section>\n<section>\n<div class=\"container bg-white\">\n<div class=\"row\">\n<div class=\"col-md-12\">\n<h3>Lipvergroting in Belgi\u00eb<\/h3>\n<p>Wanneer de grootte van de grote schaamlippen groter is dan normaal, veroorzaken ze vaak ongemak tijdens activiteiten zoals fietsen.<\/p>\n<p>Een labia majoraplasitia in Belgi\u00eb is een chirurgische ingreep om de buitenste schaamlippen met haartjes te verkleinen.<\/p>\n<h4>Procedure voor grote lipoplastie<\/h4>\n<p>De keuze van de verdoving (plaatselijk of algemeen) hangt af van de hoeveelheid weefsel die moet worden verwijderd.<\/p>\n<p>De plastisch chirurg verwijdert overtollig weefsel. In het geval van atrofie van vetweefsel wordt na liposuctie opnieuw autoloog vet ge\u00efnjecteerd. De hechting wordt meestal uitgevoerd met resorbeerbare hechtingen.<\/p>\n<h4>Na een grote lipoplastie<\/h4>\n<p>Postoperatieve voorschriften voor een labia majoraplastie zijn dezelfde als voor een labiaplastie.<\/p>\n<p>De resultaten:<\/p>\n<ul class=\"liste-page\">\n<li>Strakkere kleine schaamlippen.<\/li>\n<li>Verbetering van het hangende uiterlijk van de grote schaamlippen.<\/li>\n<\/ul>\n<p>Deze verschillende <a href=\"https:\/\/www.medespoir.be\/nl\/\">chirurgische procedures<\/a> zijn ontworpen om het natuurlijke, meer esthetische uiterlijk van de genitali\u00ebn van een vrouw te herstellen en brengen geen grote complicaties met zich mee.\n<\/div>\n<\/div>\n<\/div>\n<\/section>\n","protected":false},"excerpt":{"rendered":"<p>Cosmetische vaginale chirurgie in Belgi\u00eb omvat een aantal chirurgische ingrepen om het uiterlijk van de genitali\u00ebn van een vrouw te verbeteren. Sommige vrouwen beweren dat de grootte of vorm van hun vagina of uitwendige genitali\u00ebn hen of hun partners belemmert in het bereiken van volledige seksuele bevrediging, wat kan verklaren waarom de vraag naar vaginale [&hellip;]<\/p>\n","protected":false},"author":1,"featured_media":7782,"parent":0,"menu_order":0,"comment_status":"closed","ping_status":"closed","template":"","meta":{"footnotes":""},"class_list":["post-8638","page","type-page","status-publish","has-post-thumbnail","hentry"],"yoast_head":"<!-- This site is optimized with the Yoast SEO plugin v27.5 - https:\/\/yoast.com\/product\/yoast-seo-wordpress\/ -->\n<title>Intieme chirurgie vrouwen Belgi\u00eb: prijs vaginoplastie, labiaplastie, majoraplastie<\/title>\n<meta name=\"description\" content=\"Intieme genitale chirurgie Belgi\u00eb: De verschillende chirurgische ingrepen zijn bedoeld om het natuurlijke, meer esthetische uiterlijk van de genitali\u00ebn van een vrouw te herstellen en brengen geen grote complicaties met zich mee.\" \/>\n<meta name=\"robots\" content=\"index, follow, max-snippet:-1, max-image-preview:large, max-video-preview:-1\" \/>\n<link rel=\"canonical\" href=\"https:\/\/www.medespoir.be\/nl\/intieme-chirurgie-vrouwen-tunisie\/\" \/>\n<meta property=\"og:locale\" content=\"nl_NL\" \/>\n<meta property=\"og:type\" content=\"article\" \/>\n<meta property=\"og:title\" content=\"Intieme chirurgie vrouwen Belgi\u00eb: prijs vaginoplastie, labiaplastie, majoraplastie\" \/>\n<meta property=\"og:description\" content=\"Intieme genitale chirurgie Belgi\u00eb: De verschillende chirurgische ingrepen zijn bedoeld om het natuurlijke, meer esthetische uiterlijk van de genitali\u00ebn van een vrouw te herstellen en brengen geen grote complicaties met zich mee.\" \/>\n<meta property=\"og:url\" content=\"https:\/\/www.medespoir.be\/nl\/intieme-chirurgie-vrouwen-tunisie\/\" \/>\n<meta property=\"og:site_name\" content=\"Chirurgie esthetique Belgique\" \/>\n<meta property=\"article:modified_time\" content=\"2023-06-26T13:12:14+00:00\" \/>\n<meta property=\"og:image\" content=\"https:\/\/www.medespoir.be\/wp-content\/uploads\/2021\/12\/header_intimes-femmes.jpg\" \/>\n\t<meta property=\"og:image:width\" content=\"1925\" \/>\n\t<meta property=\"og:image:height\" content=\"451\" \/>\n\t<meta property=\"og:image:type\" content=\"image\/jpeg\" \/>\n<meta name=\"twitter:card\" content=\"summary_large_image\" \/>\n<meta name=\"twitter:label1\" content=\"Geschatte leestijd\" \/>\n\t<meta name=\"twitter:data1\" content=\"6 minuten\" \/>\n<script type=\"application\/ld+json\" class=\"yoast-schema-graph\">{\"@context\":\"https:\\\/\\\/schema.org\",\"@graph\":[{\"@type\":\"WebPage\",\"@id\":\"https:\\\/\\\/www.medespoir.be\\\/nl\\\/intieme-chirurgie-vrouwen-tunisie\\\/\",\"url\":\"https:\\\/\\\/www.medespoir.be\\\/nl\\\/intieme-chirurgie-vrouwen-tunisie\\\/\",\"name\":\"Intieme chirurgie vrouwen Belgi\u00eb: prijs vaginoplastie, labiaplastie, majoraplastie\",\"isPartOf\":{\"@id\":\"https:\\\/\\\/www.medespoir.be\\\/#website\"},\"primaryImageOfPage\":{\"@id\":\"https:\\\/\\\/www.medespoir.be\\\/nl\\\/intieme-chirurgie-vrouwen-tunisie\\\/#primaryimage\"},\"image\":{\"@id\":\"https:\\\/\\\/www.medespoir.be\\\/nl\\\/intieme-chirurgie-vrouwen-tunisie\\\/#primaryimage\"},\"thumbnailUrl\":\"https:\\\/\\\/www.medespoir.be\\\/wp-content\\\/uploads\\\/2021\\\/12\\\/header_intimes-femmes.jpg\",\"datePublished\":\"2020-06-02T08:06:27+00:00\",\"dateModified\":\"2023-06-26T13:12:14+00:00\",\"description\":\"Intieme genitale chirurgie Belgi\u00eb: De verschillende chirurgische ingrepen zijn bedoeld om het natuurlijke, meer esthetische uiterlijk van de genitali\u00ebn van een vrouw te herstellen en brengen geen grote complicaties met zich mee.\",\"breadcrumb\":{\"@id\":\"https:\\\/\\\/www.medespoir.be\\\/nl\\\/intieme-chirurgie-vrouwen-tunisie\\\/#breadcrumb\"},\"inLanguage\":\"nl-NL\",\"potentialAction\":[{\"@type\":\"ReadAction\",\"target\":[\"https:\\\/\\\/www.medespoir.be\\\/nl\\\/intieme-chirurgie-vrouwen-tunisie\\\/\"]}]},{\"@type\":\"ImageObject\",\"inLanguage\":\"nl-NL\",\"@id\":\"https:\\\/\\\/www.medespoir.be\\\/nl\\\/intieme-chirurgie-vrouwen-tunisie\\\/#primaryimage\",\"url\":\"https:\\\/\\\/www.medespoir.be\\\/wp-content\\\/uploads\\\/2021\\\/12\\\/header_intimes-femmes.jpg\",\"contentUrl\":\"https:\\\/\\\/www.medespoir.be\\\/wp-content\\\/uploads\\\/2021\\\/12\\\/header_intimes-femmes.jpg\",\"width\":1925,\"height\":451},{\"@type\":\"BreadcrumbList\",\"@id\":\"https:\\\/\\\/www.medespoir.be\\\/nl\\\/intieme-chirurgie-vrouwen-tunisie\\\/#breadcrumb\",\"itemListElement\":[{\"@type\":\"ListItem\",\"position\":1,\"name\":\"Accueil\",\"item\":\"https:\\\/\\\/www.medespoir.be\\\/nl\\\/\"},{\"@type\":\"ListItem\",\"position\":2,\"name\":\"Intieme chirurgie vrouwen Belgi\u00eb: prijs vaginoplastie, labiaplastie, majoraplastie\"}]},{\"@type\":\"WebSite\",\"@id\":\"https:\\\/\\\/www.medespoir.be\\\/#website\",\"url\":\"https:\\\/\\\/www.medespoir.be\\\/\",\"name\":\"Chirurgie esthetique Belgique\",\"description\":\"\",\"publisher\":{\"@id\":\"https:\\\/\\\/www.medespoir.be\\\/#organization\"},\"potentialAction\":[{\"@type\":\"SearchAction\",\"target\":{\"@type\":\"EntryPoint\",\"urlTemplate\":\"https:\\\/\\\/www.medespoir.be\\\/?s={search_term_string}\"},\"query-input\":{\"@type\":\"PropertyValueSpecification\",\"valueRequired\":true,\"valueName\":\"search_term_string\"}}],\"inLanguage\":\"nl-NL\"},{\"@type\":\"Organization\",\"@id\":\"https:\\\/\\\/www.medespoir.be\\\/#organization\",\"name\":\"Medespoir Belgique\",\"url\":\"https:\\\/\\\/www.medespoir.be\\\/\",\"logo\":{\"@type\":\"ImageObject\",\"inLanguage\":\"nl-NL\",\"@id\":\"https:\\\/\\\/www.medespoir.be\\\/#\\\/schema\\\/logo\\\/image\\\/\",\"url\":\"https:\\\/\\\/www.medespoir.be\\\/wp-content\\\/uploads\\\/2018\\\/10\\\/lg-medespoir-be.jpg\",\"contentUrl\":\"https:\\\/\\\/www.medespoir.be\\\/wp-content\\\/uploads\\\/2018\\\/10\\\/lg-medespoir-be.jpg\",\"width\":242,\"height\":77,\"caption\":\"Medespoir Belgique\"},\"image\":{\"@id\":\"https:\\\/\\\/www.medespoir.be\\\/#\\\/schema\\\/logo\\\/image\\\/\"}}]}<\/script>\n<!-- \/ Yoast SEO plugin. -->","yoast_head_json":{"title":"Intieme chirurgie vrouwen Belgi\u00eb: prijs vaginoplastie, labiaplastie, majoraplastie","description":"Intieme genitale chirurgie Belgi\u00eb: De verschillende chirurgische ingrepen zijn bedoeld om het natuurlijke, meer esthetische uiterlijk van de genitali\u00ebn van een vrouw te herstellen en brengen geen grote complicaties met zich mee.","robots":{"index":"index","follow":"follow","max-snippet":"max-snippet:-1","max-image-preview":"max-image-preview:large","max-video-preview":"max-video-preview:-1"},"canonical":"https:\/\/www.medespoir.be\/nl\/intieme-chirurgie-vrouwen-tunisie\/","og_locale":"nl_NL","og_type":"article","og_title":"Intieme chirurgie vrouwen Belgi\u00eb: prijs vaginoplastie, labiaplastie, majoraplastie","og_description":"Intieme genitale chirurgie Belgi\u00eb: De verschillende chirurgische ingrepen zijn bedoeld om het natuurlijke, meer esthetische uiterlijk van de genitali\u00ebn van een vrouw te herstellen en brengen geen grote complicaties met zich mee.","og_url":"https:\/\/www.medespoir.be\/nl\/intieme-chirurgie-vrouwen-tunisie\/","og_site_name":"Chirurgie esthetique Belgique","article_modified_time":"2023-06-26T13:12:14+00:00","og_image":[{"width":1925,"height":451,"url":"https:\/\/www.medespoir.be\/wp-content\/uploads\/2021\/12\/header_intimes-femmes.jpg","type":"image\/jpeg"}],"twitter_card":"summary_large_image","twitter_misc":{"Geschatte leestijd":"6 minuten"},"schema":{"@context":"https:\/\/schema.org","@graph":[{"@type":"WebPage","@id":"https:\/\/www.medespoir.be\/nl\/intieme-chirurgie-vrouwen-tunisie\/","url":"https:\/\/www.medespoir.be\/nl\/intieme-chirurgie-vrouwen-tunisie\/","name":"Intieme chirurgie vrouwen Belgi\u00eb: prijs vaginoplastie, labiaplastie, majoraplastie","isPartOf":{"@id":"https:\/\/www.medespoir.be\/#website"},"primaryImageOfPage":{"@id":"https:\/\/www.medespoir.be\/nl\/intieme-chirurgie-vrouwen-tunisie\/#primaryimage"},"image":{"@id":"https:\/\/www.medespoir.be\/nl\/intieme-chirurgie-vrouwen-tunisie\/#primaryimage"},"thumbnailUrl":"https:\/\/www.medespoir.be\/wp-content\/uploads\/2021\/12\/header_intimes-femmes.jpg","datePublished":"2020-06-02T08:06:27+00:00","dateModified":"2023-06-26T13:12:14+00:00","description":"Intieme genitale chirurgie Belgi\u00eb: De verschillende chirurgische ingrepen zijn bedoeld om het natuurlijke, meer esthetische uiterlijk van de genitali\u00ebn van een vrouw te herstellen en brengen geen grote complicaties met zich mee.","breadcrumb":{"@id":"https:\/\/www.medespoir.be\/nl\/intieme-chirurgie-vrouwen-tunisie\/#breadcrumb"},"inLanguage":"nl-NL","potentialAction":[{"@type":"ReadAction","target":["https:\/\/www.medespoir.be\/nl\/intieme-chirurgie-vrouwen-tunisie\/"]}]},{"@type":"ImageObject","inLanguage":"nl-NL","@id":"https:\/\/www.medespoir.be\/nl\/intieme-chirurgie-vrouwen-tunisie\/#primaryimage","url":"https:\/\/www.medespoir.be\/wp-content\/uploads\/2021\/12\/header_intimes-femmes.jpg","contentUrl":"https:\/\/www.medespoir.be\/wp-content\/uploads\/2021\/12\/header_intimes-femmes.jpg","width":1925,"height":451},{"@type":"BreadcrumbList","@id":"https:\/\/www.medespoir.be\/nl\/intieme-chirurgie-vrouwen-tunisie\/#breadcrumb","itemListElement":[{"@type":"ListItem","position":1,"name":"Accueil","item":"https:\/\/www.medespoir.be\/nl\/"},{"@type":"ListItem","position":2,"name":"Intieme chirurgie vrouwen Belgi\u00eb: prijs vaginoplastie, labiaplastie, majoraplastie"}]},{"@type":"WebSite","@id":"https:\/\/www.medespoir.be\/#website","url":"https:\/\/www.medespoir.be\/","name":"Chirurgie esthetique Belgique","description":"","publisher":{"@id":"https:\/\/www.medespoir.be\/#organization"},"potentialAction":[{"@type":"SearchAction","target":{"@type":"EntryPoint","urlTemplate":"https:\/\/www.medespoir.be\/?s={search_term_string}"},"query-input":{"@type":"PropertyValueSpecification","valueRequired":true,"valueName":"search_term_string"}}],"inLanguage":"nl-NL"},{"@type":"Organization","@id":"https:\/\/www.medespoir.be\/#organization","name":"Medespoir Belgique","url":"https:\/\/www.medespoir.be\/","logo":{"@type":"ImageObject","inLanguage":"nl-NL","@id":"https:\/\/www.medespoir.be\/#\/schema\/logo\/image\/","url":"https:\/\/www.medespoir.be\/wp-content\/uploads\/2018\/10\/lg-medespoir-be.jpg","contentUrl":"https:\/\/www.medespoir.be\/wp-content\/uploads\/2018\/10\/lg-medespoir-be.jpg","width":242,"height":77,"caption":"Medespoir Belgique"},"image":{"@id":"https:\/\/www.medespoir.be\/#\/schema\/logo\/image\/"}}]}},"_links":{"self":[{"href":"https:\/\/www.medespoir.be\/nl\/wp-json\/wp\/v2\/pages\/8638","targetHints":{"allow":["GET"]}}],"collection":[{"href":"https:\/\/www.medespoir.be\/nl\/wp-json\/wp\/v2\/pages"}],"about":[{"href":"https:\/\/www.medespoir.be\/nl\/wp-json\/wp\/v2\/types\/page"}],"author":[{"embeddable":true,"href":"https:\/\/www.medespoir.be\/nl\/wp-json\/wp\/v2\/users\/1"}],"replies":[{"embeddable":true,"href":"https:\/\/www.medespoir.be\/nl\/wp-json\/wp\/v2\/comments?post=8638"}],"version-history":[{"count":3,"href":"https:\/\/www.medespoir.be\/nl\/wp-json\/wp\/v2\/pages\/8638\/revisions"}],"predecessor-version":[{"id":8641,"href":"https:\/\/www.medespoir.be\/nl\/wp-json\/wp\/v2\/pages\/8638\/revisions\/8641"}],"wp:featuredmedia":[{"embeddable":true,"href":"https:\/\/www.medespoir.be\/nl\/wp-json\/wp\/v2\/media\/7782"}],"wp:attachment":[{"href":"https:\/\/www.medespoir.be\/nl\/wp-json\/wp\/v2\/media?parent=8638"}],"curies":[{"name":"wp","href":"https:\/\/api.w.org\/{rel}","templated":true}]}}