{"id":8687,"date":"2018-10-24T12:40:14","date_gmt":"2018-10-24T10:40:14","guid":{"rendered":"https:\/\/www.medespoir.be\/laserontharing-belgie-ongewenst-haar-verwijderen-met-lasers\/"},"modified":"2023-06-26T15:35:50","modified_gmt":"2023-06-26T13:35:50","slug":"laserontharing","status":"publish","type":"page","link":"https:\/\/www.medespoir.be\/nl\/laserontharing\/","title":{"rendered":"Laserontharing Belgi\u00eb : Ongewenst haar verwijderen met lasers"},"content":{"rendered":"\t\t<div data-elementor-type=\"wp-page\" data-elementor-id=\"8687\" class=\"elementor elementor-8687\">\n\t\t\t\t\t\t<section class=\"elementor-section elementor-top-section elementor-element elementor-element-2235c82 elementor-section-boxed elementor-section-height-default elementor-section-height-default\" data-id=\"2235c82\" data-element_type=\"section\" data-e-type=\"section\">\n\t\t\t\t\t\t<div class=\"elementor-container elementor-column-gap-default\">\n\t\t\t\t\t<div class=\"elementor-column elementor-col-66 elementor-top-column elementor-element elementor-element-907a484\" data-id=\"907a484\" data-element_type=\"column\" data-e-type=\"column\">\n\t\t\t<div class=\"elementor-widget-wrap elementor-element-populated\">\n\t\t\t\t\t\t<div class=\"elementor-element elementor-element-386c1e7 elementor-widget elementor-widget-text-editor\" data-id=\"386c1e7\" data-element_type=\"widget\" data-e-type=\"widget\" data-widget_type=\"text-editor.default\">\n\t\t\t\t<div class=\"elementor-widget-container\">\n\t\t\t\t\t\t\t\t\tHet haar is onaangenaam. Hoewel er verschillende manieren zijn om ze te laten verdwijnen, biedt<strong>laserontharing in Belgi\u00eb<\/strong> de beste resultaten. De behandeling moet worden uitgevoerd door een dermatoloog of esthetische arts. Hier volgt een overzicht van deze revolutionaire esthetische procedure\n\n\t\t\t\t\t\t\t\t<\/div>\n\t\t\t\t<\/div>\n\t\t\t\t<div class=\"elementor-element elementor-element-18355ef elementor-widget elementor-widget-text-editor\" data-id=\"18355ef\" data-element_type=\"widget\" data-e-type=\"widget\" data-widget_type=\"text-editor.default\">\n\t\t\t\t<div class=\"elementor-widget-container\">\n\t\t\t\t\t\t\t\t\t<h2>Waarom laserontharing?<\/h2>\nLaserontharing geeft veel betere resultaten dan elektrisch ontharen. Het kan grote gebieden zoals de benen behandelen zonder de huid te beschadigen.\n\nZo werkt de laser op haar: het apparaat dat de esthetische arts gebruikt, zendt een lichtstraal uit. Tegenover deze straal zijn de haren en hun bollen niet bestand en worden daarom ter plekke vernietigd.\n\nDeze behandeling wordt vooral toegepast bij vrouwen met een blanke huid en zwart haar. Laserontharing is echter niet geschikt voor vrouwen met een zwarte of donkere huid, of voor roodharigen en blondines.\n\nIn het eerste geval brengt de operatie een risico op depigmentatie met zich mee. In het tweede geval kunnen de laserstralen niet worden geabsorbeerd door lichtgekleurd haar.\t\t\t\t\t\t\t\t<\/div>\n\t\t\t\t<\/div>\n\t\t\t\t\t<\/div>\n\t\t<\/div>\n\t\t\t\t<div class=\"elementor-column elementor-col-33 elementor-top-column elementor-element elementor-element-e9549eb\" data-id=\"e9549eb\" data-element_type=\"column\" data-e-type=\"column\">\n\t\t\t<div class=\"elementor-widget-wrap elementor-element-populated\">\n\t\t\t\t\t\t<div class=\"elementor-element elementor-element-1579618 elementor-widget elementor-widget-text-editor\" data-id=\"1579618\" data-element_type=\"widget\" data-e-type=\"widget\" data-widget_type=\"text-editor.default\">\n\t\t\t\t<div class=\"elementor-widget-container\">\n\t\t\t\t\t\t\t\t\t<div align=\"center\"><img fetchpriority=\"high\" decoding=\"async\" class=\"aligncenter wp-image-1184 size-full\" src=\"https:\/\/www.medespoir.be\/wp-content\/uploads\/2018\/10\/epilation-laser.jpg\" alt=\"laser ontharing tunesi\u00eb\" width=\"400\" height=\"267\" srcset=\"https:\/\/www.medespoir.be\/wp-content\/uploads\/2018\/10\/epilation-laser.jpg 400w, https:\/\/www.medespoir.be\/wp-content\/uploads\/2018\/10\/epilation-laser-300x200.jpg 300w\" sizes=\"(max-width: 400px) 100vw, 400px\" \/><\/div>\n\t\t\t\t\t\t\t\t<\/div>\n\t\t\t\t<\/div>\n\t\t\t\t\t<\/div>\n\t\t<\/div>\n\t\t\t\t\t<\/div>\n\t\t<\/section>\n\t\t\t\t<section class=\"elementor-section elementor-top-section elementor-element elementor-element-e604a41 elementor-section-full_width elementor-section-height-default elementor-section-height-default\" data-id=\"e604a41\" data-element_type=\"section\" data-e-type=\"section\">\n\t\t\t\t\t\t<div class=\"elementor-container elementor-column-gap-no\">\n\t\t\t\t\t<div class=\"elementor-column elementor-col-100 elementor-top-column elementor-element elementor-element-d40931e\" data-id=\"d40931e\" data-element_type=\"column\" data-e-type=\"column\">\n\t\t\t<div class=\"elementor-widget-wrap elementor-element-populated\">\n\t\t\t\t\t\t<div class=\"elementor-element elementor-element-16bda24 elementor-widget elementor-widget-text-editor\" data-id=\"16bda24\" data-element_type=\"widget\" data-e-type=\"widget\" data-widget_type=\"text-editor.default\">\n\t\t\t\t<div class=\"elementor-widget-container\">\n\t\t\t\t\t\t\t\t\t<style>\r\nhtml body a.whatsapp-button {\r\n    display: inline-block;\r\n    background-color: #25D366;\r\n    font-size: 16px;\r\n    font-weight: bold;\r\n    padding: 12px 20px;\r\n    text-align: center;\r\n    text-decoration: none;\r\n    border-radius: 5px;\r\n    box-shadow: 0 4px 6px rgba(0, 0, 0, 0.1);\r\n    transition: background-color 0.3s ease, transform 0.2s ease;\r\n    color: white!important;\r\n}\r\n\r\n.whatsapp-button:hover {\r\n    background-color: #1EBE54;\r\n    transform: translateY(-2px);\r\n}\r\n\r\n.whatsapp-button:active {\r\n    transform: translateY(0);\r\n}\r\n\r\n.align_center {\r\n    display: block;\r\n    text-align: center;\r\n    padding: 30px 0px;\r\n}\r\n\r\n<\/style>\r\n<section >\r\n<div class=\"container\">\r\n<div class=\"row\">\r\n<div class=\"col-md-12\" align=\"center\">\r\n<div class=\"align_center\">\r\n                <a href=\"https:\/\/api.whatsapp.com\/send?phone=+33635235712&#038;&#038;text=Hallo,%20ik%20wil%20graag%20meer%20weten%20over%20je%20werk%20en%20je%20prijzen%20!\"\r\n                    class=\"whatsapp-button\" target=\"_blank\">\r\n                    Klik hier voor een gratis Whatsapp offerte\r\n                <\/a>\r\n<\/div>\r\n<\/div>\r\n<\/div>\r\n<\/div>\r\n<\/section>\t\t\t\t\t\t\t\t<\/div>\n\t\t\t\t<\/div>\n\t\t\t\t\t<\/div>\n\t\t<\/div>\n\t\t\t\t\t<\/div>\n\t\t<\/section>\n\t\t\t\t<section class=\"elementor-section elementor-top-section elementor-element elementor-element-2e94ec82 elementor-section-boxed elementor-section-height-default elementor-section-height-default\" data-id=\"2e94ec82\" data-element_type=\"section\" data-e-type=\"section\">\n\t\t\t\t\t\t<div class=\"elementor-container elementor-column-gap-default\">\n\t\t\t\t\t<div class=\"elementor-column elementor-col-100 elementor-top-column elementor-element elementor-element-777c7ad4\" data-id=\"777c7ad4\" data-element_type=\"column\" data-e-type=\"column\">\n\t\t\t<div class=\"elementor-widget-wrap elementor-element-populated\">\n\t\t\t\t\t\t<div class=\"elementor-element elementor-element-29c0f252 elementor-widget elementor-widget-text-editor\" data-id=\"29c0f252\" data-element_type=\"widget\" data-e-type=\"widget\" data-widget_type=\"text-editor.default\">\n\t\t\t\t<div class=\"elementor-widget-container\">\n\t\t\t\t\t\t\t\t\t\n<h2>Laserontharing in Belgi\u00eb: is \u00e9\u00e9n sessie genoeg?<\/h2>\nNee. Het leven van een haar bestaat uit drie fasen: het groeit, het groeit en dan sterft het. Haren hebben echter niet dezelfde levenscyclus. Een eerste laserontharingssessie verwijdert het haar in de laatste fase.\n<div align=\"center\"><img decoding=\"async\" class=\"aligncenter wp-image-1185 size-full\" src=\"https:\/\/www.medespoir.be\/wp-content\/uploads\/2018\/10\/epilation-definitive-laser.jpg\" alt=\"laser ontharing tunesi\u00eb\" width=\"400\" height=\"228\" srcset=\"https:\/\/www.medespoir.be\/wp-content\/uploads\/2018\/10\/epilation-definitive-laser.jpg 400w, https:\/\/www.medespoir.be\/wp-content\/uploads\/2018\/10\/epilation-definitive-laser-300x171.jpg 300w\" sizes=\"(max-width: 400px) 100vw, 400px\" \/><\/div>\nJe moet wachten tot de anderen teruggroeien voordat je ze kunt vernietigen. <a href=\"https:\/\/www.medespoir.be\/nl\/laserbehandeling\/\">De laserbehandeling<\/a> moet verschillende keren herhaald worden. De sessies moeten 02 maanden uit elkaar plaatsvinden.\n\nVoor het ontharen van deze gebieden &#8211; benen, oksels en bikinilijn &#8211; zijn meestal tussen de 03 en 05 sessies nodig. In het geval van de snor zijn de haren in dit gebied moeilijker te verwijderen omdat ze fijner zijn en sneller groeien.\n\nDaarom zijn er tussen de 05 en 10 sessies nodig om ze effectief te elimineren.\n\nLaserontharing veroorzaakt een gematigde pijn, vergelijkbaar met de pijn die je ervaart tijdens het harsen.\n<h2>Is het resultaat definitief?<\/h2>\nHet resultaat is indrukwekkend. De pati\u00ebnt heeft geruime tijd profijt van de effecten van de behandeling. Het is echter belangrijk om te weten dat laserontharing niet permanent is.\n\nAls de operatie erin slaagt om bijna al het haar te verwijderen, betekent dit niet dat andere haren nooit meer terug zullen groeien. Het is belangrijk om te onthouden dat wanneer de menopauze nadert, er een hormonale onbalans ontstaat die een directe invloed kan hebben op de haargroei.\n<h2>Contra-indicaties<\/h2>\nHet is aan te raden om jezelf niet bloot te stellen aan UV-stralen na laserontharing. Anders zal de huid er waarschijnlijk anders uitzien en kunnen er bruine vlekken verschijnen &#8211; dit staat bekend als depigmentatie. Je moet dus een maand wachten voordat je van de zon kunt genieten.\n\nAls je een gebruinde huid hebt of een vakantie plant, stel de behandeling dan uit. Bovendien wordt laserontharing niet aanbevolen voor vrouwen die fotosensibiliserende behandelingen ondergaan.\t\t\t\t\t\t\t\t<\/div>\n\t\t\t\t<\/div>\n\t\t\t\t\t<\/div>\n\t\t<\/div>\n\t\t\t\t\t<\/div>\n\t\t<\/section>\n\t\t\t\t<section class=\"elementor-section elementor-top-section elementor-element elementor-element-8d99b4b elementor-section-boxed elementor-section-height-default elementor-section-height-default\" data-id=\"8d99b4b\" data-element_type=\"section\" data-e-type=\"section\">\n\t\t\t\t\t\t<div class=\"elementor-container elementor-column-gap-default\">\n\t\t\t\t\t<div class=\"elementor-column elementor-col-33 elementor-top-column elementor-element elementor-element-7a5d3e6\" data-id=\"7a5d3e6\" data-element_type=\"column\" data-e-type=\"column\">\n\t\t\t<div class=\"elementor-widget-wrap\">\n\t\t\t\t\t\t\t<\/div>\n\t\t<\/div>\n\t\t\t\t<div class=\"elementor-column elementor-col-33 elementor-top-column elementor-element elementor-element-15400dc\" data-id=\"15400dc\" data-element_type=\"column\" data-e-type=\"column\">\n\t\t\t<div class=\"elementor-widget-wrap elementor-element-populated\">\n\t\t\t\t\t\t<div class=\"elementor-element elementor-element-0f8348c elementor-widget elementor-widget-text-editor\" data-id=\"0f8348c\" data-element_type=\"widget\" data-e-type=\"widget\" data-widget_type=\"text-editor.default\">\n\t\t\t\t<div class=\"elementor-widget-container\">\n\t\t\t\t\t\t\t\t\t<div class=\"btn_interne\"><a class=\"btn__slider\" href=\"https:\/\/www.medespoir.be\/nl\/gratis-offerte\/\">&#8211; Schatting laserontharing Belgi\u00eb  <\/a><\/div>\n\t\t\t\t\t\t\t\t<\/div>\n\t\t\t\t<\/div>\n\t\t\t\t\t<\/div>\n\t\t<\/div>\n\t\t\t\t<div class=\"elementor-column elementor-col-33 elementor-top-column elementor-element elementor-element-69fd08e\" data-id=\"69fd08e\" data-element_type=\"column\" data-e-type=\"column\">\n\t\t\t<div class=\"elementor-widget-wrap\">\n\t\t\t\t\t\t\t<\/div>\n\t\t<\/div>\n\t\t\t\t\t<\/div>\n\t\t<\/section>\n\t\t\t\t<\/div>\n\t\t","protected":false},"excerpt":{"rendered":"<p>Het haar is onaangenaam. Hoewel er verschillende manieren zijn om ze te laten verdwijnen, biedtlaserontharing in Belgi\u00eb de beste resultaten. De behandeling moet worden uitgevoerd door een dermatoloog of esthetische arts. Hier volgt een overzicht van deze revolutionaire esthetische procedure Waarom laserontharing? Laserontharing geeft veel betere resultaten dan elektrisch ontharen. Het kan grote gebieden zoals [&hellip;]<\/p>\n","protected":false},"author":1,"featured_media":7724,"parent":0,"menu_order":0,"comment_status":"closed","ping_status":"closed","template":"","meta":{"footnotes":""},"class_list":["post-8687","page","type-page","status-publish","has-post-thumbnail","hentry"],"yoast_head":"<!-- This site is optimized with the Yoast SEO plugin v27.3 - https:\/\/yoast.com\/product\/yoast-seo-wordpress\/ -->\n<title>Laserontharing Belgi\u00eb : Ongewenst haar verwijderen met een laser<\/title>\n<meta name=\"description\" content=\"Laserontharing Belgi\u00eb: Herontdek een gladde huid met een laserbehandeling om ongewenst haar te verwijderen. Profiteer van een gereduceerde prijs voor laserontharing in Belgi\u00eb Medespoir.\" \/>\n<meta name=\"robots\" content=\"index, follow, max-snippet:-1, max-image-preview:large, max-video-preview:-1\" \/>\n<link rel=\"canonical\" href=\"https:\/\/www.medespoir.be\/nl\/laserontharing\/\" \/>\n<meta property=\"og:locale\" content=\"nl_NL\" \/>\n<meta property=\"og:type\" content=\"article\" \/>\n<meta property=\"og:title\" content=\"Laserontharing Belgi\u00eb : Ongewenst haar verwijderen met een laser\" \/>\n<meta property=\"og:description\" content=\"Laserontharing Belgi\u00eb: Herontdek een gladde huid met een laserbehandeling om ongewenst haar te verwijderen. Profiteer van een gereduceerde prijs voor laserontharing in Belgi\u00eb Medespoir.\" \/>\n<meta property=\"og:url\" content=\"https:\/\/www.medespoir.be\/nl\/laserontharing\/\" \/>\n<meta property=\"og:site_name\" content=\"Chirurgie esthetique Belgique\" \/>\n<meta property=\"article:modified_time\" content=\"2023-06-26T13:35:50+00:00\" \/>\n<meta property=\"og:image\" content=\"https:\/\/www.medespoir.be\/wp-content\/uploads\/2021\/11\/header_medecine-esthetique.jpg\" \/>\n\t<meta property=\"og:image:width\" content=\"1925\" \/>\n\t<meta property=\"og:image:height\" content=\"451\" \/>\n\t<meta property=\"og:image:type\" content=\"image\/jpeg\" \/>\n<meta name=\"twitter:card\" content=\"summary_large_image\" \/>\n<meta name=\"twitter:label1\" content=\"Geschatte leestijd\" \/>\n\t<meta name=\"twitter:data1\" content=\"3 minuten\" \/>\n<script type=\"application\/ld+json\" class=\"yoast-schema-graph\">{\"@context\":\"https:\\\/\\\/schema.org\",\"@graph\":[{\"@type\":\"WebPage\",\"@id\":\"https:\\\/\\\/www.medespoir.be\\\/nl\\\/laserontharing\\\/\",\"url\":\"https:\\\/\\\/www.medespoir.be\\\/nl\\\/laserontharing\\\/\",\"name\":\"Laserontharing Belgi\u00eb : Ongewenst haar verwijderen met een laser\",\"isPartOf\":{\"@id\":\"https:\\\/\\\/www.medespoir.be\\\/#website\"},\"primaryImageOfPage\":{\"@id\":\"https:\\\/\\\/www.medespoir.be\\\/nl\\\/laserontharing\\\/#primaryimage\"},\"image\":{\"@id\":\"https:\\\/\\\/www.medespoir.be\\\/nl\\\/laserontharing\\\/#primaryimage\"},\"thumbnailUrl\":\"https:\\\/\\\/www.medespoir.be\\\/wp-content\\\/uploads\\\/2021\\\/11\\\/header_medecine-esthetique.jpg\",\"datePublished\":\"2018-10-24T10:40:14+00:00\",\"dateModified\":\"2023-06-26T13:35:50+00:00\",\"description\":\"Laserontharing Belgi\u00eb: Herontdek een gladde huid met een laserbehandeling om ongewenst haar te verwijderen. Profiteer van een gereduceerde prijs voor laserontharing in Belgi\u00eb Medespoir.\",\"breadcrumb\":{\"@id\":\"https:\\\/\\\/www.medespoir.be\\\/nl\\\/laserontharing\\\/#breadcrumb\"},\"inLanguage\":\"nl-NL\",\"potentialAction\":[{\"@type\":\"ReadAction\",\"target\":[\"https:\\\/\\\/www.medespoir.be\\\/nl\\\/laserontharing\\\/\"]}]},{\"@type\":\"ImageObject\",\"inLanguage\":\"nl-NL\",\"@id\":\"https:\\\/\\\/www.medespoir.be\\\/nl\\\/laserontharing\\\/#primaryimage\",\"url\":\"https:\\\/\\\/www.medespoir.be\\\/wp-content\\\/uploads\\\/2021\\\/11\\\/header_medecine-esthetique.jpg\",\"contentUrl\":\"https:\\\/\\\/www.medespoir.be\\\/wp-content\\\/uploads\\\/2021\\\/11\\\/header_medecine-esthetique.jpg\",\"width\":1925,\"height\":451},{\"@type\":\"BreadcrumbList\",\"@id\":\"https:\\\/\\\/www.medespoir.be\\\/nl\\\/laserontharing\\\/#breadcrumb\",\"itemListElement\":[{\"@type\":\"ListItem\",\"position\":1,\"name\":\"Accueil\",\"item\":\"https:\\\/\\\/www.medespoir.be\\\/nl\\\/\"},{\"@type\":\"ListItem\",\"position\":2,\"name\":\"Laserontharing Belgi\u00eb : Ongewenst haar verwijderen met lasers\"}]},{\"@type\":\"WebSite\",\"@id\":\"https:\\\/\\\/www.medespoir.be\\\/#website\",\"url\":\"https:\\\/\\\/www.medespoir.be\\\/\",\"name\":\"Chirurgie esthetique Belgique\",\"description\":\"\",\"publisher\":{\"@id\":\"https:\\\/\\\/www.medespoir.be\\\/#organization\"},\"potentialAction\":[{\"@type\":\"SearchAction\",\"target\":{\"@type\":\"EntryPoint\",\"urlTemplate\":\"https:\\\/\\\/www.medespoir.be\\\/?s={search_term_string}\"},\"query-input\":{\"@type\":\"PropertyValueSpecification\",\"valueRequired\":true,\"valueName\":\"search_term_string\"}}],\"inLanguage\":\"nl-NL\"},{\"@type\":\"Organization\",\"@id\":\"https:\\\/\\\/www.medespoir.be\\\/#organization\",\"name\":\"Medespoir Belgique\",\"url\":\"https:\\\/\\\/www.medespoir.be\\\/\",\"logo\":{\"@type\":\"ImageObject\",\"inLanguage\":\"nl-NL\",\"@id\":\"https:\\\/\\\/www.medespoir.be\\\/#\\\/schema\\\/logo\\\/image\\\/\",\"url\":\"https:\\\/\\\/www.medespoir.be\\\/wp-content\\\/uploads\\\/2018\\\/10\\\/lg-medespoir-be.jpg\",\"contentUrl\":\"https:\\\/\\\/www.medespoir.be\\\/wp-content\\\/uploads\\\/2018\\\/10\\\/lg-medespoir-be.jpg\",\"width\":242,\"height\":77,\"caption\":\"Medespoir Belgique\"},\"image\":{\"@id\":\"https:\\\/\\\/www.medespoir.be\\\/#\\\/schema\\\/logo\\\/image\\\/\"}}]}<\/script>\n<!-- \/ Yoast SEO plugin. -->","yoast_head_json":{"title":"Laserontharing Belgi\u00eb : Ongewenst haar verwijderen met een laser","description":"Laserontharing Belgi\u00eb: Herontdek een gladde huid met een laserbehandeling om ongewenst haar te verwijderen. Profiteer van een gereduceerde prijs voor laserontharing in Belgi\u00eb Medespoir.","robots":{"index":"index","follow":"follow","max-snippet":"max-snippet:-1","max-image-preview":"max-image-preview:large","max-video-preview":"max-video-preview:-1"},"canonical":"https:\/\/www.medespoir.be\/nl\/laserontharing\/","og_locale":"nl_NL","og_type":"article","og_title":"Laserontharing Belgi\u00eb : Ongewenst haar verwijderen met een laser","og_description":"Laserontharing Belgi\u00eb: Herontdek een gladde huid met een laserbehandeling om ongewenst haar te verwijderen. Profiteer van een gereduceerde prijs voor laserontharing in Belgi\u00eb Medespoir.","og_url":"https:\/\/www.medespoir.be\/nl\/laserontharing\/","og_site_name":"Chirurgie esthetique Belgique","article_modified_time":"2023-06-26T13:35:50+00:00","og_image":[{"width":1925,"height":451,"url":"https:\/\/www.medespoir.be\/wp-content\/uploads\/2021\/11\/header_medecine-esthetique.jpg","type":"image\/jpeg"}],"twitter_card":"summary_large_image","twitter_misc":{"Geschatte leestijd":"3 minuten"},"schema":{"@context":"https:\/\/schema.org","@graph":[{"@type":"WebPage","@id":"https:\/\/www.medespoir.be\/nl\/laserontharing\/","url":"https:\/\/www.medespoir.be\/nl\/laserontharing\/","name":"Laserontharing Belgi\u00eb : Ongewenst haar verwijderen met een laser","isPartOf":{"@id":"https:\/\/www.medespoir.be\/#website"},"primaryImageOfPage":{"@id":"https:\/\/www.medespoir.be\/nl\/laserontharing\/#primaryimage"},"image":{"@id":"https:\/\/www.medespoir.be\/nl\/laserontharing\/#primaryimage"},"thumbnailUrl":"https:\/\/www.medespoir.be\/wp-content\/uploads\/2021\/11\/header_medecine-esthetique.jpg","datePublished":"2018-10-24T10:40:14+00:00","dateModified":"2023-06-26T13:35:50+00:00","description":"Laserontharing Belgi\u00eb: Herontdek een gladde huid met een laserbehandeling om ongewenst haar te verwijderen. Profiteer van een gereduceerde prijs voor laserontharing in Belgi\u00eb Medespoir.","breadcrumb":{"@id":"https:\/\/www.medespoir.be\/nl\/laserontharing\/#breadcrumb"},"inLanguage":"nl-NL","potentialAction":[{"@type":"ReadAction","target":["https:\/\/www.medespoir.be\/nl\/laserontharing\/"]}]},{"@type":"ImageObject","inLanguage":"nl-NL","@id":"https:\/\/www.medespoir.be\/nl\/laserontharing\/#primaryimage","url":"https:\/\/www.medespoir.be\/wp-content\/uploads\/2021\/11\/header_medecine-esthetique.jpg","contentUrl":"https:\/\/www.medespoir.be\/wp-content\/uploads\/2021\/11\/header_medecine-esthetique.jpg","width":1925,"height":451},{"@type":"BreadcrumbList","@id":"https:\/\/www.medespoir.be\/nl\/laserontharing\/#breadcrumb","itemListElement":[{"@type":"ListItem","position":1,"name":"Accueil","item":"https:\/\/www.medespoir.be\/nl\/"},{"@type":"ListItem","position":2,"name":"Laserontharing Belgi\u00eb : Ongewenst haar verwijderen met lasers"}]},{"@type":"WebSite","@id":"https:\/\/www.medespoir.be\/#website","url":"https:\/\/www.medespoir.be\/","name":"Chirurgie esthetique Belgique","description":"","publisher":{"@id":"https:\/\/www.medespoir.be\/#organization"},"potentialAction":[{"@type":"SearchAction","target":{"@type":"EntryPoint","urlTemplate":"https:\/\/www.medespoir.be\/?s={search_term_string}"},"query-input":{"@type":"PropertyValueSpecification","valueRequired":true,"valueName":"search_term_string"}}],"inLanguage":"nl-NL"},{"@type":"Organization","@id":"https:\/\/www.medespoir.be\/#organization","name":"Medespoir Belgique","url":"https:\/\/www.medespoir.be\/","logo":{"@type":"ImageObject","inLanguage":"nl-NL","@id":"https:\/\/www.medespoir.be\/#\/schema\/logo\/image\/","url":"https:\/\/www.medespoir.be\/wp-content\/uploads\/2018\/10\/lg-medespoir-be.jpg","contentUrl":"https:\/\/www.medespoir.be\/wp-content\/uploads\/2018\/10\/lg-medespoir-be.jpg","width":242,"height":77,"caption":"Medespoir Belgique"},"image":{"@id":"https:\/\/www.medespoir.be\/#\/schema\/logo\/image\/"}}]}},"_links":{"self":[{"href":"https:\/\/www.medespoir.be\/nl\/wp-json\/wp\/v2\/pages\/8687","targetHints":{"allow":["GET"]}}],"collection":[{"href":"https:\/\/www.medespoir.be\/nl\/wp-json\/wp\/v2\/pages"}],"about":[{"href":"https:\/\/www.medespoir.be\/nl\/wp-json\/wp\/v2\/types\/page"}],"author":[{"embeddable":true,"href":"https:\/\/www.medespoir.be\/nl\/wp-json\/wp\/v2\/users\/1"}],"replies":[{"embeddable":true,"href":"https:\/\/www.medespoir.be\/nl\/wp-json\/wp\/v2\/comments?post=8687"}],"version-history":[{"count":8,"href":"https:\/\/www.medespoir.be\/nl\/wp-json\/wp\/v2\/pages\/8687\/revisions"}],"predecessor-version":[{"id":8721,"href":"https:\/\/www.medespoir.be\/nl\/wp-json\/wp\/v2\/pages\/8687\/revisions\/8721"}],"wp:featuredmedia":[{"embeddable":true,"href":"https:\/\/www.medespoir.be\/nl\/wp-json\/wp\/v2\/media\/7724"}],"wp:attachment":[{"href":"https:\/\/www.medespoir.be\/nl\/wp-json\/wp\/v2\/media?parent=8687"}],"curies":[{"name":"wp","href":"https:\/\/api.w.org\/{rel}","templated":true}]}}