{"id":8758,"date":"2021-01-26T13:41:39","date_gmt":"2021-01-26T12:41:39","guid":{"rendered":"https:\/\/www.medespoir.be\/thermage-niet-chirurgische-huidverjongingsbehandeling\/"},"modified":"2023-06-26T16:30:42","modified_gmt":"2023-06-26T14:30:42","slug":"thermage-belgie","status":"publish","type":"page","link":"https:\/\/www.medespoir.be\/nl\/thermage-belgie\/","title":{"rendered":"Thermage: niet-chirurgische huidverjongingsbehandeling"},"content":{"rendered":"\t\t<div data-elementor-type=\"wp-page\" data-elementor-id=\"8758\" class=\"elementor elementor-8758\">\n\t\t\t\t\t\t<section class=\"elementor-section elementor-top-section elementor-element elementor-element-c54e47 elementor-section-boxed elementor-section-height-default elementor-section-height-default\" data-id=\"c54e47\" data-element_type=\"section\" data-e-type=\"section\">\n\t\t\t\t\t\t<div class=\"elementor-container elementor-column-gap-default\">\n\t\t\t\t\t<div class=\"elementor-column elementor-col-100 elementor-top-column elementor-element elementor-element-535b60a1\" data-id=\"535b60a1\" data-element_type=\"column\" data-e-type=\"column\">\n\t\t\t<div class=\"elementor-widget-wrap elementor-element-populated\">\n\t\t\t\t\t\t<div class=\"elementor-element elementor-element-45881d9a elementor-widget elementor-widget-text-editor\" data-id=\"45881d9a\" data-element_type=\"widget\" data-e-type=\"widget\" data-widget_type=\"text-editor.default\">\n\t\t\t\t<div class=\"elementor-widget-container\">\n\t\t\t\t\t\t\t\t\tDe meest gestelde vragen over de Thermage techniek voor het herstellen van de huid van het gezicht en lichaam, zonder operatie en met vrijwel onmiddellijk resultaat!\n\t\t\t\t\t\t\t\t<\/div>\n\t\t\t\t<\/div>\n\t\t\t\t<div class=\"elementor-element elementor-element-f7ae2e7 elementor-widget elementor-widget-text-editor\" data-id=\"f7ae2e7\" data-element_type=\"widget\" data-e-type=\"widget\" id=\"accordion_interne\" data-widget_type=\"text-editor.default\">\n\t\t\t\t<div class=\"elementor-widget-container\">\n\t\t\t\t\t\t\t\t\t<div id=\"accordion-1\" class=\"accordion\">\n    <div class=\"head active\"><i class=\"fas fa-angle-down arrow\"><\/i>\n        <h2>Wat houdt Thermage in?<\/h2>\n    <\/div>\n    <div class=\"content\" style=\"display: block;\">\n  Thermage is een veilige, niet-invasieve en klinisch bewezen esthetische behandeling op basis van radiofrequentie om de huid gladder, steviger en strakker te maken voor een jeugdiger uiterlijk. De behandeling geeft natuurlijk ogende resultaten met weinig of geen downtime op alle huidskleuren, op en naast het gezicht, en dat alles in \u00e9\u00e9n enkele sessie.\n\n    <\/div>\n<\/div>\n<div id=\"accordion-2\" class=\"accordion\">\n    <div class=\"head\"><i class=\"fas fa-angle-down arrow\"><\/i>\n        <h2>Welke delen van het lichaam worden behandeld met Thermage?<\/h2>\n\n    <\/div>\n    <div class=\"content\">\n  Thermage huidbehandelingen kunnen veilig en effectief werken op de huid van de meeste lichaamsdelen, waaronder het gezicht, de ogen, de lippen, de buik, de armen, de handen, de dijen en de billen. Thermage kan ook cellulitis tijdelijk verminderen.\n\n    <\/div>\n<\/div>\n<div id=\"accordion-3\" class=\"accordion\">\n    <div class=\"head\"><i class=\"fas fa-angle-down arrow\"><\/i>\n        <h2>Welke aandoeningen behandelt Thermage?<\/h2>\n\n    <\/div>\n    <div class=\"content\">\n  In het gezicht kan Thermage huidverslapping, losse wangen, gebrek aan definitie van de kaaklijn, verslapte huid in de hals, fijne lijntjes en rimpels en gebrek aan definitie van de lippen behandelen.\n        \n  Rondom de ogen kan Thermage wallen onder de ogen, kapjes, ruwe ooglidtextuur, fijne lijntjes en rimpels en andere factoren die bijdragen aan vermoeidheid van de ogen behandelen.\n        \n  Elders op het lichaam kan Thermage gerimpelde, verslapte of uitpuilende huid behandelen, evenals het uiterlijk van cellulitis.\n\n    <\/div>\n<\/div>\n<div id=\"accordion-4\" class=\"accordion\">\n    <div class=\"head\"><i class=\"fas fa-angle-down arrow\"><\/i>\n        <h2>Hoe ziet de Thermage-techniek eruit?<\/h2>\n\n    <\/div>\n    <div class=\"content\">\n  Telkens wanneer het behandelingsapparaat je huid aanraakt, voel je een korte verkoelende sensatie, gevolgd door een diepe maar korte opwarming, gevolgd door nog een verkoelende sensatie. Het gevoel van warmte is een teken dat de diepere lagen van je huid effectieve temperaturen bereiken om strakker te worden.\n\n    <\/div>\n<\/div>\n<div id=\"accordion-5\" class=\"accordion\">\n    <div class=\"head\"><i class=\"fas fa-angle-down arrow\"><\/i>\n        <h2>Hoeveel behandelingen heb ik nodig?<\/h2>\n\n    <\/div>\n    <div class=\"content\">\n  In tegenstelling tot veel laserbehandelingen die vier of meer sessies vereisen, biedt de Thermage-behandeling voor de meeste pati\u00ebnten resultaten in \u00e9\u00e9n enkele behandeling met huidverstrakking en -hervorming met weinig of geen downtime.\n    <\/div>\n<\/div>\n\t\t\t\t\t\t\t\t<\/div>\n\t\t\t\t<\/div>\n\t\t\t\t\t<\/div>\n\t\t<\/div>\n\t\t\t\t\t<\/div>\n\t\t<\/section>\n\t\t\t\t<section class=\"elementor-section elementor-top-section elementor-element elementor-element-cf1d08f elementor-section-full_width elementor-section-height-default elementor-section-height-default\" data-id=\"cf1d08f\" data-element_type=\"section\" data-e-type=\"section\">\n\t\t\t\t\t\t<div class=\"elementor-container elementor-column-gap-no\">\n\t\t\t\t\t<div class=\"elementor-column elementor-col-100 elementor-top-column elementor-element elementor-element-3a6935d\" data-id=\"3a6935d\" data-element_type=\"column\" data-e-type=\"column\">\n\t\t\t<div class=\"elementor-widget-wrap elementor-element-populated\">\n\t\t\t\t\t\t<div class=\"elementor-element elementor-element-7853af1 elementor-widget elementor-widget-text-editor\" data-id=\"7853af1\" data-element_type=\"widget\" data-e-type=\"widget\" data-widget_type=\"text-editor.default\">\n\t\t\t\t<div class=\"elementor-widget-container\">\n\t\t\t\t\t\t\t\t\t<style>\r\nhtml body a.whatsapp-button {\r\n    display: inline-block;\r\n    background-color: #25D366;\r\n    font-size: 16px;\r\n    font-weight: bold;\r\n    padding: 12px 20px;\r\n    text-align: center;\r\n    text-decoration: none;\r\n    border-radius: 5px;\r\n    box-shadow: 0 4px 6px rgba(0, 0, 0, 0.1);\r\n    transition: background-color 0.3s ease, transform 0.2s ease;\r\n    color: white!important;\r\n}\r\n\r\n.whatsapp-button:hover {\r\n    background-color: #1EBE54;\r\n    transform: translateY(-2px);\r\n}\r\n\r\n.whatsapp-button:active {\r\n    transform: translateY(0);\r\n}\r\n\r\n.align_center {\r\n    display: block;\r\n    text-align: center;\r\n    padding: 30px 0px;\r\n}\r\n\r\n<\/style>\r\n<section >\r\n<div class=\"container\">\r\n<div class=\"row\">\r\n<div class=\"col-md-12\" align=\"center\">\r\n<div class=\"align_center\">\r\n                <a href=\"https:\/\/api.whatsapp.com\/send?phone=+33635235712&#038;&#038;text=Hallo,%20ik%20wil%20graag%20meer%20weten%20over%20je%20werk%20en%20je%20prijzen%20!\"\r\n                    class=\"whatsapp-button\" target=\"_blank\">\r\n                    Klik hier voor een gratis Whatsapp offerte\r\n                <\/a>\r\n<\/div>\r\n<\/div>\r\n<\/div>\r\n<\/div>\r\n<\/section>\t\t\t\t\t\t\t\t<\/div>\n\t\t\t\t<\/div>\n\t\t\t\t\t<\/div>\n\t\t<\/div>\n\t\t\t\t\t<\/div>\n\t\t<\/section>\n\t\t\t\t<section class=\"elementor-section elementor-top-section elementor-element elementor-element-79ed7b7 elementor-section-boxed elementor-section-height-default elementor-section-height-default\" data-id=\"79ed7b7\" data-element_type=\"section\" data-e-type=\"section\">\n\t\t\t\t\t\t<div class=\"elementor-container elementor-column-gap-default\">\n\t\t\t\t\t<div class=\"elementor-column elementor-col-100 elementor-top-column elementor-element elementor-element-72d9c61\" data-id=\"72d9c61\" data-element_type=\"column\" data-e-type=\"column\">\n\t\t\t<div class=\"elementor-widget-wrap elementor-element-populated\">\n\t\t\t\t\t\t<div class=\"elementor-element elementor-element-8baabd0 elementor-widget elementor-widget-text-editor\" data-id=\"8baabd0\" data-element_type=\"widget\" data-e-type=\"widget\" id=\"accordion_interne\" data-widget_type=\"text-editor.default\">\n\t\t\t\t<div class=\"elementor-widget-container\">\n\t\t\t\t\t\t\t\t\t<div id=\"accordion-1\" class=\"accordion\">\n    <div class=\"head active\"><i class=\"fas fa-angle-down arrow\"><\/i>\n        <h2>Hoe lang duurt de behandeling?<\/h2>\n\n    <\/div>\n    <div class=\"content\" style=\"display: block;\">\n  Thermage behandelingen duren ongeveer 45 minuten voor het gezicht en tot anderhalf uur voor andere lichaamsdelen, afhankelijk van de grootte, locatie en conditie van het te behandelen gebied. Omdat Thermage een korte techniek en een unieke behandeling is, past het in je drukke levensstijl.\n\n    <\/div>\n<\/div>\n<div id=\"accordion-2\" class=\"accordion\">\n    <div class=\"head\"><i class=\"fas fa-angle-down arrow\"><\/i>\n        <h2>Is er een speciaal voorbereidings- of controleregime?<\/h2>\n\n\n    <\/div>\n    <div class=\"content\">\n  Nee. In tegenstelling tot <a href=\"https:\/\/www.medespoir.be\/nl\/\">cosmetische chirurgie<\/a> is er geen pre-operatieve voorbereiding zoals bloedtesten of vasten. En na de behandeling is er geen speciale verzorging nodig, behalve basisonderhoud van de huid en zonnebrandcr\u00e8mes als onderdeel van een regelmatig huidverzorgingsregime.\n        \n  De meeste pati\u00ebnten hervatten hun normale activiteiten onmiddellijk na de behandeling. Sommige pati\u00ebnten ervaren tijdelijke roodheid of lichte zwelling na de behandeling, maar dit verdwijnt meestal binnen 24 uur.\n\n\n    <\/div>\n<\/div>\n<div id=\"accordion-3\" class=\"accordion\">\n    <div class=\"head\"><i class=\"fas fa-angle-down arrow\"><\/i>\n        <h2>Hoe werkt de Thermage-behandeling in Belgi\u00eb?<\/h2>\n\n\n    <\/div>\n    <div class=\"content\">\n  Thermage gebruikt radiofrequentietechnologie om de diepe collageenrijke lagen van je huid te verwarmen. Warmte helpt het bestaande collageen aan te spannen en stimuleert de vorming van nieuw collageen, waardoor verslapping wordt verminderd, contouren worden vernieuwd en de zachtheid en textuur van het huidoppervlak worden verbeterd.\n\n\n    <\/div>\n<\/div>\n<div id=\"accordion-4\" class=\"accordion\">\n    <div class=\"head\"><i class=\"fas fa-angle-down arrow\"><\/i>\n        <h2>Waarin verschilt de Thermage-technologie van andere huidliftingbehandelingen?<\/h2>\n\n\n    <\/div>\n    <div class=\"content\">\n  In tegenstelling tot sommige andere technieken is er bij Thermage geen sprake van een operatie, geen injecties en weinig of geen downtime. Hoewel <a href=\"https:\/\/www.medespoir.be\/nl\/laserbehandeling\/\">laserbehandelingen<\/a> en andere radiofrequentieprocedures de huid ook strakker maken, is er geen andere behandeling die zo diep verwarmt als Thermage. Door de binnenste lagen van de huid te verwarmen, is Thermage het meest effectief in het strakker maken van collageen en het stimuleren van de vorming van nieuw collageen, wat resulteert in een stevigere huid en een algeheel jeugdiger uiterlijk.\n\n\n    <\/div>\n<\/div>\n<div id=\"accordion-5\" class=\"accordion\">\n    <div class=\"head\"><i class=\"fas fa-angle-down arrow\"><\/i>\n        <h2>Hoe verhouden de resultaten van Thermage zich tot die van andere behandelingen?<\/h2>\n       \n\n    <\/div>\n    <div class=\"content\">\n  Sommige mensen willen de spectaculaire resultaten van een operatie. Anderen willen de subtielere, geleidelijke resultaten van een niet-invasieve behandeling zonder downtime. Dit is waar Thermage in slaagt: het verbetert de teint, textuur en stevigheid van de huid.\n\n    <\/div>\n<\/div>\n<div id=\"accordion-6\" class=\"accordion\">\n    <div class=\"head\"><i class=\"fas fa-angle-down arrow\"><\/i>\n        <h2>Wanneer verschijnen de resultaten en hoe lang duren ze?<\/h2>\n    <div class=\"content\">\n  Zichtbare resultaten kunnen direct zichtbaar zijn, maar ze kunnen ook na verloop van tijd zichtbaar worden als onderdeel van het natuurlijke collageenherstelproces van je lichaam. Bij de meeste pati\u00ebnten treedt er binnen twee tot zes maanden na \u00e9\u00e9n behandelsessie een progressieve, meetbare verstrakking en vormgeving op. De resultaten kunnen jaren aanhouden, afhankelijk van de conditie van je huid en het verouderingsproces.\n    <\/div>\n<\/div>\n\n\t\t\t\t\t\t\t\t<\/div>\n\t\t\t\t<\/div>\n\t\t\t\t\t<\/div>\n\t\t<\/div>\n\t\t\t\t\t<\/div>\n\t\t<\/section>\n\t\t\t\t<\/div>\n\t\t","protected":false},"excerpt":{"rendered":"<p>De meest gestelde vragen over de Thermage techniek voor het herstellen van de huid van het gezicht en lichaam, zonder operatie en met vrijwel onmiddellijk resultaat! Wat houdt Thermage in? Thermage is een veilige, niet-invasieve en klinisch bewezen esthetische behandeling op basis van radiofrequentie om de huid gladder, steviger en strakker te maken voor een [&hellip;]<\/p>\n","protected":false},"author":1,"featured_media":7724,"parent":0,"menu_order":0,"comment_status":"closed","ping_status":"closed","template":"","meta":{"footnotes":""},"class_list":["post-8758","page","type-page","status-publish","has-post-thumbnail","hentry"],"yoast_head":"<!-- This site is optimized with the Yoast SEO plugin v27.3 - https:\/\/yoast.com\/product\/yoast-seo-wordpress\/ -->\n<title>Thermage: niet-chirurgische huidverjongingsbehandeling<\/title>\n<meta name=\"description\" content=\"Thermage Belgium is een veilige, niet-invasieve en klinisch bewezen esthetische behandeling op basis van radiofrequentie om de huid gladder, steviger en strakker te maken voor een jeugdiger uiterlijk.\" \/>\n<meta name=\"robots\" content=\"index, follow, max-snippet:-1, max-image-preview:large, max-video-preview:-1\" \/>\n<link rel=\"canonical\" href=\"https:\/\/www.medespoir.be\/nl\/thermage-belgie\/\" \/>\n<meta property=\"og:locale\" content=\"nl_NL\" \/>\n<meta property=\"og:type\" content=\"article\" \/>\n<meta property=\"og:title\" content=\"Thermage: niet-chirurgische huidverjongingsbehandeling\" \/>\n<meta property=\"og:description\" content=\"Thermage Belgium is een veilige, niet-invasieve en klinisch bewezen esthetische behandeling op basis van radiofrequentie om de huid gladder, steviger en strakker te maken voor een jeugdiger uiterlijk.\" \/>\n<meta property=\"og:url\" content=\"https:\/\/www.medespoir.be\/nl\/thermage-belgie\/\" \/>\n<meta property=\"og:site_name\" content=\"Chirurgie esthetique Belgique\" \/>\n<meta property=\"article:modified_time\" content=\"2023-06-26T14:30:42+00:00\" \/>\n<meta property=\"og:image\" content=\"https:\/\/www.medespoir.be\/wp-content\/uploads\/2021\/11\/header_medecine-esthetique.jpg\" \/>\n\t<meta property=\"og:image:width\" content=\"1925\" \/>\n\t<meta property=\"og:image:height\" content=\"451\" \/>\n\t<meta property=\"og:image:type\" content=\"image\/jpeg\" \/>\n<meta name=\"twitter:card\" content=\"summary_large_image\" \/>\n<meta name=\"twitter:label1\" content=\"Geschatte leestijd\" \/>\n\t<meta name=\"twitter:data1\" content=\"4 minuten\" \/>\n<script type=\"application\/ld+json\" class=\"yoast-schema-graph\">{\"@context\":\"https:\\\/\\\/schema.org\",\"@graph\":[{\"@type\":\"WebPage\",\"@id\":\"https:\\\/\\\/www.medespoir.be\\\/nl\\\/thermage-belgie\\\/\",\"url\":\"https:\\\/\\\/www.medespoir.be\\\/nl\\\/thermage-belgie\\\/\",\"name\":\"Thermage: niet-chirurgische huidverjongingsbehandeling\",\"isPartOf\":{\"@id\":\"https:\\\/\\\/www.medespoir.be\\\/#website\"},\"primaryImageOfPage\":{\"@id\":\"https:\\\/\\\/www.medespoir.be\\\/nl\\\/thermage-belgie\\\/#primaryimage\"},\"image\":{\"@id\":\"https:\\\/\\\/www.medespoir.be\\\/nl\\\/thermage-belgie\\\/#primaryimage\"},\"thumbnailUrl\":\"https:\\\/\\\/www.medespoir.be\\\/wp-content\\\/uploads\\\/2021\\\/11\\\/header_medecine-esthetique.jpg\",\"datePublished\":\"2021-01-26T12:41:39+00:00\",\"dateModified\":\"2023-06-26T14:30:42+00:00\",\"description\":\"Thermage Belgium is een veilige, niet-invasieve en klinisch bewezen esthetische behandeling op basis van radiofrequentie om de huid gladder, steviger en strakker te maken voor een jeugdiger uiterlijk.\",\"breadcrumb\":{\"@id\":\"https:\\\/\\\/www.medespoir.be\\\/nl\\\/thermage-belgie\\\/#breadcrumb\"},\"inLanguage\":\"nl-NL\",\"potentialAction\":[{\"@type\":\"ReadAction\",\"target\":[\"https:\\\/\\\/www.medespoir.be\\\/nl\\\/thermage-belgie\\\/\"]}]},{\"@type\":\"ImageObject\",\"inLanguage\":\"nl-NL\",\"@id\":\"https:\\\/\\\/www.medespoir.be\\\/nl\\\/thermage-belgie\\\/#primaryimage\",\"url\":\"https:\\\/\\\/www.medespoir.be\\\/wp-content\\\/uploads\\\/2021\\\/11\\\/header_medecine-esthetique.jpg\",\"contentUrl\":\"https:\\\/\\\/www.medespoir.be\\\/wp-content\\\/uploads\\\/2021\\\/11\\\/header_medecine-esthetique.jpg\",\"width\":1925,\"height\":451},{\"@type\":\"BreadcrumbList\",\"@id\":\"https:\\\/\\\/www.medespoir.be\\\/nl\\\/thermage-belgie\\\/#breadcrumb\",\"itemListElement\":[{\"@type\":\"ListItem\",\"position\":1,\"name\":\"Accueil\",\"item\":\"https:\\\/\\\/www.medespoir.be\\\/nl\\\/\"},{\"@type\":\"ListItem\",\"position\":2,\"name\":\"Thermage: niet-chirurgische huidverjongingsbehandeling\"}]},{\"@type\":\"WebSite\",\"@id\":\"https:\\\/\\\/www.medespoir.be\\\/#website\",\"url\":\"https:\\\/\\\/www.medespoir.be\\\/\",\"name\":\"Chirurgie esthetique Belgique\",\"description\":\"\",\"publisher\":{\"@id\":\"https:\\\/\\\/www.medespoir.be\\\/#organization\"},\"potentialAction\":[{\"@type\":\"SearchAction\",\"target\":{\"@type\":\"EntryPoint\",\"urlTemplate\":\"https:\\\/\\\/www.medespoir.be\\\/?s={search_term_string}\"},\"query-input\":{\"@type\":\"PropertyValueSpecification\",\"valueRequired\":true,\"valueName\":\"search_term_string\"}}],\"inLanguage\":\"nl-NL\"},{\"@type\":\"Organization\",\"@id\":\"https:\\\/\\\/www.medespoir.be\\\/#organization\",\"name\":\"Medespoir Belgique\",\"url\":\"https:\\\/\\\/www.medespoir.be\\\/\",\"logo\":{\"@type\":\"ImageObject\",\"inLanguage\":\"nl-NL\",\"@id\":\"https:\\\/\\\/www.medespoir.be\\\/#\\\/schema\\\/logo\\\/image\\\/\",\"url\":\"https:\\\/\\\/www.medespoir.be\\\/wp-content\\\/uploads\\\/2018\\\/10\\\/lg-medespoir-be.jpg\",\"contentUrl\":\"https:\\\/\\\/www.medespoir.be\\\/wp-content\\\/uploads\\\/2018\\\/10\\\/lg-medespoir-be.jpg\",\"width\":242,\"height\":77,\"caption\":\"Medespoir Belgique\"},\"image\":{\"@id\":\"https:\\\/\\\/www.medespoir.be\\\/#\\\/schema\\\/logo\\\/image\\\/\"}}]}<\/script>\n<!-- \/ Yoast SEO plugin. -->","yoast_head_json":{"title":"Thermage: niet-chirurgische huidverjongingsbehandeling","description":"Thermage Belgium is een veilige, niet-invasieve en klinisch bewezen esthetische behandeling op basis van radiofrequentie om de huid gladder, steviger en strakker te maken voor een jeugdiger uiterlijk.","robots":{"index":"index","follow":"follow","max-snippet":"max-snippet:-1","max-image-preview":"max-image-preview:large","max-video-preview":"max-video-preview:-1"},"canonical":"https:\/\/www.medespoir.be\/nl\/thermage-belgie\/","og_locale":"nl_NL","og_type":"article","og_title":"Thermage: niet-chirurgische huidverjongingsbehandeling","og_description":"Thermage Belgium is een veilige, niet-invasieve en klinisch bewezen esthetische behandeling op basis van radiofrequentie om de huid gladder, steviger en strakker te maken voor een jeugdiger uiterlijk.","og_url":"https:\/\/www.medespoir.be\/nl\/thermage-belgie\/","og_site_name":"Chirurgie esthetique Belgique","article_modified_time":"2023-06-26T14:30:42+00:00","og_image":[{"width":1925,"height":451,"url":"https:\/\/www.medespoir.be\/wp-content\/uploads\/2021\/11\/header_medecine-esthetique.jpg","type":"image\/jpeg"}],"twitter_card":"summary_large_image","twitter_misc":{"Geschatte leestijd":"4 minuten"},"schema":{"@context":"https:\/\/schema.org","@graph":[{"@type":"WebPage","@id":"https:\/\/www.medespoir.be\/nl\/thermage-belgie\/","url":"https:\/\/www.medespoir.be\/nl\/thermage-belgie\/","name":"Thermage: niet-chirurgische huidverjongingsbehandeling","isPartOf":{"@id":"https:\/\/www.medespoir.be\/#website"},"primaryImageOfPage":{"@id":"https:\/\/www.medespoir.be\/nl\/thermage-belgie\/#primaryimage"},"image":{"@id":"https:\/\/www.medespoir.be\/nl\/thermage-belgie\/#primaryimage"},"thumbnailUrl":"https:\/\/www.medespoir.be\/wp-content\/uploads\/2021\/11\/header_medecine-esthetique.jpg","datePublished":"2021-01-26T12:41:39+00:00","dateModified":"2023-06-26T14:30:42+00:00","description":"Thermage Belgium is een veilige, niet-invasieve en klinisch bewezen esthetische behandeling op basis van radiofrequentie om de huid gladder, steviger en strakker te maken voor een jeugdiger uiterlijk.","breadcrumb":{"@id":"https:\/\/www.medespoir.be\/nl\/thermage-belgie\/#breadcrumb"},"inLanguage":"nl-NL","potentialAction":[{"@type":"ReadAction","target":["https:\/\/www.medespoir.be\/nl\/thermage-belgie\/"]}]},{"@type":"ImageObject","inLanguage":"nl-NL","@id":"https:\/\/www.medespoir.be\/nl\/thermage-belgie\/#primaryimage","url":"https:\/\/www.medespoir.be\/wp-content\/uploads\/2021\/11\/header_medecine-esthetique.jpg","contentUrl":"https:\/\/www.medespoir.be\/wp-content\/uploads\/2021\/11\/header_medecine-esthetique.jpg","width":1925,"height":451},{"@type":"BreadcrumbList","@id":"https:\/\/www.medespoir.be\/nl\/thermage-belgie\/#breadcrumb","itemListElement":[{"@type":"ListItem","position":1,"name":"Accueil","item":"https:\/\/www.medespoir.be\/nl\/"},{"@type":"ListItem","position":2,"name":"Thermage: niet-chirurgische huidverjongingsbehandeling"}]},{"@type":"WebSite","@id":"https:\/\/www.medespoir.be\/#website","url":"https:\/\/www.medespoir.be\/","name":"Chirurgie esthetique Belgique","description":"","publisher":{"@id":"https:\/\/www.medespoir.be\/#organization"},"potentialAction":[{"@type":"SearchAction","target":{"@type":"EntryPoint","urlTemplate":"https:\/\/www.medespoir.be\/?s={search_term_string}"},"query-input":{"@type":"PropertyValueSpecification","valueRequired":true,"valueName":"search_term_string"}}],"inLanguage":"nl-NL"},{"@type":"Organization","@id":"https:\/\/www.medespoir.be\/#organization","name":"Medespoir Belgique","url":"https:\/\/www.medespoir.be\/","logo":{"@type":"ImageObject","inLanguage":"nl-NL","@id":"https:\/\/www.medespoir.be\/#\/schema\/logo\/image\/","url":"https:\/\/www.medespoir.be\/wp-content\/uploads\/2018\/10\/lg-medespoir-be.jpg","contentUrl":"https:\/\/www.medespoir.be\/wp-content\/uploads\/2018\/10\/lg-medespoir-be.jpg","width":242,"height":77,"caption":"Medespoir Belgique"},"image":{"@id":"https:\/\/www.medespoir.be\/#\/schema\/logo\/image\/"}}]}},"_links":{"self":[{"href":"https:\/\/www.medespoir.be\/nl\/wp-json\/wp\/v2\/pages\/8758","targetHints":{"allow":["GET"]}}],"collection":[{"href":"https:\/\/www.medespoir.be\/nl\/wp-json\/wp\/v2\/pages"}],"about":[{"href":"https:\/\/www.medespoir.be\/nl\/wp-json\/wp\/v2\/types\/page"}],"author":[{"embeddable":true,"href":"https:\/\/www.medespoir.be\/nl\/wp-json\/wp\/v2\/users\/1"}],"replies":[{"embeddable":true,"href":"https:\/\/www.medespoir.be\/nl\/wp-json\/wp\/v2\/comments?post=8758"}],"version-history":[{"count":19,"href":"https:\/\/www.medespoir.be\/nl\/wp-json\/wp\/v2\/pages\/8758\/revisions"}],"predecessor-version":[{"id":8804,"href":"https:\/\/www.medespoir.be\/nl\/wp-json\/wp\/v2\/pages\/8758\/revisions\/8804"}],"wp:featuredmedia":[{"embeddable":true,"href":"https:\/\/www.medespoir.be\/nl\/wp-json\/wp\/v2\/media\/7724"}],"wp:attachment":[{"href":"https:\/\/www.medespoir.be\/nl\/wp-json\/wp\/v2\/media?parent=8758"}],"curies":[{"name":"wp","href":"https:\/\/api.w.org\/{rel}","templated":true}]}}