{"id":8760,"date":"2018-10-23T14:22:02","date_gmt":"2018-10-23T12:22:02","guid":{"rendered":"https:\/\/www.medespoir.be\/getuigenissen-videos-na-cosmetische-ingrepen-in-belgie\/"},"modified":"2023-06-26T16:32:47","modified_gmt":"2023-06-26T14:32:47","slug":"videogalerie","status":"publish","type":"page","link":"https:\/\/www.medespoir.be\/nl\/videogalerie\/","title":{"rendered":"Getuigenissen Video&#8217;s na cosmetische ingrepen in Belgi\u00eb"},"content":{"rendered":"<section>\n<div class=\"container\">\n<div class=\"row column-reverse\">\n<div class=\"col-md-8\">\nMedEspoir Belgi\u00eb is een referentie geworden op het gebied van medisch en schoonheidstoerisme en heeft het vertrouwen van zijn Franstalige pati\u00ebnten gewonnen dankzij zijn professionaliteit en de hoge kwaliteit van de aangeboden diensten.<\/p>\n<h2>Feedback of wat vinden pati\u00ebnten van MedEspoir?<\/h2>\n<p>Hieronder vindt u de meningen van pati\u00ebnten die het agentschap MedEspoir Belgi\u00eb hebben gekozen voor <a href=\"https:\/\/www.medespoir.be\/nl\/\">cosmetische chirurgie<\/a>, algemene chirurgie, bariatrische chirurgie, tandheelkundige behandeling of esthetische geneeskunde.<br \/>\nWe hebben ook video&#8217;s van programma&#8217;s gewijd aan cosmetische en plastische chirurgie in Belgi\u00eb.<br \/>\nEen aantal tv-zenders heeft het verloop van deze nogal delicate operaties op de voet gevolgd en ook verslag gedaan van de reacties van pati\u00ebnten, hun emoties en hun tevredenheid met het resultaat.<br \/>\nDeze zenders zijn onder andere Ennahar TV in Algerije (Magzooum), M6 (C&#8217;est ma vie), NRJ12, Star 24 TV (z\u00e9ro complexe) en TF1 in Frankrijk (C&#8217;est quoi l&#8217;amour).\n<\/div>\n<div class=\"col-md-4\">\n<img decoding=\"async\" title=\"advies medespoir Belgi\u00eb\" src=\"https:\/\/www.medespoir.be\/wp-content\/uploads\/2021\/11\/galerie-video.jpg\" alt=\"Getuigenissen Video's na cosmetische ingrepen in Belgi\u00eb\" class=\"img__interne__1\"><\/p>\n<div id=\"circle_interne_color\"><img decoding=\"async\" src=\"https:\/\/www.medespoir.be\/wp-content\/uploads\/2021\/11\/form-medespoir_2.png\" alt=\"medespoir belgi\u00eb\"><\/div>\n<\/div>\n<\/div>\n<\/div>\n<\/section>\n<style>\r\nhtml body a.whatsapp-button {\r\n    display: inline-block;\r\n    background-color: #25D366;\r\n    font-size: 16px;\r\n    font-weight: bold;\r\n    padding: 12px 20px;\r\n    text-align: center;\r\n    text-decoration: none;\r\n    border-radius: 5px;\r\n    box-shadow: 0 4px 6px rgba(0, 0, 0, 0.1);\r\n    transition: background-color 0.3s ease, transform 0.2s ease;\r\n    color: white!important;\r\n}\r\n\r\n.whatsapp-button:hover {\r\n    background-color: #1EBE54;\r\n    transform: translateY(-2px);\r\n}\r\n\r\n.whatsapp-button:active {\r\n    transform: translateY(0);\r\n}\r\n\r\n.align_center {\r\n    display: block;\r\n    text-align: center;\r\n    padding: 30px 0px;\r\n}\r\n\r\n<\/style>\r\n<section >\r\n<div class=\"container\">\r\n<div class=\"row\">\r\n<div class=\"col-md-12\" align=\"center\">\r\n<div class=\"align_center\">\r\n                <a href=\"https:\/\/api.whatsapp.com\/send?phone=+33635235712&&text=Hallo,%20ik%20wil%20graag%20meer%20weten%20over%20je%20werk%20en%20je%20prijzen%20!\"\r\n                    class=\"whatsapp-button\" target=\"_blank\">\r\n                    Klik hier voor een gratis Whatsapp offerte\r\n                <\/a>\r\n<\/div>\r\n<\/div>\r\n<\/div>\r\n<\/div>\r\n<\/section>\n<section>\n<div class=\"container\">\n<div class=\"row\">\n<div class=\"col-md-12\">\n<h2>Getuigenisvideo&#8217;s over cosmetische chirurgie Belgi\u00eb<\/h2>\n<p>De pati\u00ebnten die gekozen hebben voor het gerenommeerde agentschap MedEspoir Belgique onthullen aan de hand van hun verschillende ervaringen de details van hun <a href=\"https:\/\/www.medespoir.be\/nl\/verblijf\/\">esthetische verblijf<\/a>.<br \/>\nDit &#8220;all-inclusive&#8221; type verblijf maakt het de pati\u00ebnt gemakkelijker door voor alles te zorgen: vervoer, medische assistentie, begeleiding, 5-sterren hotelaccommodatie, administratieve taken in de kliniek, honoraria van de chirurg of esthetische arts, anesthesiekosten, ziekenhuisopname, accessoires die in bepaalde gevallen worden verstrekt (borst- of bilprothesen, tandheelkundige implantaten, vulproducten, aansnoergaren, enz.) Zo betaal je alles op voorhand zonder dat je je uitgaven moet berekenen tijdens je medische reis.<br \/>\nBovendien is het sterke punt van de tarieven van <a href=\"https:\/\/www.medespoir.be\/nl\/agentschap\/\">MedEspoir Belgi\u00eb <\/a> dat ze <u>redelijk<\/u> en <u>veel goedkoper<\/u> zijn dan in Europa, terwijl de kwaliteit van de dienstverlening hetzelfde blijft.\n<\/div>\n<\/div>\n<\/div>\n<\/section>\n<section>\n<div class=\"container\">\n<div class=\"swiper blog\">\n<div class=\"swiper-wrapper\">\n<div class=\"swiper-slide\">\n<img decoding=\"async\" src=\"https:\/\/www.medespoir.be\/wp-content\/uploads\/2021\/12\/espoir-prod.jpg\" alt=\"\"><\/p>\n<div class=\"play_avis\"><a class=\"popup-youtube soap-mfp-popup\" href=\"https:\/\/www.youtube.com\/watch?v=s1NCJgnVELc\"><img decoding=\"async\" class=\"btn_play\" src=\"https:\/\/www.medespoir.be\/wp-content\/uploads\/2021\/11\/play.png\" alt=\"getuigenissen cosmetische chirurgie\"><\/a><\/div>\n<p>cosmetische chirurgie met MedEspoir<br \/>\nEsthetische behandeling in Belgi\u00eb: wat vindt een Frans koppel?\n<\/p><\/div>\n<div class=\"swiper-slide\">\n<img fetchpriority=\"high\" decoding=\"async\" src=\"https:\/\/www.medespoir.be\/wp-content\/uploads\/2021\/12\/emission-zerocomplexe.jpg\" alt=\"\" width=\"400\" height=\"282\"><\/p>\n<div class=\"play_avis\"><a class=\"popup-youtube soap-mfp-popup\" href=\"https:\/\/www.youtube.com\/watch?v=wNlHvoRAXoo\"><img decoding=\"async\" class=\"btn_play\" src=\"https:\/\/www.medespoir.be\/wp-content\/uploads\/2021\/11\/play.png\" alt=\"getuigenissen cosmetische chirurgie\"><\/a><\/div>\n<p>Programma Z\u00e9rocomplexe op ster 24<br \/>\ntrailer voor het programma met MedEspoir\n<\/p><\/div>\n<div class=\"swiper-slide\">\n<img decoding=\"async\" src=\"https:\/\/www.medespoir.be\/wp-content\/uploads\/2021\/12\/temoignage-jean-pierre.jpg\" alt=\"\" width=\"400\" height=\"282\"><\/p>\n<div class=\"play_avis\"><a class=\"popup-youtube soap-mfp-popup\" href=\"https:\/\/www.youtube.com\/watch?v=IJSceAvPrUI\"><img decoding=\"async\" class=\"btn_play\" src=\"https:\/\/www.medespoir.be\/wp-content\/uploads\/2021\/11\/play.png\" alt=\"getuigenissen cosmetische chirurgie\"><\/a><\/div>\n<p>Ontroerende getuigenis van Jean-Pierre<br \/>\nzijn ervaring met liposuctie in Belgi\u00eb\n<\/p><\/div>\n<div class=\"swiper-slide\">\n<img decoding=\"async\" src=\"https:\/\/www.medespoir.be\/wp-content\/uploads\/2021\/12\/temoignage-amelie.jpg\" alt=\"\" width=\"400\" height=\"282\"><\/p>\n<div class=\"play_avis\"><a class=\"popup-youtube soap-mfp-popup\" href=\"https:\/\/www.youtube.com\/watch?v=GFgHqTkkSCA\"><img decoding=\"async\" class=\"btn_play\" src=\"https:\/\/www.medespoir.be\/wp-content\/uploads\/2021\/11\/play.png\" alt=\"getuigenissen cosmetische chirurgie\"><\/a><\/div>\n<p>Getuigenis van Am\u00e9lie<br \/>\nvolledige liposuctie in Belgi\u00eb\n<\/p><\/div>\n<div class=\"swiper-slide\">\n<img loading=\"lazy\" decoding=\"async\" src=\"https:\/\/www.medespoir.be\/wp-content\/uploads\/2021\/12\/reportage-france3.jpg\" alt=\"\" width=\"400\" height=\"282\"><\/p>\n<div class=\"play_avis\"><a class=\"popup-youtube soap-mfp-popup\" href=\"https:\/\/www.youtube.com\/watch?v=XG40GmPebus\"><img decoding=\"async\" class=\"btn_play\" src=\"https:\/\/www.medespoir.be\/wp-content\/uploads\/2021\/11\/play.png\" alt=\"getuigenissen cosmetische chirurgie\"><\/a><\/div>\n<p>Chirurgie seins Belgique &#8211; France 3 reportage over medisch toerisme\n<\/p><\/div>\n<div class=\"swiper-slide\">\n<img loading=\"lazy\" decoding=\"async\" src=\"https:\/\/www.medespoir.be\/wp-content\/uploads\/2021\/12\/abdo-avant-apres.jpg\" alt=\"\" width=\"400\" height=\"282\"><\/p>\n<div class=\"play_avis\"><a class=\"popup-youtube soap-mfp-popup\" href=\"https:\/\/www.youtube.com\/watch?v=9x3Z0ju1Zr4\"><img decoding=\"async\" class=\"btn_play\" src=\"https:\/\/www.medespoir.be\/wp-content\/uploads\/2021\/11\/play.png\" alt=\"getuigenissen cosmetische chirurgie\"><\/a><\/div>\n<p>Mijn buikwandcorrectie: Ontdek de ervaring van Sylvie\n<\/p><\/div>\n<div class=\"swiper-slide\">\n<img loading=\"lazy\" decoding=\"async\" src=\"https:\/\/www.medespoir.be\/wp-content\/uploads\/2021\/12\/espoir-prod.jpg\" alt=\"\" width=\"400\" height=\"282\"><\/p>\n<div class=\"play_avis\"><a class=\"popup-youtube soap-mfp-popup\" href=\"https:\/\/www.youtube.com\/watch?v=s1NCJgnVELc\"><img decoding=\"async\" class=\"btn_play\" src=\"https:\/\/www.medespoir.be\/wp-content\/uploads\/2021\/11\/play.png\" alt=\"getuigenissen cosmetische chirurgie\"><\/a><\/div>\n<p>Cosmetische chirurgie in Belgi\u00eb<br \/>\nMedespoir: getuigenissen van Audrey en Jimmy\n<\/p><\/div>\n<div class=\"swiper-slide\">\n<img loading=\"lazy\" decoding=\"async\" src=\"https:\/\/www.medespoir.be\/wp-content\/uploads\/2018\/10\/magdelena.jpg\" alt=\"\" width=\"400\" height=\"282\"><\/p>\n<div class=\"play_avis\"><a class=\"popup-youtube soap-mfp-popup\" href=\"http:\/\/www.youtube.com\/watch?v=IuSAtQTFyio\"><img decoding=\"async\" class=\"btn_play\" src=\"https:\/\/www.medespoir.be\/wp-content\/uploads\/2021\/11\/play.png\" alt=\"getuigenissen cosmetische chirurgie\"><\/a><\/div>\n<p>Magdalena vertelt over haar plastische chirurgie in Belgi\u00eb in een reportage van NRJ 12 France\n<\/p><\/div>\n<div class=\"swiper-slide\">\n<img loading=\"lazy\" decoding=\"async\" src=\"https:\/\/www.medespoir.be\/wp-content\/uploads\/2021\/12\/espoir-prod.jpg\" alt=\"\" width=\"400\" height=\"282\"><\/p>\n<div class=\"play_avis\"><a class=\"popup-youtube soap-mfp-popup\" href=\"https:\/\/www.youtube.com\/watch?v=dWcWf0WRA2Q\"><img decoding=\"async\" class=\"btn_play\" src=\"https:\/\/www.medespoir.be\/wp-content\/uploads\/2021\/11\/play.png\" alt=\"getuigenissen cosmetische chirurgie\"><\/a><\/div>\n<p>Ervaring van beautyblogger Kay met MedESpoir: liposuctie, tandheelkundige facings\n<\/p><\/div>\n<div class=\"swiper-slide\">\n<img loading=\"lazy\" decoding=\"async\" src=\"https:\/\/www.medespoir.be\/wp-content\/uploads\/2021\/12\/espoir-prod.jpg\" alt=\"\" width=\"400\" height=\"282\"><\/p>\n<div class=\"play_avis\"><a class=\"popup-youtube soap-mfp-popup\" href=\"https:\/\/www.youtube.com\/watch?v=R0g2f93dM_g\"><img decoding=\"async\" class=\"btn_play\" src=\"https:\/\/www.medespoir.be\/wp-content\/uploads\/2021\/11\/play.png\" alt=\"getuigenissen cosmetische chirurgie\"><\/a><\/div>\n<p>Een moeder en dochter kozen Belgi\u00eb voor hun cosmetische ingrepen<a href=\"https:\/\/www.medespoir.be\/nl\/borstvergroting\/\" target=\"_blank\" rel=\"noopener noreferrer\">(borstvergroting<\/a>, liposuctie)\n<\/div>\n<\/div>\n<div class=\"swiper_blog_next\"><img decoding=\"async\" src=\"https:\/\/www.medespoir.be\/wp-content\/uploads\/2021\/11\/next_blog.png\"><\/div>\n<div class=\"swiper_blog_prev\"><img decoding=\"async\" src=\"https:\/\/www.medespoir.be\/wp-content\/uploads\/2021\/11\/prev_blog.png\"><\/div>\n<\/div>\n<\/div>\n<\/section>\n","protected":false},"excerpt":{"rendered":"<p>MedEspoir Belgi\u00eb is een referentie geworden op het gebied van medisch en schoonheidstoerisme en heeft het vertrouwen van zijn Franstalige pati\u00ebnten gewonnen dankzij zijn professionaliteit en de hoge kwaliteit van de aangeboden diensten. Feedback of wat vinden pati\u00ebnten van MedEspoir? Hieronder vindt u de meningen van pati\u00ebnten die het agentschap MedEspoir Belgi\u00eb hebben gekozen voor [&hellip;]<\/p>\n","protected":false},"author":1,"featured_media":7697,"parent":0,"menu_order":0,"comment_status":"closed","ping_status":"closed","template":"","meta":{"footnotes":""},"class_list":["post-8760","page","type-page","status-publish","has-post-thumbnail","hentry"],"yoast_head":"<!-- This site is optimized with the Yoast SEO plugin v27.3 - https:\/\/yoast.com\/product\/yoast-seo-wordpress\/ -->\n<title>Pati\u00ebntenvideo&#039;s na cosmetische chirurgie Belgi\u00eb<\/title>\n<meta name=\"description\" content=\"Ontdek de galerij met videogetuigenissen van pati\u00ebnten die hun vertrouwen in ons bureau hebben gesteld om hun cosmetische chirurgie in Belgi\u00eb uit te voeren.\" \/>\n<meta name=\"robots\" content=\"index, follow, max-snippet:-1, max-image-preview:large, max-video-preview:-1\" \/>\n<link rel=\"canonical\" href=\"https:\/\/www.medespoir.be\/nl\/videogalerie\/\" \/>\n<meta property=\"og:locale\" content=\"nl_NL\" \/>\n<meta property=\"og:type\" content=\"article\" \/>\n<meta property=\"og:title\" content=\"Pati\u00ebntenvideo&#039;s na cosmetische chirurgie Belgi\u00eb\" \/>\n<meta property=\"og:description\" content=\"Ontdek de galerij met videogetuigenissen van pati\u00ebnten die hun vertrouwen in ons bureau hebben gesteld om hun cosmetische chirurgie in Belgi\u00eb uit te voeren.\" \/>\n<meta property=\"og:url\" content=\"https:\/\/www.medespoir.be\/nl\/videogalerie\/\" \/>\n<meta property=\"og:site_name\" content=\"Chirurgie esthetique Belgique\" \/>\n<meta property=\"article:modified_time\" content=\"2023-06-26T14:32:47+00:00\" \/>\n<meta property=\"og:image\" content=\"https:\/\/www.medespoir.be\/wp-content\/uploads\/2021\/11\/header_blog.jpg\" \/>\n\t<meta property=\"og:image:width\" content=\"1925\" \/>\n\t<meta property=\"og:image:height\" content=\"451\" \/>\n\t<meta property=\"og:image:type\" content=\"image\/jpeg\" \/>\n<meta name=\"twitter:card\" content=\"summary_large_image\" \/>\n<meta name=\"twitter:label1\" content=\"Geschatte leestijd\" \/>\n\t<meta name=\"twitter:data1\" content=\"7 minuten\" \/>\n<script type=\"application\/ld+json\" class=\"yoast-schema-graph\">{\"@context\":\"https:\\\/\\\/schema.org\",\"@graph\":[{\"@type\":\"WebPage\",\"@id\":\"https:\\\/\\\/www.medespoir.be\\\/nl\\\/videogalerie\\\/\",\"url\":\"https:\\\/\\\/www.medespoir.be\\\/nl\\\/videogalerie\\\/\",\"name\":\"Pati\u00ebntenvideo's na cosmetische chirurgie Belgi\u00eb\",\"isPartOf\":{\"@id\":\"https:\\\/\\\/www.medespoir.be\\\/#website\"},\"primaryImageOfPage\":{\"@id\":\"https:\\\/\\\/www.medespoir.be\\\/nl\\\/videogalerie\\\/#primaryimage\"},\"image\":{\"@id\":\"https:\\\/\\\/www.medespoir.be\\\/nl\\\/videogalerie\\\/#primaryimage\"},\"thumbnailUrl\":\"https:\\\/\\\/www.medespoir.be\\\/wp-content\\\/uploads\\\/2021\\\/11\\\/header_blog.jpg\",\"datePublished\":\"2018-10-23T12:22:02+00:00\",\"dateModified\":\"2023-06-26T14:32:47+00:00\",\"description\":\"Ontdek de galerij met videogetuigenissen van pati\u00ebnten die hun vertrouwen in ons bureau hebben gesteld om hun cosmetische chirurgie in Belgi\u00eb uit te voeren.\",\"breadcrumb\":{\"@id\":\"https:\\\/\\\/www.medespoir.be\\\/nl\\\/videogalerie\\\/#breadcrumb\"},\"inLanguage\":\"nl-NL\",\"potentialAction\":[{\"@type\":\"ReadAction\",\"target\":[\"https:\\\/\\\/www.medespoir.be\\\/nl\\\/videogalerie\\\/\"]}]},{\"@type\":\"ImageObject\",\"inLanguage\":\"nl-NL\",\"@id\":\"https:\\\/\\\/www.medespoir.be\\\/nl\\\/videogalerie\\\/#primaryimage\",\"url\":\"https:\\\/\\\/www.medespoir.be\\\/wp-content\\\/uploads\\\/2021\\\/11\\\/header_blog.jpg\",\"contentUrl\":\"https:\\\/\\\/www.medespoir.be\\\/wp-content\\\/uploads\\\/2021\\\/11\\\/header_blog.jpg\",\"width\":1925,\"height\":451},{\"@type\":\"BreadcrumbList\",\"@id\":\"https:\\\/\\\/www.medespoir.be\\\/nl\\\/videogalerie\\\/#breadcrumb\",\"itemListElement\":[{\"@type\":\"ListItem\",\"position\":1,\"name\":\"Accueil\",\"item\":\"https:\\\/\\\/www.medespoir.be\\\/nl\\\/\"},{\"@type\":\"ListItem\",\"position\":2,\"name\":\"Getuigenissen Video&#8217;s na cosmetische ingrepen in Belgi\u00eb\"}]},{\"@type\":\"WebSite\",\"@id\":\"https:\\\/\\\/www.medespoir.be\\\/#website\",\"url\":\"https:\\\/\\\/www.medespoir.be\\\/\",\"name\":\"Chirurgie esthetique Belgique\",\"description\":\"\",\"publisher\":{\"@id\":\"https:\\\/\\\/www.medespoir.be\\\/#organization\"},\"potentialAction\":[{\"@type\":\"SearchAction\",\"target\":{\"@type\":\"EntryPoint\",\"urlTemplate\":\"https:\\\/\\\/www.medespoir.be\\\/?s={search_term_string}\"},\"query-input\":{\"@type\":\"PropertyValueSpecification\",\"valueRequired\":true,\"valueName\":\"search_term_string\"}}],\"inLanguage\":\"nl-NL\"},{\"@type\":\"Organization\",\"@id\":\"https:\\\/\\\/www.medespoir.be\\\/#organization\",\"name\":\"Medespoir Belgique\",\"url\":\"https:\\\/\\\/www.medespoir.be\\\/\",\"logo\":{\"@type\":\"ImageObject\",\"inLanguage\":\"nl-NL\",\"@id\":\"https:\\\/\\\/www.medespoir.be\\\/#\\\/schema\\\/logo\\\/image\\\/\",\"url\":\"https:\\\/\\\/www.medespoir.be\\\/wp-content\\\/uploads\\\/2018\\\/10\\\/lg-medespoir-be.jpg\",\"contentUrl\":\"https:\\\/\\\/www.medespoir.be\\\/wp-content\\\/uploads\\\/2018\\\/10\\\/lg-medespoir-be.jpg\",\"width\":242,\"height\":77,\"caption\":\"Medespoir Belgique\"},\"image\":{\"@id\":\"https:\\\/\\\/www.medespoir.be\\\/#\\\/schema\\\/logo\\\/image\\\/\"}}]}<\/script>\n<!-- \/ Yoast SEO plugin. -->","yoast_head_json":{"title":"Pati\u00ebntenvideo's na cosmetische chirurgie Belgi\u00eb","description":"Ontdek de galerij met videogetuigenissen van pati\u00ebnten die hun vertrouwen in ons bureau hebben gesteld om hun cosmetische chirurgie in Belgi\u00eb uit te voeren.","robots":{"index":"index","follow":"follow","max-snippet":"max-snippet:-1","max-image-preview":"max-image-preview:large","max-video-preview":"max-video-preview:-1"},"canonical":"https:\/\/www.medespoir.be\/nl\/videogalerie\/","og_locale":"nl_NL","og_type":"article","og_title":"Pati\u00ebntenvideo's na cosmetische chirurgie Belgi\u00eb","og_description":"Ontdek de galerij met videogetuigenissen van pati\u00ebnten die hun vertrouwen in ons bureau hebben gesteld om hun cosmetische chirurgie in Belgi\u00eb uit te voeren.","og_url":"https:\/\/www.medespoir.be\/nl\/videogalerie\/","og_site_name":"Chirurgie esthetique Belgique","article_modified_time":"2023-06-26T14:32:47+00:00","og_image":[{"width":1925,"height":451,"url":"https:\/\/www.medespoir.be\/wp-content\/uploads\/2021\/11\/header_blog.jpg","type":"image\/jpeg"}],"twitter_card":"summary_large_image","twitter_misc":{"Geschatte leestijd":"7 minuten"},"schema":{"@context":"https:\/\/schema.org","@graph":[{"@type":"WebPage","@id":"https:\/\/www.medespoir.be\/nl\/videogalerie\/","url":"https:\/\/www.medespoir.be\/nl\/videogalerie\/","name":"Pati\u00ebntenvideo's na cosmetische chirurgie Belgi\u00eb","isPartOf":{"@id":"https:\/\/www.medespoir.be\/#website"},"primaryImageOfPage":{"@id":"https:\/\/www.medespoir.be\/nl\/videogalerie\/#primaryimage"},"image":{"@id":"https:\/\/www.medespoir.be\/nl\/videogalerie\/#primaryimage"},"thumbnailUrl":"https:\/\/www.medespoir.be\/wp-content\/uploads\/2021\/11\/header_blog.jpg","datePublished":"2018-10-23T12:22:02+00:00","dateModified":"2023-06-26T14:32:47+00:00","description":"Ontdek de galerij met videogetuigenissen van pati\u00ebnten die hun vertrouwen in ons bureau hebben gesteld om hun cosmetische chirurgie in Belgi\u00eb uit te voeren.","breadcrumb":{"@id":"https:\/\/www.medespoir.be\/nl\/videogalerie\/#breadcrumb"},"inLanguage":"nl-NL","potentialAction":[{"@type":"ReadAction","target":["https:\/\/www.medespoir.be\/nl\/videogalerie\/"]}]},{"@type":"ImageObject","inLanguage":"nl-NL","@id":"https:\/\/www.medespoir.be\/nl\/videogalerie\/#primaryimage","url":"https:\/\/www.medespoir.be\/wp-content\/uploads\/2021\/11\/header_blog.jpg","contentUrl":"https:\/\/www.medespoir.be\/wp-content\/uploads\/2021\/11\/header_blog.jpg","width":1925,"height":451},{"@type":"BreadcrumbList","@id":"https:\/\/www.medespoir.be\/nl\/videogalerie\/#breadcrumb","itemListElement":[{"@type":"ListItem","position":1,"name":"Accueil","item":"https:\/\/www.medespoir.be\/nl\/"},{"@type":"ListItem","position":2,"name":"Getuigenissen Video&#8217;s na cosmetische ingrepen in Belgi\u00eb"}]},{"@type":"WebSite","@id":"https:\/\/www.medespoir.be\/#website","url":"https:\/\/www.medespoir.be\/","name":"Chirurgie esthetique Belgique","description":"","publisher":{"@id":"https:\/\/www.medespoir.be\/#organization"},"potentialAction":[{"@type":"SearchAction","target":{"@type":"EntryPoint","urlTemplate":"https:\/\/www.medespoir.be\/?s={search_term_string}"},"query-input":{"@type":"PropertyValueSpecification","valueRequired":true,"valueName":"search_term_string"}}],"inLanguage":"nl-NL"},{"@type":"Organization","@id":"https:\/\/www.medespoir.be\/#organization","name":"Medespoir Belgique","url":"https:\/\/www.medespoir.be\/","logo":{"@type":"ImageObject","inLanguage":"nl-NL","@id":"https:\/\/www.medespoir.be\/#\/schema\/logo\/image\/","url":"https:\/\/www.medespoir.be\/wp-content\/uploads\/2018\/10\/lg-medespoir-be.jpg","contentUrl":"https:\/\/www.medespoir.be\/wp-content\/uploads\/2018\/10\/lg-medespoir-be.jpg","width":242,"height":77,"caption":"Medespoir Belgique"},"image":{"@id":"https:\/\/www.medespoir.be\/#\/schema\/logo\/image\/"}}]}},"_links":{"self":[{"href":"https:\/\/www.medespoir.be\/nl\/wp-json\/wp\/v2\/pages\/8760","targetHints":{"allow":["GET"]}}],"collection":[{"href":"https:\/\/www.medespoir.be\/nl\/wp-json\/wp\/v2\/pages"}],"about":[{"href":"https:\/\/www.medespoir.be\/nl\/wp-json\/wp\/v2\/types\/page"}],"author":[{"embeddable":true,"href":"https:\/\/www.medespoir.be\/nl\/wp-json\/wp\/v2\/users\/1"}],"replies":[{"embeddable":true,"href":"https:\/\/www.medespoir.be\/nl\/wp-json\/wp\/v2\/comments?post=8760"}],"version-history":[{"count":5,"href":"https:\/\/www.medespoir.be\/nl\/wp-json\/wp\/v2\/pages\/8760\/revisions"}],"predecessor-version":[{"id":8808,"href":"https:\/\/www.medespoir.be\/nl\/wp-json\/wp\/v2\/pages\/8760\/revisions\/8808"}],"wp:featuredmedia":[{"embeddable":true,"href":"https:\/\/www.medespoir.be\/nl\/wp-json\/wp\/v2\/media\/7697"}],"wp:attachment":[{"href":"https:\/\/www.medespoir.be\/nl\/wp-json\/wp\/v2\/media?parent=8760"}],"curies":[{"name":"wp","href":"https:\/\/api.w.org\/{rel}","templated":true}]}}