{"id":8767,"date":"2018-10-22T12:30:15","date_gmt":"2018-10-22T10:30:15","guid":{"rendered":"https:\/\/www.medespoir.be\/esthetische-geneeskunde-belgie-prijzen-voor-huidverjonging-zonder-chirurgie\/"},"modified":"2023-06-26T16:23:49","modified_gmt":"2023-06-26T14:23:49","slug":"esthetische-geneeskunde","status":"publish","type":"page","link":"https:\/\/www.medespoir.be\/nl\/esthetische-geneeskunde\/","title":{"rendered":"Esthetische geneeskunde Belgi\u00eb: prijzen voor huidverjonging zonder chirurgie"},"content":{"rendered":"<section>\n<div class=\"container\">\n<div class=\"row\">\n<div class=\"col-md-12\">\n<strong>Esthetische geneeskunde in Belgi\u00eb <\/strong>biedt zachte, niet-invasieve procedures om kleine onvolkomenheden in het gezicht te corrigeren. In de loop der jaren zijn de behandelingen gevarieerder en eenvoudiger geworden, waardoor deze medische discipline nu miljoenen dertigers en veertigers aanspreekt, die het gebruiken om de gevolgen van veroudering te voorkomen.<br \/>\nBotulinetoxine, hyaluronzuur en PRP, drie cosmetische ingrepen die wereldwijd een succes zijn, vooral in Belgi\u00eb, de nummer \u00e9\u00e9n bestemming voor medische toeristen.\n<\/div>\n<\/div>\n<\/div>\n<\/section>\n<section class=\"medecine-esthetique\">\n<div class=\"container\">\n<div class=\"row\">\n<div class=\"col-md-4\">\n<div class=\"content__inter\">\n                    <a href=\"https:\/\/www.medespoir.be\/nl\/rimpelvulling\/\"> <img decoding=\"async\" src=\"https:\/\/www.medespoir.be\/wp-content\/uploads\/2021\/11\/toxine-botulique-visage.jpg\" alt=\"Botulinetoxine\"><\/a><\/p>\n<div class=\"title__inter\">\n<h2 class=\"center\"> <a href=\"https:\/\/www.medespoir.be\/nl\/rimpelvulling\/\">Botulinetoxine<\/a><\/h2>\n<\/p><\/div>\n<\/p><\/div>\n<\/p><\/div>\n<div class=\"col-md-4\">\n<div class=\"content__inter\">\n                    <a href=\"https:\/\/www.medespoir.be\/nl\/hyaluronzuurinjecties\/\"><img decoding=\"async\" src=\"https:\/\/www.medespoir.be\/wp-content\/uploads\/2021\/11\/acide-hyaluronique.jpg\" alt=\"Hyaluronzuur\"><\/a><\/p>\n<div class=\"title__inter\">\n<h2 class=\"center\"><a href=\"https:\/\/www.medespoir.be\/nl\/hyaluronzuurinjecties\/\">Hyaluronzuur<\/a><\/h2>\n<\/p><\/div>\n<\/p><\/div>\n<\/p><\/div>\n<div class=\"col-md-4\">\n<div class=\"content__inter\">\n                    <a href=\"https:\/\/www.medespoir.be\/nl\/prp\/\"> <img decoding=\"async\" src=\"https:\/\/www.medespoir.be\/wp-content\/uploads\/2021\/11\/prp.jpg\" alt=\"Plasma met bloedplaatjes\"><\/a><\/p>\n<div class=\"title__inter\">\n<h2 class=\"center\"> <a href=\"https:\/\/www.medespoir.be\/nl\/prp\/\">Plasma met bloedplaatjes<\/a><\/h2>\n<\/p><\/div>\n<\/p><\/div>\n<\/p><\/div>\n<\/p><\/div>\n<\/p><\/div>\n<\/section>\n<style>\r\nhtml body a.whatsapp-button {\r\n    display: inline-block;\r\n    background-color: #25D366;\r\n    font-size: 16px;\r\n    font-weight: bold;\r\n    padding: 12px 20px;\r\n    text-align: center;\r\n    text-decoration: none;\r\n    border-radius: 5px;\r\n    box-shadow: 0 4px 6px rgba(0, 0, 0, 0.1);\r\n    transition: background-color 0.3s ease, transform 0.2s ease;\r\n    color: white!important;\r\n}\r\n\r\n.whatsapp-button:hover {\r\n    background-color: #1EBE54;\r\n    transform: translateY(-2px);\r\n}\r\n\r\n.whatsapp-button:active {\r\n    transform: translateY(0);\r\n}\r\n\r\n.align_center {\r\n    display: block;\r\n    text-align: center;\r\n    padding: 30px 0px;\r\n}\r\n\r\n<\/style>\r\n<section >\r\n<div class=\"container\">\r\n<div class=\"row\">\r\n<div class=\"col-md-12\" align=\"center\">\r\n<div class=\"align_center\">\r\n                <a href=\"https:\/\/api.whatsapp.com\/send?phone=+33635235712&&text=Hallo,%20ik%20wil%20graag%20meer%20weten%20over%20je%20werk%20en%20je%20prijzen%20!\"\r\n                    class=\"whatsapp-button\" target=\"_blank\">\r\n                    Klik hier voor een gratis Whatsapp offerte\r\n                <\/a>\r\n<\/div>\r\n<\/div>\r\n<\/div>\r\n<\/div>\r\n<\/section>\n<section>\n<div class=\"container\">\n<div class=\"row column-reverse\">\n<div class=\"col-md-5\">\n<img decoding=\"async\" src=\"https:\/\/www.medespoir.be\/wp-content\/uploads\/2021\/11\/medecine-esthetique_belgique.jpg\" class=\"img_shadow\" alt=\"Cosmetische chirurgie Belgi\u00eb procedures en prijzen\"><\/p>\n<div id=\"circle_medecine_color\"><img decoding=\"async\" src=\"https:\/\/www.medespoir.be\/wp-content\/uploads\/2021\/11\/form-medespoir_2.png\" alt=\"medespoir belgi\u00eb\"><\/div>\n<\/div>\n<div class=\"col-md-7\">\n<h2>Botulinetoxine, om de effecten van veroudering te beperken<\/h2>\n<p>Expressielijnen maken de ogen droevig, waardoor ze er streng en echt bezorgd uitzien. Botulinetoxine vermindert rimpels of laat ze zelfs voorgoed verdwijnen en zorgt voor een zeer effectief liftend effect. Dit is een eiwit dat wordt geproduceerd door bacteri\u00ebn.<br \/>\nDit bestanddeel wordt gekenmerkt door zijn grote vermogen om spieren te verlammen. Gezuiverd en subtiel gedoseerd kan het worden gebruikt om een aantal aandoeningen te behandelen, zoals overmatig zweten en spierkrampen.<br \/>\nHet wordt tegenwoordig gebruikt in de esthetische geneeskunde om het gezicht mooier en stralender te maken. De ge\u00efnjecteerde hoeveelheden verminderen de huidcontracties die verantwoordelijk zijn voor het verschijnen van rimpels, zonder het behandelde gebied te veranderen en zonder gezondheidsrisico&#8217;s voor de pati\u00ebnt.<br \/>\nBotuline toxine injecties verstrakken de rimpels tussen het voorhoofd en de wenkbrauwen. De behandeling biedt natuurlijke verbeteringen. Het wordt soms gecombineerd met hyaluronzuurinjecties om lelijke afwijkingen in het ondergezicht te herstellen.\n<\/p><\/div>\n<\/div>\n<\/div>\n<\/section>\n<section>\n<div class=\"container\">\n<div class=\"row\">\n<div class=\"col-md-4\"><\/div>\n<div class=\"col-md-4\">\n<div class=\"btn_interne\">\n<p style=\"text-align: center;\"><a class=\"btn__slider\" href=\"https:\/\/www.medespoir.be\/nl\/gratis-offerte\/\">&#8211; Citaten esthetische zorg<\/a><\/p>\n<\/div>\n<\/div>\n<div class=\"col-md-4\"><\/div>\n<\/div>\n<\/div>\n<\/section>\n<section class=\"bg-white\">\n<div class=\"container\">\n<div class=\"row\">\n<div class=\"col-md-12\">\n<h2 class=\"center\">Hyaluronzuur, een wonderbaarlijke molecule<\/h2>\n<p>Het aantal pati\u00ebnten dat gebruik maakt van hyaluronzuurinjecties om <a href=\"https:\/\/www.medespoir.be\/nl\/rimpelvulling\/\">rimpels op te vullen<\/a>, groeit voortdurend. De behandeling zorgt voor spectaculaire verbeteringen zonder de gelaatstrekken te veranderen. Dit product bevat een hydraterende molecule die van nature aanwezig is in de lederhuid.<br \/>\nHyaluronzuur maakt de huid gladder en vult de groeven en holtes in het gezicht op. Injecties met dit wonderbaarlijke product hydrateren de huid en stimuleren de aanmaak van collageen, een prote\u00efne met een aantal hydraterende en weefselopbouwende eigenschappen. Collageen behoudt ook de elasticiteit van vetweefsel en houdt gewrichten soepel.<br \/>\nDe hoeveelheid hyaluronzuur die moet worden ge\u00efnjecteerd, hangt af van het type behandeling dat nodig is. Om bijvoorbeeld kraaienpootjesrimpels te verminderen, is een zwak geconcentreerde dosis meer dan genoeg. Als het echter gaat om de behandeling van de jukbeenderen, wangen of holtes van de slapen, vereist de behandeling de injectie van een zeer dichte hoeveelheid.<br \/>\nDe esthetische procedure wordt uitgevoerd met een zeer fijne naald om optimale resultaten te bereiken en bijwerkingen te voorkomen.\n<\/div>\n<\/div>\n<\/div>\n<\/section>\n<section class=\"bg_medecine-esthetique\">\n<div class=\"container\">\n<div class=\"row\">\n<div class=\"col-md-7\">\n<h2>PRP, een autologe injectie voor de behandeling van weefsels<\/h2>\n<p>Tegenwoordig wordt bloedplaatjesrijk plasma gebruikt om weefsel te herstellen en de vitaliteit ervan te verbeteren. Hierbij wordt de pati\u00ebnt ge\u00efnjecteerd met een stof uit zijn eigen bloed.<br \/>\nDeze innovatieve techniek stimuleert de aanmaak van collageen en stimuleert de ontwikkeling van fibroblasten. De meest geschikte methode bestaat uit het afnemen van een bloedmonster, dat de plastisch chirurg vervolgens 5 of 10 minuten in een centrifuge plaatst. Deze fase is essentieel omdat dan het plasma dat rijk is aan alfakorrels kan worden ge\u00ebxtraheerd.<br \/>\nOm de behandeling volledig effectief te laten zijn, zijn nog steeds 2 tot 6 injecties nodig, verspreid over de tijd. De esthetische procedure kan pijnlijk zijn, wat onvermijdelijk is aangezien het onmogelijk is om een verdoving te gebruiken tijdens deze procedure: verdoving belemmert de productie van goed geconcentreerde bloedplaatjeskorrels.<\/p>\n<h2>Peeling: een diepe peeling van de gezichtshuid<\/h2>\n<p>We hebben het over een huidscrub die niet traditioneel of zelfgemaakt is. Het doel is om alle onzuiverheden en dode huid van het gezicht te verwijderen. Het doel van de <a href=\"https:\/\/www.medespoir.be\/nl\/peeling\/\">peeling<\/a> is om de gezichtshuid te revitaliseren en weer te laten stralen door deze te zuiveren en speciale fruitzuren toe te passen, in plaats van een schurend product te gebruiken (zoals bij een klassieke scrub).<\/p>\n<h2>Laserbehandeling: een niet-invasieve techniek voor vele doeleinden<\/h2>\n<p>Deze esthetische geneeskunde techniek wordt gebruikt om een aantal onvolkomenheden te behandelen. <a href=\"https:\/\/www.medespoir.be\/nl\/laserbehandeling\/\">Laserbehandeling<\/a> kan worden gebruikt voor: het verwijderen van cellulitis, moedervlekken of angioma plana, <a href=\"https:\/\/www.medespoir.be\/nl\/littekenbehandeling\/\">het behandelen van littekens<\/a> en de nawerkingen daarvan,<a href=\"https:\/\/www.medespoir.be\/nl\/laserontharing\/\">laserontharing<\/a> en ga zo maar door.\n<\/div>\n<div class=\"col-md-5\">\n<img decoding=\"async\" src=\"https:\/\/www.medespoir.be\/wp-content\/uploads\/2021\/11\/medecine-esthetique_belgique__1.jpg\" class=\"img__medecine__1\" alt=\"PRP, een autologe injectie voor de behandeling van weefsels\"><\/p>\n<div id=\"circle_medecine_white\"><img decoding=\"async\" src=\"https:\/\/www.medespoir.be\/wp-content\/uploads\/2021\/11\/form-medespoir.png\" alt=\"medespoir belgi\u00eb\"><\/div>\n<p><img decoding=\"async\" src=\"https:\/\/www.medespoir.be\/wp-content\/uploads\/2021\/11\/medecine-esthetique_belgique__2.jpg\" class=\"img__medecine__2\" alt=\"Peeling: diepe peeling van de gezichtshuid\">\n<\/div>\n<\/div>\n<\/div>\n<\/section>\n<section>\n<div class=\"container-fluid\">\n<div class=\"row column-reverse\">\n<div class=\"col-md-6 sans-padding\"><img decoding=\"async\" class=\"img-mobile\" src=\"https:\/\/www.medespoir.be\/wp-content\/uploads\/2021\/11\/medecine-esthetique_belgique__3.jpg\"><\/p>\n<div class=\"container padding_prix_2\">\n<p>Voor informatie over de prijzen van de aangeboden behandelingen kunnen pati\u00ebnten ons online formulier invullen. Ze krijgen een offerte met een gedetailleerde beschrijving van het type behandeling en de totale kosten.<br \/>\nHet is ook belangrijk om te weten dat de prijs noodzakelijkerwijs afhangt van een aantal criteria, zoals het behandelde gebied, het aantal injecties (in het geval van botulinetoxine of hyaluronzuur), de kwaliteit van het product en het aantal gebruikte injectieflacons (de gemiddelde prijs is \u20ac350 per injectieflacon).<\/p>\n<\/div>\n<\/div>\n<div class=\"col-md-6\">\n<div class=\"container padding_prix_3\">\n<h2>De kosten van een esthetische behandeling in Belgi\u00eb<\/h2>\n<p>In Belgi\u00eb zijn de prijzen van behandelingen op het gebied van esthetische geneeskunde zeer concurrerend. De prijzen vari\u00ebren afhankelijk van het type behandeling en de diensten die de kliniek aanbiedt.<br \/>\nDe prijs omvat de volledige verzorging van de pati\u00ebnt tijdens het esthetische verblijf in Belgi\u00eb en Tunesi\u00eb: de honoraria van de chirurg en de anesthesist, hotelaccommodatie, assistentie en de verschillende diensten die door de kliniek worden aangeboden, zoals de kamer, de honoraria van de operatiekamer, enz.\n<\/p><\/div>\n<table class=\"prix_home medecine___esthetique\">\n<tbody>\n<tr>\n<td style=\"text-align: center;\"><strong>Prijzen van rimpelvullende producten<\/strong><\/td>\n<td style=\"text-align: center;\"><strong>Blijf<\/strong><\/td>\n<td style=\"text-align: center;\"><strong>Prijzen<\/strong><\/td>\n<\/tr>\n<tr>\n<td>Botulinezuur-, PRP- en HA-injecties<\/td>\n<td style=\"text-align: center;\">Jouw keuze<\/td>\n<td style=\"text-align: center;\">350\u20ac\/fles<\/td>\n<\/tr>\n<\/tbody>\n<\/table>\n<div><a class=\"btn__devis\" href=\"https:\/\/www.medespoir.be\/nl\/gratis-offerte\/\" data-hover=\"Nos Tarifs chirurgie esthetique Tunisie\">&#8211; Citaten esthetische zorg<\/a><\/div>\n<\/div>\n<\/div>\n<\/div>\n<\/section>\n","protected":false},"excerpt":{"rendered":"<p>Esthetische geneeskunde in Belgi\u00eb biedt zachte, niet-invasieve procedures om kleine onvolkomenheden in het gezicht te corrigeren. In de loop der jaren zijn de behandelingen gevarieerder en eenvoudiger geworden, waardoor deze medische discipline nu miljoenen dertigers en veertigers aanspreekt, die het gebruiken om de gevolgen van veroudering te voorkomen. Botulinetoxine, hyaluronzuur en PRP, drie cosmetische ingrepen [&hellip;]<\/p>\n","protected":false},"author":1,"featured_media":7724,"parent":0,"menu_order":0,"comment_status":"closed","ping_status":"closed","template":"","meta":{"footnotes":""},"class_list":["post-8767","page","type-page","status-publish","has-post-thumbnail","hentry"],"yoast_head":"<!-- This site is optimized with the Yoast SEO plugin v27.5 - https:\/\/yoast.com\/product\/yoast-seo-wordpress\/ -->\n<title>Esthetische geneeskunde Belgi\u00eb: prijzen voor huidverjonging zonder chirurgie<\/title>\n<meta name=\"description\" content=\"Esthetische geneeskunde Belgi\u00eb: Kies voor verjonging zonder chirurgie om weer een mooie huid te krijgen. Ontdek onze alternatieve geneeswijzen in Belgi\u00eb tegen lage prijzen.\" \/>\n<meta name=\"robots\" content=\"index, follow, max-snippet:-1, max-image-preview:large, max-video-preview:-1\" \/>\n<link rel=\"canonical\" href=\"https:\/\/www.medespoir.be\/nl\/esthetische-geneeskunde\/\" \/>\n<meta property=\"og:locale\" content=\"nl_NL\" \/>\n<meta property=\"og:type\" content=\"article\" \/>\n<meta property=\"og:title\" content=\"Esthetische geneeskunde Belgi\u00eb: prijzen voor huidverjonging zonder chirurgie\" \/>\n<meta property=\"og:description\" content=\"Esthetische geneeskunde Belgi\u00eb: Kies voor verjonging zonder chirurgie om weer een mooie huid te krijgen. Ontdek onze alternatieve geneeswijzen in Belgi\u00eb tegen lage prijzen.\" \/>\n<meta property=\"og:url\" content=\"https:\/\/www.medespoir.be\/nl\/esthetische-geneeskunde\/\" \/>\n<meta property=\"og:site_name\" content=\"Chirurgie esthetique Belgique\" \/>\n<meta property=\"article:modified_time\" content=\"2023-06-26T14:23:49+00:00\" \/>\n<meta property=\"og:image\" content=\"https:\/\/www.medespoir.be\/wp-content\/uploads\/2021\/11\/header_medecine-esthetique.jpg\" \/>\n\t<meta property=\"og:image:width\" content=\"1925\" \/>\n\t<meta property=\"og:image:height\" content=\"451\" \/>\n\t<meta property=\"og:image:type\" content=\"image\/jpeg\" \/>\n<meta name=\"twitter:card\" content=\"summary_large_image\" \/>\n<meta name=\"twitter:label1\" content=\"Geschatte leestijd\" \/>\n\t<meta name=\"twitter:data1\" content=\"7 minuten\" \/>\n<script type=\"application\/ld+json\" class=\"yoast-schema-graph\">{\"@context\":\"https:\\\/\\\/schema.org\",\"@graph\":[{\"@type\":\"WebPage\",\"@id\":\"https:\\\/\\\/www.medespoir.be\\\/nl\\\/esthetische-geneeskunde\\\/\",\"url\":\"https:\\\/\\\/www.medespoir.be\\\/nl\\\/esthetische-geneeskunde\\\/\",\"name\":\"Esthetische geneeskunde Belgi\u00eb: prijzen voor huidverjonging zonder chirurgie\",\"isPartOf\":{\"@id\":\"https:\\\/\\\/www.medespoir.be\\\/#website\"},\"primaryImageOfPage\":{\"@id\":\"https:\\\/\\\/www.medespoir.be\\\/nl\\\/esthetische-geneeskunde\\\/#primaryimage\"},\"image\":{\"@id\":\"https:\\\/\\\/www.medespoir.be\\\/nl\\\/esthetische-geneeskunde\\\/#primaryimage\"},\"thumbnailUrl\":\"https:\\\/\\\/www.medespoir.be\\\/wp-content\\\/uploads\\\/2021\\\/11\\\/header_medecine-esthetique.jpg\",\"datePublished\":\"2018-10-22T10:30:15+00:00\",\"dateModified\":\"2023-06-26T14:23:49+00:00\",\"description\":\"Esthetische geneeskunde Belgi\u00eb: Kies voor verjonging zonder chirurgie om weer een mooie huid te krijgen. Ontdek onze alternatieve geneeswijzen in Belgi\u00eb tegen lage prijzen.\",\"breadcrumb\":{\"@id\":\"https:\\\/\\\/www.medespoir.be\\\/nl\\\/esthetische-geneeskunde\\\/#breadcrumb\"},\"inLanguage\":\"nl-NL\",\"potentialAction\":[{\"@type\":\"ReadAction\",\"target\":[\"https:\\\/\\\/www.medespoir.be\\\/nl\\\/esthetische-geneeskunde\\\/\"]}]},{\"@type\":\"ImageObject\",\"inLanguage\":\"nl-NL\",\"@id\":\"https:\\\/\\\/www.medespoir.be\\\/nl\\\/esthetische-geneeskunde\\\/#primaryimage\",\"url\":\"https:\\\/\\\/www.medespoir.be\\\/wp-content\\\/uploads\\\/2021\\\/11\\\/header_medecine-esthetique.jpg\",\"contentUrl\":\"https:\\\/\\\/www.medespoir.be\\\/wp-content\\\/uploads\\\/2021\\\/11\\\/header_medecine-esthetique.jpg\",\"width\":1925,\"height\":451},{\"@type\":\"BreadcrumbList\",\"@id\":\"https:\\\/\\\/www.medespoir.be\\\/nl\\\/esthetische-geneeskunde\\\/#breadcrumb\",\"itemListElement\":[{\"@type\":\"ListItem\",\"position\":1,\"name\":\"Accueil\",\"item\":\"https:\\\/\\\/www.medespoir.be\\\/nl\\\/\"},{\"@type\":\"ListItem\",\"position\":2,\"name\":\"Esthetische geneeskunde Belgi\u00eb: prijzen voor huidverjonging zonder chirurgie\"}]},{\"@type\":\"WebSite\",\"@id\":\"https:\\\/\\\/www.medespoir.be\\\/#website\",\"url\":\"https:\\\/\\\/www.medespoir.be\\\/\",\"name\":\"Chirurgie esthetique Belgique\",\"description\":\"\",\"publisher\":{\"@id\":\"https:\\\/\\\/www.medespoir.be\\\/#organization\"},\"potentialAction\":[{\"@type\":\"SearchAction\",\"target\":{\"@type\":\"EntryPoint\",\"urlTemplate\":\"https:\\\/\\\/www.medespoir.be\\\/?s={search_term_string}\"},\"query-input\":{\"@type\":\"PropertyValueSpecification\",\"valueRequired\":true,\"valueName\":\"search_term_string\"}}],\"inLanguage\":\"nl-NL\"},{\"@type\":\"Organization\",\"@id\":\"https:\\\/\\\/www.medespoir.be\\\/#organization\",\"name\":\"Medespoir Belgique\",\"url\":\"https:\\\/\\\/www.medespoir.be\\\/\",\"logo\":{\"@type\":\"ImageObject\",\"inLanguage\":\"nl-NL\",\"@id\":\"https:\\\/\\\/www.medespoir.be\\\/#\\\/schema\\\/logo\\\/image\\\/\",\"url\":\"https:\\\/\\\/www.medespoir.be\\\/wp-content\\\/uploads\\\/2018\\\/10\\\/lg-medespoir-be.jpg\",\"contentUrl\":\"https:\\\/\\\/www.medespoir.be\\\/wp-content\\\/uploads\\\/2018\\\/10\\\/lg-medespoir-be.jpg\",\"width\":242,\"height\":77,\"caption\":\"Medespoir Belgique\"},\"image\":{\"@id\":\"https:\\\/\\\/www.medespoir.be\\\/#\\\/schema\\\/logo\\\/image\\\/\"}}]}<\/script>\n<!-- \/ Yoast SEO plugin. -->","yoast_head_json":{"title":"Esthetische geneeskunde Belgi\u00eb: prijzen voor huidverjonging zonder chirurgie","description":"Esthetische geneeskunde Belgi\u00eb: Kies voor verjonging zonder chirurgie om weer een mooie huid te krijgen. Ontdek onze alternatieve geneeswijzen in Belgi\u00eb tegen lage prijzen.","robots":{"index":"index","follow":"follow","max-snippet":"max-snippet:-1","max-image-preview":"max-image-preview:large","max-video-preview":"max-video-preview:-1"},"canonical":"https:\/\/www.medespoir.be\/nl\/esthetische-geneeskunde\/","og_locale":"nl_NL","og_type":"article","og_title":"Esthetische geneeskunde Belgi\u00eb: prijzen voor huidverjonging zonder chirurgie","og_description":"Esthetische geneeskunde Belgi\u00eb: Kies voor verjonging zonder chirurgie om weer een mooie huid te krijgen. Ontdek onze alternatieve geneeswijzen in Belgi\u00eb tegen lage prijzen.","og_url":"https:\/\/www.medespoir.be\/nl\/esthetische-geneeskunde\/","og_site_name":"Chirurgie esthetique Belgique","article_modified_time":"2023-06-26T14:23:49+00:00","og_image":[{"width":1925,"height":451,"url":"https:\/\/www.medespoir.be\/wp-content\/uploads\/2021\/11\/header_medecine-esthetique.jpg","type":"image\/jpeg"}],"twitter_card":"summary_large_image","twitter_misc":{"Geschatte leestijd":"7 minuten"},"schema":{"@context":"https:\/\/schema.org","@graph":[{"@type":"WebPage","@id":"https:\/\/www.medespoir.be\/nl\/esthetische-geneeskunde\/","url":"https:\/\/www.medespoir.be\/nl\/esthetische-geneeskunde\/","name":"Esthetische geneeskunde Belgi\u00eb: prijzen voor huidverjonging zonder chirurgie","isPartOf":{"@id":"https:\/\/www.medespoir.be\/#website"},"primaryImageOfPage":{"@id":"https:\/\/www.medespoir.be\/nl\/esthetische-geneeskunde\/#primaryimage"},"image":{"@id":"https:\/\/www.medespoir.be\/nl\/esthetische-geneeskunde\/#primaryimage"},"thumbnailUrl":"https:\/\/www.medespoir.be\/wp-content\/uploads\/2021\/11\/header_medecine-esthetique.jpg","datePublished":"2018-10-22T10:30:15+00:00","dateModified":"2023-06-26T14:23:49+00:00","description":"Esthetische geneeskunde Belgi\u00eb: Kies voor verjonging zonder chirurgie om weer een mooie huid te krijgen. Ontdek onze alternatieve geneeswijzen in Belgi\u00eb tegen lage prijzen.","breadcrumb":{"@id":"https:\/\/www.medespoir.be\/nl\/esthetische-geneeskunde\/#breadcrumb"},"inLanguage":"nl-NL","potentialAction":[{"@type":"ReadAction","target":["https:\/\/www.medespoir.be\/nl\/esthetische-geneeskunde\/"]}]},{"@type":"ImageObject","inLanguage":"nl-NL","@id":"https:\/\/www.medespoir.be\/nl\/esthetische-geneeskunde\/#primaryimage","url":"https:\/\/www.medespoir.be\/wp-content\/uploads\/2021\/11\/header_medecine-esthetique.jpg","contentUrl":"https:\/\/www.medespoir.be\/wp-content\/uploads\/2021\/11\/header_medecine-esthetique.jpg","width":1925,"height":451},{"@type":"BreadcrumbList","@id":"https:\/\/www.medespoir.be\/nl\/esthetische-geneeskunde\/#breadcrumb","itemListElement":[{"@type":"ListItem","position":1,"name":"Accueil","item":"https:\/\/www.medespoir.be\/nl\/"},{"@type":"ListItem","position":2,"name":"Esthetische geneeskunde Belgi\u00eb: prijzen voor huidverjonging zonder chirurgie"}]},{"@type":"WebSite","@id":"https:\/\/www.medespoir.be\/#website","url":"https:\/\/www.medespoir.be\/","name":"Chirurgie esthetique Belgique","description":"","publisher":{"@id":"https:\/\/www.medespoir.be\/#organization"},"potentialAction":[{"@type":"SearchAction","target":{"@type":"EntryPoint","urlTemplate":"https:\/\/www.medespoir.be\/?s={search_term_string}"},"query-input":{"@type":"PropertyValueSpecification","valueRequired":true,"valueName":"search_term_string"}}],"inLanguage":"nl-NL"},{"@type":"Organization","@id":"https:\/\/www.medespoir.be\/#organization","name":"Medespoir Belgique","url":"https:\/\/www.medespoir.be\/","logo":{"@type":"ImageObject","inLanguage":"nl-NL","@id":"https:\/\/www.medespoir.be\/#\/schema\/logo\/image\/","url":"https:\/\/www.medespoir.be\/wp-content\/uploads\/2018\/10\/lg-medespoir-be.jpg","contentUrl":"https:\/\/www.medespoir.be\/wp-content\/uploads\/2018\/10\/lg-medespoir-be.jpg","width":242,"height":77,"caption":"Medespoir Belgique"},"image":{"@id":"https:\/\/www.medespoir.be\/#\/schema\/logo\/image\/"}}]}},"_links":{"self":[{"href":"https:\/\/www.medespoir.be\/nl\/wp-json\/wp\/v2\/pages\/8767","targetHints":{"allow":["GET"]}}],"collection":[{"href":"https:\/\/www.medespoir.be\/nl\/wp-json\/wp\/v2\/pages"}],"about":[{"href":"https:\/\/www.medespoir.be\/nl\/wp-json\/wp\/v2\/types\/page"}],"author":[{"embeddable":true,"href":"https:\/\/www.medespoir.be\/nl\/wp-json\/wp\/v2\/users\/1"}],"replies":[{"embeddable":true,"href":"https:\/\/www.medespoir.be\/nl\/wp-json\/wp\/v2\/comments?post=8767"}],"version-history":[{"count":4,"href":"https:\/\/www.medespoir.be\/nl\/wp-json\/wp\/v2\/pages\/8767\/revisions"}],"predecessor-version":[{"id":8779,"href":"https:\/\/www.medespoir.be\/nl\/wp-json\/wp\/v2\/pages\/8767\/revisions\/8779"}],"wp:featuredmedia":[{"embeddable":true,"href":"https:\/\/www.medespoir.be\/nl\/wp-json\/wp\/v2\/media\/7724"}],"wp:attachment":[{"href":"https:\/\/www.medespoir.be\/nl\/wp-json\/wp\/v2\/media?parent=8767"}],"curies":[{"name":"wp","href":"https:\/\/api.w.org\/{rel}","templated":true}]}}