{"id":8810,"date":"2021-09-08T14:19:22","date_gmt":"2021-09-08T12:19:22","guid":{"rendered":"https:\/\/www.medespoir.be\/mesolift-mesotherapie-voor-het-gezicht-om-de-gezichtshuid-te-verstevigen-en-revitaliseren-zonder-chirurgie\/"},"modified":"2023-06-26T16:36:37","modified_gmt":"2023-06-26T14:36:37","slug":"mesolift-mesotherapie-voor","status":"publish","type":"page","link":"https:\/\/www.medespoir.be\/nl\/mesolift-mesotherapie-voor\/","title":{"rendered":"Mesolift: mesotherapie voor het gezicht om de gezichtshuid te verstevigen en revitaliseren zonder chirurgie"},"content":{"rendered":"\t\t<div data-elementor-type=\"wp-page\" data-elementor-id=\"8810\" class=\"elementor elementor-8810\">\n\t\t\t\t\t\t<section class=\"elementor-section elementor-top-section elementor-element elementor-element-3782c4f elementor-section-boxed elementor-section-height-default elementor-section-height-default\" data-id=\"3782c4f\" data-element_type=\"section\" data-e-type=\"section\">\n\t\t\t\t\t\t<div class=\"elementor-container elementor-column-gap-default\">\n\t\t\t\t\t<div class=\"elementor-column elementor-col-66 elementor-top-column elementor-element elementor-element-26a0b33\" data-id=\"26a0b33\" data-element_type=\"column\" data-e-type=\"column\">\n\t\t\t<div class=\"elementor-widget-wrap elementor-element-populated\">\n\t\t\t\t\t\t<div class=\"elementor-element elementor-element-c0d3186 elementor-widget elementor-widget-text-editor\" data-id=\"c0d3186\" data-element_type=\"widget\" data-e-type=\"widget\" data-widget_type=\"text-editor.default\">\n\t\t\t\t<div class=\"elementor-widget-container\">\n\t\t\t\t\t\t\t\t\tSteeds meer mensen zijn op zoek naar een huid die van binnenuit verlicht is. Velen in de schoonheidsindustrie beloven wonderbaarlijke resultaten met hun assortiment schoonheidsverzorgingsproducten. Er zijn echter een paar niet-invasieve procedures die echt kunnen helpen om de huid te krijgen die je wilt. <strong>Mesotherapie<\/strong> is zo&#8217;n procedure die belooft de huid strakker te maken en te verjongen.\n<h2>Wat is mesotherapie of Mesolift voor het gezicht?<\/h2>\n<strong>Mesotherapie<\/strong> is een van de <a href=\"https:\/\/www.medespoir.be\/nl\/esthetische-geneeskunde\/\">\n  <strong>esthetische geneeskunde behandelingen<\/strong>\n<\/a> om ontstekingen en een slechte doorbloeding die huidbeschadiging veroorzaken te corrigeren.\n\nDeze <strong>Mesolift-techniek <\/strong> maakt gebruik van injecties met vitaminen, plantenextracten, enzymen en hormonen om <strong>de huid te revitaliseren en overtollig vet te verwijderen<\/strong>. Het kan pati\u00ebnten een jeugdiger uiterlijk en een slanker figuur geven.\n\nMesotherapie is ook een niet-chirurgisch alternatief voor <a href=\"https:\/\/www.medespoir.be\/nl\/liposuctie-belgie\/\">liposuctie <\/a>in het gezicht en op het lichaam. <strong>Faciale mesotherapie<\/strong> is minimaal invasief, met eenvoudige injecties en zonder incisies.\n\n\nHet is ook belangrijk om te weten dat mesotherapie ook kan worden gebruikt bij <a href=\"https:\/\/www.medespoir.be\/nl\/haartransplantatie-methoden-belgie\/\">haarverlies door alopecia<\/a>. Medicijnen zoals finasteride kunnen samen met andere heilzame ingredi\u00ebnten in de hoofdhuid worden ge\u00efnjecteerd.\t\t\t\t\t\t\t\t<\/div>\n\t\t\t\t<\/div>\n\t\t\t\t\t<\/div>\n\t\t<\/div>\n\t\t\t\t<div class=\"elementor-column elementor-col-33 elementor-top-column elementor-element elementor-element-bc9dfb5\" data-id=\"bc9dfb5\" data-element_type=\"column\" data-e-type=\"column\">\n\t\t\t<div class=\"elementor-widget-wrap elementor-element-populated\">\n\t\t\t\t\t\t<div class=\"elementor-element elementor-element-3e6d45d elementor-widget elementor-widget-text-editor\" data-id=\"3e6d45d\" data-element_type=\"widget\" data-e-type=\"widget\" data-widget_type=\"text-editor.default\">\n\t\t\t\t<div class=\"elementor-widget-container\">\n\t\t\t\t\t\t\t\t\t<p><figure id=\"attachment_7611\" aria-describedby=\"caption-attachment-7611\" style=\"width: 300px\" class=\"wp-caption alignnone\"><img decoding=\"async\" class=\"wp-image-4064 size-medium\" src=\"https:\/\/www.medespoir.be\/wp-content\/uploads\/2021\/09\/mesotherapie-faciale-belgique-300x166.jpg\" alt=\"mesotherapie-faciale-belgiek\" width=\"300\" height=\"166\" srcset=\"https:\/\/www.medespoir.be\/wp-content\/uploads\/2021\/09\/mesotherapie-faciale-belgique-300x166.jpg 300w, https:\/\/www.medespoir.be\/wp-content\/uploads\/2021\/09\/mesotherapie-faciale-belgique-768x425.jpg 768w, https:\/\/www.medespoir.be\/wp-content\/uploads\/2021\/09\/mesotherapie-faciale-belgique-260x144.jpg 260w, https:\/\/www.medespoir.be\/wp-content\/uploads\/2021\/09\/mesotherapie-faciale-belgique-50x28.jpg 50w, https:\/\/www.medespoir.be\/wp-content\/uploads\/2021\/09\/mesotherapie-faciale-belgique-135x75.jpg 135w, https:\/\/www.medespoir.be\/wp-content\/uploads\/2021\/09\/mesotherapie-faciale-belgique.jpg 1020w\" sizes=\"(max-width: 300px) 100vw, 300px\" \/><figcaption id=\"caption-attachment-7611\" class=\"wp-caption-text\">Mesotherapie voor het gezicht Belgi\u00eb<\/figcaption><\/figure><\/p>\n\t\t\t\t\t\t\t\t<\/div>\n\t\t\t\t<\/div>\n\t\t\t\t\t<\/div>\n\t\t<\/div>\n\t\t\t\t\t<\/div>\n\t\t<\/section>\n\t\t\t\t<section class=\"elementor-section elementor-top-section elementor-element elementor-element-98bb7da elementor-section-full_width elementor-section-height-default elementor-section-height-default\" data-id=\"98bb7da\" data-element_type=\"section\" data-e-type=\"section\">\n\t\t\t\t\t\t<div class=\"elementor-container elementor-column-gap-no\">\n\t\t\t\t\t<div class=\"elementor-column elementor-col-100 elementor-top-column elementor-element elementor-element-c3aee07\" data-id=\"c3aee07\" data-element_type=\"column\" data-e-type=\"column\">\n\t\t\t<div class=\"elementor-widget-wrap elementor-element-populated\">\n\t\t\t\t\t\t<div class=\"elementor-element elementor-element-7af4ae4 elementor-widget elementor-widget-text-editor\" data-id=\"7af4ae4\" data-element_type=\"widget\" data-e-type=\"widget\" data-widget_type=\"text-editor.default\">\n\t\t\t\t<div class=\"elementor-widget-container\">\n\t\t\t\t\t\t\t\t\t<style>\r\nhtml body a.whatsapp-button {\r\n    display: inline-block;\r\n    background-color: #25D366;\r\n    font-size: 16px;\r\n    font-weight: bold;\r\n    padding: 12px 20px;\r\n    text-align: center;\r\n    text-decoration: none;\r\n    border-radius: 5px;\r\n    box-shadow: 0 4px 6px rgba(0, 0, 0, 0.1);\r\n    transition: background-color 0.3s ease, transform 0.2s ease;\r\n    color: white!important;\r\n}\r\n\r\n.whatsapp-button:hover {\r\n    background-color: #1EBE54;\r\n    transform: translateY(-2px);\r\n}\r\n\r\n.whatsapp-button:active {\r\n    transform: translateY(0);\r\n}\r\n\r\n.align_center {\r\n    display: block;\r\n    text-align: center;\r\n    padding: 30px 0px;\r\n}\r\n\r\n<\/style>\r\n<section >\r\n<div class=\"container\">\r\n<div class=\"row\">\r\n<div class=\"col-md-12\" align=\"center\">\r\n<div class=\"align_center\">\r\n                <a href=\"https:\/\/api.whatsapp.com\/send?phone=+33635235712&#038;&#038;text=Hallo,%20ik%20wil%20graag%20meer%20weten%20over%20je%20werk%20en%20je%20prijzen%20!\"\r\n                    class=\"whatsapp-button\" target=\"_blank\">\r\n                    Klik hier voor een gratis Whatsapp offerte\r\n                <\/a>\r\n<\/div>\r\n<\/div>\r\n<\/div>\r\n<\/div>\r\n<\/section>\t\t\t\t\t\t\t\t<\/div>\n\t\t\t\t<\/div>\n\t\t\t\t\t<\/div>\n\t\t<\/div>\n\t\t\t\t\t<\/div>\n\t\t<\/section>\n\t\t\t\t<section class=\"elementor-section elementor-top-section elementor-element elementor-element-1d560477 elementor-section-boxed elementor-section-height-default elementor-section-height-default\" data-id=\"1d560477\" data-element_type=\"section\" data-e-type=\"section\">\n\t\t\t\t\t\t<div class=\"elementor-container elementor-column-gap-default\">\n\t\t\t\t\t<div class=\"elementor-column elementor-col-100 elementor-top-column elementor-element elementor-element-30f4e262\" data-id=\"30f4e262\" data-element_type=\"column\" data-e-type=\"column\">\n\t\t\t<div class=\"elementor-widget-wrap elementor-element-populated\">\n\t\t\t\t\t\t<div class=\"elementor-element elementor-element-6dfa273c elementor-widget elementor-widget-text-editor\" data-id=\"6dfa273c\" data-element_type=\"widget\" data-e-type=\"widget\" data-widget_type=\"text-editor.default\">\n\t\t\t\t<div class=\"elementor-widget-container\">\n\t\t\t\t\t\t\t\t\t<h2>Wie kan deze behandeling aanvragen?<\/h2>\n<strong>Huidverjonging met mesotherapie voor het gezicht<\/strong> wordt aanbevolen voor iedereen van 25 jaar en ouder.\n\n<strong>Mesotherapie<\/strong> wordt echter <strong>niet aanbevolen tijdens de zwangerschap<\/strong>.Hetzelfde geldt voor pati\u00ebnten die anticoagulantia gebruiken, insuline-afhankelijke diabetici, kankerpati\u00ebnten, aidspati\u00ebnten, pati\u00ebnten met coronaire hartziekte of hartstoornissen, mensen met hartritmestoornissen, een voorgeschiedenis van bloedstolsels of beroertes, pati\u00ebnten met auto-immuunziekten of ontvangers van orgaantransplantatie, en pati\u00ebnten met huidaandoeningen zoals herpes en psoriasis.\n<h2>Hoe werkt de operatie?<\/h2>\n<h3>V\u00f3\u00f3r mesotherapie<\/h3>\nDe voorbereiding op mesotherapie vergt weinig, hoewel je van tevoren moet stoppen met het gebruik van aspirine, omdat dit het risico op bloedingen of blauwe plekken na de procedure kan verhogen.\n\nJe moet ook enkele dagen voor de behandeling stoppen met het gebruik van producten die retinol bevatten, omdat dit de huid kan irriteren en bijzonder gevoelig kan maken. Het is ook raadzaam om minstens 24 uur voor de behandeling geen alcoholische dranken te drinken (alcohol kan het bloed verdunnen en het risico op blauwe plekken verhogen).\n<h3>Tijdens mesotherapie<\/h3>\nMesotherapie is een procedure die niet echt pijnlijk is, maar voor wie de tintelingen niet wil verdragen, kan de chirurg een plaatselijke verdoving toepassen. De mesotherapieprocedure duurt tussen de 20 en 45 minuten en wordt poliklinisch uitgevoerd.\n\nDe arts gebruikt vervolgens een micro-naald om de ingredi\u00ebnten (een reeks injecties) in het gezicht te injecteren.\n\nDe injecties worden op verschillende dieptes van ongeveer 1 tot 4 millimeter in de huid aangebracht. Nogmaals, dit hangt af van het huidprobleem dat je hebt.\n\nAfhankelijk van het huidprobleem, de intensiteit en de effecten, is het mogelijk om meerdere mesotherapiesessies te ondergaan. De arts zal aangeven hoeveel sessies per week nodig zijn om de gewenste resultaten te behalen.\n<h2>Wat zijn de postoperatieve gevolgen van mesotherapie?<\/h2>\nDeze esthetische behandeling vereist niet echt postoperatieve zorg. Na de procedure is het echter raadzaam om een zonnebrandcr\u00e8me te gebruiken om de huid te beschermen, en er mogen geen verdere procedures (laserbehandelingen, botox, <a href=\"https:\/\/www.medespoir.be\/nl\/peeling\/\">peelings<\/a>) worden uitgevoerd totdat de huid volledig is genezen.\n\nRegelmatige lichaamsbeweging, waaronder cardio- en weerstandstraining, en een gezond dieet met magere prote\u00efnen en koolhydraten met een lage GI-waarde helpen ook om de resultaten te behouden.\n\nNa een mesotherapiesessie kunnen de meeste pati\u00ebnten blauwe plekken, roodheid en zwelling ervaren.\n<h2>Hoe zien de resultaten eruit?<\/h2>\nNa de aanbevolen sessies is <strong>de gezichtshuid verjongd<\/strong> en ziet het<strong>gezicht er weer jeugdig uit<\/strong>. Om blijvende resultaten te garanderen, worden onderhoudsbehandelingen om de 2 tot 9 maanden aanbevolen.\n<h3>De mesotherapietechniek kan voor de volgende doeleinden worden gebruikt:<\/h3>\n<ul class=\"liste-page\">\n \t<li>Vermindering van rimpels en fijne lijntjes;<\/li>\n \t<li>Strak maken van losse huid ;<\/li>\n \t<li>Gepigmenteerde huid oplichten ;<\/li>\n \t<li>Verwijdering van vet van de buik, dijen, billen, armen, gezicht en andere gebieden;<\/li>\n \t<li>Contouren van het lichaam ;<\/li>\n \t<li>Behandeling van alopecia (haaruitval).<\/li>\n<\/ul>\t\t\t\t\t\t\t\t<\/div>\n\t\t\t\t<\/div>\n\t\t\t\t\t<\/div>\n\t\t<\/div>\n\t\t\t\t\t<\/div>\n\t\t<\/section>\n\t\t\t\t<\/div>\n\t\t","protected":false},"excerpt":{"rendered":"<p>Steeds meer mensen zijn op zoek naar een huid die van binnenuit verlicht is. Velen in de schoonheidsindustrie beloven wonderbaarlijke resultaten met hun assortiment schoonheidsverzorgingsproducten. Er zijn echter een paar niet-invasieve procedures die echt kunnen helpen om de huid te krijgen die je wilt. Mesotherapie is zo&#8217;n procedure die belooft de huid strakker te maken [&hellip;]<\/p>\n","protected":false},"author":1,"featured_media":7724,"parent":0,"menu_order":0,"comment_status":"closed","ping_status":"closed","template":"","meta":{"footnotes":""},"class_list":["post-8810","page","type-page","status-publish","has-post-thumbnail","hentry"],"yoast_head":"<!-- This site is optimized with the Yoast SEO plugin v27.3 - https:\/\/yoast.com\/product\/yoast-seo-wordpress\/ -->\n<title>Mesolift: versteviging en revitalisering van de gezichtshuid zonder chirurgie<\/title>\n<meta name=\"description\" content=\"De Mesolift-techniek maakt gebruik van injecties met vitaminen, plantenextracten, enzymen en hormonen om de huid te revitaliseren en overtollig vet te verwijderen. Het kan pati\u00ebnten een jeugdiger uiterlijk en een slanker figuur geven.\" \/>\n<meta name=\"robots\" content=\"index, follow, max-snippet:-1, max-image-preview:large, max-video-preview:-1\" \/>\n<link rel=\"canonical\" href=\"https:\/\/www.medespoir.be\/nl\/mesolift-mesotherapie-voor\/\" \/>\n<meta property=\"og:locale\" content=\"nl_NL\" \/>\n<meta property=\"og:type\" content=\"article\" \/>\n<meta property=\"og:title\" content=\"Mesolift: versteviging en revitalisering van de gezichtshuid zonder chirurgie\" \/>\n<meta property=\"og:description\" content=\"De Mesolift-techniek maakt gebruik van injecties met vitaminen, plantenextracten, enzymen en hormonen om de huid te revitaliseren en overtollig vet te verwijderen. Het kan pati\u00ebnten een jeugdiger uiterlijk en een slanker figuur geven.\" \/>\n<meta property=\"og:url\" content=\"https:\/\/www.medespoir.be\/nl\/mesolift-mesotherapie-voor\/\" \/>\n<meta property=\"og:site_name\" content=\"Chirurgie esthetique Belgique\" \/>\n<meta property=\"article:modified_time\" content=\"2023-06-26T14:36:37+00:00\" \/>\n<meta property=\"og:image\" content=\"https:\/\/www.medespoir.be\/wp-content\/uploads\/2021\/11\/header_medecine-esthetique.jpg\" \/>\n\t<meta property=\"og:image:width\" content=\"1925\" \/>\n\t<meta property=\"og:image:height\" content=\"451\" \/>\n\t<meta property=\"og:image:type\" content=\"image\/jpeg\" \/>\n<meta name=\"twitter:card\" content=\"summary_large_image\" \/>\n<meta name=\"twitter:label1\" content=\"Geschatte leestijd\" \/>\n\t<meta name=\"twitter:data1\" content=\"4 minuten\" \/>\n<script type=\"application\/ld+json\" class=\"yoast-schema-graph\">{\"@context\":\"https:\\\/\\\/schema.org\",\"@graph\":[{\"@type\":\"WebPage\",\"@id\":\"https:\\\/\\\/www.medespoir.be\\\/nl\\\/mesolift-mesotherapie-voor\\\/\",\"url\":\"https:\\\/\\\/www.medespoir.be\\\/nl\\\/mesolift-mesotherapie-voor\\\/\",\"name\":\"Mesolift: versteviging en revitalisering van de gezichtshuid zonder chirurgie\",\"isPartOf\":{\"@id\":\"https:\\\/\\\/www.medespoir.be\\\/#website\"},\"primaryImageOfPage\":{\"@id\":\"https:\\\/\\\/www.medespoir.be\\\/nl\\\/mesolift-mesotherapie-voor\\\/#primaryimage\"},\"image\":{\"@id\":\"https:\\\/\\\/www.medespoir.be\\\/nl\\\/mesolift-mesotherapie-voor\\\/#primaryimage\"},\"thumbnailUrl\":\"https:\\\/\\\/www.medespoir.be\\\/wp-content\\\/uploads\\\/2021\\\/11\\\/header_medecine-esthetique.jpg\",\"datePublished\":\"2021-09-08T12:19:22+00:00\",\"dateModified\":\"2023-06-26T14:36:37+00:00\",\"description\":\"De Mesolift-techniek maakt gebruik van injecties met vitaminen, plantenextracten, enzymen en hormonen om de huid te revitaliseren en overtollig vet te verwijderen. Het kan pati\u00ebnten een jeugdiger uiterlijk en een slanker figuur geven.\",\"breadcrumb\":{\"@id\":\"https:\\\/\\\/www.medespoir.be\\\/nl\\\/mesolift-mesotherapie-voor\\\/#breadcrumb\"},\"inLanguage\":\"nl-NL\",\"potentialAction\":[{\"@type\":\"ReadAction\",\"target\":[\"https:\\\/\\\/www.medespoir.be\\\/nl\\\/mesolift-mesotherapie-voor\\\/\"]}]},{\"@type\":\"ImageObject\",\"inLanguage\":\"nl-NL\",\"@id\":\"https:\\\/\\\/www.medespoir.be\\\/nl\\\/mesolift-mesotherapie-voor\\\/#primaryimage\",\"url\":\"https:\\\/\\\/www.medespoir.be\\\/wp-content\\\/uploads\\\/2021\\\/11\\\/header_medecine-esthetique.jpg\",\"contentUrl\":\"https:\\\/\\\/www.medespoir.be\\\/wp-content\\\/uploads\\\/2021\\\/11\\\/header_medecine-esthetique.jpg\",\"width\":1925,\"height\":451},{\"@type\":\"BreadcrumbList\",\"@id\":\"https:\\\/\\\/www.medespoir.be\\\/nl\\\/mesolift-mesotherapie-voor\\\/#breadcrumb\",\"itemListElement\":[{\"@type\":\"ListItem\",\"position\":1,\"name\":\"Accueil\",\"item\":\"https:\\\/\\\/www.medespoir.be\\\/nl\\\/\"},{\"@type\":\"ListItem\",\"position\":2,\"name\":\"Mesolift: mesotherapie voor het gezicht om de gezichtshuid te verstevigen en revitaliseren zonder chirurgie\"}]},{\"@type\":\"WebSite\",\"@id\":\"https:\\\/\\\/www.medespoir.be\\\/#website\",\"url\":\"https:\\\/\\\/www.medespoir.be\\\/\",\"name\":\"Chirurgie esthetique Belgique\",\"description\":\"\",\"publisher\":{\"@id\":\"https:\\\/\\\/www.medespoir.be\\\/#organization\"},\"potentialAction\":[{\"@type\":\"SearchAction\",\"target\":{\"@type\":\"EntryPoint\",\"urlTemplate\":\"https:\\\/\\\/www.medespoir.be\\\/?s={search_term_string}\"},\"query-input\":{\"@type\":\"PropertyValueSpecification\",\"valueRequired\":true,\"valueName\":\"search_term_string\"}}],\"inLanguage\":\"nl-NL\"},{\"@type\":\"Organization\",\"@id\":\"https:\\\/\\\/www.medespoir.be\\\/#organization\",\"name\":\"Medespoir Belgique\",\"url\":\"https:\\\/\\\/www.medespoir.be\\\/\",\"logo\":{\"@type\":\"ImageObject\",\"inLanguage\":\"nl-NL\",\"@id\":\"https:\\\/\\\/www.medespoir.be\\\/#\\\/schema\\\/logo\\\/image\\\/\",\"url\":\"https:\\\/\\\/www.medespoir.be\\\/wp-content\\\/uploads\\\/2018\\\/10\\\/lg-medespoir-be.jpg\",\"contentUrl\":\"https:\\\/\\\/www.medespoir.be\\\/wp-content\\\/uploads\\\/2018\\\/10\\\/lg-medespoir-be.jpg\",\"width\":242,\"height\":77,\"caption\":\"Medespoir Belgique\"},\"image\":{\"@id\":\"https:\\\/\\\/www.medespoir.be\\\/#\\\/schema\\\/logo\\\/image\\\/\"}}]}<\/script>\n<!-- \/ Yoast SEO plugin. -->","yoast_head_json":{"title":"Mesolift: versteviging en revitalisering van de gezichtshuid zonder chirurgie","description":"De Mesolift-techniek maakt gebruik van injecties met vitaminen, plantenextracten, enzymen en hormonen om de huid te revitaliseren en overtollig vet te verwijderen. Het kan pati\u00ebnten een jeugdiger uiterlijk en een slanker figuur geven.","robots":{"index":"index","follow":"follow","max-snippet":"max-snippet:-1","max-image-preview":"max-image-preview:large","max-video-preview":"max-video-preview:-1"},"canonical":"https:\/\/www.medespoir.be\/nl\/mesolift-mesotherapie-voor\/","og_locale":"nl_NL","og_type":"article","og_title":"Mesolift: versteviging en revitalisering van de gezichtshuid zonder chirurgie","og_description":"De Mesolift-techniek maakt gebruik van injecties met vitaminen, plantenextracten, enzymen en hormonen om de huid te revitaliseren en overtollig vet te verwijderen. Het kan pati\u00ebnten een jeugdiger uiterlijk en een slanker figuur geven.","og_url":"https:\/\/www.medespoir.be\/nl\/mesolift-mesotherapie-voor\/","og_site_name":"Chirurgie esthetique Belgique","article_modified_time":"2023-06-26T14:36:37+00:00","og_image":[{"width":1925,"height":451,"url":"https:\/\/www.medespoir.be\/wp-content\/uploads\/2021\/11\/header_medecine-esthetique.jpg","type":"image\/jpeg"}],"twitter_card":"summary_large_image","twitter_misc":{"Geschatte leestijd":"4 minuten"},"schema":{"@context":"https:\/\/schema.org","@graph":[{"@type":"WebPage","@id":"https:\/\/www.medespoir.be\/nl\/mesolift-mesotherapie-voor\/","url":"https:\/\/www.medespoir.be\/nl\/mesolift-mesotherapie-voor\/","name":"Mesolift: versteviging en revitalisering van de gezichtshuid zonder chirurgie","isPartOf":{"@id":"https:\/\/www.medespoir.be\/#website"},"primaryImageOfPage":{"@id":"https:\/\/www.medespoir.be\/nl\/mesolift-mesotherapie-voor\/#primaryimage"},"image":{"@id":"https:\/\/www.medespoir.be\/nl\/mesolift-mesotherapie-voor\/#primaryimage"},"thumbnailUrl":"https:\/\/www.medespoir.be\/wp-content\/uploads\/2021\/11\/header_medecine-esthetique.jpg","datePublished":"2021-09-08T12:19:22+00:00","dateModified":"2023-06-26T14:36:37+00:00","description":"De Mesolift-techniek maakt gebruik van injecties met vitaminen, plantenextracten, enzymen en hormonen om de huid te revitaliseren en overtollig vet te verwijderen. Het kan pati\u00ebnten een jeugdiger uiterlijk en een slanker figuur geven.","breadcrumb":{"@id":"https:\/\/www.medespoir.be\/nl\/mesolift-mesotherapie-voor\/#breadcrumb"},"inLanguage":"nl-NL","potentialAction":[{"@type":"ReadAction","target":["https:\/\/www.medespoir.be\/nl\/mesolift-mesotherapie-voor\/"]}]},{"@type":"ImageObject","inLanguage":"nl-NL","@id":"https:\/\/www.medespoir.be\/nl\/mesolift-mesotherapie-voor\/#primaryimage","url":"https:\/\/www.medespoir.be\/wp-content\/uploads\/2021\/11\/header_medecine-esthetique.jpg","contentUrl":"https:\/\/www.medespoir.be\/wp-content\/uploads\/2021\/11\/header_medecine-esthetique.jpg","width":1925,"height":451},{"@type":"BreadcrumbList","@id":"https:\/\/www.medespoir.be\/nl\/mesolift-mesotherapie-voor\/#breadcrumb","itemListElement":[{"@type":"ListItem","position":1,"name":"Accueil","item":"https:\/\/www.medespoir.be\/nl\/"},{"@type":"ListItem","position":2,"name":"Mesolift: mesotherapie voor het gezicht om de gezichtshuid te verstevigen en revitaliseren zonder chirurgie"}]},{"@type":"WebSite","@id":"https:\/\/www.medespoir.be\/#website","url":"https:\/\/www.medespoir.be\/","name":"Chirurgie esthetique Belgique","description":"","publisher":{"@id":"https:\/\/www.medespoir.be\/#organization"},"potentialAction":[{"@type":"SearchAction","target":{"@type":"EntryPoint","urlTemplate":"https:\/\/www.medespoir.be\/?s={search_term_string}"},"query-input":{"@type":"PropertyValueSpecification","valueRequired":true,"valueName":"search_term_string"}}],"inLanguage":"nl-NL"},{"@type":"Organization","@id":"https:\/\/www.medespoir.be\/#organization","name":"Medespoir Belgique","url":"https:\/\/www.medespoir.be\/","logo":{"@type":"ImageObject","inLanguage":"nl-NL","@id":"https:\/\/www.medespoir.be\/#\/schema\/logo\/image\/","url":"https:\/\/www.medespoir.be\/wp-content\/uploads\/2018\/10\/lg-medespoir-be.jpg","contentUrl":"https:\/\/www.medespoir.be\/wp-content\/uploads\/2018\/10\/lg-medespoir-be.jpg","width":242,"height":77,"caption":"Medespoir Belgique"},"image":{"@id":"https:\/\/www.medespoir.be\/#\/schema\/logo\/image\/"}}]}},"_links":{"self":[{"href":"https:\/\/www.medespoir.be\/nl\/wp-json\/wp\/v2\/pages\/8810","targetHints":{"allow":["GET"]}}],"collection":[{"href":"https:\/\/www.medespoir.be\/nl\/wp-json\/wp\/v2\/pages"}],"about":[{"href":"https:\/\/www.medespoir.be\/nl\/wp-json\/wp\/v2\/types\/page"}],"author":[{"embeddable":true,"href":"https:\/\/www.medespoir.be\/nl\/wp-json\/wp\/v2\/users\/1"}],"replies":[{"embeddable":true,"href":"https:\/\/www.medespoir.be\/nl\/wp-json\/wp\/v2\/comments?post=8810"}],"version-history":[{"count":4,"href":"https:\/\/www.medespoir.be\/nl\/wp-json\/wp\/v2\/pages\/8810\/revisions"}],"predecessor-version":[{"id":8817,"href":"https:\/\/www.medespoir.be\/nl\/wp-json\/wp\/v2\/pages\/8810\/revisions\/8817"}],"wp:featuredmedia":[{"embeddable":true,"href":"https:\/\/www.medespoir.be\/nl\/wp-json\/wp\/v2\/media\/7724"}],"wp:attachment":[{"href":"https:\/\/www.medespoir.be\/nl\/wp-json\/wp\/v2\/media?parent=8810"}],"curies":[{"name":"wp","href":"https:\/\/api.w.org\/{rel}","templated":true}]}}